{"id":17775,"date":"2023-04-13T05:57:04","date_gmt":"2023-04-13T11:57:04","guid":{"rendered":"https:\/\/www.cayebank.bz\/governanca-corporativa\/"},"modified":"2024-05-20T16:18:34","modified_gmt":"2024-05-20T22:18:34","slug":"governanca-corporativa","status":"publish","type":"page","link":"https:\/\/www.cayebank.bz\/pt-br\/governanca-corporativa\/","title":{"rendered":"Governan\u00e7a corporativa"},"content":{"rendered":"\t\t<div data-elementor-type=\"wp-page\" data-elementor-id=\"17775\" class=\"elementor elementor-17775\" data-elementor-post-type=\"page\">\n\t\t\t\t\t\t<section class=\"elementor-section elementor-top-section elementor-element elementor-element-3fab737 elementor-section-full_width elementor-section-height-default elementor-section-height-default\" data-id=\"3fab737\" data-element_type=\"section\" data-e-type=\"section\" data-settings=\"{&quot;background_background&quot;:&quot;classic&quot;}\">\n\t\t\t\t\t\t<div class=\"elementor-container elementor-column-gap-default\">\n\t\t\t\t\t<div class=\"elementor-column elementor-col-100 elementor-top-column elementor-element elementor-element-136e058\" data-id=\"136e058\" data-element_type=\"column\" data-e-type=\"column\">\n\t\t\t<div class=\"elementor-widget-wrap elementor-element-populated\">\n\t\t\t\t\t\t<section class=\"elementor-section elementor-inner-section elementor-element elementor-element-f55acbb elementor-section-boxed elementor-section-height-default elementor-section-height-default\" data-id=\"f55acbb\" data-element_type=\"section\" data-e-type=\"section\">\n\t\t\t\t\t\t<div class=\"elementor-container elementor-column-gap-default\">\n\t\t\t\t\t<div class=\"elementor-column elementor-col-33 elementor-inner-column elementor-element elementor-element-3d5ec9b\" data-id=\"3d5ec9b\" data-element_type=\"column\" data-e-type=\"column\">\n\t\t\t<div class=\"elementor-widget-wrap\">\n\t\t\t\t\t\t\t<\/div>\n\t\t<\/div>\n\t\t\t\t<div class=\"elementor-column elementor-col-33 elementor-inner-column elementor-element elementor-element-84e8e29\" data-id=\"84e8e29\" data-element_type=\"column\" data-e-type=\"column\" data-settings=\"{&quot;background_background&quot;:&quot;classic&quot;}\">\n\t\t\t<div class=\"elementor-widget-wrap elementor-element-populated\">\n\t\t\t\t\t\t<div class=\"elementor-element elementor-element-c382aef elementor-widget elementor-widget-heading\" data-id=\"c382aef\" data-element_type=\"widget\" data-e-type=\"widget\" data-widget_type=\"heading.default\">\n\t\t\t\t<div class=\"elementor-widget-container\">\n\t\t\t\t\t<h2 class=\"elementor-heading-title elementor-size-default\">Governan\u00e7a corporativa<\/h2>\t\t\t\t<\/div>\n\t\t\t\t<\/div>\n\t\t\t\t\t<\/div>\n\t\t<\/div>\n\t\t\t\t<div class=\"elementor-column elementor-col-33 elementor-inner-column elementor-element elementor-element-88fa5d9\" data-id=\"88fa5d9\" data-element_type=\"column\" data-e-type=\"column\">\n\t\t\t<div class=\"elementor-widget-wrap\">\n\t\t\t\t\t\t\t<\/div>\n\t\t<\/div>\n\t\t\t\t\t<\/div>\n\t\t<\/section>\n\t\t\t\t\t<\/div>\n\t\t<\/div>\n\t\t\t\t\t<\/div>\n\t\t<\/section>\n\t\t\t\t<section class=\"elementor-section elementor-top-section elementor-element elementor-element-2e71825 elementor-section-boxed elementor-section-height-default elementor-section-height-default\" data-id=\"2e71825\" data-element_type=\"section\" data-e-type=\"section\">\n\t\t\t\t\t\t<div class=\"elementor-container elementor-column-gap-default\">\n\t\t\t\t\t<div class=\"elementor-column elementor-col-100 elementor-top-column elementor-element elementor-element-7b8b47f\" data-id=\"7b8b47f\" data-element_type=\"column\" data-e-type=\"column\">\n\t\t\t<div class=\"elementor-widget-wrap elementor-element-populated\">\n\t\t\t\t\t\t<div class=\"elementor-element elementor-element-edca1a8 elementor-widget elementor-widget-heading\" data-id=\"edca1a8\" data-element_type=\"widget\" data-e-type=\"widget\" data-widget_type=\"heading.default\">\n\t\t\t\t<div class=\"elementor-widget-container\">\n\t\t\t\t\t<h2 class=\"elementor-heading-title elementor-size-default\">Governan\u00e7a<\/h2>\t\t\t\t<\/div>\n\t\t\t\t<\/div>\n\t\t\t\t\t<\/div>\n\t\t<\/div>\n\t\t\t\t\t<\/div>\n\t\t<\/section>\n\t\t\t\t<section class=\"elementor-section elementor-top-section elementor-element elementor-element-3394b4e elementor-section-boxed elementor-section-height-default elementor-section-height-default\" data-id=\"3394b4e\" data-element_type=\"section\" data-e-type=\"section\">\n\t\t\t\t\t\t<div class=\"elementor-container elementor-column-gap-default\">\n\t\t\t\t\t<div class=\"elementor-column elementor-col-50 elementor-top-column elementor-element elementor-element-ede5606\" data-id=\"ede5606\" data-element_type=\"column\" data-e-type=\"column\">\n\t\t\t<div class=\"elementor-widget-wrap elementor-element-populated\">\n\t\t\t\t\t\t<div class=\"elementor-element elementor-element-b3deae9 elementor-position-left elementor-vertical-align-top elementor-widget elementor-widget-image-box\" data-id=\"b3deae9\" data-element_type=\"widget\" data-e-type=\"widget\" data-widget_type=\"image-box.default\">\n\t\t\t\t<div class=\"elementor-widget-container\">\n\t\t\t\t\t<div class=\"elementor-image-box-wrapper\"><figure class=\"elementor-image-box-img\"><img decoding=\"async\" src=\"https:\/\/www.cayebank.bz\/wp-content\/uploads\/elementor\/thumbs\/Joel-02-qlmz23wceafvqnx7awhigxu7uitocyeersyrt68ydo.jpg\" title=\"Joel-02.jpg\" alt=\"Joel-02.jpg\" loading=\"lazy\" \/><\/figure><div class=\"elementor-image-box-content\"><h3 class=\"elementor-image-box-title\">Embaixador Joel Nagel<\/h3><p class=\"elementor-image-box-description\">Presidente e cofundador<\/p><\/div><\/div>\t\t\t\t<\/div>\n\t\t\t\t<\/div>\n\t\t\t\t<div class=\"elementor-element elementor-element-e5891c7 elementor-widget elementor-widget-text-editor\" data-id=\"e5891c7\" data-element_type=\"widget\" data-e-type=\"widget\" data-widget_type=\"text-editor.default\">\n\t\t\t\t<div class=\"elementor-widget-container\">\n\t\t\t\t\t\t\t\t\t<p>\u00e9 fundador e s\u00f3cio-gerente s\u00eanior da Nagel &amp; Associates, LLC, sediada em Pittsburgh. H\u00e1 27 anos, a \u00e1rea de atua\u00e7\u00e3o de Joel \u00e9 o Direito Comercial Internacional. Sua experi\u00eancia jur\u00eddica e comercial abrange 41 pa\u00edses, com experi\u00eancia de trabalho significativa em Belize. Ele \u00e9 bolsista da Fulbright e frequentou a Rheinische-Friedrich Wilhelms University em Bonn, Alemanha, e a The Hague Academy of International Law em Haia, Holanda. Joel \u00e9 formado pela Allegheny College, na Pensilv\u00e2nia, pela West Virginia University e pelo Georgetown University Law Center, em Washington, D.C.<\/p>\n\t\t\t\t\t\t\t\t<\/div>\n\t\t\t\t<\/div>\n\t\t\t\t\t<\/div>\n\t\t<\/div>\n\t\t\t\t<div class=\"elementor-column elementor-col-50 elementor-top-column elementor-element elementor-element-eb82277\" data-id=\"eb82277\" data-element_type=\"column\" data-e-type=\"column\">\n\t\t\t<div class=\"elementor-widget-wrap elementor-element-populated\">\n\t\t\t\t\t\t<div class=\"elementor-element elementor-element-16be128 elementor-position-left elementor-vertical-align-top elementor-widget elementor-widget-image-box\" data-id=\"16be128\" data-element_type=\"widget\" data-e-type=\"widget\" data-widget_type=\"image-box.default\">\n\t\t\t\t<div class=\"elementor-widget-container\">\n\t\t\t\t\t<div class=\"elementor-image-box-wrapper\"><figure class=\"elementor-image-box-img\"><img decoding=\"async\" src=\"https:\/\/www.cayebank.bz\/wp-content\/uploads\/elementor\/thumbs\/IMG_5015-scaled-1-qlmz25s1545dvaalblk48r0nchtwdvkl7lnam5bc1k.jpg\" title=\"IMG_5015-scaled.jpg\" alt=\"IMG_5015-scaled.jpg\" loading=\"lazy\" \/><\/figure><div class=\"elementor-image-box-content\"><h3 class=\"elementor-image-box-title\">Michael K. Cobb<\/h3><p class=\"elementor-image-box-description\">Diretor e cofundador<\/p><\/div><\/div>\t\t\t\t<\/div>\n\t\t\t\t<\/div>\n\t\t\t\t<div class=\"elementor-element elementor-element-8ca78ee elementor-widget elementor-widget-text-editor\" data-id=\"8ca78ee\" data-element_type=\"widget\" data-e-type=\"widget\" data-widget_type=\"text-editor.default\">\n\t\t\t\t<div class=\"elementor-widget-container\">\n\t\t\t\t\t\t\t\t\t<p>\u00e9 o CEO da ECI Development, Ltd., uma grande empresa de desenvolvimento da Am\u00e9rica Central que constr\u00f3i bairros de uso misto voltados para a comunidade em toda a regi\u00e3o. No auge de uma carreira bem-sucedida no setor de inform\u00e1tica, Mike saiu para buscar oportunidades mais pioneiras nos mercados imobili\u00e1rios emergentes da Am\u00e9rica Central. Com um forte foco nas necessidades do consumidor, ele previu com precis\u00e3o a necessidade crescente de produtos residenciais de alta qualidade para os aposentados Baby Boomers norte-americanos na regi\u00e3o. Mike \u00e9 formado pela Allegheny College, na Pensilv\u00e2nia.<\/p><\/p>\n\t\t\t\t\t\t\t\t<\/div>\n\t\t\t\t<\/div>\n\t\t\t\t\t<\/div>\n\t\t<\/div>\n\t\t\t\t\t<\/div>\n\t\t<\/section>\n\t\t\t\t<section class=\"elementor-section elementor-top-section elementor-element elementor-element-fd6446a elementor-section-boxed elementor-section-height-default elementor-section-height-default\" data-id=\"fd6446a\" data-element_type=\"section\" data-e-type=\"section\">\n\t\t\t\t\t\t<div class=\"elementor-container elementor-column-gap-default\">\n\t\t\t\t\t<div class=\"elementor-column elementor-col-50 elementor-top-column elementor-element elementor-element-2ff454e\" data-id=\"2ff454e\" data-element_type=\"column\" data-e-type=\"column\">\n\t\t\t<div class=\"elementor-widget-wrap elementor-element-populated\">\n\t\t\t\t\t\t<div class=\"elementor-element elementor-element-6af8bb7 elementor-position-left elementor-vertical-align-top elementor-widget elementor-widget-image-box\" data-id=\"6af8bb7\" data-element_type=\"widget\" data-e-type=\"widget\" data-widget_type=\"image-box.default\">\n\t\t\t\t<div class=\"elementor-widget-container\">\n\t\t\t\t\t<div class=\"elementor-image-box-wrapper\"><figure class=\"elementor-image-box-img\"><img decoding=\"async\" src=\"https:\/\/www.cayebank.bz\/wp-content\/uploads\/elementor\/thumbs\/IMG_5019_0-scaled-1-qlmz2ccw3srgn5kwxi55ldpd6znza8bzsyu54nweto.jpg\" title=\"IMG_5019_0-scaled.jpg\" alt=\"IMG_5019_0-scaled.jpg\" loading=\"lazy\" \/><\/figure><div class=\"elementor-image-box-content\"><h3 class=\"elementor-image-box-title\">Peter Zipper<\/h3><p class=\"elementor-image-box-description\">Presidente Em\u00e9rito<\/p><\/div><\/div>\t\t\t\t<\/div>\n\t\t\t\t<\/div>\n\t\t\t\t<div class=\"elementor-element elementor-element-caf1651 elementor-widget elementor-widget-text-editor\" data-id=\"caf1651\" data-element_type=\"widget\" data-e-type=\"widget\" data-widget_type=\"text-editor.default\">\n\t\t\t\t<div class=\"elementor-widget-container\">\n\t\t\t\t\t\t\t\t\t<p>Depois de se aposentar do Anglo Irish Bank (\u00c1ustria) como vice-presidente s\u00eanior e membro s\u00eanior do Comit\u00ea de Gest\u00e3o e Investimento, Peter ingressou no Caye International Bank. como presidente em 2006. Peter se formou em Geografia e Cartografia no Instituto Geogr\u00e1fico de Viena, \u00c1ustria. Logo depois de frequentar a Academia Militar Nacional da \u00c1ustria, ele serviu na ativa com as tropas de manuten\u00e7\u00e3o da paz das Na\u00e7\u00f5es Unidas durante o conflito no Chipre. Ele se aposentou das for\u00e7as armadas com honras como oficial de infantaria.<\/p><\/p>\n\t\t\t\t\t\t\t\t<\/div>\n\t\t\t\t<\/div>\n\t\t\t\t\t<\/div>\n\t\t<\/div>\n\t\t\t\t<div class=\"elementor-column elementor-col-50 elementor-top-column elementor-element elementor-element-c2e81cc\" data-id=\"c2e81cc\" data-element_type=\"column\" data-e-type=\"column\">\n\t\t\t<div class=\"elementor-widget-wrap elementor-element-populated\">\n\t\t\t\t\t\t<div class=\"elementor-element elementor-element-b28fbd7 elementor-position-left elementor-vertical-align-top elementor-widget elementor-widget-image-box\" data-id=\"b28fbd7\" data-element_type=\"widget\" data-e-type=\"widget\" data-widget_type=\"image-box.default\">\n\t\t\t\t<div class=\"elementor-widget-container\">\n\t\t\t\t\t<div class=\"elementor-image-box-wrapper\"><figure class=\"elementor-image-box-img\"><img decoding=\"async\" src=\"https:\/\/www.cayebank.bz\/wp-content\/uploads\/elementor\/thumbs\/Eddie-Littlefield-qlhqza2p0tbofjdjicjksuwt7gn0s6n7yuq7aekeyg.jpg\" title=\"Eddie-Littlefield.jpg\" alt=\"Eddie-Littlefield.jpg\" loading=\"lazy\" \/><\/figure><div class=\"elementor-image-box-content\"><h3 class=\"elementor-image-box-title\">John \"Eddie\" Littlefield<\/h3><p class=\"elementor-image-box-description\">Diretor n\u00e3o executivo<\/p><\/div><\/div>\t\t\t\t<\/div>\n\t\t\t\t<\/div>\n\t\t\t\t<div class=\"elementor-element elementor-element-8707d7e elementor-widget elementor-widget-text-editor\" data-id=\"8707d7e\" data-element_type=\"widget\" data-e-type=\"widget\" data-widget_type=\"text-editor.default\">\n\t\t\t\t<div class=\"elementor-widget-container\">\n\t\t\t\t\t\t\t\t\t<p>\u00e9 o presidente e CEO da David Drye Companies. A DDC \u00e9 uma empresa regional de constru\u00e7\u00e3o e gerenciamento com concentra\u00e7\u00e3o em ativos multifamiliares. Desde 1998, ele conseguiu obter financiamentos superiores a US$ 800.000.000 para empr\u00e9stimos permanentes e de constru\u00e7\u00e3o de propriedades multifamiliares e hoteleiras. Ele tamb\u00e9m \u00e9 propriet\u00e1rio e opera a Lamborghini Carolinas, uma franquia autorizada da Lamborghini, e a Carolina AutoSports, uma concession\u00e1ria independente de vendas e servi\u00e7os. Eddie se formou na Montreat Anderson College, na Carolina do Norte.<\/p><\/p>\n\t\t\t\t\t\t\t\t<\/div>\n\t\t\t\t<\/div>\n\t\t\t\t\t<\/div>\n\t\t<\/div>\n\t\t\t\t\t<\/div>\n\t\t<\/section>\n\t\t\t\t<section class=\"elementor-section elementor-top-section elementor-element elementor-element-d82b262 elementor-section-boxed elementor-section-height-default elementor-section-height-default\" data-id=\"d82b262\" data-element_type=\"section\" data-e-type=\"section\">\n\t\t\t\t\t\t<div class=\"elementor-container elementor-column-gap-default\">\n\t\t\t\t\t<div class=\"elementor-column elementor-col-50 elementor-top-column elementor-element elementor-element-d04a2d7\" data-id=\"d04a2d7\" data-element_type=\"column\" data-e-type=\"column\">\n\t\t\t<div class=\"elementor-widget-wrap elementor-element-populated\">\n\t\t\t\t\t\t<div class=\"elementor-element elementor-element-388cb86 elementor-position-left elementor-vertical-align-top elementor-widget elementor-widget-image-box\" data-id=\"388cb86\" data-element_type=\"widget\" data-e-type=\"widget\" data-widget_type=\"image-box.default\">\n\t\t\t\t<div class=\"elementor-widget-container\">\n\t\t\t\t\t<div class=\"elementor-image-box-wrapper\"><figure class=\"elementor-image-box-img\"><img decoding=\"async\" src=\"https:\/\/www.cayebank.bz\/wp-content\/uploads\/elementor\/thumbs\/Kenneth-Skorenko-155-2-1-qlhqyhvjbs92r8ii30crq20zdwi0d9j9uz5mw3q854.jpg\" title=\"Kenneth Skorenko-155-2\" alt=\"Kenneth Skorenko-155-2\" loading=\"lazy\" \/><\/figure><div class=\"elementor-image-box-content\"><h3 class=\"elementor-image-box-title\">Dr. Kenneth Skorenko<\/h3><p class=\"elementor-image-box-description\">Diretor n\u00e3o executivo<\/p><\/div><\/div>\t\t\t\t<\/div>\n\t\t\t\t<\/div>\n\t\t\t\t<div class=\"elementor-element elementor-element-930f38f elementor-widget elementor-widget-text-editor\" data-id=\"930f38f\" data-element_type=\"widget\" data-e-type=\"widget\" data-widget_type=\"text-editor.default\">\n\t\t\t\t<div class=\"elementor-widget-container\">\n\t\t\t\t\t\t\t\t\t<p>\u00e9 formado pela Rutgers Medical School em Newark, Nova Jersey. Ele frequentou o Stevens Institute of Technology para fazer seus estudos de gradua\u00e7\u00e3o em qu\u00edmica e se formou com um bacharelado em ci\u00eancias. Ele fez sua resid\u00eancia no Monmouth Medical Center, Department of OB\/GYN em Long Branch, Nova Jersey. Ele tem v\u00e1rios consult\u00f3rios particulares em: West Long Branch, Middletown e Lakewood, Nova Jersey, onde atua h\u00e1 quase quatro d\u00e9cadas. Ele ingressou no Caye International Bank em Belize como diretor n\u00e3o executivo em meados de 2019.<\/p>\n\t\t\t\t\t\t\t\t<\/div>\n\t\t\t\t<\/div>\n\t\t\t\t\t<\/div>\n\t\t<\/div>\n\t\t\t\t<div class=\"elementor-column elementor-col-50 elementor-top-column elementor-element elementor-element-af62000\" data-id=\"af62000\" data-element_type=\"column\" data-e-type=\"column\">\n\t\t\t<div class=\"elementor-widget-wrap elementor-element-populated\">\n\t\t\t\t\t\t<div class=\"elementor-element elementor-element-5019d2d elementor-position-left elementor-vertical-align-top elementor-widget elementor-widget-image-box\" data-id=\"5019d2d\" data-element_type=\"widget\" data-e-type=\"widget\" data-widget_type=\"image-box.default\">\n\t\t\t\t<div class=\"elementor-widget-container\">\n\t\t\t\t\t<div class=\"elementor-image-box-wrapper\"><figure class=\"elementor-image-box-img\"><img decoding=\"async\" src=\"https:\/\/www.cayebank.bz\/wp-content\/uploads\/elementor\/thumbs\/H-Douglas-Russell-3-qll89i1s7hhjb8fkl279khf2pjegnq3jagvueh4s9c.jpg\" title=\"H-Douglas-Russell-3.jpg\" alt=\"H-Douglas-Russell-3.jpg\" loading=\"lazy\" \/><\/figure><div class=\"elementor-image-box-content\"><h3 class=\"elementor-image-box-title\">H. Douglas Russell<\/h3><p class=\"elementor-image-box-description\">Diretor Em\u00e9rito<\/p><\/div><\/div>\t\t\t\t<\/div>\n\t\t\t\t<\/div>\n\t\t\t\t<div class=\"elementor-element elementor-element-d171285 elementor-widget elementor-widget-text-editor\" data-id=\"d171285\" data-element_type=\"widget\" data-e-type=\"widget\" data-widget_type=\"text-editor.default\">\n\t\t\t\t<div class=\"elementor-widget-container\">\n\t\t\t\t\t\t\t\t\t<p>fundou a HD Russell and Associates em Charlotte, Carolina do Norte, que \u00e9 uma distribuidora de caminh\u00f5es e equipamentos de manuseio de res\u00edduos, bem como a Carolina Waste Systems, Inc., uma empresa de servi\u00e7os de res\u00edduos. Doug iniciou sua carreira banc\u00e1ria em 1981 e trabalhou no First Union National Bank como Diretor Consultivo da Cidade. Em 1992, ele trabalhou no South Trust Bank como Diretor Estadual. Quando o Wachovia adquiriu o South Trust, ele atuou no Conselho de Administra\u00e7\u00e3o local do Wachovia. Em 2005, Doug foi membro fundador do New Dominion Bank em Charlotte, Carolina do Norte, EUA.<\/p>\n\t\t\t\t\t\t\t\t<\/div>\n\t\t\t\t<\/div>\n\t\t\t\t\t<\/div>\n\t\t<\/div>\n\t\t\t\t\t<\/div>\n\t\t<\/section>\n\t\t\t\t<\/div>\n\t\t","protected":false},"excerpt":{"rendered":"<p>Governan\u00e7a corporativa Governan\u00e7a Embaixador Joel Nagel Presidente e cofundador \u00e9 fundador e s\u00f3cio-gerente s\u00eanior da Nagel &amp; Associates, LLC, sediada em Pittsburgh. H\u00e1 27 anos, a \u00e1rea de atua\u00e7\u00e3o de Joel \u00e9 o Direito Comercial Internacional. Sua experi\u00eancia jur\u00eddica e comercial abrange 41 pa\u00edses, com experi\u00eancia de trabalho significativa em Belize. Ele \u00e9 bolsista da [&hellip;]<\/p>\n","protected":false},"author":6,"featured_media":0,"parent":0,"menu_order":0,"comment_status":"closed","ping_status":"closed","template":"elementor_header_footer","meta":{"content-type":"","footnotes":""},"class_list":["post-17775","page","type-page","status-publish","hentry"],"_links":{"self":[{"href":"https:\/\/www.cayebank.bz\/pt-br\/wp-json\/wp\/v2\/pages\/17775","targetHints":{"allow":["GET"]}}],"collection":[{"href":"https:\/\/www.cayebank.bz\/pt-br\/wp-json\/wp\/v2\/pages"}],"about":[{"href":"https:\/\/www.cayebank.bz\/pt-br\/wp-json\/wp\/v2\/types\/page"}],"author":[{"embeddable":true,"href":"https:\/\/www.cayebank.bz\/pt-br\/wp-json\/wp\/v2\/users\/6"}],"replies":[{"embeddable":true,"href":"https:\/\/www.cayebank.bz\/pt-br\/wp-json\/wp\/v2\/comments?post=17775"}],"version-history":[{"count":1,"href":"https:\/\/www.cayebank.bz\/pt-br\/wp-json\/wp\/v2\/pages\/17775\/revisions"}],"predecessor-version":[{"id":17777,"href":"https:\/\/www.cayebank.bz\/pt-br\/wp-json\/wp\/v2\/pages\/17775\/revisions\/17777"}],"wp:attachment":[{"href":"https:\/\/www.cayebank.bz\/pt-br\/wp-json\/wp\/v2\/media?parent=17775"}],"curies":[{"name":"wp","href":"https:\/\/api.w.org\/{rel}","templated":true}]}}