{"id":17763,"date":"2023-04-13T06:11:30","date_gmt":"2023-04-13T12:11:30","guid":{"rendered":"https:\/\/www.cayebank.bz\/luigi-wewege\/"},"modified":"2024-05-20T16:18:34","modified_gmt":"2024-05-20T22:18:34","slug":"luigi-wewege","status":"publish","type":"page","link":"https:\/\/www.cayebank.bz\/pt-br\/luigi-wewege\/","title":{"rendered":"Luigi Wewege"},"content":{"rendered":"\t\t<div data-elementor-type=\"wp-page\" data-elementor-id=\"17763\" class=\"elementor elementor-17763\" data-elementor-post-type=\"page\">\n\t\t\t\t\t\t<section class=\"elementor-section elementor-top-section elementor-element elementor-element-92e3f20 elementor-section-full_width elementor-section-height-default elementor-section-height-default\" data-id=\"92e3f20\" data-element_type=\"section\" data-e-type=\"section\" data-settings=\"{&quot;background_background&quot;:&quot;classic&quot;}\">\n\t\t\t\t\t\t<div class=\"elementor-container elementor-column-gap-default\">\n\t\t\t\t\t<div class=\"elementor-column elementor-col-100 elementor-top-column elementor-element elementor-element-07595da\" data-id=\"07595da\" data-element_type=\"column\" data-e-type=\"column\">\n\t\t\t<div class=\"elementor-widget-wrap elementor-element-populated\">\n\t\t\t\t\t\t<section class=\"elementor-section elementor-inner-section elementor-element elementor-element-c18192a elementor-section-boxed elementor-section-height-default elementor-section-height-default\" data-id=\"c18192a\" data-element_type=\"section\" data-e-type=\"section\">\n\t\t\t\t\t\t<div class=\"elementor-container elementor-column-gap-default\">\n\t\t\t\t\t<div class=\"elementor-column elementor-col-33 elementor-inner-column elementor-element elementor-element-83ed668\" data-id=\"83ed668\" data-element_type=\"column\" data-e-type=\"column\">\n\t\t\t<div class=\"elementor-widget-wrap\">\n\t\t\t\t\t\t\t<\/div>\n\t\t<\/div>\n\t\t\t\t<div class=\"elementor-column elementor-col-33 elementor-inner-column elementor-element elementor-element-a6e389c\" data-id=\"a6e389c\" data-element_type=\"column\" data-e-type=\"column\" data-settings=\"{&quot;background_background&quot;:&quot;classic&quot;}\">\n\t\t\t<div class=\"elementor-widget-wrap elementor-element-populated\">\n\t\t\t\t\t\t<div class=\"elementor-element elementor-element-ee53219 elementor-widget elementor-widget-heading\" data-id=\"ee53219\" data-element_type=\"widget\" data-e-type=\"widget\" data-widget_type=\"heading.default\">\n\t\t\t\t<div class=\"elementor-widget-container\">\n\t\t\t\t\t<h2 class=\"elementor-heading-title elementor-size-default\">Luigi Wewege<\/h2>\t\t\t\t<\/div>\n\t\t\t\t<\/div>\n\t\t\t\t\t<\/div>\n\t\t<\/div>\n\t\t\t\t<div class=\"elementor-column elementor-col-33 elementor-inner-column elementor-element elementor-element-8257679\" data-id=\"8257679\" data-element_type=\"column\" data-e-type=\"column\">\n\t\t\t<div class=\"elementor-widget-wrap\">\n\t\t\t\t\t\t\t<\/div>\n\t\t<\/div>\n\t\t\t\t\t<\/div>\n\t\t<\/section>\n\t\t\t\t\t<\/div>\n\t\t<\/div>\n\t\t\t\t\t<\/div>\n\t\t<\/section>\n\t\t\t\t<section class=\"elementor-section elementor-top-section elementor-element elementor-element-6cc594b elementor-section-boxed elementor-section-height-default elementor-section-height-default\" data-id=\"6cc594b\" data-element_type=\"section\" data-e-type=\"section\">\n\t\t\t\t\t\t<div class=\"elementor-container elementor-column-gap-default\">\n\t\t\t\t\t<div class=\"elementor-column elementor-col-100 elementor-top-column elementor-element elementor-element-5d53dc18\" data-id=\"5d53dc18\" data-element_type=\"column\" data-e-type=\"column\">\n\t\t\t<div class=\"elementor-widget-wrap elementor-element-populated\">\n\t\t\t\t\t\t<div class=\"elementor-element elementor-element-136d346b elementor-widget elementor-widget-text-editor\" data-id=\"136d346b\" data-element_type=\"widget\" data-e-type=\"widget\" data-widget_type=\"text-editor.default\">\n\t\t\t\t<div class=\"elementor-widget-container\">\n\t\t\t\t\t\t\t\t\t<h1 style=\"font-family: 'Encode Sans', sans-serif; color: #353535; font-weight: 400; font-size: 36px;\"><a href=\"https:\/\/www.cayebank.bz\/wp-content\/uploads\/2023\/04\/Luigi-Wewege.jpg\"><img fetchpriority=\"high\" decoding=\"async\" class=\" wp-image-4643 alignright\" src=\"https:\/\/www.cayebank.bz\/wp-content\/uploads\/2023\/04\/Luigi-Wewege-198x300.jpg\" alt=\"Luigi Wewege\" width=\"304\" height=\"461\" srcset=\"https:\/\/www.cayebank.bz\/wp-content\/uploads\/2023\/04\/Luigi-Wewege-198x300.jpg 198w, https:\/\/www.cayebank.bz\/wp-content\/uploads\/2023\/04\/Luigi-Wewege-676x1024.jpg 676w, https:\/\/www.cayebank.bz\/wp-content\/uploads\/2023\/04\/Luigi-Wewege-768x1164.jpg 768w, https:\/\/www.cayebank.bz\/wp-content\/uploads\/2023\/04\/Luigi-Wewege.jpg 792w\" sizes=\"(max-width: 304px) 100vw, 304px\" \/><\/a>Luigi Wewege<\/h1>\n<p>Luigi Wewege \u00e9 presidente do Caye International Bank, premiado como um dos principais bancos do Caribe e da Am\u00e9rica Central. Luigi participa de v\u00e1rios conselhos consultivos internacionais que abrangem diversos setores, como prote\u00e7\u00e3o de ativos, blockchain, metais preciosos e gest\u00e3o de patrim\u00f4nio  <\/p>\n<p>Wewege \u00e9 um palestrante regular, l\u00edder de pensamento e um autor talentoso em servi\u00e7os banc\u00e1rios e financeiros com v\u00e1rias publica\u00e7\u00f5es, incluindo The Digital Banking Revolution (agora em sua terceira edi\u00e7\u00e3o) e &#8220;Disruptions and Digital Banking Trends&#8221; publicado no The Journal of Applied Finance &amp; Banking. Luigi tamb\u00e9m compartilha sua experi\u00eancia como instrutor da FinTech School, sediada na Calif\u00f3rnia, e por meio de seu site <a href=\"https:\/\/www.luigiwewege.com\/\" target=\"_blank\" rel=\"noopener\">luigiwewege.com<\/a>.<\/p>\n<h2>Caye International Bank &#8211; Estrutura, estabilidade e seguran\u00e7a<\/h2>\n<p>Sob a lideran\u00e7a de Wewege, o Caye passou de quinto para o maior banco internacional de Belize. Esse crescimento \u00e9 atribu\u00eddo em grande parte ao seu foco dedicado em fornecer solu\u00e7\u00f5es financeiras sob medida para clientes privados e corporativos em todo o mundo.<\/p>\n<p>Luigi adquiriu amplo conhecimento em mercados globais e investimentos ao longo de seus 15 anos de experi\u00eancia internacional diversificada no setor de servi\u00e7os financeiros. Seus cargos anteriores incluem o de diretor executivo da Vivier, uma empresa de finan\u00e7as boutique; gerente comercial do Investment Research Group; e consultor s\u00eanior da The Braintrust Network, uma consultoria de gest\u00e3o sob medida.<\/p>\n<p>Luigi foi reconhecido por seus esfor\u00e7os na carreira com v\u00e1rios pr\u00eamios, incluindo o Private Banker of the Year Award em 2021 para CARICOM e LATAM, respectivamente, pelas revistas International Investor e Pan Finance. Wewege tamb\u00e9m foi reconhecido por sua alma mater, a Universidade de Missouri-St. Louis com o pr\u00eamio Outstanding Young Alumni Award em 2019 e o pr\u00eamio UMSL Salute to Business Achievement Award para Outstanding Business Alumni em 2017.<\/p>\n<p>Wewege obteve um MBA em Neg\u00f3cios Internacionais pela MIB Trieste School of Management, na It\u00e1lia, e um diploma de bacharel em Administra\u00e7\u00e3o com honras pela University of Missouri-St. Louis, onde se formou tr\u00eas vezes em Finan\u00e7as, Neg\u00f3cios Internacionais e Administra\u00e7\u00e3o.  <\/p>\n<p><span style=\"color: var( --e-global-color-text ); font-family: var( --e-global-typography-text-font-family ), Sans-serif; font-size: var( --e-global-typography-text-font-size ); font-style: var( --e-global-typography-text-font-style ); font-weight: var( --e-global-typography-text-font-weight ); letter-spacing: var( --e-global-typography-text-letter-spacing ); text-transform: var( --e-global-typography-text-text-transform ); word-spacing: var( --e-global-typography-text-word-spacing ); background-color: var( --e-global-color-17794e9 );\">Enquanto terminava seus estudos de gradua\u00e7\u00e3o, ele concluiu um estudo piloto para a Federal Trade Commission examinando a precis\u00e3o dos dados do bureau de cr\u00e9dito americano. A pesquisa culminou em um relat\u00f3rio que foi apresentado ao Congresso dos Estados Unidos no final de 2009, de acordo com a Se\u00e7\u00e3o 319 da Fair and Accurate Credit Transactions Act de 2003.<\/span><\/p>\n<p>Al\u00e9m de seus esfor\u00e7os profissionais, Luigi criou sua pr\u00f3pria funda\u00e7\u00e3o, que oferece uma bolsa de estudos anual para universidades. Ele tamb\u00e9m foi presidente da Junior Chamber International &#8211; Metro. Notavelmente, Wewege competiu em uma variedade de esportes competitivos, principalmente sendo um campe\u00e3o nacional j\u00fanior em nata\u00e7\u00e3o e recebendo uma bolsa de estudos masculina da NCAA para golfe.<\/p>\n<p>Wewege \u00e9 casado com Idaliz, s\u00f3cia de um escrit\u00f3rio de advocacia com sede no Panam\u00e1, tem um filho, Liam, e um chihuahua de pelos longos chamado Arnie.<\/p>\n\t\t\t\t\t\t\t\t<\/div>\n\t\t\t\t<\/div>\n\t\t\t\t\t<\/div>\n\t\t<\/div>\n\t\t\t\t\t<\/div>\n\t\t<\/section>\n\t\t\t\t<\/div>\n\t\t","protected":false},"excerpt":{"rendered":"<p>Luigi Wewege Luigi Wewege Luigi Wewege \u00e9 presidente do Caye International Bank, premiado como um dos principais bancos do Caribe e da Am\u00e9rica Central. Luigi participa de v\u00e1rios conselhos consultivos internacionais que abrangem diversos setores, como prote\u00e7\u00e3o de ativos, blockchain, metais preciosos e gest\u00e3o de patrim\u00f4nio Wewege \u00e9 um palestrante regular, l\u00edder de pensamento e [&hellip;]<\/p>\n","protected":false},"author":6,"featured_media":0,"parent":0,"menu_order":0,"comment_status":"closed","ping_status":"closed","template":"elementor_header_footer","meta":{"content-type":"","footnotes":""},"class_list":["post-17763","page","type-page","status-publish","hentry"],"_links":{"self":[{"href":"https:\/\/www.cayebank.bz\/pt-br\/wp-json\/wp\/v2\/pages\/17763","targetHints":{"allow":["GET"]}}],"collection":[{"href":"https:\/\/www.cayebank.bz\/pt-br\/wp-json\/wp\/v2\/pages"}],"about":[{"href":"https:\/\/www.cayebank.bz\/pt-br\/wp-json\/wp\/v2\/types\/page"}],"author":[{"embeddable":true,"href":"https:\/\/www.cayebank.bz\/pt-br\/wp-json\/wp\/v2\/users\/6"}],"replies":[{"embeddable":true,"href":"https:\/\/www.cayebank.bz\/pt-br\/wp-json\/wp\/v2\/comments?post=17763"}],"version-history":[{"count":1,"href":"https:\/\/www.cayebank.bz\/pt-br\/wp-json\/wp\/v2\/pages\/17763\/revisions"}],"predecessor-version":[{"id":17766,"href":"https:\/\/www.cayebank.bz\/pt-br\/wp-json\/wp\/v2\/pages\/17763\/revisions\/17766"}],"wp:attachment":[{"href":"https:\/\/www.cayebank.bz\/pt-br\/wp-json\/wp\/v2\/media?parent=17763"}],"curies":[{"name":"wp","href":"https:\/\/api.w.org\/{rel}","templated":true}]}}