{"id":17749,"date":"2023-04-13T05:40:02","date_gmt":"2023-04-13T11:40:02","guid":{"rendered":"https:\/\/www.cayebank.bz\/joel-nagel\/"},"modified":"2024-05-20T16:18:30","modified_gmt":"2024-05-20T22:18:30","slug":"joel-nagel","status":"publish","type":"page","link":"https:\/\/www.cayebank.bz\/pt-br\/joel-nagel\/","title":{"rendered":"Joel Nagel"},"content":{"rendered":"\t\t<div data-elementor-type=\"wp-page\" data-elementor-id=\"17749\" class=\"elementor elementor-17749\" data-elementor-post-type=\"page\">\n\t\t\t\t\t\t<section class=\"elementor-section elementor-top-section elementor-element elementor-element-5cbc4f6 elementor-section-full_width elementor-section-height-default elementor-section-height-default\" data-id=\"5cbc4f6\" data-element_type=\"section\" data-e-type=\"section\" data-settings=\"{&quot;background_background&quot;:&quot;classic&quot;}\">\n\t\t\t\t\t\t<div class=\"elementor-container elementor-column-gap-default\">\n\t\t\t\t\t<div class=\"elementor-column elementor-col-100 elementor-top-column elementor-element elementor-element-01705d8\" data-id=\"01705d8\" data-element_type=\"column\" data-e-type=\"column\">\n\t\t\t<div class=\"elementor-widget-wrap elementor-element-populated\">\n\t\t\t\t\t\t<section class=\"elementor-section elementor-inner-section elementor-element elementor-element-e552917 elementor-section-boxed elementor-section-height-default elementor-section-height-default\" data-id=\"e552917\" data-element_type=\"section\" data-e-type=\"section\">\n\t\t\t\t\t\t<div class=\"elementor-container elementor-column-gap-default\">\n\t\t\t\t\t<div class=\"elementor-column elementor-col-33 elementor-inner-column elementor-element elementor-element-7689d32\" data-id=\"7689d32\" data-element_type=\"column\" data-e-type=\"column\">\n\t\t\t<div class=\"elementor-widget-wrap\">\n\t\t\t\t\t\t\t<\/div>\n\t\t<\/div>\n\t\t\t\t<div class=\"elementor-column elementor-col-33 elementor-inner-column elementor-element elementor-element-bc2b985\" data-id=\"bc2b985\" data-element_type=\"column\" data-e-type=\"column\" data-settings=\"{&quot;background_background&quot;:&quot;classic&quot;}\">\n\t\t\t<div class=\"elementor-widget-wrap elementor-element-populated\">\n\t\t\t\t\t\t<div class=\"elementor-element elementor-element-df5f222 elementor-widget elementor-widget-heading\" data-id=\"df5f222\" data-element_type=\"widget\" data-e-type=\"widget\" data-widget_type=\"heading.default\">\n\t\t\t\t<div class=\"elementor-widget-container\">\n\t\t\t\t\t<h2 class=\"elementor-heading-title elementor-size-default\">Joel Nagel<\/h2>\t\t\t\t<\/div>\n\t\t\t\t<\/div>\n\t\t\t\t\t<\/div>\n\t\t<\/div>\n\t\t\t\t<div class=\"elementor-column elementor-col-33 elementor-inner-column elementor-element elementor-element-1fc7df4\" data-id=\"1fc7df4\" data-element_type=\"column\" data-e-type=\"column\">\n\t\t\t<div class=\"elementor-widget-wrap\">\n\t\t\t\t\t\t\t<\/div>\n\t\t<\/div>\n\t\t\t\t\t<\/div>\n\t\t<\/section>\n\t\t\t\t\t<\/div>\n\t\t<\/div>\n\t\t\t\t\t<\/div>\n\t\t<\/section>\n\t\t\t\t<section class=\"elementor-section elementor-top-section elementor-element elementor-element-1aa8a88 elementor-section-boxed elementor-section-height-default elementor-section-height-default\" data-id=\"1aa8a88\" data-element_type=\"section\" data-e-type=\"section\">\n\t\t\t\t\t\t<div class=\"elementor-container elementor-column-gap-default\">\n\t\t\t\t\t<div class=\"elementor-column elementor-col-100 elementor-top-column elementor-element elementor-element-85b610f\" data-id=\"85b610f\" data-element_type=\"column\" data-e-type=\"column\">\n\t\t\t<div class=\"elementor-widget-wrap elementor-element-populated\">\n\t\t\t\t\t\t<div class=\"elementor-element elementor-element-307cc63 elementor-hidden-desktop elementor-hidden-tablet elementor-widget elementor-widget-image\" data-id=\"307cc63\" data-element_type=\"widget\" data-e-type=\"widget\" data-widget_type=\"image.default\">\n\t\t\t\t<div class=\"elementor-widget-container\">\n\t\t\t\t\t\t\t\t\t\t\t\t\t\t\t<img fetchpriority=\"high\" decoding=\"async\" width=\"325\" height=\"406\" src=\"https:\/\/www.cayebank.bz\/wp-content\/uploads\/2023\/05\/Joel-Nagel.jpg\" class=\"attachment-large size-large wp-image-6096\" alt=\"\" srcset=\"https:\/\/www.cayebank.bz\/wp-content\/uploads\/2023\/05\/Joel-Nagel.jpg 325w, https:\/\/www.cayebank.bz\/wp-content\/uploads\/2023\/05\/Joel-Nagel-240x300.jpg 240w\" sizes=\"(max-width: 325px) 100vw, 325px\" \/>\t\t\t\t\t\t\t\t\t\t\t\t\t\t\t<\/div>\n\t\t\t\t<\/div>\n\t\t\t\t\t<\/div>\n\t\t<\/div>\n\t\t\t\t\t<\/div>\n\t\t<\/section>\n\t\t\t\t<section class=\"elementor-section elementor-top-section elementor-element elementor-element-31c82be7 elementor-hidden-desktop elementor-hidden-tablet elementor-section-boxed elementor-section-height-default elementor-section-height-default\" data-id=\"31c82be7\" data-element_type=\"section\" data-e-type=\"section\">\n\t\t\t\t\t\t<div class=\"elementor-container elementor-column-gap-default\">\n\t\t\t\t\t<div class=\"elementor-column elementor-col-100 elementor-top-column elementor-element elementor-element-7577629d\" data-id=\"7577629d\" data-element_type=\"column\" data-e-type=\"column\">\n\t\t\t<div class=\"elementor-widget-wrap elementor-element-populated\">\n\t\t\t\t\t\t<div class=\"elementor-element elementor-element-43239d83 elementor-widget elementor-widget-text-editor\" data-id=\"43239d83\" data-element_type=\"widget\" data-e-type=\"widget\" data-widget_type=\"text-editor.default\">\n\t\t\t\t<div class=\"elementor-widget-container\">\n\t\t\t\t\t\t\t\t\t<h2 style=\"font-family: 'Encode Sans', sans-serif; color: #353535; font-weight: 400; font-size: 36px;\">Joel Nagel<\/h2>\n<p>Como presidente do Caye International Bank, <u><br \/>\n  <a href=\"https:\/\/www.joel-nagel.com\/\" target=\"_blank\" rel=\"noopener\">Joel Nagel<\/a><br \/>\n<\/u> traz para sua fun\u00e7\u00e3o n\u00e3o apenas uma s\u00f3lida experi\u00eancia jur\u00eddica e banc\u00e1ria internacional, mas tamb\u00e9m investe no sucesso do banco na comunidade em que atua h\u00e1 muitos anos. Nascido e educado nos Estados Unidos e na Europa, a carreira de Joel como advogado especializado em prote\u00e7\u00e3o de ativos internacionais e estruturas de transa\u00e7\u00f5es comerciais globais proporcionou uma vasta experi\u00eancia em sua fun\u00e7\u00e3o como presidente de uma das principais institui\u00e7\u00f5es banc\u00e1rias de Belize.<\/p>\n<h2 style=\"font-family: 'Encode Sans', sans-serif; color: #001f51; font-weight: 300; font-size: 30px;\">Caye International Bank &#8211; Estrutura, estabilidade e seguran\u00e7a<\/h2>\n<p>Joel sabe que a base de um banco e de uma institui\u00e7\u00e3o financeira fortes est\u00e1 na reputa\u00e7\u00e3o de seus servi\u00e7os e de seu pessoal. A decis\u00e3o de abrir um banco em Belize foi baseada nos muitos anos de experi\u00eancia de Joel como advogado e <u><a href=\"https:\/\/ecidevelopment.com\/about\/\" target=\"_blank\" rel=\"noopener\">empres\u00e1rio\/investidor na regi\u00e3o<\/a>.<\/u><\/p>\n<p>Belize \u00e9 uma escolha \u00f3bvia para um banco com foco em private banking, financiamento hipotec\u00e1rio e oportunidades de investimento: o governo de Belize \u00e9 uma democracia est\u00e1vel e em crescimento, com um regime de imposto zero e \u00e9 considerado por muitos bancos de investimento nos Estados Unidos e na Europa como uma jurisdi\u00e7\u00e3o internacional proeminente para opera\u00e7\u00f5es banc\u00e1rias no Caribe e na Am\u00e9rica Central. O Caye International Bank, Ltd. foi homenageado em 2017 como o melhor banco privado de Belize.<\/p>\n\t\t\t\t\t\t\t\t<\/div>\n\t\t\t\t<\/div>\n\t\t\t\t\t<\/div>\n\t\t<\/div>\n\t\t\t\t\t<\/div>\n\t\t<\/section>\n\t\t\t\t<section class=\"elementor-section elementor-top-section elementor-element elementor-element-e6dd30e elementor-hidden-tablet elementor-hidden-mobile elementor-section-boxed elementor-section-height-default elementor-section-height-default\" data-id=\"e6dd30e\" data-element_type=\"section\" data-e-type=\"section\">\n\t\t\t\t\t\t<div class=\"elementor-container elementor-column-gap-default\">\n\t\t\t\t\t<div class=\"elementor-column elementor-col-100 elementor-top-column elementor-element elementor-element-a807171\" data-id=\"a807171\" data-element_type=\"column\" data-e-type=\"column\">\n\t\t\t<div class=\"elementor-widget-wrap elementor-element-populated\">\n\t\t\t\t\t\t<div class=\"elementor-element elementor-element-fd04cf6 elementor-widget elementor-widget-text-editor\" data-id=\"fd04cf6\" data-element_type=\"widget\" data-e-type=\"widget\" data-widget_type=\"text-editor.default\">\n\t\t\t\t<div class=\"elementor-widget-container\">\n\t\t\t\t\t\t\t\t\t<h2 style=\"font-family: 'Encode Sans', sans-serif; color: #353535; font-weight: 400; font-size: 36px;\">Joel Nagel<\/h2>\n<p><a href=\"https:\/\/www.cayebank.bz\/wp-content\/uploads\/2023\/05\/Joel-Nagel.jpg\"><img decoding=\"async\" class=\"size-medium wp-image-6096 alignright\" src=\"https:\/\/www.cayebank.bz\/wp-content\/uploads\/2023\/05\/Joel-Nagel-240x300.jpg\" alt=\"\" width=\"240\" height=\"300\" srcset=\"https:\/\/www.cayebank.bz\/wp-content\/uploads\/2023\/05\/Joel-Nagel-240x300.jpg 240w, https:\/\/www.cayebank.bz\/wp-content\/uploads\/2023\/05\/Joel-Nagel.jpg 325w\" sizes=\"(max-width: 240px) 100vw, 240px\" \/><\/a><\/p>\n<p style=\"font-family: 'Encode Sans', sans-serif; color: #353535; font-size: 18px;\">Como presidente do Caye International Bank, <u><br \/>\n  <a href=\"https:\/\/www.joel-nagel.com\/\" target=\"_blank\" rel=\"noopener\">Joel Nagel<\/a><br \/>\n<\/u> traz para sua fun\u00e7\u00e3o n\u00e3o apenas uma s\u00f3lida experi\u00eancia jur\u00eddica e banc\u00e1ria internacional, mas tamb\u00e9m investe no sucesso do banco na comunidade em que atua h\u00e1 muitos anos. Nascido e educado nos Estados Unidos e na Europa, a carreira de Joel como advogado especializado em prote\u00e7\u00e3o de ativos internacionais e estruturas de transa\u00e7\u00f5es comerciais globais proporcionou uma vasta experi\u00eancia em sua fun\u00e7\u00e3o como presidente de uma das principais institui\u00e7\u00f5es banc\u00e1rias de Belize.<\/p>\n<h2 style=\"font-family: 'Encode Sans', sans-serif; color: #001f51; font-weight: 300; font-size: 30px;\">Caye International Bank &#8211; Estrutura, estabilidade e seguran\u00e7a<\/h2>\n<p style=\"font-family: 'Encode Sans', sans-serif; color: #353535; font-size: 18px;\">Joel sabe que a base de um banco e de uma institui\u00e7\u00e3o financeira fortes est\u00e1 na reputa\u00e7\u00e3o de seus servi\u00e7os e de seu pessoal. A decis\u00e3o de abrir um banco em Belize foi baseada nos muitos anos de experi\u00eancia de Joel como advogado e <a href=\"https:\/\/ecidevelopment.com\/about\/\" target=\"_blank\" rel=\"noopener\">empres\u00e1rio\/investidor na regi\u00e3o.<\/a><\/p>\n<p>Belize \u00e9 uma escolha \u00f3bvia para um banco com foco em private banking, financiamento hipotec\u00e1rio e oportunidades de investimento: o governo de Belize \u00e9 uma democracia est\u00e1vel e em crescimento, com um regime de imposto zero e \u00e9 considerado por muitos bancos de investimento nos Estados Unidos e na Europa como uma jurisdi\u00e7\u00e3o internacional proeminente para opera\u00e7\u00f5es banc\u00e1rias no Caribe e na Am\u00e9rica Central. O Caye International Bank, Ltd. foi homenageado em 2017 como o melhor banco privado de Belize.<\/p>\n\t\t\t\t\t\t\t\t<\/div>\n\t\t\t\t<\/div>\n\t\t\t\t\t<\/div>\n\t\t<\/div>\n\t\t\t\t\t<\/div>\n\t\t<\/section>\n\t\t\t\t<section class=\"elementor-section elementor-top-section elementor-element elementor-element-bef3931 elementor-section-boxed elementor-section-height-default elementor-section-height-default\" data-id=\"bef3931\" data-element_type=\"section\" data-e-type=\"section\">\n\t\t\t\t\t\t<div class=\"elementor-container elementor-column-gap-default\">\n\t\t\t\t\t<div class=\"elementor-column elementor-col-100 elementor-top-column elementor-element elementor-element-af1c467\" data-id=\"af1c467\" data-element_type=\"column\" data-e-type=\"column\">\n\t\t\t<div class=\"elementor-widget-wrap elementor-element-populated\">\n\t\t\t\t\t\t<div class=\"elementor-element elementor-element-55374c8 elementor-widget elementor-widget-text-editor\" data-id=\"55374c8\" data-element_type=\"widget\" data-e-type=\"widget\" data-widget_type=\"text-editor.default\">\n\t\t\t\t<div class=\"elementor-widget-container\">\n\t\t\t\t\t\t\t\t\t<p>Os bancos de Belize e o Caye International Bank, em particular, oferecem mais do que um ref\u00fagio para fundos internacionais. O c\u00f3digo banc\u00e1rio de Belize garante a conformidade fiscal global (especialmente dos EUA), a prote\u00e7\u00e3o de ativos e a capacidade e oportunidade de investir em empreendimentos empresariais na regi\u00e3o. Com uma agenda cada vez maior de redu\u00e7\u00e3o de riscos por parte dos Estados Unidos, os bancos de Belize garantiram que todos os canais fossem seguros e est\u00e1veis.<\/p>\n<p>O Caye International Bank, Ltd. foi o primeiro banco em Belize a se tornar compat\u00edvel com a FATCA dos Estados Unidos. O atendimento ao cliente do Caye International Bank baseia-se na compreens\u00e3o das necessidades dos clientes e cada relacionamento banc\u00e1rio \u00e9 \u00fanico, particular e personalizado. Como o \u00fanico banco internacional com sede na ilha de Ambergris Caye, o Caye International Bank tem licen\u00e7a para trabalhar com corpora\u00e7\u00f5es e pessoas f\u00edsicas de todo o mundo para prestar servi\u00e7os banc\u00e1rios internacionais.<\/p>\n<h2 style=\"font-family: 'Encode Sans', sans-serif; color: #001f51; font-weight: 300; font-size: 30px;\">Por que fazer uma opera\u00e7\u00e3o banc\u00e1ria no exterior?<\/h2>\n<p>Com um regime de imposto zero, sem controle de c\u00e2mbio e com total confidencialidade, faz sentido diversificar uma carteira local de ativos e incluir um componente internacional. A estabilidade e a seguran\u00e7a s\u00e3o garantidas pelo governo ao insistir em um requisito de reserva para os bancos de 24%, que \u00e9 mais de tr\u00eas vezes maior do que o exigido nos Estados Unidos. O Caye International Bank det\u00e9m, em m\u00e9dia, o dobro das reservas exigidas por Belize. Ao escolher um banco internacional, observe os perfis de investimento e a experi\u00eancia do banco e de seus executivos para entender como seus ativos offshore ser\u00e3o gerenciados.<\/p>\n<h2 style=\"font-family: 'Encode Sans', sans-serif; color: #001f51; font-weight: 300; font-size: 30px;\">Joel Nagel &#8211; Trinta anos de experi\u00eancia<\/h2>\n<p>Advogado com forma\u00e7\u00e3o internacional, Joel Nagel estudou nos EUA e na Alemanha e atualmente \u00e9 membro da American Bar Association e fundador da firma Nagel &amp; Associates. Ele atuou na <u>\n  <a href=\"https:\/\/www.crunchbase.com\/person\/joel-nagel\" target=\"_blank\" rel=\"noopener\"> conselho de mais de 15 empresas<\/a>\n<\/u>&nbsp;e \u00e9 conhecido por seu trabalho na estrutura\u00e7\u00e3o de v\u00e1rios investimentos em hot\u00e9is no Caribe para empresas internacionais de desenvolvimento, incluindo um hotel de marca com 200 quartos em Ambergris Caye. Nagel foi um dos pioneiros no licenciamento de estruturas jur\u00eddicas internacionais em Belize, incluindo bancos, trusts, bem como fundos de hedge, fundos m\u00fatuos e seguradoras.<\/p><p><span style=\"background-color: var( --e-global-color-17794e9 ); color: var( --e-global-color-text ); font-family: var( --e-global-typography-text-font-family ), Sans-serif; font-size: var( --e-global-typography-text-font-size ); font-style: var( --e-global-typography-text-font-style ); font-weight: var( --e-global-typography-text-font-weight ); letter-spacing: var( --e-global-typography-text-letter-spacing ); text-transform: var( --e-global-typography-text-text-transform ); word-spacing: var( --e-global-typography-text-word-spacing );\">Joel Nagel est\u00e1 envolvido em uma variedade de atividades filantr\u00f3picas. Ele \u00e9 associado do Rotary h\u00e1 mais de 25 anos, tendo servido como presidente do Rotary Club de Pittsburgh, governador de distrito dos Rotary Clubs do oeste da Pensilv\u00e2nia e organizador e fundador do Rotary Club de Ambergris Caye em San Pedro, Belize.<\/span><\/p><p style=\"font-family: 'Encode Sans', sans-serif; color: #353535; font-size: 18px;\"><span style=\"color: var( --e-global-color-text ); font-family: var( --e-global-typography-text-font-family ), Sans-serif; font-size: var( --e-global-typography-text-font-size ); font-style: var( --e-global-typography-text-font-style ); font-weight: var( --e-global-typography-text-font-weight ); letter-spacing: var( --e-global-typography-text-letter-spacing ); text-transform: var( --e-global-typography-text-text-transform ); word-spacing: var( --e-global-typography-text-word-spacing ); background-color: var( --e-global-color-17794e9 );\">Em seus cargos no Rotary, Joel desenvolveu o conceito de construir cl\u00ednicas de sa\u00fade fora da rede na Nicar\u00e1gua, chamadas de Cl\u00ednicas de Sa\u00fade Roberto Clemente (em homenagem ao jogador de beisebol Roberto Clemente, do Pittsburgh Pirate, que morreu ao levar suprimentos m\u00e9dicos para a Nicar\u00e1gua ap\u00f3s o terremoto de 1972). At\u00e9 o momento, a Nagel, em conjunto com o Rotary, construiu tr\u00eas cl\u00ednicas na Nicar\u00e1gua.<\/span><\/p><p style=\"font-family: 'Encode Sans', sans-serif; color: #353535; font-size: 18px;\"><span style=\"color: var( --e-global-color-text ); font-family: var( --e-global-typography-text-font-family ), Sans-serif; font-size: var( --e-global-typography-text-font-size ); font-style: var( --e-global-typography-text-font-style ); font-weight: var( --e-global-typography-text-font-weight ); letter-spacing: var( --e-global-typography-text-letter-spacing ); text-transform: var( --e-global-typography-text-text-transform ); word-spacing: var( --e-global-typography-text-word-spacing ); background-color: var( --e-global-color-17794e9 );\">Ele tamb\u00e9m atuou como membro da diretoria e secret\u00e1rio da Violetta Chamorro Foundation e da Nicaraguan Development Corporation.<\/span><\/p><p style=\"font-family: 'Encode Sans', sans-serif; color: #353535; font-size: 18px;\"><span style=\"color: var( --e-global-color-text ); font-family: var( --e-global-typography-text-font-family ), Sans-serif; font-size: var( --e-global-typography-text-font-size ); font-style: var( --e-global-typography-text-font-style ); font-weight: var( --e-global-typography-text-font-weight ); letter-spacing: var( --e-global-typography-text-letter-spacing ); text-transform: var( --e-global-typography-text-text-transform ); word-spacing: var( --e-global-typography-text-word-spacing ); background-color: var( --e-global-color-17794e9 );\">O Sr. Nagel deu in\u00edcio ao programa anual &#8220;Shark Tank Belize&#8221; para ajudar a financiar empresas promissoras em fase inicial em Belize e patrocina o Programa de Distribui\u00e7\u00e3o de Brinquedos de Natal anual junto com a Living Word Church em San Pedro, Belize.<\/span><\/p>\t\t\t\t\t\t\t\t<\/div>\n\t\t\t\t<\/div>\n\t\t\t\t\t<\/div>\n\t\t<\/div>\n\t\t\t\t\t<\/div>\n\t\t<\/section>\n\t\t\t\t<\/div>\n\t\t","protected":false},"excerpt":{"rendered":"<p>Joel Nagel Joel Nagel Como presidente do Caye International Bank, Joel Nagel traz para sua fun\u00e7\u00e3o n\u00e3o apenas uma s\u00f3lida experi\u00eancia jur\u00eddica e banc\u00e1ria internacional, mas tamb\u00e9m investe no sucesso do banco na comunidade em que atua h\u00e1 muitos anos. Nascido e educado nos Estados Unidos e na Europa, a carreira de Joel como advogado [&hellip;]<\/p>\n","protected":false},"author":6,"featured_media":0,"parent":0,"menu_order":0,"comment_status":"closed","ping_status":"closed","template":"elementor_header_footer","meta":{"content-type":"","footnotes":""},"class_list":["post-17749","page","type-page","status-publish","hentry"],"_links":{"self":[{"href":"https:\/\/www.cayebank.bz\/pt-br\/wp-json\/wp\/v2\/pages\/17749","targetHints":{"allow":["GET"]}}],"collection":[{"href":"https:\/\/www.cayebank.bz\/pt-br\/wp-json\/wp\/v2\/pages"}],"about":[{"href":"https:\/\/www.cayebank.bz\/pt-br\/wp-json\/wp\/v2\/types\/page"}],"author":[{"embeddable":true,"href":"https:\/\/www.cayebank.bz\/pt-br\/wp-json\/wp\/v2\/users\/6"}],"replies":[{"embeddable":true,"href":"https:\/\/www.cayebank.bz\/pt-br\/wp-json\/wp\/v2\/comments?post=17749"}],"version-history":[{"count":2,"href":"https:\/\/www.cayebank.bz\/pt-br\/wp-json\/wp\/v2\/pages\/17749\/revisions"}],"predecessor-version":[{"id":17760,"href":"https:\/\/www.cayebank.bz\/pt-br\/wp-json\/wp\/v2\/pages\/17749\/revisions\/17760"}],"wp:attachment":[{"href":"https:\/\/www.cayebank.bz\/pt-br\/wp-json\/wp\/v2\/media?parent=17749"}],"curies":[{"name":"wp","href":"https:\/\/api.w.org\/{rel}","templated":true}]}}