{"id":17742,"date":"2023-05-26T14:11:51","date_gmt":"2023-05-26T20:11:51","guid":{"rendered":"https:\/\/www.cayebank.bz\/termos-de-uso\/"},"modified":"2024-05-20T16:18:33","modified_gmt":"2024-05-20T22:18:33","slug":"termos-de-uso","status":"publish","type":"page","link":"https:\/\/www.cayebank.bz\/pt-br\/termos-de-uso\/","title":{"rendered":"Termos de uso"},"content":{"rendered":"\t\t<div data-elementor-type=\"wp-page\" data-elementor-id=\"17742\" class=\"elementor elementor-17742\" data-elementor-post-type=\"page\">\n\t\t\t\t\t\t<section class=\"elementor-section elementor-top-section elementor-element elementor-element-9374ad4 elementor-section-full_width elementor-section-height-default elementor-section-height-default\" data-id=\"9374ad4\" data-element_type=\"section\" data-e-type=\"section\" data-settings=\"{&quot;background_background&quot;:&quot;classic&quot;}\">\n\t\t\t\t\t\t<div class=\"elementor-container elementor-column-gap-default\">\n\t\t\t\t\t<div class=\"elementor-column elementor-col-100 elementor-top-column elementor-element elementor-element-9c9f9b8\" data-id=\"9c9f9b8\" data-element_type=\"column\" data-e-type=\"column\">\n\t\t\t<div class=\"elementor-widget-wrap elementor-element-populated\">\n\t\t\t\t\t\t<section class=\"elementor-section elementor-inner-section elementor-element elementor-element-509e74b elementor-section-boxed elementor-section-height-default elementor-section-height-default\" data-id=\"509e74b\" data-element_type=\"section\" data-e-type=\"section\">\n\t\t\t\t\t\t<div class=\"elementor-container elementor-column-gap-default\">\n\t\t\t\t\t<div class=\"elementor-column elementor-col-33 elementor-inner-column elementor-element elementor-element-7624a57\" data-id=\"7624a57\" data-element_type=\"column\" data-e-type=\"column\">\n\t\t\t<div class=\"elementor-widget-wrap\">\n\t\t\t\t\t\t\t<\/div>\n\t\t<\/div>\n\t\t\t\t<div class=\"elementor-column elementor-col-33 elementor-inner-column elementor-element elementor-element-816d1d4\" data-id=\"816d1d4\" data-element_type=\"column\" data-e-type=\"column\" data-settings=\"{&quot;background_background&quot;:&quot;classic&quot;}\">\n\t\t\t<div class=\"elementor-widget-wrap elementor-element-populated\">\n\t\t\t\t\t\t<div class=\"elementor-element elementor-element-ee42627 elementor-widget elementor-widget-heading\" data-id=\"ee42627\" data-element_type=\"widget\" data-e-type=\"widget\" data-widget_type=\"heading.default\">\n\t\t\t\t<div class=\"elementor-widget-container\">\n\t\t\t\t\t<h2 class=\"elementor-heading-title elementor-size-default\">Termos de uso<\/h2>\t\t\t\t<\/div>\n\t\t\t\t<\/div>\n\t\t\t\t\t<\/div>\n\t\t<\/div>\n\t\t\t\t<div class=\"elementor-column elementor-col-33 elementor-inner-column elementor-element elementor-element-3bab60f\" data-id=\"3bab60f\" data-element_type=\"column\" data-e-type=\"column\">\n\t\t\t<div class=\"elementor-widget-wrap\">\n\t\t\t\t\t\t\t<\/div>\n\t\t<\/div>\n\t\t\t\t\t<\/div>\n\t\t<\/section>\n\t\t\t\t\t<\/div>\n\t\t<\/div>\n\t\t\t\t\t<\/div>\n\t\t<\/section>\n\t\t\t\t<section class=\"elementor-section elementor-top-section elementor-element elementor-element-6e53272 elementor-section-boxed elementor-section-height-default elementor-section-height-default\" data-id=\"6e53272\" data-element_type=\"section\" data-e-type=\"section\">\n\t\t\t\t\t\t<div class=\"elementor-container elementor-column-gap-default\">\n\t\t\t\t\t<div class=\"elementor-column elementor-col-100 elementor-top-column elementor-element elementor-element-27c97a1\" data-id=\"27c97a1\" data-element_type=\"column\" data-e-type=\"column\">\n\t\t\t<div class=\"elementor-widget-wrap elementor-element-populated\">\n\t\t\t\t\t\t<div class=\"elementor-element elementor-element-355563b elementor-widget elementor-widget-text-editor\" data-id=\"355563b\" data-element_type=\"widget\" data-e-type=\"widget\" data-widget_type=\"text-editor.default\">\n\t\t\t\t<div class=\"elementor-widget-container\">\n\t\t\t\t\t\t\t\t\t<h3 style=\"color: green;\">Termos e condi\u00e7\u00f5es de uso<\/h3>\n<p>O acesso ao site do Caye International Bank \u00e9 fornecido e definido abaixo. Para os fins deste contrato, &#8220;CIB&#8221; significa Caye International Bank, Ltd. e suas afiliadas, bem como seus diretores, executivos seniores e funcion\u00e1rios. O &#8220;site do Caye International Bank&#8221; significa o site do Caye International Bank, Ltd. dispon\u00edvel ao p\u00fablico e localizado em <a href=\"http:\/\/www.cayebank.bz\/\">www.cayebank.bz.<\/a><\/p>\n<p><u style=\"color: var( --e-global-color-text ); font-family: var( --e-global-typography-text-font-family ), Sans-serif; font-size: var( --e-global-typography-text-font-size ); font-style: var( --e-global-typography-text-font-style ); font-weight: var( --e-global-typography-text-font-weight ); letter-spacing: var( --e-global-typography-text-letter-spacing ); text-transform: var( --e-global-typography-text-text-transform ); word-spacing: var( --e-global-typography-text-word-spacing ); background-color: var( --e-global-color-17794e9 );\">Monitoramento pelo CIB:<\/u><span style=\"color: var( --e-global-color-text ); font-family: var( --e-global-typography-text-font-family ), Sans-serif; font-size: var( --e-global-typography-text-font-size ); font-style: var( --e-global-typography-text-font-style ); font-weight: var( --e-global-typography-text-font-weight ); letter-spacing: var( --e-global-typography-text-letter-spacing ); text-transform: var( --e-global-typography-text-text-transform ); word-spacing: var( --e-global-typography-text-word-spacing ); background-color: var( --e-global-color-17794e9 );\"> O uso que voc\u00ea faz dos produtos e servi\u00e7os deste site pode ser monitorado pelo CIB, e as informa\u00e7\u00f5es resultantes podem ser usadas pelo CIB para fins comerciais internos ou de acordo com as regras de qualquer autoridade reguladora aplic\u00e1vel.<\/span><\/p>\n<p><u style=\"color: var( --e-global-color-text ); font-family: var( --e-global-typography-text-font-family ), Sans-serif; font-size: var( --e-global-typography-text-font-size ); font-style: var( --e-global-typography-text-font-style ); font-weight: var( --e-global-typography-text-font-weight ); letter-spacing: var( --e-global-typography-text-letter-spacing ); text-transform: var( --e-global-typography-text-text-transform ); word-spacing: var( --e-global-typography-text-word-spacing ); background-color: var( --e-global-color-17794e9 );\">Informa\u00e7\u00f5es disponibilizadas por meio desse servi\u00e7o:<\/u><span style=\"color: var( --e-global-color-text ); font-family: var( --e-global-typography-text-font-family ), Sans-serif; font-size: var( --e-global-typography-text-font-size ); font-style: var( --e-global-typography-text-font-style ); font-weight: var( --e-global-typography-text-font-weight ); letter-spacing: var( --e-global-typography-text-letter-spacing ); text-transform: var( --e-global-typography-text-text-transform ); word-spacing: var( --e-global-typography-text-word-spacing ); background-color: var( --e-global-color-17794e9 );\">  Voc\u00ea tem permiss\u00e3o para armazenar, exibir, analisar, modificar, reformatar e imprimir as informa\u00e7\u00f5es disponibilizadas a voc\u00ea por meio deste site somente para seu pr\u00f3prio uso. Voc\u00ea n\u00e3o tem permiss\u00e3o para publicar, transmitir ou reproduzir essas informa\u00e7\u00f5es, no todo ou em parte, em qualquer formato, para terceiros, sem o consentimento expresso por escrito do CIB. Al\u00e9m disso, voc\u00ea n\u00e3o tem permiss\u00e3o para alterar, ocultar ou remover quaisquer direitos autorais, marcas comerciais ou quaisquer outros avisos que lhe sejam fornecidos em rela\u00e7\u00e3o \u00e0s informa\u00e7\u00f5es banc\u00e1rias. O CIB se reserva o direito de, a qualquer momento e de tempos em tempos, no interesse de seu pr\u00f3prio crit\u00e9rio editorial e julgamento comercial, adicionar, modificar ou remover qualquer informa\u00e7\u00e3o. Estes Termos e Condi\u00e7\u00f5es de Uso n\u00e3o se destinam a transferir ou conceder quaisquer direitos sobre as informa\u00e7\u00f5es, al\u00e9m daqueles especificamente descritos neste documento, e todos os direitos n\u00e3o expressamente concedidos neste documento s\u00e3o reservados ao CIB ou a terceiros fornecedores dos quais o CIB obteve as informa\u00e7\u00f5es. Voc\u00ea deve ler e obedecer a quaisquer termos e condi\u00e7\u00f5es adicionais que possam ser publicados neste servi\u00e7o periodicamente em rela\u00e7\u00e3o a informa\u00e7\u00f5es obtidas de provedores terceiros espec\u00edficos. Esses provedores terceirizados n\u00e3o ter\u00e3o nenhuma responsabilidade perante voc\u00ea por danos monet\u00e1rios devido \u00e0s informa\u00e7\u00f5es fornecidas a voc\u00ea por meio deste servi\u00e7o.<\/span><\/p>\n<p><u style=\"color: var( --e-global-color-text ); font-family: var( --e-global-typography-text-font-family ), Sans-serif; font-size: var( --e-global-typography-text-font-size ); font-style: var( --e-global-typography-text-font-style ); font-weight: var( --e-global-typography-text-font-weight ); letter-spacing: var( --e-global-typography-text-letter-spacing ); text-transform: var( --e-global-typography-text-text-transform ); word-spacing: var( --e-global-typography-text-word-spacing ); background-color: var( --e-global-color-17794e9 );\">N\u00e3o h\u00e1 garantias quanto ao conte\u00fado e voc\u00ea n\u00e3o tem a responsabilidade de atualiz\u00e1-lo:<\/u><span style=\"color: var( --e-global-color-text ); font-family: var( --e-global-typography-text-font-family ), Sans-serif; font-size: var( --e-global-typography-text-font-size ); font-style: var( --e-global-typography-text-font-style ); font-weight: var( --e-global-typography-text-font-weight ); letter-spacing: var( --e-global-typography-text-letter-spacing ); text-transform: var( --e-global-typography-text-text-transform ); word-spacing: var( --e-global-typography-text-word-spacing ); background-color: var( --e-global-color-17794e9 );\">  O CIB n\u00e3o oferece nenhuma garantia, expressa ou impl\u00edcita, com rela\u00e7\u00e3o a este site. Os servi\u00e7os prestados por n\u00f3s e por nossos fornecedores terceirizados s\u00e3o fornecidos &#8220;no estado em que se encontram&#8221;, por sua conta e risco. O CIB se isenta expressamente de qualquer garantia impl\u00edcita de comercializa\u00e7\u00e3o ou adequa\u00e7\u00e3o a uma finalidade espec\u00edfica, incluindo qualquer garantia para o uso ou os resultados do uso dos servi\u00e7os com rela\u00e7\u00e3o \u00e0 sua corre\u00e7\u00e3o, qualidade, precis\u00e3o, integridade, confiabilidade, desempenho, pontualidade ou disponibilidade cont\u00ednua. Nem o CIB nem qualquer um de seus fornecedores terceirizados ter\u00e3o qualquer responsabilidade pela manuten\u00e7\u00e3o dos dados e servi\u00e7os disponibilizados neste site ou pelo fornecimento de quaisquer corre\u00e7\u00f5es, atualiza\u00e7\u00f5es ou lan\u00e7amentos relacionados a eles. A disponibilidade de dados e servi\u00e7os est\u00e1 sujeita a altera\u00e7\u00f5es sem aviso pr\u00e9vio.<\/span><\/p>\n<p><u style=\"color: var( --e-global-color-text ); font-family: var( --e-global-typography-text-font-family ), Sans-serif; font-size: var( --e-global-typography-text-font-size ); font-style: var( --e-global-typography-text-font-style ); font-weight: var( --e-global-typography-text-font-weight ); letter-spacing: var( --e-global-typography-text-letter-spacing ); text-transform: var( --e-global-typography-text-text-transform ); word-spacing: var( --e-global-typography-text-word-spacing ); background-color: var( --e-global-color-17794e9 );\">N\u00e3o nos responsabilizamos pelo conte\u00fado e n\u00e3o assumimos nenhuma responsabilidade decorrente do uso:<\/u><span style=\"color: var( --e-global-color-text ); font-family: var( --e-global-typography-text-font-family ), Sans-serif; font-size: var( --e-global-typography-text-font-size ); font-style: var( --e-global-typography-text-font-style ); font-weight: var( --e-global-typography-text-font-weight ); letter-spacing: var( --e-global-typography-text-letter-spacing ); text-transform: var( --e-global-typography-text-text-transform ); word-spacing: var( --e-global-typography-text-word-spacing ); background-color: var( --e-global-color-17794e9 );\">  O CIB n\u00e3o ter\u00e1 qualquer responsabilidade, contingente ou n\u00e3o, perante voc\u00ea ou terceiros, ou qualquer responsabilidade de qualquer natureza, pela falha de qualquer conex\u00e3o ou servi\u00e7o de comunica\u00e7\u00e3o para fornecer ou manter o seu acesso a este servi\u00e7o, ou por qualquer interrup\u00e7\u00e3o ou perturba\u00e7\u00e3o de tal acesso ou qualquer comunica\u00e7\u00e3o err\u00f4nea entre o CIB e voc\u00ea, independentemente de a conex\u00e3o ou servi\u00e7o de comunica\u00e7\u00e3o ser fornecido pelo CIB ou por um provedor de servi\u00e7os terceirizado. O CIB n\u00e3o ter\u00e1 qualquer responsabilidade, contingente ou n\u00e3o, perante voc\u00ea ou terceiros, pela corre\u00e7\u00e3o, qualidade, precis\u00e3o, pontualidade, confiabilidade, desempenho, disponibilidade cont\u00ednua, integridade ou atrasos, omiss\u00f5es ou interrup\u00e7\u00f5es na entrega dos dados e servi\u00e7os dispon\u00edveis neste site. Ou, al\u00e9m disso, por qualquer outro aspecto do desempenho deste servi\u00e7o ou por qualquer falha ou atraso na execu\u00e7\u00e3o de quaisquer transa\u00e7\u00f5es por meio deste servi\u00e7o. Em nenhuma hip\u00f3tese o CIB ser\u00e1 respons\u00e1vel por quaisquer danos especiais, indiretos, incidentais ou consequenciais que possam ser incorridos ou experimentados devido ao uso que voc\u00ea fizer dos dados ou servi\u00e7os disponibilizados neste site, mesmo que o CIB tenha sido avisado da possibilidade de tais danos. A CIB n\u00e3o ter\u00e1 nenhuma responsabilidade de informar voc\u00ea sobre quaisquer dificuldades enfrentadas pela CIB ou por terceiros com rela\u00e7\u00e3o ao uso dos servi\u00e7os ou de tomar qualquer medida relacionada a isso.<\/span><\/p>\n<p><u style=\"color: var( --e-global-color-text ); font-family: var( --e-global-typography-text-font-family ), Sans-serif; font-size: var( --e-global-typography-text-font-size ); font-style: var( --e-global-typography-text-font-style ); font-weight: var( --e-global-typography-text-font-weight ); letter-spacing: var( --e-global-typography-text-letter-spacing ); text-transform: var( --e-global-typography-text-text-transform ); word-spacing: var( --e-global-typography-text-word-spacing ); background-color: var( --e-global-color-17794e9 );\">Voc\u00ea n\u00e3o tem nenhuma garantia quanto \u00e0 seguran\u00e7a e prote\u00e7\u00e3o:<\/u><span style=\"color: var( --e-global-color-text ); font-family: var( --e-global-typography-text-font-family ), Sans-serif; font-size: var( --e-global-typography-text-font-size ); font-style: var( --e-global-typography-text-font-style ); font-weight: var( --e-global-typography-text-font-weight ); letter-spacing: var( --e-global-typography-text-letter-spacing ); text-transform: var( --e-global-typography-text-text-transform ); word-spacing: var( --e-global-typography-text-word-spacing ); background-color: var( --e-global-color-17794e9 );\"> O CIB n\u00e3o oferece nenhuma garantia a voc\u00ea, expressa ou impl\u00edcita, com rela\u00e7\u00e3o \u00e0 seguran\u00e7a do site, inclusive com rela\u00e7\u00e3o \u00e0 capacidade de pessoas n\u00e3o autorizadas interceptarem ou acessarem informa\u00e7\u00f5es transmitidas por voc\u00ea por meio deste servi\u00e7o.<\/span><\/p>\n<p><u style=\"color: var( --e-global-color-text ); font-family: var( --e-global-typography-text-font-family ), Sans-serif; font-size: var( --e-global-typography-text-font-size ); font-style: var( --e-global-typography-text-font-style ); font-weight: var( --e-global-typography-text-font-weight ); letter-spacing: var( --e-global-typography-text-letter-spacing ); text-transform: var( --e-global-typography-text-text-transform ); word-spacing: var( --e-global-typography-text-word-spacing ); background-color: var( --e-global-color-17794e9 );\">Interrup\u00e7\u00f5es do sistema, lentid\u00e3o e limita\u00e7\u00f5es de capacidade:<\/u><span style=\"color: var( --e-global-color-text ); font-family: var( --e-global-typography-text-font-family ), Sans-serif; font-size: var( --e-global-typography-text-font-size ); font-style: var( --e-global-typography-text-font-style ); font-weight: var( --e-global-typography-text-font-weight ); letter-spacing: var( --e-global-typography-text-letter-spacing ); text-transform: var( --e-global-typography-text-text-transform ); word-spacing: var( --e-global-typography-text-word-spacing ); background-color: var( --e-global-color-17794e9 );\">  Como resultado do alto tr\u00e1fego da Internet, problemas de transmiss\u00e3o, limita\u00e7\u00f5es de capacidade dos sistemas e outros problemas, voc\u00ea poder\u00e1, \u00e0s vezes, ter dificuldades para acessar o site ou se comunicar com o CIB por meio da Internet ou de outros servi\u00e7os eletr\u00f4nicos e sem fio. Qualquer sistema de computador ou outro dispositivo eletr\u00f4nico, seja o seu, o de um provedor de servi\u00e7os de Internet ou o da CIB, pode sofrer interrup\u00e7\u00f5es ou lentid\u00e3o imprevistas ou ter limita\u00e7\u00f5es de capacidade.<\/span><\/p>\n<p><u style=\"color: var( --e-global-color-text ); font-family: var( --e-global-typography-text-font-family ), Sans-serif; font-size: var( --e-global-typography-text-font-size ); font-style: var( --e-global-typography-text-font-style ); font-weight: var( --e-global-typography-text-font-weight ); letter-spacing: var( --e-global-typography-text-letter-spacing ); text-transform: var( --e-global-typography-text-text-transform ); word-spacing: var( --e-global-typography-text-word-spacing ); background-color: var( --e-global-color-17794e9 );\">O conte\u00fado n\u00e3o deve ser interpretado como uma solicita\u00e7\u00e3o ou recomenda\u00e7\u00e3o:<\/u><span style=\"color: var( --e-global-color-text ); font-family: var( --e-global-typography-text-font-family ), Sans-serif; font-size: var( --e-global-typography-text-font-size ); font-style: var( --e-global-typography-text-font-style ); font-weight: var( --e-global-typography-text-font-weight ); letter-spacing: var( --e-global-typography-text-letter-spacing ); text-transform: var( --e-global-typography-text-text-transform ); word-spacing: var( --e-global-typography-text-word-spacing ); background-color: var( --e-global-color-17794e9 );\">  Este material foi preparado apenas para fins informativos, sem levar em conta os objetivos de investimento, a situa\u00e7\u00e3o financeira ou os meios de qualquer usu\u00e1rio em particular, e o CIB n\u00e3o est\u00e1 solicitando nenhuma a\u00e7\u00e3o com base nele. Este material n\u00e3o deve ser interpretado como uma recomenda\u00e7\u00e3o, ou uma oferta de compra ou venda, ou a solicita\u00e7\u00e3o de uma oferta de compra ou venda de qualquer t\u00edtulo, produto financeiro ou instrumento, ou para participar de qualquer estrat\u00e9gia de negocia\u00e7\u00e3o espec\u00edfica em qualquer jurisdi\u00e7\u00e3o em que tal oferta, solicita\u00e7\u00e3o ou estrat\u00e9gia de negocia\u00e7\u00e3o seja ilegal. Certas transa\u00e7\u00f5es, inclusive as que envolvem futuros, op\u00e7\u00f5es e t\u00edtulos de alto rendimento, geram riscos substanciais e n\u00e3o s\u00e3o adequadas a todos os investidores. Embora este material se baseie em informa\u00e7\u00f5es que o CIB considera confi\u00e1veis e se esfor\u00e7a para manter atualizadas, o CIB n\u00e3o verificou essas informa\u00e7\u00f5es e n\u00e3o garante que esse material seja preciso, atual ou completo, e n\u00e3o deve ser considerado como tal.<\/span><\/p>\n<p><u style=\"color: var( --e-global-color-text ); font-family: var( --e-global-typography-text-font-family ), Sans-serif; font-size: var( --e-global-typography-text-font-size ); font-style: var( --e-global-typography-text-font-style ); font-weight: var( --e-global-typography-text-font-weight ); letter-spacing: var( --e-global-typography-text-letter-spacing ); text-transform: var( --e-global-typography-text-text-transform ); word-spacing: var( --e-global-typography-text-word-spacing ); background-color: var( --e-global-color-17794e9 );\">Nenhuma determina\u00e7\u00e3o de adequa\u00e7\u00e3o foi feita, e nem todos os riscos foram divulgados:  <\/u><span style=\"color: var( --e-global-color-text ); font-family: var( --e-global-typography-text-font-family ), Sans-serif; font-size: var( --e-global-typography-text-font-size ); font-style: var( --e-global-typography-text-font-style ); font-weight: var( --e-global-typography-text-font-weight ); letter-spacing: var( --e-global-typography-text-letter-spacing ); text-transform: var( --e-global-typography-text-text-transform ); word-spacing: var( --e-global-typography-text-word-spacing ); background-color: var( --e-global-color-17794e9 );\">O fato de o CIB ter disponibilizado a voc\u00ea os dados e servi\u00e7os fornecidos neste site n\u00e3o constitui uma recomenda\u00e7\u00e3o para que voc\u00ea realize uma transa\u00e7\u00e3o espec\u00edfica nem uma representa\u00e7\u00e3o de que qualquer produto descrito neste site seja adequado ou apropriado para voc\u00ea. Muitos dos produtos descritos neste site envolvem riscos significativos, e voc\u00ea n\u00e3o deve realizar nenhuma transa\u00e7\u00e3o a menos que tenha entendido completamente todos esses riscos e tenha determinado de forma independente que tais transa\u00e7\u00f5es s\u00e3o apropriadas para voc\u00ea. Qualquer discuss\u00e3o sobre os riscos contidos neste documento com rela\u00e7\u00e3o a qualquer produto ou servi\u00e7o n\u00e3o deve ser considerada como uma divulga\u00e7\u00e3o de todos os riscos ou uma discuss\u00e3o completa dos riscos mencionados. Voc\u00ea n\u00e3o deve interpretar nenhum dos materiais contidos neste documento como aconselhamento comercial, financeiro, de investimento, de hedge, de negocia\u00e7\u00e3o, legal, regulat\u00f3rio, tribut\u00e1rio ou cont\u00e1bil, nem fazer deste servi\u00e7o a base principal para quaisquer decis\u00f5es de investimento tomadas por voc\u00ea ou em seu nome, por seus contadores ou por suas contas gerenciadas ou fiduci\u00e1rias, e talvez seja melhor consultar seu consultor comercial, advogado ou consultor tribut\u00e1rio e cont\u00e1bil a respeito de quaisquer transa\u00e7\u00f5es contempladas.<\/span><\/p>\n<p><u style=\"color: var( --e-global-color-text ); font-family: var( --e-global-typography-text-font-family ), Sans-serif; font-size: var( --e-global-typography-text-font-size ); font-style: var( --e-global-typography-text-font-style ); font-weight: var( --e-global-typography-text-font-weight ); letter-spacing: var( --e-global-typography-text-letter-spacing ); text-transform: var( --e-global-typography-text-text-transform ); word-spacing: var( --e-global-typography-text-word-spacing ); background-color: var( --e-global-color-17794e9 );\">Voc\u00ea n\u00e3o faz declara\u00e7\u00f5es sobre outros sites ou links:<\/u><span style=\"color: var( --e-global-color-text ); font-family: var( --e-global-typography-text-font-family ), Sans-serif; font-size: var( --e-global-typography-text-font-size ); font-style: var( --e-global-typography-text-font-style ); font-weight: var( --e-global-typography-text-font-weight ); letter-spacing: var( --e-global-typography-text-letter-spacing ); text-transform: var( --e-global-typography-text-text-transform ); word-spacing: var( --e-global-typography-text-word-spacing ); background-color: var( --e-global-color-17794e9 );\">  Este site pode fornecer links para determinados sites da Internet (os &#8220;sites&#8221;) patrocinados e mantidos por terceiros. O CIB est\u00e1 fornecendo esses links apenas como uma conveni\u00eancia para voc\u00ea. Portanto, o CIB n\u00e3o faz nenhuma declara\u00e7\u00e3o sobre o conte\u00fado dos sites. O fato de o CIB ter fornecido um link para o site n\u00e3o constitui um endosso, autoriza\u00e7\u00e3o, patroc\u00ednio ou afilia\u00e7\u00e3o do CIB em rela\u00e7\u00e3o ao site, seus propriet\u00e1rios ou fornecedores. O CIB n\u00e3o testou nenhuma informa\u00e7\u00e3o, software ou produtos encontrados em nenhum dos sites e, portanto, n\u00e3o faz nenhuma declara\u00e7\u00e3o com rela\u00e7\u00e3o a eles, incluindo qualquer declara\u00e7\u00e3o com rela\u00e7\u00e3o ao conte\u00fado ou aos patrocinadores do site, ou \u00e0 adequa\u00e7\u00e3o ou apropria\u00e7\u00e3o dos produtos ou transa\u00e7\u00f5es neles descritos.<\/span><\/p>\n\t\t\t\t\t\t\t\t<\/div>\n\t\t\t\t<\/div>\n\t\t\t\t\t<\/div>\n\t\t<\/div>\n\t\t\t\t\t<\/div>\n\t\t<\/section>\n\t\t\t\t<\/div>\n\t\t","protected":false},"excerpt":{"rendered":"<p>Termos de uso Termos e condi\u00e7\u00f5es de uso O acesso ao site do Caye International Bank \u00e9 fornecido e definido abaixo. Para os fins deste contrato, &#8220;CIB&#8221; significa Caye International Bank, Ltd. e suas afiliadas, bem como seus diretores, executivos seniores e funcion\u00e1rios. O &#8220;site do Caye International Bank&#8221; significa o site do Caye International [&hellip;]<\/p>\n","protected":false},"author":6,"featured_media":0,"parent":0,"menu_order":0,"comment_status":"closed","ping_status":"closed","template":"elementor_header_footer","meta":{"content-type":"","footnotes":""},"class_list":["post-17742","page","type-page","status-publish","hentry"],"_links":{"self":[{"href":"https:\/\/www.cayebank.bz\/pt-br\/wp-json\/wp\/v2\/pages\/17742","targetHints":{"allow":["GET"]}}],"collection":[{"href":"https:\/\/www.cayebank.bz\/pt-br\/wp-json\/wp\/v2\/pages"}],"about":[{"href":"https:\/\/www.cayebank.bz\/pt-br\/wp-json\/wp\/v2\/types\/page"}],"author":[{"embeddable":true,"href":"https:\/\/www.cayebank.bz\/pt-br\/wp-json\/wp\/v2\/users\/6"}],"replies":[{"embeddable":true,"href":"https:\/\/www.cayebank.bz\/pt-br\/wp-json\/wp\/v2\/comments?post=17742"}],"version-history":[{"count":2,"href":"https:\/\/www.cayebank.bz\/pt-br\/wp-json\/wp\/v2\/pages\/17742\/revisions"}],"predecessor-version":[{"id":17751,"href":"https:\/\/www.cayebank.bz\/pt-br\/wp-json\/wp\/v2\/pages\/17742\/revisions\/17751"}],"wp:attachment":[{"href":"https:\/\/www.cayebank.bz\/pt-br\/wp-json\/wp\/v2\/media?parent=17742"}],"curies":[{"name":"wp","href":"https:\/\/api.w.org\/{rel}","templated":true}]}}