{"id":17729,"date":"2023-05-30T13:05:48","date_gmt":"2023-05-30T19:05:48","guid":{"rendered":"https:\/\/www.cayebank.bz\/mapa-do-site\/"},"modified":"2024-05-20T16:18:18","modified_gmt":"2024-05-20T22:18:18","slug":"mapa-do-site","status":"publish","type":"page","link":"https:\/\/www.cayebank.bz\/pt-br\/mapa-do-site\/","title":{"rendered":"Mapa do site"},"content":{"rendered":"\t\t<div data-elementor-type=\"wp-page\" data-elementor-id=\"17729\" class=\"elementor elementor-17729\" data-elementor-post-type=\"page\">\n\t\t\t\t\t\t<section class=\"elementor-section elementor-top-section elementor-element elementor-element-5e34d9e elementor-section-full_width elementor-section-height-default elementor-section-height-default\" data-id=\"5e34d9e\" data-element_type=\"section\" data-e-type=\"section\" data-settings=\"{&quot;background_background&quot;:&quot;classic&quot;}\">\n\t\t\t\t\t\t<div class=\"elementor-container elementor-column-gap-default\">\n\t\t\t\t\t<div class=\"elementor-column elementor-col-100 elementor-top-column elementor-element elementor-element-7f2bf03\" data-id=\"7f2bf03\" data-element_type=\"column\" data-e-type=\"column\">\n\t\t\t<div class=\"elementor-widget-wrap elementor-element-populated\">\n\t\t\t\t\t\t<section class=\"elementor-section elementor-inner-section elementor-element elementor-element-13d0c46 elementor-section-boxed elementor-section-height-default elementor-section-height-default\" data-id=\"13d0c46\" data-element_type=\"section\" data-e-type=\"section\">\n\t\t\t\t\t\t<div class=\"elementor-container elementor-column-gap-default\">\n\t\t\t\t\t<div class=\"elementor-column elementor-col-33 elementor-inner-column elementor-element elementor-element-80ccbdd\" data-id=\"80ccbdd\" data-element_type=\"column\" data-e-type=\"column\">\n\t\t\t<div class=\"elementor-widget-wrap\">\n\t\t\t\t\t\t\t<\/div>\n\t\t<\/div>\n\t\t\t\t<div class=\"elementor-column elementor-col-33 elementor-inner-column elementor-element elementor-element-5410618\" data-id=\"5410618\" data-element_type=\"column\" data-e-type=\"column\" data-settings=\"{&quot;background_background&quot;:&quot;classic&quot;}\">\n\t\t\t<div class=\"elementor-widget-wrap elementor-element-populated\">\n\t\t\t\t\t\t<div class=\"elementor-element elementor-element-4854df3 elementor-widget elementor-widget-heading\" data-id=\"4854df3\" data-element_type=\"widget\" data-e-type=\"widget\" data-widget_type=\"heading.default\">\n\t\t\t\t<div class=\"elementor-widget-container\">\n\t\t\t\t\t<h2 class=\"elementor-heading-title elementor-size-default\">Mapa do site<\/h2>\t\t\t\t<\/div>\n\t\t\t\t<\/div>\n\t\t\t\t\t<\/div>\n\t\t<\/div>\n\t\t\t\t<div class=\"elementor-column elementor-col-33 elementor-inner-column elementor-element elementor-element-f50a6b7\" data-id=\"f50a6b7\" data-element_type=\"column\" data-e-type=\"column\">\n\t\t\t<div class=\"elementor-widget-wrap\">\n\t\t\t\t\t\t\t<\/div>\n\t\t<\/div>\n\t\t\t\t\t<\/div>\n\t\t<\/section>\n\t\t\t\t\t<\/div>\n\t\t<\/div>\n\t\t\t\t\t<\/div>\n\t\t<\/section>\n\t\t\t\t<section class=\"elementor-section elementor-top-section elementor-element elementor-element-edb389e elementor-section-boxed elementor-section-height-default elementor-section-height-default\" data-id=\"edb389e\" data-element_type=\"section\" data-e-type=\"section\">\n\t\t\t\t\t\t<div class=\"elementor-container elementor-column-gap-default\">\n\t\t\t\t\t<div class=\"elementor-column elementor-col-20 elementor-top-column elementor-element elementor-element-b727929\" data-id=\"b727929\" data-element_type=\"column\" data-e-type=\"column\">\n\t\t\t<div class=\"elementor-widget-wrap elementor-element-populated\">\n\t\t\t\t\t\t<div class=\"elementor-element elementor-element-d66ea0e elementor-widget elementor-widget-heading\" data-id=\"d66ea0e\" data-element_type=\"widget\" data-e-type=\"widget\" data-widget_type=\"heading.default\">\n\t\t\t\t<div class=\"elementor-widget-container\">\n\t\t\t\t\t<h2 class=\"elementor-heading-title elementor-size-default\"><a href=\"https:\/\/www.cayebank.bz\/pt-br\/\">IN\u00cdCIO<\/a><\/h2>\t\t\t\t<\/div>\n\t\t\t\t<\/div>\n\t\t\t\t\t<\/div>\n\t\t<\/div>\n\t\t\t\t<div class=\"elementor-column elementor-col-20 elementor-top-column elementor-element elementor-element-53055d0\" data-id=\"53055d0\" data-element_type=\"column\" data-e-type=\"column\">\n\t\t\t<div class=\"elementor-widget-wrap elementor-element-populated\">\n\t\t\t\t\t\t<div class=\"elementor-element elementor-element-eb1fed6 elementor-widget elementor-widget-heading\" data-id=\"eb1fed6\" data-element_type=\"widget\" data-e-type=\"widget\" data-widget_type=\"heading.default\">\n\t\t\t\t<div class=\"elementor-widget-container\">\n\t\t\t\t\t<h2 class=\"elementor-heading-title elementor-size-default\"><a href=\"https:\/\/www.cayebank.bz\/accounts\/\">CONTAS<\/a><\/h2>\t\t\t\t<\/div>\n\t\t\t\t<\/div>\n\t\t\t\t<div class=\"elementor-element elementor-element-e3f94ab elementor-widget elementor-widget-text-editor\" data-id=\"e3f94ab\" data-element_type=\"widget\" data-e-type=\"widget\" data-widget_type=\"text-editor.default\">\n\t\t\t\t<div class=\"elementor-widget-container\">\n\t\t\t\t\t\t\t\t\t<p><a href=\"https:\/\/www.cayebank.bz\/demand-deposits\/\">Dep\u00f3sitos \u00e0 vista<\/a><\/p>\n<p><a href=\"https:\/\/www.cayebank.bz\/savings-accounts\/\">Contas de poupan\u00e7a<\/a><\/p>\n<p><a href=\"https:\/\/www.cayebank.bz\/term-deposits\/\">Dep\u00f3sitos a prazo<\/a><\/p>\n<p><a href=\"https:\/\/www.cayebank.bz\/compare-accounts\/\">Comparar contas<\/a><\/p>\n<p><a href=\"https:\/\/www.cayebank.bz\/pt-br\/ajuda-e-suporte\/\">PERGUNTAS FREQUENTES<\/a><\/p>\n<p><a href=\"https:\/\/www.cayebank.bz\/account-opening\/\">Aplicativos<\/a><\/p>\n\t\t\t\t\t\t\t\t<\/div>\n\t\t\t\t<\/div>\n\t\t\t\t\t<\/div>\n\t\t<\/div>\n\t\t\t\t<div class=\"elementor-column elementor-col-20 elementor-top-column elementor-element elementor-element-c6be4ca\" data-id=\"c6be4ca\" data-element_type=\"column\" data-e-type=\"column\">\n\t\t\t<div class=\"elementor-widget-wrap elementor-element-populated\">\n\t\t\t\t\t\t<div class=\"elementor-element elementor-element-0c469d0 elementor-widget elementor-widget-heading\" data-id=\"0c469d0\" data-element_type=\"widget\" data-e-type=\"widget\" data-widget_type=\"heading.default\">\n\t\t\t\t<div class=\"elementor-widget-container\">\n\t\t\t\t\t<h2 class=\"elementor-heading-title elementor-size-default\"><a href=\"https:\/\/www.cayebank.bz\/services\/\">SERVI\u00c7OS<\/a><\/h2>\t\t\t\t<\/div>\n\t\t\t\t<\/div>\n\t\t\t\t<div class=\"elementor-element elementor-element-dd7967d elementor-widget elementor-widget-text-editor\" data-id=\"dd7967d\" data-element_type=\"widget\" data-e-type=\"widget\" data-widget_type=\"text-editor.default\">\n\t\t\t\t<div class=\"elementor-widget-container\">\n\t\t\t\t\t\t\t\t\t<p><a href=\"https:\/\/www.cayebank.bz\/pt-br\/financiamento\/\">Financiamento<\/a><\/p>\n<p><a href=\"https:\/\/www.cayebank.bz\/pt-br\/programa-de-emprestimo-de-ouro\/\">Programa de empr\u00e9stimo de ouro<\/a><\/p>\n<p><a href=\"https:\/\/www.cayebank.bz\/prepaid-mastercard\/\">Cart\u00e3o Visa pr\u00e9-pago<\/a><\/p>\n<p><a href=\"https:\/\/www.cayebank.bz\/pt-br\/transferencias-eletronicas\/\">Transfer\u00eancias eletr\u00f4nicas<\/a><\/p>\n\t\t\t\t\t\t\t\t<\/div>\n\t\t\t\t<\/div>\n\t\t\t\t\t<\/div>\n\t\t<\/div>\n\t\t\t\t<div class=\"elementor-column elementor-col-20 elementor-top-column elementor-element elementor-element-430ed02\" data-id=\"430ed02\" data-element_type=\"column\" data-e-type=\"column\">\n\t\t\t<div class=\"elementor-widget-wrap elementor-element-populated\">\n\t\t\t\t\t\t<div class=\"elementor-element elementor-element-17e93bc elementor-widget elementor-widget-heading\" data-id=\"17e93bc\" data-element_type=\"widget\" data-e-type=\"widget\" data-widget_type=\"heading.default\">\n\t\t\t\t<div class=\"elementor-widget-container\">\n\t\t\t\t\t<h2 class=\"elementor-heading-title elementor-size-default\"><a href=\"https:\/\/www.cayebank.bz\/about-us\/\">  SOBRE<\/a><\/h2>\t\t\t\t<\/div>\n\t\t\t\t<\/div>\n\t\t\t\t<div class=\"elementor-element elementor-element-7898e05 elementor-widget elementor-widget-text-editor\" data-id=\"7898e05\" data-element_type=\"widget\" data-e-type=\"widget\" data-widget_type=\"text-editor.default\">\n\t\t\t\t<div class=\"elementor-widget-container\">\n\t\t\t\t\t\t\t\t\t<p><a href=\"https:\/\/www.cayebank.bz\/joel-nagel\/\">Joel Nagel<\/a><\/p>\n<p><a href=\"https:\/\/www.cayebank.bz\/luigi-wewege\/\">Luigi Wewege<\/a><\/p>\n<p><a href=\"https:\/\/www.cayebank.bz\/why-offshore\/\">Por que offshore<\/a><\/p>\n<p><a href=\"https:\/\/www.cayebank.bz\/pt-br\/boas-vindas-do-presidente\/\">Boas-vindas do presidente<\/a><\/p>\n<p><a href=\"https:\/\/www.cayebank.bz\/governance\/\">Governan\u00e7a<\/a><\/p>\n<p><a href=\"https:\/\/www.cayebank.bz\/management\/\">Gerenciamento<\/a><\/p>\n<p><a href=\"https:\/\/www.cayebank.bz\/pt-br\/feriados-bancarios\/\">Feriados banc\u00e1rios<\/a><\/p>\n\t\t\t\t\t\t\t\t<\/div>\n\t\t\t\t<\/div>\n\t\t\t\t\t<\/div>\n\t\t<\/div>\n\t\t\t\t<div class=\"elementor-column elementor-col-20 elementor-top-column elementor-element elementor-element-14ce1ad\" data-id=\"14ce1ad\" data-element_type=\"column\" data-e-type=\"column\">\n\t\t\t<div class=\"elementor-widget-wrap elementor-element-populated\">\n\t\t\t\t\t\t<div class=\"elementor-element elementor-element-e56d605 elementor-widget elementor-widget-heading\" data-id=\"e56d605\" data-element_type=\"widget\" data-e-type=\"widget\" data-widget_type=\"heading.default\">\n\t\t\t\t<div class=\"elementor-widget-container\">\n\t\t\t\t\t<h2 class=\"elementor-heading-title elementor-size-default\"><a href=\"https:\/\/www.cayebank.bz\/blog\/\">INSIGHTS<\/a><\/h2>\t\t\t\t<\/div>\n\t\t\t\t<\/div>\n\t\t\t\t<div class=\"elementor-element elementor-element-5b78475 elementor-widget elementor-widget-text-editor\" data-id=\"5b78475\" data-element_type=\"widget\" data-e-type=\"widget\" data-widget_type=\"text-editor.default\">\n\t\t\t\t<div class=\"elementor-widget-container\">\n\t\t\t\t\t\t\t\t\t<p><a href=\"https:\/\/www.cayebank.bz\/pt-br\/recursos\/\">Recursos<\/a><\/p>\n\t\t\t\t\t\t\t\t<\/div>\n\t\t\t\t<\/div>\n\t\t\t\t<div class=\"elementor-element elementor-element-71c31c2 elementor-widget elementor-widget-text-editor\" data-id=\"71c31c2\" data-element_type=\"widget\" data-e-type=\"widget\" data-widget_type=\"text-editor.default\">\n\t\t\t\t<div class=\"elementor-widget-container\">\n\t\t\t\t\t\t\t\t\t<p><a href=\"https:\/\/www.cayebank.bz\/pt-br\/carreiras\/\">Carreiras<\/a><br \/><a href=\"https:\/\/www.cayebank.bz\/pt-br\/relacoes-com-investidores\/\">Rela\u00e7\u00f5es com investidores<\/a><br \/><a href=\"https:\/\/www.cayebank.bz\/pt-br\/detalhes-de-contato\/\">Contato<\/a><br \/><a href=\"https:\/\/my.cayebank.bz\/login\" target=\"_blank\" rel=\"noopener\">Login<\/a><\/p>\n\t\t\t\t\t\t\t\t<\/div>\n\t\t\t\t<\/div>\n\t\t\t\t\t<\/div>\n\t\t<\/div>\n\t\t\t\t\t<\/div>\n\t\t<\/section>\n\t\t\t\t<section class=\"elementor-section elementor-top-section elementor-element elementor-element-02ba79b elementor-section-boxed elementor-section-height-default elementor-section-height-default\" data-id=\"02ba79b\" data-element_type=\"section\" data-e-type=\"section\">\n\t\t\t\t\t\t<div class=\"elementor-container elementor-column-gap-default\">\n\t\t\t\t\t<div class=\"elementor-column elementor-col-100 elementor-top-column elementor-element elementor-element-3c443fc\" data-id=\"3c443fc\" data-element_type=\"column\" data-e-type=\"column\">\n\t\t\t<div class=\"elementor-widget-wrap\">\n\t\t\t\t\t\t\t<\/div>\n\t\t<\/div>\n\t\t\t\t\t<\/div>\n\t\t<\/section>\n\t\t\t\t<\/div>\n\t\t","protected":false},"excerpt":{"rendered":"<p>Mapa do site IN\u00cdCIO CONTAS Dep\u00f3sitos \u00e0 vista Contas de poupan\u00e7a Dep\u00f3sitos a prazo Comparar contas PERGUNTAS FREQUENTES Aplicativos SERVI\u00c7OS Financiamento Programa de empr\u00e9stimo de ouro Cart\u00e3o Visa pr\u00e9-pago Transfer\u00eancias eletr\u00f4nicas SOBRE Joel Nagel Luigi Wewege Por que offshore Boas-vindas do presidente Governan\u00e7a Gerenciamento Feriados banc\u00e1rios INSIGHTS Recursos CarreirasRela\u00e7\u00f5es com investidoresContatoLogin<\/p>\n","protected":false},"author":6,"featured_media":0,"parent":0,"menu_order":0,"comment_status":"closed","ping_status":"closed","template":"elementor_header_footer","meta":{"content-type":"","footnotes":""},"class_list":["post-17729","page","type-page","status-publish","hentry"],"_links":{"self":[{"href":"https:\/\/www.cayebank.bz\/pt-br\/wp-json\/wp\/v2\/pages\/17729","targetHints":{"allow":["GET"]}}],"collection":[{"href":"https:\/\/www.cayebank.bz\/pt-br\/wp-json\/wp\/v2\/pages"}],"about":[{"href":"https:\/\/www.cayebank.bz\/pt-br\/wp-json\/wp\/v2\/types\/page"}],"author":[{"embeddable":true,"href":"https:\/\/www.cayebank.bz\/pt-br\/wp-json\/wp\/v2\/users\/6"}],"replies":[{"embeddable":true,"href":"https:\/\/www.cayebank.bz\/pt-br\/wp-json\/wp\/v2\/comments?post=17729"}],"version-history":[{"count":1,"href":"https:\/\/www.cayebank.bz\/pt-br\/wp-json\/wp\/v2\/pages\/17729\/revisions"}],"predecessor-version":[{"id":17739,"href":"https:\/\/www.cayebank.bz\/pt-br\/wp-json\/wp\/v2\/pages\/17729\/revisions\/17739"}],"wp:attachment":[{"href":"https:\/\/www.cayebank.bz\/pt-br\/wp-json\/wp\/v2\/media?parent=17729"}],"curies":[{"name":"wp","href":"https:\/\/api.w.org\/{rel}","templated":true}]}}