{"id":17726,"date":"2023-05-26T13:53:26","date_gmt":"2023-05-26T19:53:26","guid":{"rendered":"https:\/\/www.cayebank.bz\/fatca\/"},"modified":"2024-05-20T16:18:17","modified_gmt":"2024-05-20T22:18:17","slug":"fatca","status":"publish","type":"page","link":"https:\/\/www.cayebank.bz\/pt-br\/fatca\/","title":{"rendered":"FATCA"},"content":{"rendered":"\t\t<div data-elementor-type=\"wp-page\" data-elementor-id=\"17726\" class=\"elementor elementor-17726\" data-elementor-post-type=\"page\">\n\t\t\t\t\t\t<section class=\"elementor-section elementor-top-section elementor-element elementor-element-e51b34e elementor-section-full_width elementor-section-height-default elementor-section-height-default\" data-id=\"e51b34e\" data-element_type=\"section\" data-e-type=\"section\" data-settings=\"{&quot;background_background&quot;:&quot;classic&quot;}\">\n\t\t\t\t\t\t<div class=\"elementor-container elementor-column-gap-default\">\n\t\t\t\t\t<div class=\"elementor-column elementor-col-100 elementor-top-column elementor-element elementor-element-b1c2adb\" data-id=\"b1c2adb\" data-element_type=\"column\" data-e-type=\"column\">\n\t\t\t<div class=\"elementor-widget-wrap elementor-element-populated\">\n\t\t\t\t\t\t<section class=\"elementor-section elementor-inner-section elementor-element elementor-element-4dcf343 elementor-section-boxed elementor-section-height-default elementor-section-height-default\" data-id=\"4dcf343\" data-element_type=\"section\" data-e-type=\"section\">\n\t\t\t\t\t\t<div class=\"elementor-container elementor-column-gap-default\">\n\t\t\t\t\t<div class=\"elementor-column elementor-col-33 elementor-inner-column elementor-element elementor-element-bc0a668\" data-id=\"bc0a668\" data-element_type=\"column\" data-e-type=\"column\">\n\t\t\t<div class=\"elementor-widget-wrap\">\n\t\t\t\t\t\t\t<\/div>\n\t\t<\/div>\n\t\t\t\t<div class=\"elementor-column elementor-col-33 elementor-inner-column elementor-element elementor-element-4d963f7\" data-id=\"4d963f7\" data-element_type=\"column\" data-e-type=\"column\" data-settings=\"{&quot;background_background&quot;:&quot;classic&quot;}\">\n\t\t\t<div class=\"elementor-widget-wrap elementor-element-populated\">\n\t\t\t\t\t\t<div class=\"elementor-element elementor-element-2660bba elementor-widget elementor-widget-heading\" data-id=\"2660bba\" data-element_type=\"widget\" data-e-type=\"widget\" data-widget_type=\"heading.default\">\n\t\t\t\t<div class=\"elementor-widget-container\">\n\t\t\t\t\t<h2 class=\"elementor-heading-title elementor-size-default\">FATCA<\/h2>\t\t\t\t<\/div>\n\t\t\t\t<\/div>\n\t\t\t\t\t<\/div>\n\t\t<\/div>\n\t\t\t\t<div class=\"elementor-column elementor-col-33 elementor-inner-column elementor-element elementor-element-a748bb6\" data-id=\"a748bb6\" data-element_type=\"column\" data-e-type=\"column\">\n\t\t\t<div class=\"elementor-widget-wrap\">\n\t\t\t\t\t\t\t<\/div>\n\t\t<\/div>\n\t\t\t\t\t<\/div>\n\t\t<\/section>\n\t\t\t\t\t<\/div>\n\t\t<\/div>\n\t\t\t\t\t<\/div>\n\t\t<\/section>\n\t\t\t\t<section class=\"elementor-section elementor-top-section elementor-element elementor-element-90bdef2 elementor-section-boxed elementor-section-height-default elementor-section-height-default\" data-id=\"90bdef2\" data-element_type=\"section\" data-e-type=\"section\">\n\t\t\t\t\t\t<div class=\"elementor-container elementor-column-gap-default\">\n\t\t\t\t\t<div class=\"elementor-column elementor-col-100 elementor-top-column elementor-element elementor-element-5c9017c\" data-id=\"5c9017c\" data-element_type=\"column\" data-e-type=\"column\">\n\t\t\t<div class=\"elementor-widget-wrap elementor-element-populated\">\n\t\t\t\t\t\t<div class=\"elementor-element elementor-element-36a9e0b elementor-widget elementor-widget-text-editor\" data-id=\"36a9e0b\" data-element_type=\"widget\" data-e-type=\"widget\" data-widget_type=\"text-editor.default\">\n\t\t\t\t<div class=\"elementor-widget-container\">\n\t\t\t\t\t\t\t\t\t<p>Muitos pa\u00edses em todo o mundo assinaram um acordo com os Estados Unidos da Am\u00e9rica, chamado de Acordo Intergovernamental (IGA). Esse acordo deriva da legisla\u00e7\u00e3o fiscal dos EUA FATCA (Foreign Account Tax Compliance Act). De acordo com o acordo\/lei, os bancos\/institui\u00e7\u00f5es financeiras s\u00e3o obrigados a identificar e informar os valores agregados em contas mantidas por cidad\u00e3os e residentes dos EUA ao Internal Revenue Service (IRS) dos EUA.<\/p>\n<p><span style=\"color: var( --e-global-color-primary ); letter-spacing: 0px; word-spacing: 0em; background-color: var( --e-global-color-17794e9 );\">De acordo com a Lei de Conformidade Fiscal de Contas Estrangeiras (FATCA) e os Acordos Intergovernamentais (IGAs) dos EUA, o Caye International Bank registrou-se no IRS. O Global Intermediary Identification Number (GIIN) oficial do Caye International Bank aprovado pelo IRS \u00e9: U8KTNL.99999.SL.084 com o c\u00f3digo SWIFT \/ BIC correspondente de: CAYEBZBZ.<\/span><\/p>\n\t\t\t\t\t\t\t\t<\/div>\n\t\t\t\t<\/div>\n\t\t\t\t\t<\/div>\n\t\t<\/div>\n\t\t\t\t\t<\/div>\n\t\t<\/section>\n\t\t\t\t<\/div>\n\t\t","protected":false},"excerpt":{"rendered":"<p>FATCA Muitos pa\u00edses em todo o mundo assinaram um acordo com os Estados Unidos da Am\u00e9rica, chamado de Acordo Intergovernamental (IGA). Esse acordo deriva da legisla\u00e7\u00e3o fiscal dos EUA FATCA (Foreign Account Tax Compliance Act). De acordo com o acordo\/lei, os bancos\/institui\u00e7\u00f5es financeiras s\u00e3o obrigados a identificar e informar os valores agregados em contas mantidas [&hellip;]<\/p>\n","protected":false},"author":6,"featured_media":0,"parent":0,"menu_order":0,"comment_status":"closed","ping_status":"closed","template":"elementor_header_footer","meta":{"content-type":"","footnotes":""},"class_list":["post-17726","page","type-page","status-publish","hentry"],"_links":{"self":[{"href":"https:\/\/www.cayebank.bz\/pt-br\/wp-json\/wp\/v2\/pages\/17726","targetHints":{"allow":["GET"]}}],"collection":[{"href":"https:\/\/www.cayebank.bz\/pt-br\/wp-json\/wp\/v2\/pages"}],"about":[{"href":"https:\/\/www.cayebank.bz\/pt-br\/wp-json\/wp\/v2\/types\/page"}],"author":[{"embeddable":true,"href":"https:\/\/www.cayebank.bz\/pt-br\/wp-json\/wp\/v2\/users\/6"}],"replies":[{"embeddable":true,"href":"https:\/\/www.cayebank.bz\/pt-br\/wp-json\/wp\/v2\/comments?post=17726"}],"version-history":[{"count":1,"href":"https:\/\/www.cayebank.bz\/pt-br\/wp-json\/wp\/v2\/pages\/17726\/revisions"}],"predecessor-version":[{"id":17732,"href":"https:\/\/www.cayebank.bz\/pt-br\/wp-json\/wp\/v2\/pages\/17726\/revisions\/17732"}],"wp:attachment":[{"href":"https:\/\/www.cayebank.bz\/pt-br\/wp-json\/wp\/v2\/media?parent=17726"}],"curies":[{"name":"wp","href":"https:\/\/api.w.org\/{rel}","templated":true}]}}