{"id":17681,"date":"2023-04-13T05:53:29","date_gmt":"2023-04-13T11:53:29","guid":{"rendered":"https:\/\/www.cayebank.bz\/boas-vindas-do-presidente\/"},"modified":"2024-05-20T16:18:15","modified_gmt":"2024-05-20T22:18:15","slug":"boas-vindas-do-presidente","status":"publish","type":"page","link":"https:\/\/www.cayebank.bz\/pt-br\/boas-vindas-do-presidente\/","title":{"rendered":"Boas-vindas do presidente"},"content":{"rendered":"\t\t<div data-elementor-type=\"wp-page\" data-elementor-id=\"17681\" class=\"elementor elementor-17681\" data-elementor-post-type=\"page\">\n\t\t\t\t\t\t<section class=\"elementor-section elementor-top-section elementor-element elementor-element-624a9ab elementor-section-full_width elementor-section-height-default elementor-section-height-default\" data-id=\"624a9ab\" data-element_type=\"section\" data-e-type=\"section\" data-settings=\"{&quot;background_background&quot;:&quot;classic&quot;}\">\n\t\t\t\t\t\t<div class=\"elementor-container elementor-column-gap-default\">\n\t\t\t\t\t<div class=\"elementor-column elementor-col-100 elementor-top-column elementor-element elementor-element-9b99c09\" data-id=\"9b99c09\" data-element_type=\"column\" data-e-type=\"column\">\n\t\t\t<div class=\"elementor-widget-wrap elementor-element-populated\">\n\t\t\t\t\t\t<section class=\"elementor-section elementor-inner-section elementor-element elementor-element-eab83a2 elementor-section-boxed elementor-section-height-default elementor-section-height-default\" data-id=\"eab83a2\" data-element_type=\"section\" data-e-type=\"section\">\n\t\t\t\t\t\t<div class=\"elementor-container elementor-column-gap-default\">\n\t\t\t\t\t<div class=\"elementor-column elementor-col-33 elementor-inner-column elementor-element elementor-element-6cb7483\" data-id=\"6cb7483\" data-element_type=\"column\" data-e-type=\"column\">\n\t\t\t<div class=\"elementor-widget-wrap\">\n\t\t\t\t\t\t\t<\/div>\n\t\t<\/div>\n\t\t\t\t<div class=\"elementor-column elementor-col-33 elementor-inner-column elementor-element elementor-element-dbac0eb\" data-id=\"dbac0eb\" data-element_type=\"column\" data-e-type=\"column\" data-settings=\"{&quot;background_background&quot;:&quot;classic&quot;}\">\n\t\t\t<div class=\"elementor-widget-wrap elementor-element-populated\">\n\t\t\t\t\t\t<div class=\"elementor-element elementor-element-6c0827b elementor-widget elementor-widget-heading\" data-id=\"6c0827b\" data-element_type=\"widget\" data-e-type=\"widget\" data-widget_type=\"heading.default\">\n\t\t\t\t<div class=\"elementor-widget-container\">\n\t\t\t\t\t<h2 class=\"elementor-heading-title elementor-size-default\">Boas-vindas do presidente<\/h2>\t\t\t\t<\/div>\n\t\t\t\t<\/div>\n\t\t\t\t<div class=\"elementor-element elementor-element-be17c21 elementor-widget elementor-widget-text-editor\" data-id=\"be17c21\" data-element_type=\"widget\" data-e-type=\"widget\" data-widget_type=\"text-editor.default\">\n\t\t\t\t<div class=\"elementor-widget-container\">\n\t\t\t\t\t\t\t\t\t<p style=\"text-align: center;\">Embaixador Joel Nagel<\/p>\n\t\t\t\t\t\t\t\t<\/div>\n\t\t\t\t<\/div>\n\t\t\t\t\t<\/div>\n\t\t<\/div>\n\t\t\t\t<div class=\"elementor-column elementor-col-33 elementor-inner-column elementor-element elementor-element-3cf61fd\" data-id=\"3cf61fd\" data-element_type=\"column\" data-e-type=\"column\">\n\t\t\t<div class=\"elementor-widget-wrap\">\n\t\t\t\t\t\t\t<\/div>\n\t\t<\/div>\n\t\t\t\t\t<\/div>\n\t\t<\/section>\n\t\t\t\t\t<\/div>\n\t\t<\/div>\n\t\t\t\t\t<\/div>\n\t\t<\/section>\n\t\t\t\t<section class=\"elementor-section elementor-top-section elementor-element elementor-element-4115f9aa elementor-section-boxed elementor-section-height-default elementor-section-height-default\" data-id=\"4115f9aa\" data-element_type=\"section\" data-e-type=\"section\">\n\t\t\t\t\t\t<div class=\"elementor-container elementor-column-gap-default\">\n\t\t\t\t\t<div class=\"elementor-column elementor-col-50 elementor-top-column elementor-element elementor-element-56ea02bc\" data-id=\"56ea02bc\" data-element_type=\"column\" data-e-type=\"column\">\n\t\t\t<div class=\"elementor-widget-wrap elementor-element-populated\">\n\t\t\t\t\t\t<div class=\"elementor-element elementor-element-d0dcdb8 elementor-widget elementor-widget-image\" data-id=\"d0dcdb8\" data-element_type=\"widget\" data-e-type=\"widget\" data-widget_type=\"image.default\">\n\t\t\t\t<div class=\"elementor-widget-container\">\n\t\t\t\t\t\t\t\t\t\t\t\t\t\t\t<img fetchpriority=\"high\" decoding=\"async\" width=\"325\" height=\"406\" src=\"https:\/\/www.cayebank.bz\/wp-content\/uploads\/2023\/05\/Joel-02.jpg\" class=\"attachment-large size-large wp-image-9062\" alt=\"\" srcset=\"https:\/\/www.cayebank.bz\/wp-content\/uploads\/2023\/05\/Joel-02.jpg 325w, https:\/\/www.cayebank.bz\/wp-content\/uploads\/2023\/05\/Joel-02-240x300.jpg 240w\" sizes=\"(max-width: 325px) 100vw, 325px\" \/>\t\t\t\t\t\t\t\t\t\t\t\t\t\t\t<\/div>\n\t\t\t\t<\/div>\n\t\t\t\t\t<\/div>\n\t\t<\/div>\n\t\t\t\t<div class=\"elementor-column elementor-col-50 elementor-top-column elementor-element elementor-element-de7a049\" data-id=\"de7a049\" data-element_type=\"column\" data-e-type=\"column\">\n\t\t\t<div class=\"elementor-widget-wrap elementor-element-populated\">\n\t\t\t\t\t\t<div class=\"elementor-element elementor-element-d1875e5 elementor-widget elementor-widget-text-editor\" data-id=\"d1875e5\" data-element_type=\"widget\" data-e-type=\"widget\" data-widget_type=\"text-editor.default\">\n\t\t\t\t<div class=\"elementor-widget-container\">\n\t\t\t\t\t\t\t\t\t<h2>Embaixador Joel Nagel<\/h2>\n<p>Come\u00e7ando com a vis\u00e3o da funda\u00e7\u00e3o do Caye com o Diretor do Conselho: Michael Cobb, em 1996, esse banco incipiente teve uma expans\u00e3o not\u00e1vel desde seus primeiros dias como uma empresa de hipotecas e, a partir de 2003, como um banco. Agora, com a crescente base de clientes internacionais e a rede de alian\u00e7as estrat\u00e9gicas globais do banco, ele est\u00e1 preparado para continuar seu crescimento no futuro.<\/p>\n<p><span style=\"background-color: var( --e-global-color-17794e9 ); color: var( --e-global-color-text ); font-family: var( --e-global-typography-text-font-family ), Sans-serif; font-size: var( --e-global-typography-text-font-size ); font-style: var( --e-global-typography-text-font-style ); font-weight: var( --e-global-typography-text-font-weight ); letter-spacing: var( --e-global-typography-text-letter-spacing ); text-transform: var( --e-global-typography-text-text-transform ); word-spacing: var( --e-global-typography-text-word-spacing );\">O sucesso do banco foi poss\u00edvel com a ajuda de membros vision\u00e1rios da diretoria, funcion\u00e1rios dedicados e clientes fi\u00e9is. Houve tamb\u00e9m muitos outros que forneceram a for\u00e7a motriz e a vis\u00e3o para estabelecer os blocos de constru\u00e7\u00e3o do banco e, por seus esfor\u00e7os, sou verdadeiramente grato. Atualmente, os diretores do banco fornecem orienta\u00e7\u00e3o e lideran\u00e7a que s\u00e3o fontes de motiva\u00e7\u00e3o e inspira\u00e7\u00e3o para todos n\u00f3s do Caye International Bank.<\/span><\/p><p><a href=\"https:\/\/www.cayebank.bz\/joel-nagel\/\" style=\"font-family: var( --e-global-typography-text-font-family ), Sans-serif; font-size: var( --e-global-typography-text-font-size ); font-style: var( --e-global-typography-text-font-style ); font-weight: var( --e-global-typography-text-font-weight ); letter-spacing: var( --e-global-typography-text-letter-spacing ); text-transform: var( --e-global-typography-text-text-transform ); word-spacing: var( --e-global-typography-text-word-spacing );\">Joel Nagel<\/a><br><\/p>\n<p>Presidente do Caye International Bank<\/p>\t\t\t\t\t\t\t\t<\/div>\n\t\t\t\t<\/div>\n\t\t\t\t\t<\/div>\n\t\t<\/div>\n\t\t\t\t\t<\/div>\n\t\t<\/section>\n\t\t\t\t<section class=\"elementor-section elementor-top-section elementor-element elementor-element-d90c029 elementor-section-boxed elementor-section-height-default elementor-section-height-default\" data-id=\"d90c029\" data-element_type=\"section\" data-e-type=\"section\" data-settings=\"{&quot;background_background&quot;:&quot;classic&quot;}\">\n\t\t\t\t\t\t<div class=\"elementor-container elementor-column-gap-default\">\n\t\t\t\t\t<div class=\"elementor-column elementor-col-100 elementor-top-column elementor-element elementor-element-7880377\" data-id=\"7880377\" data-element_type=\"column\" data-e-type=\"column\">\n\t\t\t<div class=\"elementor-widget-wrap elementor-element-populated\">\n\t\t\t\t\t\t<div class=\"elementor-element elementor-element-e978c06 elementor-blockquote--skin-quotation elementor-blockquote--align-center elementor-widget elementor-widget-blockquote\" data-id=\"e978c06\" data-element_type=\"widget\" data-e-type=\"widget\" data-widget_type=\"blockquote.default\">\n\t\t\t\t<div class=\"elementor-widget-container\">\n\t\t\t\t\t\t\t<blockquote class=\"elementor-blockquote\">\n\t\t\t<p class=\"elementor-blockquote__content\">\n\t\t\t\t<i>\"Como presidente do conselho, tenho orgulho do hist\u00f3rico de quase duas d\u00e9cadas do banco na regi\u00e3o.\"\n<\/i>\t\t\t<\/p>\n\t\t\t\t\t<\/blockquote>\n\t\t\t\t\t\t<\/div>\n\t\t\t\t<\/div>\n\t\t\t\t\t<\/div>\n\t\t<\/div>\n\t\t\t\t\t<\/div>\n\t\t<\/section>\n\t\t\t\t<section class=\"elementor-section elementor-top-section elementor-element elementor-element-7179ae0 elementor-section-boxed elementor-section-height-default elementor-section-height-default\" data-id=\"7179ae0\" data-element_type=\"section\" data-e-type=\"section\">\n\t\t\t\t\t\t<div class=\"elementor-container elementor-column-gap-default\">\n\t\t\t\t\t<div class=\"elementor-column elementor-col-100 elementor-top-column elementor-element elementor-element-fc15eef\" data-id=\"fc15eef\" data-element_type=\"column\" data-e-type=\"column\">\n\t\t\t<div class=\"elementor-widget-wrap elementor-element-populated\">\n\t\t\t\t\t\t<div class=\"elementor-element elementor-element-facb36c elementor-widget elementor-widget-text-editor\" data-id=\"facb36c\" data-element_type=\"widget\" data-e-type=\"widget\" data-widget_type=\"text-editor.default\">\n\t\t\t\t<div class=\"elementor-widget-container\">\n\t\t\t\t\t\t\t\t\t<p>O Caye International Bank \u00e9 um dos principais bancos de Belize atualmente, e o \u00fanico voltado exclusivamente para o mercado internacional. Com um dos mais altos \u00edndices de liquidez de qualquer banco global, o Caye tem um hist\u00f3rico de quase 20 anos de forte desempenho operacional. A miss\u00e3o da Caye tem sido sempre fornecer servi\u00e7os financeiros baseados na confiabilidade e sustentados por fortes valores corporativos, e essa f\u00f3rmula fez com que o banco crescesse com uma estrutura de receita diversificada, um balan\u00e7o patrimonial com boa qualidade de ativos, fontes de financiamento diversificadas e uma forte base de capital.<\/p>\n<p><span style=\"color: var( --e-global-color-text ); font-family: var( --e-global-typography-text-font-family ), Sans-serif; font-size: var( --e-global-typography-text-font-size ); font-style: var( --e-global-typography-text-font-style ); font-weight: var( --e-global-typography-text-font-weight ); letter-spacing: var( --e-global-typography-text-letter-spacing ); text-transform: var( --e-global-typography-text-text-transform ); word-spacing: var( --e-global-typography-text-word-spacing ); background-color: var( --e-global-color-17794e9 );\">A escala da atividade econ\u00f4mica e a estabilidade em Belize e na regi\u00e3o da Am\u00e9rica Central possibilitaram \u00e0 Caye um crescimento robusto em todos os principais produtos do banco. Al\u00e9m disso, acreditamos que nossa gama diversificada de servi\u00e7os financeiros internacionais oferecidos nas \u00faltimas duas d\u00e9cadas nos permitiu desempenhar um papel integral no crescimento e na prosperidade n\u00e3o apenas da ilha de Ambergris Caye, mas da pr\u00f3pria Belize.<\/span><\/p>\n<p><span style=\"color: var( --e-global-color-text ); font-family: var( --e-global-typography-text-font-family ), Sans-serif; font-size: var( --e-global-typography-text-font-size ); font-style: var( --e-global-typography-text-font-style ); font-weight: var( --e-global-typography-text-font-weight ); letter-spacing: var( --e-global-typography-text-letter-spacing ); text-transform: var( --e-global-typography-text-text-transform ); word-spacing: var( --e-global-typography-text-word-spacing ); background-color: var( --e-global-color-17794e9 );\">Os investimentos cont\u00ednuos do banco ser\u00e3o em novos produtos, capital humano e tecnologia, juntamente com a diversifica\u00e7\u00e3o estrat\u00e9gica em novas \u00e1reas de neg\u00f3cios, bem como maior aten\u00e7\u00e3o ao gerenciamento de riscos, liquidez e diversifica\u00e7\u00e3o regional bem-sucedida. Acredito que isso estabelecer\u00e1 firmemente o Caye International Bank como uma importante institui\u00e7\u00e3o financeira na regi\u00e3o da Am\u00e9rica Central nos pr\u00f3ximos anos e fornecer\u00e1 ao banco uma plataforma para expans\u00e3o em jurisdi\u00e7\u00f5es internacionais mais distantes.<\/span><\/p>\n\t\t\t\t\t\t\t\t<\/div>\n\t\t\t\t<\/div>\n\t\t\t\t\t<\/div>\n\t\t<\/div>\n\t\t\t\t\t<\/div>\n\t\t<\/section>\n\t\t\t\t<\/div>\n\t\t","protected":false},"excerpt":{"rendered":"<p>Boas-vindas do presidente Embaixador Joel Nagel Embaixador Joel Nagel Come\u00e7ando com a vis\u00e3o da funda\u00e7\u00e3o do Caye com o Diretor do Conselho: Michael Cobb, em 1996, esse banco incipiente teve uma expans\u00e3o not\u00e1vel desde seus primeiros dias como uma empresa de hipotecas e, a partir de 2003, como um banco. Agora, com a crescente base [&hellip;]<\/p>\n","protected":false},"author":6,"featured_media":0,"parent":0,"menu_order":0,"comment_status":"closed","ping_status":"closed","template":"elementor_header_footer","meta":{"content-type":"","footnotes":""},"class_list":["post-17681","page","type-page","status-publish","hentry"],"_links":{"self":[{"href":"https:\/\/www.cayebank.bz\/pt-br\/wp-json\/wp\/v2\/pages\/17681","targetHints":{"allow":["GET"]}}],"collection":[{"href":"https:\/\/www.cayebank.bz\/pt-br\/wp-json\/wp\/v2\/pages"}],"about":[{"href":"https:\/\/www.cayebank.bz\/pt-br\/wp-json\/wp\/v2\/types\/page"}],"author":[{"embeddable":true,"href":"https:\/\/www.cayebank.bz\/pt-br\/wp-json\/wp\/v2\/users\/6"}],"replies":[{"embeddable":true,"href":"https:\/\/www.cayebank.bz\/pt-br\/wp-json\/wp\/v2\/comments?post=17681"}],"version-history":[{"count":2,"href":"https:\/\/www.cayebank.bz\/pt-br\/wp-json\/wp\/v2\/pages\/17681\/revisions"}],"predecessor-version":[{"id":17706,"href":"https:\/\/www.cayebank.bz\/pt-br\/wp-json\/wp\/v2\/pages\/17681\/revisions\/17706"}],"wp:attachment":[{"href":"https:\/\/www.cayebank.bz\/pt-br\/wp-json\/wp\/v2\/media?parent=17681"}],"curies":[{"name":"wp","href":"https:\/\/api.w.org\/{rel}","templated":true}]}}