{"id":17680,"date":"2023-04-13T06:56:40","date_gmt":"2023-04-13T12:56:40","guid":{"rendered":"https:\/\/www.cayebank.bz\/detalhes-de-contato\/"},"modified":"2024-05-20T16:18:18","modified_gmt":"2024-05-20T22:18:18","slug":"detalhes-de-contato","status":"publish","type":"page","link":"https:\/\/www.cayebank.bz\/pt-br\/detalhes-de-contato\/","title":{"rendered":"Detalhes de contato"},"content":{"rendered":"\t\t<div data-elementor-type=\"wp-page\" data-elementor-id=\"17680\" class=\"elementor elementor-17680\" data-elementor-post-type=\"page\">\n\t\t\t\t\t\t<section class=\"elementor-section elementor-top-section elementor-element elementor-element-b8f0a31 elementor-section-full_width elementor-section-height-default elementor-section-height-default\" data-id=\"b8f0a31\" data-element_type=\"section\" data-e-type=\"section\" data-settings=\"{&quot;background_background&quot;:&quot;classic&quot;}\">\n\t\t\t\t\t\t<div class=\"elementor-container elementor-column-gap-default\">\n\t\t\t\t\t<div class=\"elementor-column elementor-col-100 elementor-top-column elementor-element elementor-element-d07fd84\" data-id=\"d07fd84\" data-element_type=\"column\" data-e-type=\"column\">\n\t\t\t<div class=\"elementor-widget-wrap elementor-element-populated\">\n\t\t\t\t\t\t<section class=\"elementor-section elementor-inner-section elementor-element elementor-element-b87f83a elementor-section-boxed elementor-section-height-default elementor-section-height-default\" data-id=\"b87f83a\" data-element_type=\"section\" data-e-type=\"section\">\n\t\t\t\t\t\t<div class=\"elementor-container elementor-column-gap-default\">\n\t\t\t\t\t<div class=\"elementor-column elementor-col-33 elementor-inner-column elementor-element elementor-element-dfb5eb6\" data-id=\"dfb5eb6\" data-element_type=\"column\" data-e-type=\"column\">\n\t\t\t<div class=\"elementor-widget-wrap\">\n\t\t\t\t\t\t\t<\/div>\n\t\t<\/div>\n\t\t\t\t<div class=\"elementor-column elementor-col-33 elementor-inner-column elementor-element elementor-element-c76ba94\" data-id=\"c76ba94\" data-element_type=\"column\" data-e-type=\"column\" data-settings=\"{&quot;background_background&quot;:&quot;classic&quot;}\">\n\t\t\t<div class=\"elementor-widget-wrap elementor-element-populated\">\n\t\t\t\t\t\t<div class=\"elementor-element elementor-element-d657519 elementor-widget elementor-widget-heading\" data-id=\"d657519\" data-element_type=\"widget\" data-e-type=\"widget\" data-widget_type=\"heading.default\">\n\t\t\t\t<div class=\"elementor-widget-container\">\n\t\t\t\t\t<h2 class=\"elementor-heading-title elementor-size-default\">Detalhes de contato<\/h2>\t\t\t\t<\/div>\n\t\t\t\t<\/div>\n\t\t\t\t\t<\/div>\n\t\t<\/div>\n\t\t\t\t<div class=\"elementor-column elementor-col-33 elementor-inner-column elementor-element elementor-element-1cd22a1\" data-id=\"1cd22a1\" data-element_type=\"column\" data-e-type=\"column\">\n\t\t\t<div class=\"elementor-widget-wrap\">\n\t\t\t\t\t\t\t<\/div>\n\t\t<\/div>\n\t\t\t\t\t<\/div>\n\t\t<\/section>\n\t\t\t\t\t<\/div>\n\t\t<\/div>\n\t\t\t\t\t<\/div>\n\t\t<\/section>\n\t\t\t\t<section class=\"elementor-section elementor-top-section elementor-element elementor-element-e539abe elementor-section-boxed elementor-section-height-default elementor-section-height-default\" data-id=\"e539abe\" data-element_type=\"section\" data-e-type=\"section\">\n\t\t\t\t\t\t<div class=\"elementor-container elementor-column-gap-default\">\n\t\t\t\t\t<div class=\"elementor-column elementor-col-100 elementor-top-column elementor-element elementor-element-0215e29\" data-id=\"0215e29\" data-element_type=\"column\" data-e-type=\"column\">\n\t\t\t<div class=\"elementor-widget-wrap elementor-element-populated\">\n\t\t\t\t\t\t<div class=\"elementor-element elementor-element-f67d167 elementor-widget elementor-widget-text-editor\" data-id=\"f67d167\" data-element_type=\"widget\" data-e-type=\"widget\" data-widget_type=\"text-editor.default\">\n\t\t\t\t<div class=\"elementor-widget-container\">\n\t\t\t\t\t\t\t\t\t<p>Entre em contato com o Caye International Bank usando os detalhes de contato abaixo ou enviando uma solicita\u00e7\u00e3o de formul\u00e1rio de contato abaixo.<\/p>\n\t\t\t\t\t\t\t\t<\/div>\n\t\t\t\t<\/div>\n\t\t\t\t\t<\/div>\n\t\t<\/div>\n\t\t\t\t\t<\/div>\n\t\t<\/section>\n\t\t\t\t<section class=\"elementor-section elementor-top-section elementor-element elementor-element-0e7ca7d elementor-section-boxed elementor-section-height-default elementor-section-height-default\" data-id=\"0e7ca7d\" data-element_type=\"section\" data-e-type=\"section\">\n\t\t\t\t\t\t<div class=\"elementor-container elementor-column-gap-default\">\n\t\t\t\t\t<div class=\"elementor-column elementor-col-100 elementor-top-column elementor-element elementor-element-480006a\" data-id=\"480006a\" data-element_type=\"column\" data-e-type=\"column\">\n\t\t\t<div class=\"elementor-widget-wrap elementor-element-populated\">\n\t\t\t\t\t\t<div class=\"elementor-element elementor-element-7a9fba7 elementor-widget elementor-widget-text-editor\" data-id=\"7a9fba7\" data-element_type=\"widget\" data-e-type=\"widget\" data-widget_type=\"text-editor.default\">\n\t\t\t\t<div class=\"elementor-widget-container\">\n\t\t\t\t\t\t\t\t\t<table class=\"striped\">\n<tbody>\n<tr>\n<td>N\u00famero do WhatsApp do banco<\/td>\n<td>\n  <a href=\"http:\/\/wa.me\/5016221009\" target=\"_blank\" rel=\"noopener\">+501-622-1009<\/a>\n<\/td>\n<\/tr>\n<tr>\n<td>N\u00famero do WhatsApp do empr\u00e9stimo<\/td>\n<td>\n  <a href=\"http:\/\/wa.me\/5016303011\" target=\"_blank\" rel=\"noopener\">+501-630-3011<\/a>\n<\/td>\n<\/tr>\n<tr>\n<td>N\u00famero de WhatsApp do cart\u00e3o<\/td>\n<td><a href=\"http:\/\/wa.me\/5016293040\" target=\"_blank\" rel=\"noopener\">+501-629-3040<\/a><\/td>\n<\/tr>\n<tr>\n<td>Clientes em potencial do banco<\/td>\n<td>+501-226-3083<\/td>\n<\/tr>\n<tr>\n<td>Clientes banc\u00e1rios existentes<\/td>\n<td>+501-226-2388<\/td>\n<\/tr>\n<tr>\n<td>N\u00famero de fax do banco<\/td>\n<td>+501-226-2892<\/td>\n<\/tr>\n<tr>\n<td>Endere\u00e7o de e-mail<\/td>\n<td>\n  <a href=\"mailto:services@cayebank.bz\">services@cayebank.bz<\/a>\n<\/td>\n<\/tr>\n<tr>\n<td>Endere\u00e7o para correspond\u00eancia<\/td>\n<td>P.O. Box 105, Coconut Drive<br \/>San Pedro, Ambergris Caye<br \/>Belize, Am\u00e9rica Central<\/td>\n<\/tr>\n<\/tbody>\n<\/table>\n\t\t\t\t\t\t\t\t<\/div>\n\t\t\t\t<\/div>\n\t\t\t\t\t<\/div>\n\t\t<\/div>\n\t\t\t\t\t<\/div>\n\t\t<\/section>\n\t\t\t\t<section class=\"elementor-section elementor-top-section elementor-element elementor-element-ba791fb elementor-section-boxed elementor-section-height-default elementor-section-height-default\" data-id=\"ba791fb\" data-element_type=\"section\" data-e-type=\"section\">\n\t\t\t\t\t\t<div class=\"elementor-container elementor-column-gap-default\">\n\t\t\t\t\t<div class=\"elementor-column elementor-col-100 elementor-top-column elementor-element elementor-element-c522391\" data-id=\"c522391\" data-element_type=\"column\" data-e-type=\"column\">\n\t\t\t<div class=\"elementor-widget-wrap elementor-element-populated\">\n\t\t\t\t\t\t<div class=\"elementor-element elementor-element-95856fd elementor-widget elementor-widget-heading\" data-id=\"95856fd\" data-element_type=\"widget\" data-e-type=\"widget\" data-widget_type=\"heading.default\">\n\t\t\t\t<div class=\"elementor-widget-container\">\n\t\t\t\t\t<h2 class=\"elementor-heading-title elementor-size-default\">Entre em contato conosco hoje mesmo!<\/h2>\t\t\t\t<\/div>\n\t\t\t\t<\/div>\n\t\t\t\t<div class=\"elementor-element elementor-element-7eb9075 elementor-widget elementor-widget-text-editor\" data-id=\"7eb9075\" data-element_type=\"widget\" data-e-type=\"widget\" data-widget_type=\"text-editor.default\">\n\t\t\t\t<div class=\"elementor-widget-container\">\n\t\t\t\t\t\t\t\t\t<p>Preencha o formul\u00e1rio abaixo:<\/p>\n\t\t\t\t\t\t\t\t<\/div>\n\t\t\t\t<\/div>\n\t\t\t\t<div class=\"elementor-element elementor-element-6d143f6 elementor-widget elementor-widget-html\" data-id=\"6d143f6\" data-element_type=\"widget\" data-e-type=\"widget\" data-widget_type=\"html.default\">\n\t\t\t\t<div class=\"elementor-widget-container\">\n\t\t\t\t\t<script charset=\"utf-8\" type=\"text\/javascript\" src=\"\/\/js.hsforms.net\/forms\/embed\/v2.js\"><\/script><script>hbspt.forms.create({\n    region: \"na1\",\n    portalId: \"2591586\",\n    formId: \"0b5d6269-e275-4570-99db-e02f3d30fa27\"\n  });\n<\/script>\t\t\t\t<\/div>\n\t\t\t\t<\/div>\n\t\t\t\t\t<\/div>\n\t\t<\/div>\n\t\t\t\t\t<\/div>\n\t\t<\/section>\n\t\t\t\t<section class=\"elementor-section elementor-top-section elementor-element elementor-element-8731ff9 elementor-section-boxed elementor-section-height-default elementor-section-height-default\" data-id=\"8731ff9\" data-element_type=\"section\" data-e-type=\"section\">\n\t\t\t\t\t\t<div class=\"elementor-container elementor-column-gap-default\">\n\t\t\t\t\t<div class=\"elementor-column elementor-col-100 elementor-top-column elementor-element elementor-element-77ac27f\" data-id=\"77ac27f\" data-element_type=\"column\" data-e-type=\"column\">\n\t\t\t<div class=\"elementor-widget-wrap elementor-element-populated\">\n\t\t\t\t\t\t<div class=\"elementor-element elementor-element-4b11763 elementor-widget elementor-widget-text-editor\" data-id=\"4b11763\" data-element_type=\"widget\" data-e-type=\"widget\" data-widget_type=\"text-editor.default\">\n\t\t\t\t<div class=\"elementor-widget-container\">\n\t\t\t\t\t\t\t\t\t<p>Sinta-se \u00e0 vontade para entrar em contato conosco pelo e-mail: <a href=\"mailto:complaints@cayebank.bz\" target=\"_blank\" rel=\"noopener\">complaints@cayebank.bz<\/a> se voc\u00ea tiver alguma d\u00favida ou problema relacionado \u00e0 sua conta banc\u00e1ria, transfer\u00eancias, servi\u00e7os ao cliente ou qualquer outro assunto relacionado ao Caye International Bank. Valorizamos seus coment\u00e1rios e pretendemos fornecer uma resposta r\u00e1pida dentro de 12 a 24 horas.<\/p>\n\t\t\t\t\t\t\t\t<\/div>\n\t\t\t\t<\/div>\n\t\t\t\t\t<\/div>\n\t\t<\/div>\n\t\t\t\t\t<\/div>\n\t\t<\/section>\n\t\t\t\t<section class=\"elementor-section elementor-top-section elementor-element elementor-element-b993640 elementor-section-boxed elementor-section-height-default elementor-section-height-default\" data-id=\"b993640\" data-element_type=\"section\" data-e-type=\"section\">\n\t\t\t\t\t\t<div class=\"elementor-container elementor-column-gap-default\">\n\t\t\t\t\t<div class=\"elementor-column elementor-col-100 elementor-top-column elementor-element elementor-element-ae170a8\" data-id=\"ae170a8\" data-element_type=\"column\" data-e-type=\"column\">\n\t\t\t<div class=\"elementor-widget-wrap elementor-element-populated\">\n\t\t\t\t\t\t<div class=\"elementor-element elementor-element-5ce7758 elementor-widget elementor-widget-heading\" data-id=\"5ce7758\" data-element_type=\"widget\" data-e-type=\"widget\" data-widget_type=\"heading.default\">\n\t\t\t\t<div class=\"elementor-widget-container\">\n\t\t\t\t\t<h2 class=\"elementor-heading-title elementor-size-default\">Encontre o Caye International Bank<\/h2>\t\t\t\t<\/div>\n\t\t\t\t<\/div>\n\t\t\t\t<div class=\"elementor-element elementor-element-464c6fe elementor-widget elementor-widget-google_maps\" data-id=\"464c6fe\" data-element_type=\"widget\" data-e-type=\"widget\" data-widget_type=\"google_maps.default\">\n\t\t\t\t<div class=\"elementor-widget-container\">\n\t\t\t\t\t\t\t<div class=\"elementor-custom-embed\">\n\t\t\t<iframe loading=\"lazy\"\n\t\t\t\t\tsrc=\"https:\/\/maps.google.com\/maps?q=Caye%20International%20Bank&#038;t=m&#038;z=5&#038;output=embed&#038;iwloc=near\"\n\t\t\t\t\ttitle=\"Caye International Bank\"\n\t\t\t\t\taria-label=\"Caye International Bank\"\n\t\t\t><\/iframe>\n\t\t<\/div>\n\t\t\t\t\t\t<\/div>\n\t\t\t\t<\/div>\n\t\t\t\t<div class=\"elementor-element elementor-element-2d3254c elementor-widget elementor-widget-spacer\" data-id=\"2d3254c\" data-element_type=\"widget\" data-e-type=\"widget\" data-widget_type=\"spacer.default\">\n\t\t\t\t<div class=\"elementor-widget-container\">\n\t\t\t\t\t\t\t<div class=\"elementor-spacer\">\n\t\t\t<div class=\"elementor-spacer-inner\"><\/div>\n\t\t<\/div>\n\t\t\t\t\t\t<\/div>\n\t\t\t\t<\/div>\n\t\t\t\t\t<\/div>\n\t\t<\/div>\n\t\t\t\t\t<\/div>\n\t\t<\/section>\n\t\t\t\t<\/div>\n\t\t","protected":false},"excerpt":{"rendered":"<p>Detalhes de contato Entre em contato com o Caye International Bank usando os detalhes de contato abaixo ou enviando uma solicita\u00e7\u00e3o de formul\u00e1rio de contato abaixo. N\u00famero do WhatsApp do banco +501-622-1009 N\u00famero do WhatsApp do empr\u00e9stimo +501-630-3011 N\u00famero de WhatsApp do cart\u00e3o +501-629-3040 Clientes em potencial do banco +501-226-3083 Clientes banc\u00e1rios existentes +501-226-2388 N\u00famero [&hellip;]<\/p>\n","protected":false},"author":6,"featured_media":0,"parent":0,"menu_order":0,"comment_status":"closed","ping_status":"closed","template":"elementor_header_footer","meta":{"content-type":"","footnotes":""},"class_list":["post-17680","page","type-page","status-publish","hentry"],"_links":{"self":[{"href":"https:\/\/www.cayebank.bz\/pt-br\/wp-json\/wp\/v2\/pages\/17680","targetHints":{"allow":["GET"]}}],"collection":[{"href":"https:\/\/www.cayebank.bz\/pt-br\/wp-json\/wp\/v2\/pages"}],"about":[{"href":"https:\/\/www.cayebank.bz\/pt-br\/wp-json\/wp\/v2\/types\/page"}],"author":[{"embeddable":true,"href":"https:\/\/www.cayebank.bz\/pt-br\/wp-json\/wp\/v2\/users\/6"}],"replies":[{"embeddable":true,"href":"https:\/\/www.cayebank.bz\/pt-br\/wp-json\/wp\/v2\/comments?post=17680"}],"version-history":[{"count":2,"href":"https:\/\/www.cayebank.bz\/pt-br\/wp-json\/wp\/v2\/pages\/17680\/revisions"}],"predecessor-version":[{"id":17704,"href":"https:\/\/www.cayebank.bz\/pt-br\/wp-json\/wp\/v2\/pages\/17680\/revisions\/17704"}],"wp:attachment":[{"href":"https:\/\/www.cayebank.bz\/pt-br\/wp-json\/wp\/v2\/media?parent=17680"}],"curies":[{"name":"wp","href":"https:\/\/api.w.org\/{rel}","templated":true}]}}