{"id":17669,"date":"2023-04-13T06:37:40","date_gmt":"2023-04-13T12:37:40","guid":{"rendered":"https:\/\/www.cayebank.bz\/ajuda-e-suporte\/"},"modified":"2024-05-20T16:18:15","modified_gmt":"2024-05-20T22:18:15","slug":"ajuda-e-suporte","status":"publish","type":"page","link":"https:\/\/www.cayebank.bz\/pt-br\/ajuda-e-suporte\/","title":{"rendered":"Ajuda e suporte"},"content":{"rendered":"\t\t<div data-elementor-type=\"wp-page\" data-elementor-id=\"17669\" class=\"elementor elementor-17669\" data-elementor-post-type=\"page\">\n\t\t\t\t\t\t<section class=\"elementor-section elementor-top-section elementor-element elementor-element-e37b0cc elementor-section-full_width elementor-section-height-default elementor-section-height-default\" data-id=\"e37b0cc\" data-element_type=\"section\" data-e-type=\"section\" data-settings=\"{&quot;background_background&quot;:&quot;classic&quot;}\">\n\t\t\t\t\t\t<div class=\"elementor-container elementor-column-gap-default\">\n\t\t\t\t\t<div class=\"elementor-column elementor-col-100 elementor-top-column elementor-element elementor-element-e6aebf9\" data-id=\"e6aebf9\" data-element_type=\"column\" data-e-type=\"column\">\n\t\t\t<div class=\"elementor-widget-wrap elementor-element-populated\">\n\t\t\t\t\t\t<section class=\"elementor-section elementor-inner-section elementor-element elementor-element-b65ceb6 elementor-section-boxed elementor-section-height-default elementor-section-height-default\" data-id=\"b65ceb6\" data-element_type=\"section\" data-e-type=\"section\">\n\t\t\t\t\t\t<div class=\"elementor-container elementor-column-gap-default\">\n\t\t\t\t\t<div class=\"elementor-column elementor-col-33 elementor-inner-column elementor-element elementor-element-91ea2b8\" data-id=\"91ea2b8\" data-element_type=\"column\" data-e-type=\"column\">\n\t\t\t<div class=\"elementor-widget-wrap\">\n\t\t\t\t\t\t\t<\/div>\n\t\t<\/div>\n\t\t\t\t<div class=\"elementor-column elementor-col-33 elementor-inner-column elementor-element elementor-element-b62b5d2\" data-id=\"b62b5d2\" data-element_type=\"column\" data-e-type=\"column\" data-settings=\"{&quot;background_background&quot;:&quot;classic&quot;}\">\n\t\t\t<div class=\"elementor-widget-wrap elementor-element-populated\">\n\t\t\t\t\t\t<div class=\"elementor-element elementor-element-4ee98cd elementor-widget elementor-widget-heading\" data-id=\"4ee98cd\" data-element_type=\"widget\" data-e-type=\"widget\" data-widget_type=\"heading.default\">\n\t\t\t\t<div class=\"elementor-widget-container\">\n\t\t\t\t\t<h2 class=\"elementor-heading-title elementor-size-default\">Ajuda e suporte<\/h2>\t\t\t\t<\/div>\n\t\t\t\t<\/div>\n\t\t\t\t<div class=\"elementor-element elementor-element-475d1b7 elementor-widget elementor-widget-text-editor\" data-id=\"475d1b7\" data-element_type=\"widget\" data-e-type=\"widget\" data-widget_type=\"text-editor.default\">\n\t\t\t\t<div class=\"elementor-widget-container\">\n\t\t\t\t\t\t\t\t\t<p style=\"text-align: center;\">Encontre a resposta para as perguntas mais frequentes.<\/p>\n\t\t\t\t\t\t\t\t<\/div>\n\t\t\t\t<\/div>\n\t\t\t\t\t<\/div>\n\t\t<\/div>\n\t\t\t\t<div class=\"elementor-column elementor-col-33 elementor-inner-column elementor-element elementor-element-725bb6f\" data-id=\"725bb6f\" data-element_type=\"column\" data-e-type=\"column\">\n\t\t\t<div class=\"elementor-widget-wrap\">\n\t\t\t\t\t\t\t<\/div>\n\t\t<\/div>\n\t\t\t\t\t<\/div>\n\t\t<\/section>\n\t\t\t\t\t<\/div>\n\t\t<\/div>\n\t\t\t\t\t<\/div>\n\t\t<\/section>\n\t\t\t\t<section class=\"elementor-section elementor-top-section elementor-element elementor-element-60f5d15 elementor-section-boxed elementor-section-height-default elementor-section-height-default\" data-id=\"60f5d15\" data-element_type=\"section\" data-e-type=\"section\">\n\t\t\t\t\t\t<div class=\"elementor-container elementor-column-gap-default\">\n\t\t\t\t\t<div class=\"elementor-column elementor-col-100 elementor-top-column elementor-element elementor-element-d81f77c\" data-id=\"d81f77c\" data-element_type=\"column\" data-e-type=\"column\">\n\t\t\t<div class=\"elementor-widget-wrap elementor-element-populated\">\n\t\t\t\t\t\t<div class=\"elementor-element elementor-element-9752d25 elementor-widget elementor-widget-heading\" data-id=\"9752d25\" data-element_type=\"widget\" data-e-type=\"widget\" data-widget_type=\"heading.default\">\n\t\t\t\t<div class=\"elementor-widget-container\">\n\t\t\t\t\t<h2 class=\"elementor-heading-title elementor-size-default\">Respostas \u00e0s suas perguntas<\/h2>\t\t\t\t<\/div>\n\t\t\t\t<\/div>\n\t\t\t\t\t<\/div>\n\t\t<\/div>\n\t\t\t\t\t<\/div>\n\t\t<\/section>\n\t\t\t\t<section class=\"elementor-section elementor-top-section elementor-element elementor-element-119c5df elementor-section-boxed elementor-section-height-default elementor-section-height-default\" data-id=\"119c5df\" data-element_type=\"section\" data-e-type=\"section\">\n\t\t\t\t\t\t<div class=\"elementor-container elementor-column-gap-default\">\n\t\t\t\t\t<div class=\"elementor-column elementor-col-100 elementor-top-column elementor-element elementor-element-e41c479\" data-id=\"e41c479\" data-element_type=\"column\" data-e-type=\"column\">\n\t\t\t<div class=\"elementor-widget-wrap elementor-element-populated\">\n\t\t\t\t\t\t<div class=\"elementor-element elementor-element-8ed1d8e elementor-widget elementor-widget-accordion\" data-id=\"8ed1d8e\" data-element_type=\"widget\" data-e-type=\"widget\" data-widget_type=\"accordion.default\">\n\t\t\t\t<div class=\"elementor-widget-container\">\n\t\t\t\t\t\t\t<div class=\"elementor-accordion\">\n\t\t\t\t\t\t\t<div class=\"elementor-accordion-item\">\n\t\t\t\t\t<div id=\"elementor-tab-title-1491\" class=\"elementor-tab-title\" data-tab=\"1\" role=\"button\" aria-controls=\"elementor-tab-content-1491\" aria-expanded=\"false\">\n\t\t\t\t\t\t\t\t\t\t\t\t\t<span class=\"elementor-accordion-icon elementor-accordion-icon-right\" aria-hidden=\"true\">\n\t\t\t\t\t\t\t\t\t\t\t\t\t\t\t<span class=\"elementor-accordion-icon-closed\"><svg class=\"e-font-icon-svg e-fas-plus\" viewBox=\"0 0 448 512\" xmlns=\"http:\/\/www.w3.org\/2000\/svg\"><path d=\"M416 208H272V64c0-17.67-14.33-32-32-32h-32c-17.67 0-32 14.33-32 32v144H32c-17.67 0-32 14.33-32 32v32c0 17.67 14.33 32 32 32h144v144c0 17.67 14.33 32 32 32h32c17.67 0 32-14.33 32-32V304h144c17.67 0 32-14.33 32-32v-32c0-17.67-14.33-32-32-32z\"><\/path><\/svg><\/span>\n\t\t\t\t\t\t\t\t<span class=\"elementor-accordion-icon-opened\"><svg class=\"e-font-icon-svg e-fas-minus\" viewBox=\"0 0 448 512\" xmlns=\"http:\/\/www.w3.org\/2000\/svg\"><path d=\"M416 208H32c-17.67 0-32 14.33-32 32v32c0 17.67 14.33 32 32 32h384c17.67 0 32-14.33 32-32v-32c0-17.67-14.33-32-32-32z\"><\/path><\/svg><\/span>\n\t\t\t\t\t\t\t\t\t\t\t\t\t\t<\/span>\n\t\t\t\t\t\t\t\t\t\t\t\t<a class=\"elementor-accordion-title\" tabindex=\"0\">Como fa\u00e7o para adicionar dinheiro \u00e0 minha conta?<\/a>\n\t\t\t\t\t<\/div>\n\t\t\t\t\t<div id=\"elementor-tab-content-1491\" class=\"elementor-tab-content elementor-clearfix\" data-tab=\"1\" role=\"region\" aria-labelledby=\"elementor-tab-title-1491\"><p>Voc\u00ea pode configurar uma transfer\u00eancia eletr\u00f4nica internacional de sua conta banc\u00e1ria atual para o Caye International Bank em qualquer uma das principais moedas estrangeiras.<\/p>\n<\/div>\n\t\t\t\t<\/div>\n\t\t\t\t\t\t\t<div class=\"elementor-accordion-item\">\n\t\t\t\t\t<div id=\"elementor-tab-title-1492\" class=\"elementor-tab-title\" data-tab=\"2\" role=\"button\" aria-controls=\"elementor-tab-content-1492\" aria-expanded=\"false\">\n\t\t\t\t\t\t\t\t\t\t\t\t\t<span class=\"elementor-accordion-icon elementor-accordion-icon-right\" aria-hidden=\"true\">\n\t\t\t\t\t\t\t\t\t\t\t\t\t\t\t<span class=\"elementor-accordion-icon-closed\"><svg class=\"e-font-icon-svg e-fas-plus\" viewBox=\"0 0 448 512\" xmlns=\"http:\/\/www.w3.org\/2000\/svg\"><path d=\"M416 208H272V64c0-17.67-14.33-32-32-32h-32c-17.67 0-32 14.33-32 32v144H32c-17.67 0-32 14.33-32 32v32c0 17.67 14.33 32 32 32h144v144c0 17.67 14.33 32 32 32h32c17.67 0 32-14.33 32-32V304h144c17.67 0 32-14.33 32-32v-32c0-17.67-14.33-32-32-32z\"><\/path><\/svg><\/span>\n\t\t\t\t\t\t\t\t<span class=\"elementor-accordion-icon-opened\"><svg class=\"e-font-icon-svg e-fas-minus\" viewBox=\"0 0 448 512\" xmlns=\"http:\/\/www.w3.org\/2000\/svg\"><path d=\"M416 208H32c-17.67 0-32 14.33-32 32v32c0 17.67 14.33 32 32 32h384c17.67 0 32-14.33 32-32v-32c0-17.67-14.33-32-32-32z\"><\/path><\/svg><\/span>\n\t\t\t\t\t\t\t\t\t\t\t\t\t\t<\/span>\n\t\t\t\t\t\t\t\t\t\t\t\t<a class=\"elementor-accordion-title\" tabindex=\"0\">Como fa\u00e7o para verificar o saldo da minha conta banc\u00e1ria?<\/a>\n\t\t\t\t\t<\/div>\n\t\t\t\t\t<div id=\"elementor-tab-content-1492\" class=\"elementor-tab-content elementor-clearfix\" data-tab=\"2\" role=\"region\" aria-labelledby=\"elementor-tab-title-1492\"><p>O acesso a qualquer uma das contas banc\u00e1rias internacionais privadas de Caye \u00e9 operado on-line por meio de uma plataforma banc\u00e1ria on-line segura 24 horas por dia, 7 dias por semana.<\/p>\n<\/div>\n\t\t\t\t<\/div>\n\t\t\t\t\t\t\t<div class=\"elementor-accordion-item\">\n\t\t\t\t\t<div id=\"elementor-tab-title-1493\" class=\"elementor-tab-title\" data-tab=\"3\" role=\"button\" aria-controls=\"elementor-tab-content-1493\" aria-expanded=\"false\">\n\t\t\t\t\t\t\t\t\t\t\t\t\t<span class=\"elementor-accordion-icon elementor-accordion-icon-right\" aria-hidden=\"true\">\n\t\t\t\t\t\t\t\t\t\t\t\t\t\t\t<span class=\"elementor-accordion-icon-closed\"><svg class=\"e-font-icon-svg e-fas-plus\" viewBox=\"0 0 448 512\" xmlns=\"http:\/\/www.w3.org\/2000\/svg\"><path d=\"M416 208H272V64c0-17.67-14.33-32-32-32h-32c-17.67 0-32 14.33-32 32v144H32c-17.67 0-32 14.33-32 32v32c0 17.67 14.33 32 32 32h144v144c0 17.67 14.33 32 32 32h32c17.67 0 32-14.33 32-32V304h144c17.67 0 32-14.33 32-32v-32c0-17.67-14.33-32-32-32z\"><\/path><\/svg><\/span>\n\t\t\t\t\t\t\t\t<span class=\"elementor-accordion-icon-opened\"><svg class=\"e-font-icon-svg e-fas-minus\" viewBox=\"0 0 448 512\" xmlns=\"http:\/\/www.w3.org\/2000\/svg\"><path d=\"M416 208H32c-17.67 0-32 14.33-32 32v32c0 17.67 14.33 32 32 32h384c17.67 0 32-14.33 32-32v-32c0-17.67-14.33-32-32-32z\"><\/path><\/svg><\/span>\n\t\t\t\t\t\t\t\t\t\t\t\t\t\t<\/span>\n\t\t\t\t\t\t\t\t\t\t\t\t<a class=\"elementor-accordion-title\" tabindex=\"0\">Como posso fazer um saque de minha conta de dep\u00f3sito \u00e0 vista?<\/a>\n\t\t\t\t\t<\/div>\n\t\t\t\t\t<div id=\"elementor-tab-content-1493\" class=\"elementor-tab-content elementor-clearfix\" data-tab=\"3\" role=\"region\" aria-labelledby=\"elementor-tab-title-1493\"><p>Voc\u00ea pode sacar seu dinheiro por meio de uma transfer\u00eancia de fundos on-line ou solicitando uma transfer\u00eancia eletr\u00f4nica por meio da equipe de atendimento ao cliente da Caye, por e-mail ou telefone. Observe que todas as solicita\u00e7\u00f5es de transfer\u00eancias eletr\u00f4nicas recebidas pelo banco antes das 14h (hor\u00e1rio de Bras\u00edlia) ser\u00e3o processadas no mesmo dia. Se voc\u00ea receber a transfer\u00eancia ap\u00f3s as 14h (hor\u00e1rio de Bras\u00edlia), ela ser\u00e1 processada no dia \u00fatil seguinte.<\/p>\n<\/div>\n\t\t\t\t<\/div>\n\t\t\t\t\t\t\t<div class=\"elementor-accordion-item\">\n\t\t\t\t\t<div id=\"elementor-tab-title-1494\" class=\"elementor-tab-title\" data-tab=\"4\" role=\"button\" aria-controls=\"elementor-tab-content-1494\" aria-expanded=\"false\">\n\t\t\t\t\t\t\t\t\t\t\t\t\t<span class=\"elementor-accordion-icon elementor-accordion-icon-right\" aria-hidden=\"true\">\n\t\t\t\t\t\t\t\t\t\t\t\t\t\t\t<span class=\"elementor-accordion-icon-closed\"><svg class=\"e-font-icon-svg e-fas-plus\" viewBox=\"0 0 448 512\" xmlns=\"http:\/\/www.w3.org\/2000\/svg\"><path d=\"M416 208H272V64c0-17.67-14.33-32-32-32h-32c-17.67 0-32 14.33-32 32v144H32c-17.67 0-32 14.33-32 32v32c0 17.67 14.33 32 32 32h144v144c0 17.67 14.33 32 32 32h32c17.67 0 32-14.33 32-32V304h144c17.67 0 32-14.33 32-32v-32c0-17.67-14.33-32-32-32z\"><\/path><\/svg><\/span>\n\t\t\t\t\t\t\t\t<span class=\"elementor-accordion-icon-opened\"><svg class=\"e-font-icon-svg e-fas-minus\" viewBox=\"0 0 448 512\" xmlns=\"http:\/\/www.w3.org\/2000\/svg\"><path d=\"M416 208H32c-17.67 0-32 14.33-32 32v32c0 17.67 14.33 32 32 32h384c17.67 0 32-14.33 32-32v-32c0-17.67-14.33-32-32-32z\"><\/path><\/svg><\/span>\n\t\t\t\t\t\t\t\t\t\t\t\t\t\t<\/span>\n\t\t\t\t\t\t\t\t\t\t\t\t<a class=\"elementor-accordion-title\" tabindex=\"0\">Quantos saques posso fazer de minha conta de dep\u00f3sito \u00e0 vista por m\u00eas?<\/a>\n\t\t\t\t\t<\/div>\n\t\t\t\t\t<div id=\"elementor-tab-content-1494\" class=\"elementor-tab-content elementor-clearfix\" data-tab=\"4\" role=\"region\" aria-labelledby=\"elementor-tab-title-1494\"><p>Voc\u00ea pode fazer um n\u00famero ilimitado de transfer\u00eancias por ciclo de extrato a partir de sua conta de dep\u00f3sito \u00e0 vista. Observe que voc\u00ea ser\u00e1 cobrado por uma taxa para cada transa\u00e7\u00e3o que exceder esse limite de:<\/p>\n<ul>\n<li>US$ 5 para transfer\u00eancias entre contas banc\u00e1rias que voc\u00ea tenha em Caye; e<\/li>\n<li>US$ 100 para transfer\u00eancias de sa\u00edda, ou seja, para uma conta banc\u00e1ria que voc\u00ea tenha fora de Caye.<\/li>\n<\/ul>\n<\/div>\n\t\t\t\t<\/div>\n\t\t\t\t\t\t\t<div class=\"elementor-accordion-item\">\n\t\t\t\t\t<div id=\"elementor-tab-title-1495\" class=\"elementor-tab-title\" data-tab=\"5\" role=\"button\" aria-controls=\"elementor-tab-content-1495\" aria-expanded=\"false\">\n\t\t\t\t\t\t\t\t\t\t\t\t\t<span class=\"elementor-accordion-icon elementor-accordion-icon-right\" aria-hidden=\"true\">\n\t\t\t\t\t\t\t\t\t\t\t\t\t\t\t<span class=\"elementor-accordion-icon-closed\"><svg class=\"e-font-icon-svg e-fas-plus\" viewBox=\"0 0 448 512\" xmlns=\"http:\/\/www.w3.org\/2000\/svg\"><path d=\"M416 208H272V64c0-17.67-14.33-32-32-32h-32c-17.67 0-32 14.33-32 32v144H32c-17.67 0-32 14.33-32 32v32c0 17.67 14.33 32 32 32h144v144c0 17.67 14.33 32 32 32h32c17.67 0 32-14.33 32-32V304h144c17.67 0 32-14.33 32-32v-32c0-17.67-14.33-32-32-32z\"><\/path><\/svg><\/span>\n\t\t\t\t\t\t\t\t<span class=\"elementor-accordion-icon-opened\"><svg class=\"e-font-icon-svg e-fas-minus\" viewBox=\"0 0 448 512\" xmlns=\"http:\/\/www.w3.org\/2000\/svg\"><path d=\"M416 208H32c-17.67 0-32 14.33-32 32v32c0 17.67 14.33 32 32 32h384c17.67 0 32-14.33 32-32v-32c0-17.67-14.33-32-32-32z\"><\/path><\/svg><\/span>\n\t\t\t\t\t\t\t\t\t\t\t\t\t\t<\/span>\n\t\t\t\t\t\t\t\t\t\t\t\t<a class=\"elementor-accordion-title\" tabindex=\"0\">Qual \u00e9 a seguran\u00e7a do meu dinheiro depositado na Caye?<\/a>\n\t\t\t\t\t<\/div>\n\t\t\t\t\t<div id=\"elementor-tab-content-1495\" class=\"elementor-tab-content elementor-clearfix\" data-tab=\"5\" role=\"region\" aria-labelledby=\"elementor-tab-title-1495\"><p>Os investidores podem se sentir seguros ao depositar seu dinheiro em Belize porque os requisitos essenciais de reserva banc\u00e1ria em Belize s\u00e3o pelo menos quatro vezes maiores do que os requisitos de reserva dos Estados Unidos para seus bancos locais. Um exemplo disso \u00e9 o Caye International Bank, que tem um dos \u00edndices de liquidez mais altos de qualquer banco global, que atualmente \u00e9 de aproximadamente 24%.<\/p>\n<\/div>\n\t\t\t\t<\/div>\n\t\t\t\t\t\t\t<div class=\"elementor-accordion-item\">\n\t\t\t\t\t<div id=\"elementor-tab-title-1496\" class=\"elementor-tab-title\" data-tab=\"6\" role=\"button\" aria-controls=\"elementor-tab-content-1496\" aria-expanded=\"false\">\n\t\t\t\t\t\t\t\t\t\t\t\t\t<span class=\"elementor-accordion-icon elementor-accordion-icon-right\" aria-hidden=\"true\">\n\t\t\t\t\t\t\t\t\t\t\t\t\t\t\t<span class=\"elementor-accordion-icon-closed\"><svg class=\"e-font-icon-svg e-fas-plus\" viewBox=\"0 0 448 512\" xmlns=\"http:\/\/www.w3.org\/2000\/svg\"><path d=\"M416 208H272V64c0-17.67-14.33-32-32-32h-32c-17.67 0-32 14.33-32 32v144H32c-17.67 0-32 14.33-32 32v32c0 17.67 14.33 32 32 32h144v144c0 17.67 14.33 32 32 32h32c17.67 0 32-14.33 32-32V304h144c17.67 0 32-14.33 32-32v-32c0-17.67-14.33-32-32-32z\"><\/path><\/svg><\/span>\n\t\t\t\t\t\t\t\t<span class=\"elementor-accordion-icon-opened\"><svg class=\"e-font-icon-svg e-fas-minus\" viewBox=\"0 0 448 512\" xmlns=\"http:\/\/www.w3.org\/2000\/svg\"><path d=\"M416 208H32c-17.67 0-32 14.33-32 32v32c0 17.67 14.33 32 32 32h384c17.67 0 32-14.33 32-32v-32c0-17.67-14.33-32-32-32z\"><\/path><\/svg><\/span>\n\t\t\t\t\t\t\t\t\t\t\t\t\t\t<\/span>\n\t\t\t\t\t\t\t\t\t\t\t\t<a class=\"elementor-accordion-title\" tabindex=\"0\">Qual \u00e9 a diferen\u00e7a entre um dep\u00f3sito \u00e0 vista e uma conta poupan\u00e7a?<\/a>\n\t\t\t\t\t<\/div>\n\t\t\t\t\t<div id=\"elementor-tab-content-1496\" class=\"elementor-tab-content elementor-clearfix\" data-tab=\"6\" role=\"region\" aria-labelledby=\"elementor-tab-title-1496\"><p>H\u00e1 basicamente duas diferen\u00e7as, e a primeira \u00e9 a forma como voc\u00ea acessa seu dinheiro, e uma conta de dep\u00f3sito \u00e0 vista lhe d\u00e1 mais acesso para fazer transfer\u00eancias de e para sua conta. A segunda diz respeito \u00e0 taxa de juros aplic\u00e1vel a cada conta, e as taxas dos dep\u00f3sitos \u00e0 vista s\u00e3o quase sempre mais baixas do que as da poupan\u00e7a, devido \u00e0 flexibilidade na opera\u00e7\u00e3o da conta. Para saber mais sobre nossas contas banc\u00e1rias internacionais privadas, consulte nossa p\u00e1gina de vis\u00e3o geral aqui.<\/p>\n<\/div>\n\t\t\t\t<\/div>\n\t\t\t\t\t\t\t\t\t\t<script type=\"application\/ld+json\">{\"@context\":\"https:\\\/\\\/schema.org\",\"@type\":\"FAQPage\",\"mainEntity\":[{\"@type\":\"Question\",\"name\":\"Como fa\\u00e7o para adicionar dinheiro \\u00e0 minha conta?\",\"acceptedAnswer\":{\"@type\":\"Answer\",\"text\":\"<p>Voc\\u00ea pode configurar uma transfer\\u00eancia eletr\\u00f4nica internacional de sua conta banc\\u00e1ria atual para o Caye International Bank em qualquer uma das principais moedas estrangeiras.<\\\/p>\\n\"}},{\"@type\":\"Question\",\"name\":\"Como fa\\u00e7o para verificar o saldo da minha conta banc\\u00e1ria?\",\"acceptedAnswer\":{\"@type\":\"Answer\",\"text\":\"<p>O acesso a qualquer uma das contas banc\\u00e1rias internacionais privadas de Caye \\u00e9 operado on-line por meio de uma plataforma banc\\u00e1ria on-line segura 24 horas por dia, 7 dias por semana.<\\\/p>\\n\"}},{\"@type\":\"Question\",\"name\":\"Como posso fazer um saque de minha conta de dep\\u00f3sito \\u00e0 vista?\",\"acceptedAnswer\":{\"@type\":\"Answer\",\"text\":\"<p>Voc\\u00ea pode sacar seu dinheiro por meio de uma transfer\\u00eancia de fundos on-line ou solicitando uma transfer\\u00eancia eletr\\u00f4nica por meio da equipe de atendimento ao cliente da Caye, por e-mail ou telefone. Observe que todas as solicita\\u00e7\\u00f5es de transfer\\u00eancias eletr\\u00f4nicas recebidas pelo banco antes das 14h (hor\\u00e1rio de Bras\\u00edlia) ser\\u00e3o processadas no mesmo dia. Se voc\\u00ea receber a transfer\\u00eancia ap\\u00f3s as 14h (hor\\u00e1rio de Bras\\u00edlia), ela ser\\u00e1 processada no dia \\u00fatil seguinte.<\\\/p>\\n\"}},{\"@type\":\"Question\",\"name\":\"Quantos saques posso fazer de minha conta de dep\\u00f3sito \\u00e0 vista por m\\u00eas?\",\"acceptedAnswer\":{\"@type\":\"Answer\",\"text\":\"<p>Voc\\u00ea pode fazer um n\\u00famero ilimitado de transfer\\u00eancias por ciclo de extrato a partir de sua conta de dep\\u00f3sito \\u00e0 vista. Observe que voc\\u00ea ser\\u00e1 cobrado por uma taxa para cada transa\\u00e7\\u00e3o que exceder esse limite de:<\\\/p>\\n<ul>\\n<li>US$ 5 para transfer\\u00eancias entre contas banc\\u00e1rias que voc\\u00ea tenha em Caye; e<\\\/li>\\n<li>US$ 100 para transfer\\u00eancias de sa\\u00edda, ou seja, para uma conta banc\\u00e1ria que voc\\u00ea tenha fora de Caye.<\\\/li>\\n<\\\/ul>\\n\"}},{\"@type\":\"Question\",\"name\":\"Qual \\u00e9 a seguran\\u00e7a do meu dinheiro depositado na Caye?\",\"acceptedAnswer\":{\"@type\":\"Answer\",\"text\":\"<p>Os investidores podem se sentir seguros ao depositar seu dinheiro em Belize porque os requisitos essenciais de reserva banc\\u00e1ria em Belize s\\u00e3o pelo menos quatro vezes maiores do que os requisitos de reserva dos Estados Unidos para seus bancos locais. Um exemplo disso \\u00e9 o Caye International Bank, que tem um dos \\u00edndices de liquidez mais altos de qualquer banco global, que atualmente \\u00e9 de aproximadamente 24%.<\\\/p>\\n\"}},{\"@type\":\"Question\",\"name\":\"Qual \\u00e9 a diferen\\u00e7a entre um dep\\u00f3sito \\u00e0 vista e uma conta poupan\\u00e7a?\",\"acceptedAnswer\":{\"@type\":\"Answer\",\"text\":\"<p>H\\u00e1 basicamente duas diferen\\u00e7as, e a primeira \\u00e9 a forma como voc\\u00ea acessa seu dinheiro, e uma conta de dep\\u00f3sito \\u00e0 vista lhe d\\u00e1 mais acesso para fazer transfer\\u00eancias de e para sua conta. A segunda diz respeito \\u00e0 taxa de juros aplic\\u00e1vel a cada conta, e as taxas dos dep\\u00f3sitos \\u00e0 vista s\\u00e3o quase sempre mais baixas do que as da poupan\\u00e7a, devido \\u00e0 flexibilidade na opera\\u00e7\\u00e3o da conta. Para saber mais sobre nossas contas banc\\u00e1rias internacionais privadas, consulte nossa p\\u00e1gina de vis\\u00e3o geral aqui.<\\\/p>\\n\"}}]}<\/script>\n\t\t\t\t\t<\/div>\n\t\t\t\t\t\t<\/div>\n\t\t\t\t<\/div>\n\t\t\t\t\t<\/div>\n\t\t<\/div>\n\t\t\t\t\t<\/div>\n\t\t<\/section>\n\t\t\t\t<\/div>\n\t\t","protected":false},"excerpt":{"rendered":"<p>Ajuda e suporte Encontre a resposta para as perguntas mais frequentes. Respostas \u00e0s suas perguntas Como fa\u00e7o para adicionar dinheiro \u00e0 minha conta? Voc\u00ea pode configurar uma transfer\u00eancia eletr\u00f4nica internacional de sua conta banc\u00e1ria atual para o Caye International Bank em qualquer uma das principais moedas estrangeiras. Como fa\u00e7o para verificar o saldo da minha [&hellip;]<\/p>\n","protected":false},"author":6,"featured_media":0,"parent":0,"menu_order":0,"comment_status":"closed","ping_status":"closed","template":"elementor_header_footer","meta":{"content-type":"","footnotes":""},"class_list":["post-17669","page","type-page","status-publish","hentry"],"_links":{"self":[{"href":"https:\/\/www.cayebank.bz\/pt-br\/wp-json\/wp\/v2\/pages\/17669","targetHints":{"allow":["GET"]}}],"collection":[{"href":"https:\/\/www.cayebank.bz\/pt-br\/wp-json\/wp\/v2\/pages"}],"about":[{"href":"https:\/\/www.cayebank.bz\/pt-br\/wp-json\/wp\/v2\/types\/page"}],"author":[{"embeddable":true,"href":"https:\/\/www.cayebank.bz\/pt-br\/wp-json\/wp\/v2\/users\/6"}],"replies":[{"embeddable":true,"href":"https:\/\/www.cayebank.bz\/pt-br\/wp-json\/wp\/v2\/comments?post=17669"}],"version-history":[{"count":2,"href":"https:\/\/www.cayebank.bz\/pt-br\/wp-json\/wp\/v2\/pages\/17669\/revisions"}],"predecessor-version":[{"id":17688,"href":"https:\/\/www.cayebank.bz\/pt-br\/wp-json\/wp\/v2\/pages\/17669\/revisions\/17688"}],"wp:attachment":[{"href":"https:\/\/www.cayebank.bz\/pt-br\/wp-json\/wp\/v2\/media?parent=17669"}],"curies":[{"name":"wp","href":"https:\/\/api.w.org\/{rel}","templated":true}]}}