{"id":17668,"date":"2023-04-18T14:38:16","date_gmt":"2023-04-18T20:38:16","guid":{"rendered":"https:\/\/www.cayebank.bz\/feriados-bancarios\/"},"modified":"2024-05-20T16:18:18","modified_gmt":"2024-05-20T22:18:18","slug":"feriados-bancarios","status":"publish","type":"page","link":"https:\/\/www.cayebank.bz\/pt-br\/feriados-bancarios\/","title":{"rendered":"Feriados banc\u00e1rios"},"content":{"rendered":"\t\t<div data-elementor-type=\"wp-page\" data-elementor-id=\"17668\" class=\"elementor elementor-17668\" data-elementor-post-type=\"page\">\n\t\t\t\t\t\t<section class=\"elementor-section elementor-top-section elementor-element elementor-element-fdfbc38 elementor-section-full_width elementor-section-height-default elementor-section-height-default\" data-id=\"fdfbc38\" data-element_type=\"section\" data-e-type=\"section\" data-settings=\"{&quot;background_background&quot;:&quot;classic&quot;}\">\n\t\t\t\t\t\t<div class=\"elementor-container elementor-column-gap-default\">\n\t\t\t\t\t<div class=\"elementor-column elementor-col-100 elementor-top-column elementor-element elementor-element-503f529\" data-id=\"503f529\" data-element_type=\"column\" data-e-type=\"column\">\n\t\t\t<div class=\"elementor-widget-wrap elementor-element-populated\">\n\t\t\t\t\t\t<section class=\"elementor-section elementor-inner-section elementor-element elementor-element-68a9118 elementor-section-boxed elementor-section-height-default elementor-section-height-default\" data-id=\"68a9118\" data-element_type=\"section\" data-e-type=\"section\">\n\t\t\t\t\t\t<div class=\"elementor-container elementor-column-gap-default\">\n\t\t\t\t\t<div class=\"elementor-column elementor-col-33 elementor-inner-column elementor-element elementor-element-78258a8\" data-id=\"78258a8\" data-element_type=\"column\" data-e-type=\"column\">\n\t\t\t<div class=\"elementor-widget-wrap\">\n\t\t\t\t\t\t\t<\/div>\n\t\t<\/div>\n\t\t\t\t<div class=\"elementor-column elementor-col-33 elementor-inner-column elementor-element elementor-element-bd37f55\" data-id=\"bd37f55\" data-element_type=\"column\" data-e-type=\"column\" data-settings=\"{&quot;background_background&quot;:&quot;classic&quot;}\">\n\t\t\t<div class=\"elementor-widget-wrap elementor-element-populated\">\n\t\t\t\t\t\t<div class=\"elementor-element elementor-element-4361cf0 elementor-widget elementor-widget-heading\" data-id=\"4361cf0\" data-element_type=\"widget\" data-e-type=\"widget\" data-widget_type=\"heading.default\">\n\t\t\t\t<div class=\"elementor-widget-container\">\n\t\t\t\t\t<h2 class=\"elementor-heading-title elementor-size-default\">Feriados banc\u00e1rios<\/h2>\t\t\t\t<\/div>\n\t\t\t\t<\/div>\n\t\t\t\t\t<\/div>\n\t\t<\/div>\n\t\t\t\t<div class=\"elementor-column elementor-col-33 elementor-inner-column elementor-element elementor-element-09c793e\" data-id=\"09c793e\" data-element_type=\"column\" data-e-type=\"column\">\n\t\t\t<div class=\"elementor-widget-wrap\">\n\t\t\t\t\t\t\t<\/div>\n\t\t<\/div>\n\t\t\t\t\t<\/div>\n\t\t<\/section>\n\t\t\t\t\t<\/div>\n\t\t<\/div>\n\t\t\t\t\t<\/div>\n\t\t<\/section>\n\t\t\t\t<section class=\"elementor-section elementor-top-section elementor-element elementor-element-f5bc45b elementor-section-boxed elementor-section-height-default elementor-section-height-default\" data-id=\"f5bc45b\" data-element_type=\"section\" data-e-type=\"section\">\n\t\t\t\t\t\t<div class=\"elementor-container elementor-column-gap-default\">\n\t\t\t\t\t<div class=\"elementor-column elementor-col-33 elementor-top-column elementor-element elementor-element-8347175\" data-id=\"8347175\" data-element_type=\"column\" data-e-type=\"column\">\n\t\t\t<div class=\"elementor-widget-wrap\">\n\t\t\t\t\t\t\t<\/div>\n\t\t<\/div>\n\t\t\t\t<div class=\"elementor-column elementor-col-33 elementor-top-column elementor-element elementor-element-2c18312\" data-id=\"2c18312\" data-element_type=\"column\" data-e-type=\"column\">\n\t\t\t<div class=\"elementor-widget-wrap elementor-element-populated\">\n\t\t\t\t\t\t<div class=\"elementor-element elementor-element-2827618 elementor-widget elementor-widget-text-editor\" data-id=\"2827618\" data-element_type=\"widget\" data-e-type=\"widget\" data-widget_type=\"text-editor.default\">\n\t\t\t\t<div class=\"elementor-widget-container\">\n\t\t\t\t\t\t\t\t\t<table class=\"striped\">\n<tbody>\n<tr>\n<th style=\"text-align: left;\">Data<\/th>\n<th style=\"text-align: left;\">Dia<\/th>\n<th style=\"text-align: left;\">F\u00e9rias<\/th>\n<\/tr>\n<tr>\n<td>1\u00ba de janeiro<\/td>\n<td>Segunda-feira<\/td>\n<td><span style=\"white-space: normal;\">Dia de Ano Novo<\/span><\/td>\n<\/tr>\n<tr>\n<td>15 de janeiro<\/td>\n<td>Segunda-feira<\/td>\n<td>Dia de George Price<\/td>\n<\/tr>\n<tr>\n<td>11 de mar\u00e7o<\/td>\n<td>Segunda-feira<\/td>\n<td>Dia Nacional dos Her\u00f3is e Benfeitores<\/td>\n<\/tr>\n<tr>\n<td>29 de mar\u00e7o<\/td>\n<td>Sexta-feira<\/td>\n<td>Sexta-feira Santa<\/td>\n<\/tr>\n<tr>\n<td>1\u00ba de abril<\/td>\n<td>Segunda-feira<\/td>\n<td>Segunda-feira de P\u00e1scoa<\/td>\n<\/tr>\n<tr>\n<td>29 de abril<\/td>\n<td>Segunda-feira<\/td>\n<td>Dia do Trabalho<\/td>\n<\/tr>\n<tr>\n<td>1\u00ba de agosto<\/td>\n<td>Quinta-feira<\/td>\n<td>Dia da Emancipa\u00e7\u00e3o<\/td>\n<\/tr>\n<tr>\n<td>10 de setembro<\/td>\n<td>Ter\u00e7a-feira<\/td>\n<td>Dia em St. George&#8217;s Caye<\/td>\n<\/tr>\n<tr>\n<td>21 de setembro<\/td>\n<td>Quinta-feira<\/td>\n<td>Dia da Independ\u00eancia<\/td>\n<\/tr>\n<tr>\n<td>14 de outubro<\/td>\n<td>Segunda-feira<\/td>\n<td>Dia da Resist\u00eancia dos Povos Ind\u00edgenas<\/td>\n<\/tr>\n<tr>\n<td>28 de novembro<\/td>\n<td>Quinta-feira<\/td>\n<td>A\u00e7\u00e3o de Gra\u00e7as<\/td>\n<\/tr>\n<tr>\n<td>25 de dezembro<\/td>\n<td>Quarta-feira<\/td>\n<td>Dia de Natal<\/td>\n<\/tr>\n<tr>\n<td>26 de dezembro<\/td>\n<td>Quinta-feira<\/td>\n<td>Dia do Boxe<\/td>\n<\/tr>\n<\/tbody>\n<\/table>\t\t\t\t\t\t\t\t<\/div>\n\t\t\t\t<\/div>\n\t\t\t\t\t<\/div>\n\t\t<\/div>\n\t\t\t\t<div class=\"elementor-column elementor-col-33 elementor-top-column elementor-element elementor-element-7a2c8b1\" data-id=\"7a2c8b1\" data-element_type=\"column\" data-e-type=\"column\">\n\t\t\t<div class=\"elementor-widget-wrap\">\n\t\t\t\t\t\t\t<\/div>\n\t\t<\/div>\n\t\t\t\t\t<\/div>\n\t\t<\/section>\n\t\t\t\t<\/div>\n\t\t","protected":false},"excerpt":{"rendered":"<p>Feriados banc\u00e1rios Data Dia F\u00e9rias 1\u00ba de janeiro Segunda-feira Dia de Ano Novo 15 de janeiro Segunda-feira Dia de George Price 11 de mar\u00e7o Segunda-feira Dia Nacional dos Her\u00f3is e Benfeitores 29 de mar\u00e7o Sexta-feira Sexta-feira Santa 1\u00ba de abril Segunda-feira Segunda-feira de P\u00e1scoa 29 de abril Segunda-feira Dia do Trabalho 1\u00ba de agosto Quinta-feira [&hellip;]<\/p>\n","protected":false},"author":6,"featured_media":0,"parent":0,"menu_order":0,"comment_status":"closed","ping_status":"closed","template":"elementor_header_footer","meta":{"content-type":"","footnotes":""},"class_list":["post-17668","page","type-page","status-publish","hentry"],"_links":{"self":[{"href":"https:\/\/www.cayebank.bz\/pt-br\/wp-json\/wp\/v2\/pages\/17668","targetHints":{"allow":["GET"]}}],"collection":[{"href":"https:\/\/www.cayebank.bz\/pt-br\/wp-json\/wp\/v2\/pages"}],"about":[{"href":"https:\/\/www.cayebank.bz\/pt-br\/wp-json\/wp\/v2\/types\/page"}],"author":[{"embeddable":true,"href":"https:\/\/www.cayebank.bz\/pt-br\/wp-json\/wp\/v2\/users\/6"}],"replies":[{"embeddable":true,"href":"https:\/\/www.cayebank.bz\/pt-br\/wp-json\/wp\/v2\/comments?post=17668"}],"version-history":[{"count":2,"href":"https:\/\/www.cayebank.bz\/pt-br\/wp-json\/wp\/v2\/pages\/17668\/revisions"}],"predecessor-version":[{"id":17686,"href":"https:\/\/www.cayebank.bz\/pt-br\/wp-json\/wp\/v2\/pages\/17668\/revisions\/17686"}],"wp:attachment":[{"href":"https:\/\/www.cayebank.bz\/pt-br\/wp-json\/wp\/v2\/media?parent=17668"}],"curies":[{"name":"wp","href":"https:\/\/api.w.org\/{rel}","templated":true}]}}