{"id":16407,"date":"2023-04-13T06:54:51","date_gmt":"2023-04-13T12:54:51","guid":{"rendered":"https:\/\/www.cayebank.bz\/relazioni-con-gli-investitori\/"},"modified":"2024-05-19T21:27:11","modified_gmt":"2024-05-20T03:27:11","slug":"relazioni-con-gli-investitori","status":"publish","type":"page","link":"https:\/\/www.cayebank.bz\/it\/relazioni-con-gli-investitori\/","title":{"rendered":"Relazioni con gli investitori"},"content":{"rendered":"\t\t<div data-elementor-type=\"wp-page\" data-elementor-id=\"16407\" class=\"elementor elementor-16407\" data-elementor-post-type=\"page\">\n\t\t\t\t\t\t<section class=\"elementor-section elementor-top-section elementor-element elementor-element-25e68d6 elementor-section-full_width elementor-section-height-min-height elementor-section-height-default elementor-section-items-middle\" data-id=\"25e68d6\" data-element_type=\"section\" data-e-type=\"section\" data-settings=\"{&quot;background_background&quot;:&quot;classic&quot;}\">\n\t\t\t\t\t\t<div class=\"elementor-container elementor-column-gap-default\">\n\t\t\t\t\t<div class=\"elementor-column elementor-col-100 elementor-top-column elementor-element elementor-element-f278aec\" data-id=\"f278aec\" data-element_type=\"column\" data-e-type=\"column\">\n\t\t\t<div class=\"elementor-widget-wrap elementor-element-populated\">\n\t\t\t\t\t\t<section class=\"elementor-section elementor-inner-section elementor-element elementor-element-2cba49f elementor-section-boxed elementor-section-height-default elementor-section-height-default\" data-id=\"2cba49f\" data-element_type=\"section\" data-e-type=\"section\">\n\t\t\t\t\t\t<div class=\"elementor-container elementor-column-gap-default\">\n\t\t\t\t\t<div class=\"elementor-column elementor-col-33 elementor-inner-column elementor-element elementor-element-0c930fa\" data-id=\"0c930fa\" data-element_type=\"column\" data-e-type=\"column\">\n\t\t\t<div class=\"elementor-widget-wrap\">\n\t\t\t\t\t\t\t<\/div>\n\t\t<\/div>\n\t\t\t\t<div class=\"elementor-column elementor-col-33 elementor-inner-column elementor-element elementor-element-78e2a0b\" data-id=\"78e2a0b\" data-element_type=\"column\" data-e-type=\"column\" data-settings=\"{&quot;background_background&quot;:&quot;classic&quot;}\">\n\t\t\t<div class=\"elementor-widget-wrap elementor-element-populated\">\n\t\t\t\t\t\t<div class=\"elementor-element elementor-element-1f72fcd elementor-widget elementor-widget-heading\" data-id=\"1f72fcd\" data-element_type=\"widget\" data-e-type=\"widget\" data-widget_type=\"heading.default\">\n\t\t\t\t<div class=\"elementor-widget-container\">\n\t\t\t\t\t<h2 class=\"elementor-heading-title elementor-size-default\">Relazioni con gli investitori<\/h2>\t\t\t\t<\/div>\n\t\t\t\t<\/div>\n\t\t\t\t<div class=\"elementor-element elementor-element-f91e053 elementor-widget elementor-widget-text-editor\" data-id=\"f91e053\" data-element_type=\"widget\" data-e-type=\"widget\" data-widget_type=\"text-editor.default\">\n\t\t\t\t<div class=\"elementor-widget-container\">\n\t\t\t\t\t\t\t\t\t<p style=\"text-align: center;\">Caye \u00e8 ben posizionata in un settore in crescita<\/p>\n\t\t\t\t\t\t\t\t<\/div>\n\t\t\t\t<\/div>\n\t\t\t\t\t<\/div>\n\t\t<\/div>\n\t\t\t\t<div class=\"elementor-column elementor-col-33 elementor-inner-column elementor-element elementor-element-1f7cb1f\" data-id=\"1f7cb1f\" data-element_type=\"column\" data-e-type=\"column\">\n\t\t\t<div class=\"elementor-widget-wrap\">\n\t\t\t\t\t\t\t<\/div>\n\t\t<\/div>\n\t\t\t\t\t<\/div>\n\t\t<\/section>\n\t\t\t\t\t<\/div>\n\t\t<\/div>\n\t\t\t\t\t<\/div>\n\t\t<\/section>\n\t\t\t\t<section class=\"elementor-section elementor-top-section elementor-element elementor-element-d001501 elementor-section-boxed elementor-section-height-default elementor-section-height-default\" data-id=\"d001501\" data-element_type=\"section\" data-e-type=\"section\">\n\t\t\t\t\t\t<div class=\"elementor-container elementor-column-gap-default\">\n\t\t\t\t\t<div class=\"elementor-column elementor-col-100 elementor-top-column elementor-element elementor-element-40e6690\" data-id=\"40e6690\" data-element_type=\"column\" data-e-type=\"column\">\n\t\t\t<div class=\"elementor-widget-wrap elementor-element-populated\">\n\t\t\t\t\t\t<div class=\"elementor-element elementor-element-29191f7 elementor-widget elementor-widget-heading\" data-id=\"29191f7\" data-element_type=\"widget\" data-e-type=\"widget\" data-widget_type=\"heading.default\">\n\t\t\t\t<div class=\"elementor-widget-container\">\n\t\t\t\t\t<h2 class=\"elementor-heading-title elementor-size-default\">Panoramica delle informazioni sulla banca<\/h2>\t\t\t\t<\/div>\n\t\t\t\t<\/div>\n\t\t\t\t\t<\/div>\n\t\t<\/div>\n\t\t\t\t\t<\/div>\n\t\t<\/section>\n\t\t\t\t<section class=\"elementor-section elementor-top-section elementor-element elementor-element-2cdede8 elementor-section-boxed elementor-section-height-default elementor-section-height-default\" data-id=\"2cdede8\" data-element_type=\"section\" data-e-type=\"section\">\n\t\t\t\t\t\t<div class=\"elementor-container elementor-column-gap-default\">\n\t\t\t\t\t<div class=\"elementor-column elementor-col-100 elementor-top-column elementor-element elementor-element-9d63355\" data-id=\"9d63355\" data-element_type=\"column\" data-e-type=\"column\">\n\t\t\t<div class=\"elementor-widget-wrap elementor-element-populated\">\n\t\t\t\t\t\t<div class=\"elementor-element elementor-element-df06e63 elementor-icon-list--layout-traditional elementor-list-item-link-full_width elementor-widget elementor-widget-icon-list\" data-id=\"df06e63\" data-element_type=\"widget\" data-e-type=\"widget\" data-widget_type=\"icon-list.default\">\n\t\t\t\t<div class=\"elementor-widget-container\">\n\t\t\t\t\t\t\t<ul class=\"elementor-icon-list-items\">\n\t\t\t\t\t\t\t<li class=\"elementor-icon-list-item\">\n\t\t\t\t\t\t\t\t\t\t\t<span class=\"elementor-icon-list-icon\">\n\t\t\t\t\t\t\t<svg aria-hidden=\"true\" class=\"e-font-icon-svg e-fas-caret-right\" viewBox=\"0 0 192 512\" xmlns=\"http:\/\/www.w3.org\/2000\/svg\"><path d=\"M0 384.662V127.338c0-17.818 21.543-26.741 34.142-14.142l128.662 128.662c7.81 7.81 7.81 20.474 0 28.284L34.142 398.804C21.543 411.404 0 402.48 0 384.662z\"><\/path><\/svg>\t\t\t\t\t\t<\/span>\n\t\t\t\t\t\t\t\t\t\t<span class=\"elementor-icon-list-text\"><p style=\"text-align: justify\">La storia di Caye inizia nel 1996 come societ\u00e0 di mutui ipotecari del Belize, e dopo un continuo successo per diversi anni \u00e8 stata presa la decisione di diventare una banca internazionale. Questo \u00e8 stato concesso il 29 settembre 2003, quando Caye ha ricevuto una licenza senza limitazioni. <u>\n  <a href=\"http:\/\/centralbank.org.bz\/home\/core-functions\/prudential-supervision\/International-banks\" target=\"_blank\" rel=\"noopener\">Classe A - Licenza bancaria internazionale<\/a>\n<\/u> dalla Banca Centrale del Belize.<\/span>\n\t\t\t\t\t\t\t\t\t<\/li>\n\t\t\t\t\t\t\t\t<li class=\"elementor-icon-list-item\">\n\t\t\t\t\t\t\t\t\t\t\t<span class=\"elementor-icon-list-icon\">\n\t\t\t\t\t\t\t<svg aria-hidden=\"true\" class=\"e-font-icon-svg e-fas-caret-right\" viewBox=\"0 0 192 512\" xmlns=\"http:\/\/www.w3.org\/2000\/svg\"><path d=\"M0 384.662V127.338c0-17.818 21.543-26.741 34.142-14.142l128.662 128.662c7.81 7.81 7.81 20.474 0 28.284L34.142 398.804C21.543 411.404 0 402.48 0 384.662z\"><\/path><\/svg>\t\t\t\t\t\t<\/span>\n\t\t\t\t\t\t\t\t\t\t<span class=\"elementor-icon-list-text\"><p style=\"text-align: justify\">L'istituto finanziario \u00e8 considerato globale nelle sue operazioni, incentrate sull'offerta di servizi finanziari a tutti gli individui e le societ\u00e0 internazionali che si trovano al di fuori del paese del Belize. La banca offre una gamma completa di servizi bancari tradizionali e diversi conti di risparmio in pi\u00f9 valute.<\/span>\n\t\t\t\t\t\t\t\t\t<\/li>\n\t\t\t\t\t\t\t\t<li class=\"elementor-icon-list-item\">\n\t\t\t\t\t\t\t\t\t\t\t<span class=\"elementor-icon-list-icon\">\n\t\t\t\t\t\t\t<svg aria-hidden=\"true\" class=\"e-font-icon-svg e-fas-caret-right\" viewBox=\"0 0 192 512\" xmlns=\"http:\/\/www.w3.org\/2000\/svg\"><path d=\"M0 384.662V127.338c0-17.818 21.543-26.741 34.142-14.142l128.662 128.662c7.81 7.81 7.81 20.474 0 28.284L34.142 398.804C21.543 411.404 0 402.48 0 384.662z\"><\/path><\/svg>\t\t\t\t\t\t<\/span>\n\t\t\t\t\t\t\t\t\t\t<span class=\"elementor-icon-list-text\"><p style=\"text-align: justify\">  Caye ha maturato una notevole conoscenza del mercato finanziario centroamericano grazie ai molti anni di esperienza nella fornitura di servizi a clienti aziendali e privati nella regione. La missione della banca \u00e8 quella di aiutare i clienti ad avere successo nei loro affari finanziari attuali e futuri. Gli obiettivi bancari che abbiamo derivano dalla nostra missione, che \u00e8 quella di offrire servizi finanziari e allo stesso tempo fornire i pi\u00f9 alti livelli di assistenza ai clienti.<\/span>\n\t\t\t\t\t\t\t\t\t<\/li>\n\t\t\t\t\t\t<\/ul>\n\t\t\t\t\t\t<\/div>\n\t\t\t\t<\/div>\n\t\t\t\t\t<\/div>\n\t\t<\/div>\n\t\t\t\t\t<\/div>\n\t\t<\/section>\n\t\t\t\t<section class=\"elementor-section elementor-top-section elementor-element elementor-element-7ba8bcc elementor-section-boxed elementor-section-height-default elementor-section-height-default\" data-id=\"7ba8bcc\" data-element_type=\"section\" data-e-type=\"section\">\n\t\t\t\t\t\t<div class=\"elementor-container elementor-column-gap-default\">\n\t\t\t\t\t<div class=\"elementor-column elementor-col-100 elementor-top-column elementor-element elementor-element-f9eb516\" data-id=\"f9eb516\" data-element_type=\"column\" data-e-type=\"column\">\n\t\t\t<div class=\"elementor-widget-wrap elementor-element-populated\">\n\t\t\t\t\t\t<div class=\"elementor-element elementor-element-abe28e5 elementor-widget elementor-widget-heading\" data-id=\"abe28e5\" data-element_type=\"widget\" data-e-type=\"widget\" data-widget_type=\"heading.default\">\n\t\t\t\t<div class=\"elementor-widget-container\">\n\t\t\t\t\t<h2 class=\"elementor-heading-title elementor-size-default\">Strategia della banca per il periodo 2023-2025<\/h2>\t\t\t\t<\/div>\n\t\t\t\t<\/div>\n\t\t\t\t\t<\/div>\n\t\t<\/div>\n\t\t\t\t\t<\/div>\n\t\t<\/section>\n\t\t\t\t<section class=\"elementor-section elementor-top-section elementor-element elementor-element-c85fe08 elementor-section-boxed elementor-section-height-default elementor-section-height-default\" data-id=\"c85fe08\" data-element_type=\"section\" data-e-type=\"section\">\n\t\t\t\t\t\t<div class=\"elementor-container elementor-column-gap-default\">\n\t\t\t\t\t<div class=\"elementor-column elementor-col-100 elementor-top-column elementor-element elementor-element-aabc755\" data-id=\"aabc755\" data-element_type=\"column\" data-e-type=\"column\">\n\t\t\t<div class=\"elementor-widget-wrap elementor-element-populated\">\n\t\t\t\t\t\t<div class=\"elementor-element elementor-element-08ab8ad elementor-icon-list--layout-traditional elementor-list-item-link-full_width elementor-widget elementor-widget-icon-list\" data-id=\"08ab8ad\" data-element_type=\"widget\" data-e-type=\"widget\" data-widget_type=\"icon-list.default\">\n\t\t\t\t<div class=\"elementor-widget-container\">\n\t\t\t\t\t\t\t<ul class=\"elementor-icon-list-items\">\n\t\t\t\t\t\t\t<li class=\"elementor-icon-list-item\">\n\t\t\t\t\t\t\t\t\t\t\t<span class=\"elementor-icon-list-icon\">\n\t\t\t\t\t\t\t<svg aria-hidden=\"true\" class=\"e-font-icon-svg e-fas-caret-right\" viewBox=\"0 0 192 512\" xmlns=\"http:\/\/www.w3.org\/2000\/svg\"><path d=\"M0 384.662V127.338c0-17.818 21.543-26.741 34.142-14.142l128.662 128.662c7.81 7.81 7.81 20.474 0 28.284L34.142 398.804C21.543 411.404 0 402.48 0 384.662z\"><\/path><\/svg>\t\t\t\t\t\t<\/span>\n\t\t\t\t\t\t\t\t\t\t<span class=\"elementor-icon-list-text\"><p style=\"text-align: justify\">L'aumento dell'acquisizione dei clienti della banca \u00e8 l'investimento pi\u00f9 importante per la crescita futura, che dovrebbe contribuire all'aumento del valore per gli azionisti.<\/span>\n\t\t\t\t\t\t\t\t\t<\/li>\n\t\t\t\t\t\t\t\t<li class=\"elementor-icon-list-item\">\n\t\t\t\t\t\t\t\t\t\t\t<span class=\"elementor-icon-list-icon\">\n\t\t\t\t\t\t\t<svg aria-hidden=\"true\" class=\"e-font-icon-svg e-fas-caret-right\" viewBox=\"0 0 192 512\" xmlns=\"http:\/\/www.w3.org\/2000\/svg\"><path d=\"M0 384.662V127.338c0-17.818 21.543-26.741 34.142-14.142l128.662 128.662c7.81 7.81 7.81 20.474 0 28.284L34.142 398.804C21.543 411.404 0 402.48 0 384.662z\"><\/path><\/svg>\t\t\t\t\t\t<\/span>\n\t\t\t\t\t\t\t\t\t\t<span class=\"elementor-icon-list-text\"><p style=\"text-align: justify\">La banca continuer\u00e0 a concentrarsi sul finanziamento dei clienti fornendo una variet\u00e0 di prestiti che rimarranno un elemento importante per la diversificazione delle attivit\u00e0. Inoltre, concentrarsi sulla crescita dei prestiti nel rispetto di rigorosi criteri di rischio e di creazione di valore garantir\u00e0 alla banca una crescita continua nel futuro.<\/span>\n\t\t\t\t\t\t\t\t\t<\/li>\n\t\t\t\t\t\t\t\t<li class=\"elementor-icon-list-item\">\n\t\t\t\t\t\t\t\t\t\t\t<span class=\"elementor-icon-list-icon\">\n\t\t\t\t\t\t\t<svg aria-hidden=\"true\" class=\"e-font-icon-svg e-fas-caret-right\" viewBox=\"0 0 192 512\" xmlns=\"http:\/\/www.w3.org\/2000\/svg\"><path d=\"M0 384.662V127.338c0-17.818 21.543-26.741 34.142-14.142l128.662 128.662c7.81 7.81 7.81 20.474 0 28.284L34.142 398.804C21.543 411.404 0 402.48 0 384.662z\"><\/path><\/svg>\t\t\t\t\t\t<\/span>\n\t\t\t\t\t\t\t\t\t\t<span class=\"elementor-icon-list-text\"><p style=\"text-align: justify\">Si prevede che sfruttando e ottimizzando le piattaforme digitali online si possa attrarre un nuovo gruppo di clienti molto pi\u00f9 giovani e un flusso di entrate per la banca.<\/span>\n\t\t\t\t\t\t\t\t\t<\/li>\n\t\t\t\t\t\t\t\t<li class=\"elementor-icon-list-item\">\n\t\t\t\t\t\t\t\t\t\t\t<span class=\"elementor-icon-list-icon\">\n\t\t\t\t\t\t\t<svg aria-hidden=\"true\" class=\"e-font-icon-svg e-fas-caret-right\" viewBox=\"0 0 192 512\" xmlns=\"http:\/\/www.w3.org\/2000\/svg\"><path d=\"M0 384.662V127.338c0-17.818 21.543-26.741 34.142-14.142l128.662 128.662c7.81 7.81 7.81 20.474 0 28.284L34.142 398.804C21.543 411.404 0 402.48 0 384.662z\"><\/path><\/svg>\t\t\t\t\t\t<\/span>\n\t\t\t\t\t\t\t\t\t\t<span class=\"elementor-icon-list-text\"><p style=\"text-align: justify\">Si prevede che la base di depositi al dettaglio della banca continuer\u00e0 a crescere nel corso del prossimo anno e, per massimizzare la redditivit\u00e0, il costo della base di depositi sar\u00e0 migliorato attraverso l'individuazione di migliori rendimenti di investimento per la banca.<\/span>\n\t\t\t\t\t\t\t\t\t<\/li>\n\t\t\t\t\t\t<\/ul>\n\t\t\t\t\t\t<\/div>\n\t\t\t\t<\/div>\n\t\t\t\t\t<\/div>\n\t\t<\/div>\n\t\t\t\t\t<\/div>\n\t\t<\/section>\n\t\t\t\t<section class=\"elementor-section elementor-top-section elementor-element elementor-element-9acf395 elementor-section-boxed elementor-section-height-default elementor-section-height-default\" data-id=\"9acf395\" data-element_type=\"section\" data-e-type=\"section\">\n\t\t\t\t\t\t<div class=\"elementor-container elementor-column-gap-default\">\n\t\t\t\t\t<div class=\"elementor-column elementor-col-100 elementor-top-column elementor-element elementor-element-6f10d30\" data-id=\"6f10d30\" data-element_type=\"column\" data-e-type=\"column\">\n\t\t\t<div class=\"elementor-widget-wrap elementor-element-populated\">\n\t\t\t\t\t\t<div class=\"elementor-element elementor-element-72d6d5b elementor-widget elementor-widget-heading\" data-id=\"72d6d5b\" data-element_type=\"widget\" data-e-type=\"widget\" data-widget_type=\"heading.default\">\n\t\t\t\t<div class=\"elementor-widget-container\">\n\t\t\t\t\t<h2 class=\"elementor-heading-title elementor-size-default\">Prospettiva di Caye International Bank<\/h2>\t\t\t\t<\/div>\n\t\t\t\t<\/div>\n\t\t\t\t\t<\/div>\n\t\t<\/div>\n\t\t\t\t\t<\/div>\n\t\t<\/section>\n\t\t\t\t<section class=\"elementor-section elementor-top-section elementor-element elementor-element-efd7161 elementor-section-boxed elementor-section-height-default elementor-section-height-default\" data-id=\"efd7161\" data-element_type=\"section\" data-e-type=\"section\">\n\t\t\t\t\t\t<div class=\"elementor-container elementor-column-gap-default\">\n\t\t\t\t\t<div class=\"elementor-column elementor-col-100 elementor-top-column elementor-element elementor-element-058d448\" data-id=\"058d448\" data-element_type=\"column\" data-e-type=\"column\">\n\t\t\t<div class=\"elementor-widget-wrap elementor-element-populated\">\n\t\t\t\t\t\t<div class=\"elementor-element elementor-element-9c2ba0e elementor-icon-list--layout-traditional elementor-list-item-link-full_width elementor-widget elementor-widget-icon-list\" data-id=\"9c2ba0e\" data-element_type=\"widget\" data-e-type=\"widget\" data-widget_type=\"icon-list.default\">\n\t\t\t\t<div class=\"elementor-widget-container\">\n\t\t\t\t\t\t\t<ul class=\"elementor-icon-list-items\">\n\t\t\t\t\t\t\t<li class=\"elementor-icon-list-item\">\n\t\t\t\t\t\t\t\t\t\t\t<span class=\"elementor-icon-list-icon\">\n\t\t\t\t\t\t\t<svg aria-hidden=\"true\" class=\"e-font-icon-svg e-fas-caret-right\" viewBox=\"0 0 192 512\" xmlns=\"http:\/\/www.w3.org\/2000\/svg\"><path d=\"M0 384.662V127.338c0-17.818 21.543-26.741 34.142-14.142l128.662 128.662c7.81 7.81 7.81 20.474 0 28.284L34.142 398.804C21.543 411.404 0 402.48 0 384.662z\"><\/path><\/svg>\t\t\t\t\t\t<\/span>\n\t\t\t\t\t\t\t\t\t\t<span class=\"elementor-icon-list-text\"><p style=\"text-align: justify\">  Il settore bancario si sta espandendo a livello globale grazie alla continua creazione di ricchezza guidata da tassi di risparmio positivi e dalla rivalutazione del capitale a lungo termine. L'interessante crescita del settore continua a superare la crescita del PIL di molte nazioni occidentali. Oggi Caye ha una forte presenza in America Centrale e il nostro obiettivo \u00e8 quello di ottenere una crescita superiore al mercato e di guadagnare quote di mercato nelle nostre tre attivit\u00e0 principali. Ci\u00f2 richiede investimenti nel nostro modello di business, che stiamo effettuando in modo mirato.<\/span>\n\t\t\t\t\t\t\t\t\t<\/li>\n\t\t\t\t\t\t<\/ul>\n\t\t\t\t\t\t<\/div>\n\t\t\t\t<\/div>\n\t\t\t\t<div class=\"elementor-element elementor-element-7ff18d0 elementor-widget elementor-widget-text-editor\" data-id=\"7ff18d0\" data-element_type=\"widget\" data-e-type=\"widget\" data-widget_type=\"text-editor.default\">\n\t\t\t\t<div class=\"elementor-widget-container\">\n\t\t\t\t\t\t\t\t\t<ul>\n<li>Con i nostri conti bancari internazionali, aspiriamo a diventare il principale fornitore di risparmi nella regione, oltre a continuare a personalizzare la nostra offerta in base alle esigenze specifiche dei nostri clienti. Per aumentare la conoscenza di Caye, continuiamo a espandere il nostro team di manager regionali professionisti situati nelle principali citt\u00e0 del mondo, che si occupano dello sviluppo del business nelle loro aree per quanto riguarda i prodotti e i servizi della banca.<br><br><\/li>\n<li>Per quanto riguarda i finanziamenti, vogliamo guadagnare ulteriori quote di mercato grazie al nostro posizionamento di banca affermata e conosciuta, che offre un livello superiore di assistenza ai clienti ed \u00e8 disposta a lavorare con i clienti che ottengono prestiti all&#8217;interno della regione, essendo flessibile nella strutturazione dei piani di rimborso e delle condizioni sottostanti.<br><br><\/li>\n<li>I nostri servizi finanziari, che offrono soluzioni innovative, e la nostra continua attenzione al miglioramento delle nostre capacit\u00e0 tecnologiche, ci forniscono basi molto solide per un&#8217;ulteriore crescita della banca. In tutte le nostre attivit\u00e0 principali, puntiamo a sfruttare i vantaggi della digitalizzazione per migliorare l&#8217;esperienza dei clienti e aumentare l&#8217;efficacia e l&#8217;efficienza dei servizi offerti.<\/li>\n<\/ul>\t\t\t\t\t\t\t\t<\/div>\n\t\t\t\t<\/div>\n\t\t\t\t\t<\/div>\n\t\t<\/div>\n\t\t\t\t\t<\/div>\n\t\t<\/section>\n\t\t\t\t<\/div>\n\t\t","protected":false},"excerpt":{"rendered":"<p>Relazioni con gli investitori Caye \u00e8 ben posizionata in un settore in crescita Panoramica delle informazioni sulla banca La storia di Caye inizia nel 1996 come societ\u00e0 di mutui ipotecari del Belize, e dopo un continuo successo per diversi anni \u00e8 stata presa la decisione di diventare una banca internazionale. Questo \u00e8 stato concesso il [&hellip;]<\/p>\n","protected":false},"author":6,"featured_media":0,"parent":0,"menu_order":0,"comment_status":"closed","ping_status":"closed","template":"elementor_header_footer","meta":{"content-type":"","footnotes":""},"class_list":["post-16407","page","type-page","status-publish","hentry"],"_links":{"self":[{"href":"https:\/\/www.cayebank.bz\/it\/wp-json\/wp\/v2\/pages\/16407","targetHints":{"allow":["GET"]}}],"collection":[{"href":"https:\/\/www.cayebank.bz\/it\/wp-json\/wp\/v2\/pages"}],"about":[{"href":"https:\/\/www.cayebank.bz\/it\/wp-json\/wp\/v2\/types\/page"}],"author":[{"embeddable":true,"href":"https:\/\/www.cayebank.bz\/it\/wp-json\/wp\/v2\/users\/6"}],"replies":[{"embeddable":true,"href":"https:\/\/www.cayebank.bz\/it\/wp-json\/wp\/v2\/comments?post=16407"}],"version-history":[{"count":1,"href":"https:\/\/www.cayebank.bz\/it\/wp-json\/wp\/v2\/pages\/16407\/revisions"}],"predecessor-version":[{"id":16412,"href":"https:\/\/www.cayebank.bz\/it\/wp-json\/wp\/v2\/pages\/16407\/revisions\/16412"}],"wp:attachment":[{"href":"https:\/\/www.cayebank.bz\/it\/wp-json\/wp\/v2\/media?parent=16407"}],"curies":[{"name":"wp","href":"https:\/\/api.w.org\/{rel}","templated":true}]}}