{"id":16385,"date":"2023-04-13T05:57:04","date_gmt":"2023-04-13T11:57:04","guid":{"rendered":"https:\/\/www.cayebank.bz\/governance-aziendale\/"},"modified":"2024-05-19T21:27:06","modified_gmt":"2024-05-20T03:27:06","slug":"governance-aziendale","status":"publish","type":"page","link":"https:\/\/www.cayebank.bz\/it\/governance-aziendale\/","title":{"rendered":"Governance aziendale"},"content":{"rendered":"\t\t<div data-elementor-type=\"wp-page\" data-elementor-id=\"16385\" class=\"elementor elementor-16385\" data-elementor-post-type=\"page\">\n\t\t\t\t\t\t<section class=\"elementor-section elementor-top-section elementor-element elementor-element-3fab737 elementor-section-full_width elementor-section-height-default elementor-section-height-default\" data-id=\"3fab737\" data-element_type=\"section\" data-e-type=\"section\" data-settings=\"{&quot;background_background&quot;:&quot;classic&quot;}\">\n\t\t\t\t\t\t<div class=\"elementor-container elementor-column-gap-default\">\n\t\t\t\t\t<div class=\"elementor-column elementor-col-100 elementor-top-column elementor-element elementor-element-136e058\" data-id=\"136e058\" data-element_type=\"column\" data-e-type=\"column\">\n\t\t\t<div class=\"elementor-widget-wrap elementor-element-populated\">\n\t\t\t\t\t\t<section class=\"elementor-section elementor-inner-section elementor-element elementor-element-f55acbb elementor-section-boxed elementor-section-height-default elementor-section-height-default\" data-id=\"f55acbb\" data-element_type=\"section\" data-e-type=\"section\">\n\t\t\t\t\t\t<div class=\"elementor-container elementor-column-gap-default\">\n\t\t\t\t\t<div class=\"elementor-column elementor-col-33 elementor-inner-column elementor-element elementor-element-3d5ec9b\" data-id=\"3d5ec9b\" data-element_type=\"column\" data-e-type=\"column\">\n\t\t\t<div class=\"elementor-widget-wrap\">\n\t\t\t\t\t\t\t<\/div>\n\t\t<\/div>\n\t\t\t\t<div class=\"elementor-column elementor-col-33 elementor-inner-column elementor-element elementor-element-84e8e29\" data-id=\"84e8e29\" data-element_type=\"column\" data-e-type=\"column\" data-settings=\"{&quot;background_background&quot;:&quot;classic&quot;}\">\n\t\t\t<div class=\"elementor-widget-wrap elementor-element-populated\">\n\t\t\t\t\t\t<div class=\"elementor-element elementor-element-c382aef elementor-widget elementor-widget-heading\" data-id=\"c382aef\" data-element_type=\"widget\" data-e-type=\"widget\" data-widget_type=\"heading.default\">\n\t\t\t\t<div class=\"elementor-widget-container\">\n\t\t\t\t\t<h2 class=\"elementor-heading-title elementor-size-default\">Governance aziendale<\/h2>\t\t\t\t<\/div>\n\t\t\t\t<\/div>\n\t\t\t\t\t<\/div>\n\t\t<\/div>\n\t\t\t\t<div class=\"elementor-column elementor-col-33 elementor-inner-column elementor-element elementor-element-88fa5d9\" data-id=\"88fa5d9\" data-element_type=\"column\" data-e-type=\"column\">\n\t\t\t<div class=\"elementor-widget-wrap\">\n\t\t\t\t\t\t\t<\/div>\n\t\t<\/div>\n\t\t\t\t\t<\/div>\n\t\t<\/section>\n\t\t\t\t\t<\/div>\n\t\t<\/div>\n\t\t\t\t\t<\/div>\n\t\t<\/section>\n\t\t\t\t<section class=\"elementor-section elementor-top-section elementor-element elementor-element-2e71825 elementor-section-boxed elementor-section-height-default elementor-section-height-default\" data-id=\"2e71825\" data-element_type=\"section\" data-e-type=\"section\">\n\t\t\t\t\t\t<div class=\"elementor-container elementor-column-gap-default\">\n\t\t\t\t\t<div class=\"elementor-column elementor-col-100 elementor-top-column elementor-element elementor-element-7b8b47f\" data-id=\"7b8b47f\" data-element_type=\"column\" data-e-type=\"column\">\n\t\t\t<div class=\"elementor-widget-wrap elementor-element-populated\">\n\t\t\t\t\t\t<div class=\"elementor-element elementor-element-edca1a8 elementor-widget elementor-widget-heading\" data-id=\"edca1a8\" data-element_type=\"widget\" data-e-type=\"widget\" data-widget_type=\"heading.default\">\n\t\t\t\t<div class=\"elementor-widget-container\">\n\t\t\t\t\t<h2 class=\"elementor-heading-title elementor-size-default\">La governance<\/h2>\t\t\t\t<\/div>\n\t\t\t\t<\/div>\n\t\t\t\t\t<\/div>\n\t\t<\/div>\n\t\t\t\t\t<\/div>\n\t\t<\/section>\n\t\t\t\t<section class=\"elementor-section elementor-top-section elementor-element elementor-element-3394b4e elementor-section-boxed elementor-section-height-default elementor-section-height-default\" data-id=\"3394b4e\" data-element_type=\"section\" data-e-type=\"section\">\n\t\t\t\t\t\t<div class=\"elementor-container elementor-column-gap-default\">\n\t\t\t\t\t<div class=\"elementor-column elementor-col-50 elementor-top-column elementor-element elementor-element-ede5606\" data-id=\"ede5606\" data-element_type=\"column\" data-e-type=\"column\">\n\t\t\t<div class=\"elementor-widget-wrap elementor-element-populated\">\n\t\t\t\t\t\t<div class=\"elementor-element elementor-element-b3deae9 elementor-position-left elementor-vertical-align-top elementor-widget elementor-widget-image-box\" data-id=\"b3deae9\" data-element_type=\"widget\" data-e-type=\"widget\" data-widget_type=\"image-box.default\">\n\t\t\t\t<div class=\"elementor-widget-container\">\n\t\t\t\t\t<div class=\"elementor-image-box-wrapper\"><figure class=\"elementor-image-box-img\"><img decoding=\"async\" src=\"https:\/\/www.cayebank.bz\/wp-content\/uploads\/elementor\/thumbs\/Joel-02-qlmz23wceafvqnx7awhigxu7uitocyeersyrt68ydo.jpg\" title=\"Joel-02.jpg\" alt=\"Joel-02.jpg\" loading=\"lazy\" \/><\/figure><div class=\"elementor-image-box-content\"><h3 class=\"elementor-image-box-title\">Ambasciatore Joel Nagel<\/h3><p class=\"elementor-image-box-description\">Presidente e cofondatore<\/p><\/div><\/div>\t\t\t\t<\/div>\n\t\t\t\t<\/div>\n\t\t\t\t<div class=\"elementor-element elementor-element-e5891c7 elementor-widget elementor-widget-text-editor\" data-id=\"e5891c7\" data-element_type=\"widget\" data-e-type=\"widget\" data-widget_type=\"text-editor.default\">\n\t\t\t\t<div class=\"elementor-widget-container\">\n\t\t\t\t\t\t\t\t\t<p>\u00e8 il fondatore e Senior Managing Partner di Nagel &amp; Associates, LLC, con sede a Pittsburgh. Da 27 anni Joel si occupa di diritto commerciale internazionale. La sua esperienza legale e commerciale si estende a 41 paesi, con una significativa esperienza lavorativa in Belize. \u00c8 un borsista Fulbright e ha frequentato l&#8217;Universit\u00e0 Rheinische-Friedrich Wilhelms di Bonn, in Germania, e l&#8217;Accademia di diritto internazionale dell&#8217;Aia, nei Paesi Bassi. Joel si \u00e8 laureato all&#8217;Allegheny College in Pennsylvania, alla West Virginia University e al Georgetown University Law Center di Washington.<\/p>\n\t\t\t\t\t\t\t\t<\/div>\n\t\t\t\t<\/div>\n\t\t\t\t\t<\/div>\n\t\t<\/div>\n\t\t\t\t<div class=\"elementor-column elementor-col-50 elementor-top-column elementor-element elementor-element-eb82277\" data-id=\"eb82277\" data-element_type=\"column\" data-e-type=\"column\">\n\t\t\t<div class=\"elementor-widget-wrap elementor-element-populated\">\n\t\t\t\t\t\t<div class=\"elementor-element elementor-element-16be128 elementor-position-left elementor-vertical-align-top elementor-widget elementor-widget-image-box\" data-id=\"16be128\" data-element_type=\"widget\" data-e-type=\"widget\" data-widget_type=\"image-box.default\">\n\t\t\t\t<div class=\"elementor-widget-container\">\n\t\t\t\t\t<div class=\"elementor-image-box-wrapper\"><figure class=\"elementor-image-box-img\"><img decoding=\"async\" src=\"https:\/\/www.cayebank.bz\/wp-content\/uploads\/elementor\/thumbs\/IMG_5015-scaled-1-qlmz25s1545dvaalblk48r0nchtwdvkl7lnam5bc1k.jpg\" title=\"IMG_5015-scaled.jpg\" alt=\"IMG_5015-scaled.jpg\" loading=\"lazy\" \/><\/figure><div class=\"elementor-image-box-content\"><h3 class=\"elementor-image-box-title\">Michael K. Cobb<\/h3><p class=\"elementor-image-box-description\">Direttore e co-fondatore<\/p><\/div><\/div>\t\t\t\t<\/div>\n\t\t\t\t<\/div>\n\t\t\t\t<div class=\"elementor-element elementor-element-8ca78ee elementor-widget elementor-widget-text-editor\" data-id=\"8ca78ee\" data-element_type=\"widget\" data-e-type=\"widget\" data-widget_type=\"text-editor.default\">\n\t\t\t\t<div class=\"elementor-widget-container\">\n\t\t\t\t\t\t\t\t\t<p>\u00e8 l&#8217;amministratore delegato di ECI Development, Ltd., una grande societ\u00e0 di sviluppo dell&#8217;America Centrale che sta costruendo quartieri ad uso misto orientati alla comunit\u00e0 in tutta la regione. All&#8217;apice di una carriera di successo nell&#8217;industria informatica, Mike ha lasciato per perseguire opportunit\u00e0 pi\u00f9 pionieristiche nei mercati immobiliari emergenti dell&#8217;America Centrale. Con una forte attenzione alle esigenze dei consumatori, ha previsto con precisione la crescente necessit\u00e0 di prodotti residenziali di alta qualit\u00e0 per i pensionati del Baby Boomer nordamericano nella regione. Mike si \u00e8 laureato all&#8217;Allegheny College in Pennsylvania.<\/p><\/p>\n\t\t\t\t\t\t\t\t<\/div>\n\t\t\t\t<\/div>\n\t\t\t\t\t<\/div>\n\t\t<\/div>\n\t\t\t\t\t<\/div>\n\t\t<\/section>\n\t\t\t\t<section class=\"elementor-section elementor-top-section elementor-element elementor-element-fd6446a elementor-section-boxed elementor-section-height-default elementor-section-height-default\" data-id=\"fd6446a\" data-element_type=\"section\" data-e-type=\"section\">\n\t\t\t\t\t\t<div class=\"elementor-container elementor-column-gap-default\">\n\t\t\t\t\t<div class=\"elementor-column elementor-col-50 elementor-top-column elementor-element elementor-element-2ff454e\" data-id=\"2ff454e\" data-element_type=\"column\" data-e-type=\"column\">\n\t\t\t<div class=\"elementor-widget-wrap elementor-element-populated\">\n\t\t\t\t\t\t<div class=\"elementor-element elementor-element-6af8bb7 elementor-position-left elementor-vertical-align-top elementor-widget elementor-widget-image-box\" data-id=\"6af8bb7\" data-element_type=\"widget\" data-e-type=\"widget\" data-widget_type=\"image-box.default\">\n\t\t\t\t<div class=\"elementor-widget-container\">\n\t\t\t\t\t<div class=\"elementor-image-box-wrapper\"><figure class=\"elementor-image-box-img\"><img decoding=\"async\" src=\"https:\/\/www.cayebank.bz\/wp-content\/uploads\/elementor\/thumbs\/IMG_5019_0-scaled-1-qlmz2ccw3srgn5kwxi55ldpd6znza8bzsyu54nweto.jpg\" title=\"IMG_5019_0-scaled.jpg\" alt=\"IMG_5019_0-scaled.jpg\" loading=\"lazy\" \/><\/figure><div class=\"elementor-image-box-content\"><h3 class=\"elementor-image-box-title\">Peter Zipper<\/h3><p class=\"elementor-image-box-description\">Presidente emerito<\/p><\/div><\/div>\t\t\t\t<\/div>\n\t\t\t\t<\/div>\n\t\t\t\t<div class=\"elementor-element elementor-element-caf1651 elementor-widget elementor-widget-text-editor\" data-id=\"caf1651\" data-element_type=\"widget\" data-e-type=\"widget\" data-widget_type=\"text-editor.default\">\n\t\t\t\t<div class=\"elementor-widget-container\">\n\t\t\t\t\t\t\t\t\t<p>dopo essersi ritirato da Anglo Irish Bank (Austria) come Vicepresidente Senior e Membro Senior del Comitato di Gestione e Investimento, Peter \u00e8 entrato a far parte di Caye International Bank. come Presidente nel 2006. Peter si \u00e8 laureato in Geografia e Cartografia presso l&#8217;Istituto Geografico di Vienna, in Austria. Subito dopo aver frequentato l&#8217;Accademia Militare Nazionale Austriaca, ha prestato servizio attivo con le truppe di mantenimento della pace delle Nazioni Unite durante il conflitto a Cipro. Si \u00e8 ritirato dall&#8217;esercito con lode come ufficiale di fanteria.<\/p><\/p>\n\t\t\t\t\t\t\t\t<\/div>\n\t\t\t\t<\/div>\n\t\t\t\t\t<\/div>\n\t\t<\/div>\n\t\t\t\t<div class=\"elementor-column elementor-col-50 elementor-top-column elementor-element elementor-element-c2e81cc\" data-id=\"c2e81cc\" data-element_type=\"column\" data-e-type=\"column\">\n\t\t\t<div class=\"elementor-widget-wrap elementor-element-populated\">\n\t\t\t\t\t\t<div class=\"elementor-element elementor-element-b28fbd7 elementor-position-left elementor-vertical-align-top elementor-widget elementor-widget-image-box\" data-id=\"b28fbd7\" data-element_type=\"widget\" data-e-type=\"widget\" data-widget_type=\"image-box.default\">\n\t\t\t\t<div class=\"elementor-widget-container\">\n\t\t\t\t\t<div class=\"elementor-image-box-wrapper\"><figure class=\"elementor-image-box-img\"><img decoding=\"async\" src=\"https:\/\/www.cayebank.bz\/wp-content\/uploads\/elementor\/thumbs\/Eddie-Littlefield-qlhqza2p0tbofjdjicjksuwt7gn0s6n7yuq7aekeyg.jpg\" title=\"Eddie-Littlefield.jpg\" alt=\"Eddie-Littlefield.jpg\" loading=\"lazy\" \/><\/figure><div class=\"elementor-image-box-content\"><h3 class=\"elementor-image-box-title\">John \"Eddie\" Littlefield<\/h3><p class=\"elementor-image-box-description\">Direttore non esecutivo<\/p><\/div><\/div>\t\t\t\t<\/div>\n\t\t\t\t<\/div>\n\t\t\t\t<div class=\"elementor-element elementor-element-8707d7e elementor-widget elementor-widget-text-editor\" data-id=\"8707d7e\" data-element_type=\"widget\" data-e-type=\"widget\" data-widget_type=\"text-editor.default\">\n\t\t\t\t<div class=\"elementor-widget-container\">\n\t\t\t\t\t\t\t\t\t<p>\u00e8 il presidente e amministratore delegato di David Drye Companies. DDC \u00e8 una societ\u00e0 regionale di costruzione e gestione con una concentrazione in attivit\u00e0 multifamiliari. Dal 1998 ha ottenuto con successo finanziamenti per oltre 800.000.000 di dollari per prestiti permanenti e di costruzione di immobili multifamiliari e alberghieri. Possiede e gestisce anche Lamborghini Carolinas, un franchising autorizzato Lamborghini e Carolina AutoSports, una concessionaria indipendente di vendita e assistenza. Eddie si \u00e8 laureato al Montreat Anderson College in North Carolina.<\/p><\/p>\n\t\t\t\t\t\t\t\t<\/div>\n\t\t\t\t<\/div>\n\t\t\t\t\t<\/div>\n\t\t<\/div>\n\t\t\t\t\t<\/div>\n\t\t<\/section>\n\t\t\t\t<section class=\"elementor-section elementor-top-section elementor-element elementor-element-d82b262 elementor-section-boxed elementor-section-height-default elementor-section-height-default\" data-id=\"d82b262\" data-element_type=\"section\" data-e-type=\"section\">\n\t\t\t\t\t\t<div class=\"elementor-container elementor-column-gap-default\">\n\t\t\t\t\t<div class=\"elementor-column elementor-col-50 elementor-top-column elementor-element elementor-element-d04a2d7\" data-id=\"d04a2d7\" data-element_type=\"column\" data-e-type=\"column\">\n\t\t\t<div class=\"elementor-widget-wrap elementor-element-populated\">\n\t\t\t\t\t\t<div class=\"elementor-element elementor-element-388cb86 elementor-position-left elementor-vertical-align-top elementor-widget elementor-widget-image-box\" data-id=\"388cb86\" data-element_type=\"widget\" data-e-type=\"widget\" data-widget_type=\"image-box.default\">\n\t\t\t\t<div class=\"elementor-widget-container\">\n\t\t\t\t\t<div class=\"elementor-image-box-wrapper\"><figure class=\"elementor-image-box-img\"><img decoding=\"async\" src=\"https:\/\/www.cayebank.bz\/wp-content\/uploads\/elementor\/thumbs\/Kenneth-Skorenko-155-2-1-qlhqyhvjbs92r8ii30crq20zdwi0d9j9uz5mw3q854.jpg\" title=\"Kenneth Skorenko-155-2\" alt=\"Kenneth Skorenko-155-2\" loading=\"lazy\" \/><\/figure><div class=\"elementor-image-box-content\"><h3 class=\"elementor-image-box-title\">Dr. Kenneth Skorenko<\/h3><p class=\"elementor-image-box-description\">Direttore non esecutivo<\/p><\/div><\/div>\t\t\t\t<\/div>\n\t\t\t\t<\/div>\n\t\t\t\t<div class=\"elementor-element elementor-element-930f38f elementor-widget elementor-widget-text-editor\" data-id=\"930f38f\" data-element_type=\"widget\" data-e-type=\"widget\" data-widget_type=\"text-editor.default\">\n\t\t\t\t<div class=\"elementor-widget-container\">\n\t\t\t\t\t\t\t\t\t<p>si \u00e8 laureato alla Rutgers Medical School di Newark, New Jersey. Ha frequentato lo Stevens Institute of Technology per i suoi studi universitari in Chimica e si \u00e8 laureato in Scienze. Ha svolto la sua specializzazione presso il Monmouth Medical Center, Dipartimento di Ginecologia e Chirurgia a Long Branch, New Jersey. Ha diversi studi privati a: West Long Branch, Middletown e Lakewood, New Jersey, dove esercita da quasi quarant&#8217;anni. \u00c8 entrato a far parte della Caye International Bank in Belize come Amministratore non esecutivo a met\u00e0 2019.<\/p>\n\t\t\t\t\t\t\t\t<\/div>\n\t\t\t\t<\/div>\n\t\t\t\t\t<\/div>\n\t\t<\/div>\n\t\t\t\t<div class=\"elementor-column elementor-col-50 elementor-top-column elementor-element elementor-element-af62000\" data-id=\"af62000\" data-element_type=\"column\" data-e-type=\"column\">\n\t\t\t<div class=\"elementor-widget-wrap elementor-element-populated\">\n\t\t\t\t\t\t<div class=\"elementor-element elementor-element-5019d2d elementor-position-left elementor-vertical-align-top elementor-widget elementor-widget-image-box\" data-id=\"5019d2d\" data-element_type=\"widget\" data-e-type=\"widget\" data-widget_type=\"image-box.default\">\n\t\t\t\t<div class=\"elementor-widget-container\">\n\t\t\t\t\t<div class=\"elementor-image-box-wrapper\"><figure class=\"elementor-image-box-img\"><img decoding=\"async\" src=\"https:\/\/www.cayebank.bz\/wp-content\/uploads\/elementor\/thumbs\/H-Douglas-Russell-3-qll89i1s7hhjb8fkl279khf2pjegnq3jagvueh4s9c.jpg\" title=\"H-Douglas-Russell-3.jpg\" alt=\"H-Douglas-Russell-3.jpg\" loading=\"lazy\" \/><\/figure><div class=\"elementor-image-box-content\"><h3 class=\"elementor-image-box-title\">H. Douglas Russell<\/h3><p class=\"elementor-image-box-description\">Direttore emerito<\/p><\/div><\/div>\t\t\t\t<\/div>\n\t\t\t\t<\/div>\n\t\t\t\t<div class=\"elementor-element elementor-element-d171285 elementor-widget elementor-widget-text-editor\" data-id=\"d171285\" data-element_type=\"widget\" data-e-type=\"widget\" data-widget_type=\"text-editor.default\">\n\t\t\t\t<div class=\"elementor-widget-container\">\n\t\t\t\t\t\t\t\t\t<p>ha fondato HD Russell and Associates a Charlotte, nella Carolina del Nord, che \u00e8 un distributore di camion e attrezzature per la gestione dei rifiuti, nonch\u00e9 Carolina Waste Systems, Inc. Doug ha iniziato la sua carriera bancaria nel 1981 e ha lavorato per la First Union National Bank come City Advisory Director. Nel 1992 ha lavorato per la South Trust Bank come direttore statale. Quando Wachovia ha acquisito South Trust, ha fatto parte del consiglio di amministrazione locale di Wachovia. Nel 2005 Doug \u00e8 stato membro fondatore della New Dominion Bank di Charlotte, North Carolina, USA.<\/p>\n\t\t\t\t\t\t\t\t<\/div>\n\t\t\t\t<\/div>\n\t\t\t\t\t<\/div>\n\t\t<\/div>\n\t\t\t\t\t<\/div>\n\t\t<\/section>\n\t\t\t\t<\/div>\n\t\t","protected":false},"excerpt":{"rendered":"<p>Governance aziendale La governance Ambasciatore Joel Nagel Presidente e cofondatore \u00e8 il fondatore e Senior Managing Partner di Nagel &amp; Associates, LLC, con sede a Pittsburgh. Da 27 anni Joel si occupa di diritto commerciale internazionale. La sua esperienza legale e commerciale si estende a 41 paesi, con una significativa esperienza lavorativa in Belize. \u00c8 [&hellip;]<\/p>\n","protected":false},"author":6,"featured_media":0,"parent":0,"menu_order":0,"comment_status":"closed","ping_status":"closed","template":"elementor_header_footer","meta":{"content-type":"","footnotes":""},"class_list":["post-16385","page","type-page","status-publish","hentry"],"_links":{"self":[{"href":"https:\/\/www.cayebank.bz\/it\/wp-json\/wp\/v2\/pages\/16385","targetHints":{"allow":["GET"]}}],"collection":[{"href":"https:\/\/www.cayebank.bz\/it\/wp-json\/wp\/v2\/pages"}],"about":[{"href":"https:\/\/www.cayebank.bz\/it\/wp-json\/wp\/v2\/types\/page"}],"author":[{"embeddable":true,"href":"https:\/\/www.cayebank.bz\/it\/wp-json\/wp\/v2\/users\/6"}],"replies":[{"embeddable":true,"href":"https:\/\/www.cayebank.bz\/it\/wp-json\/wp\/v2\/comments?post=16385"}],"version-history":[{"count":1,"href":"https:\/\/www.cayebank.bz\/it\/wp-json\/wp\/v2\/pages\/16385\/revisions"}],"predecessor-version":[{"id":16389,"href":"https:\/\/www.cayebank.bz\/it\/wp-json\/wp\/v2\/pages\/16385\/revisions\/16389"}],"wp:attachment":[{"href":"https:\/\/www.cayebank.bz\/it\/wp-json\/wp\/v2\/media?parent=16385"}],"curies":[{"name":"wp","href":"https:\/\/api.w.org\/{rel}","templated":true}]}}