{"id":16384,"date":"2023-04-13T06:11:30","date_gmt":"2023-04-13T12:11:30","guid":{"rendered":"https:\/\/www.cayebank.bz\/luigi-wewege\/"},"modified":"2024-05-19T21:27:06","modified_gmt":"2024-05-20T03:27:06","slug":"luigi-wewege","status":"publish","type":"page","link":"https:\/\/www.cayebank.bz\/it\/luigi-wewege\/","title":{"rendered":"Luigi Wewege"},"content":{"rendered":"\t\t<div data-elementor-type=\"wp-page\" data-elementor-id=\"16384\" class=\"elementor elementor-16384\" data-elementor-post-type=\"page\">\n\t\t\t\t\t\t<section class=\"elementor-section elementor-top-section elementor-element elementor-element-92e3f20 elementor-section-full_width elementor-section-height-default elementor-section-height-default\" data-id=\"92e3f20\" data-element_type=\"section\" data-e-type=\"section\" data-settings=\"{&quot;background_background&quot;:&quot;classic&quot;}\">\n\t\t\t\t\t\t<div class=\"elementor-container elementor-column-gap-default\">\n\t\t\t\t\t<div class=\"elementor-column elementor-col-100 elementor-top-column elementor-element elementor-element-07595da\" data-id=\"07595da\" data-element_type=\"column\" data-e-type=\"column\">\n\t\t\t<div class=\"elementor-widget-wrap elementor-element-populated\">\n\t\t\t\t\t\t<section class=\"elementor-section elementor-inner-section elementor-element elementor-element-c18192a elementor-section-boxed elementor-section-height-default elementor-section-height-default\" data-id=\"c18192a\" data-element_type=\"section\" data-e-type=\"section\">\n\t\t\t\t\t\t<div class=\"elementor-container elementor-column-gap-default\">\n\t\t\t\t\t<div class=\"elementor-column elementor-col-33 elementor-inner-column elementor-element elementor-element-83ed668\" data-id=\"83ed668\" data-element_type=\"column\" data-e-type=\"column\">\n\t\t\t<div class=\"elementor-widget-wrap\">\n\t\t\t\t\t\t\t<\/div>\n\t\t<\/div>\n\t\t\t\t<div class=\"elementor-column elementor-col-33 elementor-inner-column elementor-element elementor-element-a6e389c\" data-id=\"a6e389c\" data-element_type=\"column\" data-e-type=\"column\" data-settings=\"{&quot;background_background&quot;:&quot;classic&quot;}\">\n\t\t\t<div class=\"elementor-widget-wrap elementor-element-populated\">\n\t\t\t\t\t\t<div class=\"elementor-element elementor-element-ee53219 elementor-widget elementor-widget-heading\" data-id=\"ee53219\" data-element_type=\"widget\" data-e-type=\"widget\" data-widget_type=\"heading.default\">\n\t\t\t\t<div class=\"elementor-widget-container\">\n\t\t\t\t\t<h2 class=\"elementor-heading-title elementor-size-default\">Luigi Wewege<\/h2>\t\t\t\t<\/div>\n\t\t\t\t<\/div>\n\t\t\t\t\t<\/div>\n\t\t<\/div>\n\t\t\t\t<div class=\"elementor-column elementor-col-33 elementor-inner-column elementor-element elementor-element-8257679\" data-id=\"8257679\" data-element_type=\"column\" data-e-type=\"column\">\n\t\t\t<div class=\"elementor-widget-wrap\">\n\t\t\t\t\t\t\t<\/div>\n\t\t<\/div>\n\t\t\t\t\t<\/div>\n\t\t<\/section>\n\t\t\t\t\t<\/div>\n\t\t<\/div>\n\t\t\t\t\t<\/div>\n\t\t<\/section>\n\t\t\t\t<section class=\"elementor-section elementor-top-section elementor-element elementor-element-6cc594b elementor-section-boxed elementor-section-height-default elementor-section-height-default\" data-id=\"6cc594b\" data-element_type=\"section\" data-e-type=\"section\">\n\t\t\t\t\t\t<div class=\"elementor-container elementor-column-gap-default\">\n\t\t\t\t\t<div class=\"elementor-column elementor-col-100 elementor-top-column elementor-element elementor-element-5d53dc18\" data-id=\"5d53dc18\" data-element_type=\"column\" data-e-type=\"column\">\n\t\t\t<div class=\"elementor-widget-wrap elementor-element-populated\">\n\t\t\t\t\t\t<div class=\"elementor-element elementor-element-136d346b elementor-widget elementor-widget-text-editor\" data-id=\"136d346b\" data-element_type=\"widget\" data-e-type=\"widget\" data-widget_type=\"text-editor.default\">\n\t\t\t\t<div class=\"elementor-widget-container\">\n\t\t\t\t\t\t\t\t\t<h1 style=\"font-family: 'Encode Sans', sans-serif; color: #353535; font-weight: 400; font-size: 36px;\"><a href=\"https:\/\/www.cayebank.bz\/wp-content\/uploads\/2023\/04\/Luigi-Wewege.jpg\"><img fetchpriority=\"high\" decoding=\"async\" class=\" wp-image-4643 alignright\" src=\"https:\/\/www.cayebank.bz\/wp-content\/uploads\/2023\/04\/Luigi-Wewege-198x300.jpg\" alt=\"Luigi Wewege\" width=\"304\" height=\"461\" srcset=\"https:\/\/www.cayebank.bz\/wp-content\/uploads\/2023\/04\/Luigi-Wewege-198x300.jpg 198w, https:\/\/www.cayebank.bz\/wp-content\/uploads\/2023\/04\/Luigi-Wewege-676x1024.jpg 676w, https:\/\/www.cayebank.bz\/wp-content\/uploads\/2023\/04\/Luigi-Wewege-768x1164.jpg 768w, https:\/\/www.cayebank.bz\/wp-content\/uploads\/2023\/04\/Luigi-Wewege.jpg 792w\" sizes=\"(max-width: 304px) 100vw, 304px\" \/><\/a>Luigi Wewege<\/h1>\n<p>Luigi Wewege \u00e8 presidente della Caye International Bank, premiata come una delle banche pi\u00f9 importanti dei Caraibi e dell&#8217;America Centrale. Luigi fa parte di diversi comitati consultivi internazionali che si occupano di settori diversi come la protezione dei beni, la blockchain, i metalli preziosi e la gestione patrimoniale.  <\/p>\n<p>Wewege \u00e8 un oratore regolare, un leader di pensiero e un autore affermato nel settore dei servizi bancari e finanziari con diverse pubblicazioni tra cui The Digital Banking Revolution (ora alla sua terza edizione) e &#8220;Disruptions and Digital Banking Trends&#8221; pubblicato su The Journal of Applied Finance &amp; Banking. Luigi condivide la sua esperienza anche come istruttore della FinTech School con sede in California e attraverso il suo sito web <a href=\"https:\/\/www.luigiwewege.com\/\" target=\"_blank\" rel=\"noopener\">luigiwewege.com<\/a>.<\/p>\n<h2>Caye International Bank &#8211; Struttura, stabilit\u00e0 e sicurezza<\/h2>\n<p>Sotto la guida di Wewege, Caye \u00e8 passata dalla quinta alla pi\u00f9 grande banca internazionale del Belize. Questa crescita \u00e8 attribuita in gran parte al suo impegno nel fornire soluzioni finanziarie su misura a clienti privati e aziendali in tutto il mondo.<\/p>\n<p>Luigi ha acquisito una vasta esperienza nei mercati globali e negli investimenti nel corso dei suoi 15 anni di esperienza internazionale nel settore dei servizi finanziari. Tra i suoi ruoli precedenti figurano l&#8217;Amministratore Delegato di Vivier, una societ\u00e0 finanziaria boutique, il Direttore Commerciale dell&#8217;Investment Research Group e il Consulente Senior di The Braintrust Network, una societ\u00e0 di consulenza manageriale su misura.<\/p>\n<p>Luigi \u00e8 stato premiato per la sua carriera con diversi riconoscimenti, tra cui il Private Banker of the Year Award nel 2021 per CARICOM e LATAM rispettivamente dalle riviste International Investor e Pan Finance. Wewege \u00e8 stato premiato anche dalla sua alma mater, la University of Missouri-St. Louis con il premio Outstanding Young Alumni Award nel 2019 e il premio UMSL Salute to Business Achievement Award for Outstanding Business Alumni nel 2017.<\/p>\n<p>Wewege ha conseguito un MBA in International Business presso la MIB Trieste School of Management in Italia e una laurea in Business con lode presso la University of Missouri-St. Louis dove ha conseguito la laurea triennale in Finanza, Affari Internazionali e Management.  <\/p>\n<p><span style=\"color: var( --e-global-color-text ); font-family: var( --e-global-typography-text-font-family ), Sans-serif; font-size: var( --e-global-typography-text-font-size ); font-style: var( --e-global-typography-text-font-style ); font-weight: var( --e-global-typography-text-font-weight ); letter-spacing: var( --e-global-typography-text-letter-spacing ); text-transform: var( --e-global-typography-text-text-transform ); word-spacing: var( --e-global-typography-text-word-spacing ); background-color: var( --e-global-color-17794e9 );\">Mentre terminava gli studi universitari, ha completato uno studio pilota per la Federal Trade Commission che esaminava l&#8217;accuratezza dei dati degli uffici di credito americani. La ricerca \u00e8 culminata in un rapporto presentato al Congresso degli Stati Uniti alla fine del 2009, ai sensi della Sezione 319 del Fair and Accurate Credit Transactions Act del 2003.<\/span><\/p>\n<p>Oltre ai suoi impegni professionali, Luigi ha istituito una propria fondazione che offre una borsa di studio universitaria annuale. \u00c8 anche ex presidente della Junior Chamber International &#8211; Metro. In particolare, Wewege ha partecipato a diversi sport agonistici, in particolare \u00e8 stato campione nazionale juniores di nuoto e ha ricevuto una borsa di studio NCAA maschile per il golf.<\/p>\n<p>Wewege \u00e8 sposata con Idaliz, socio di uno studio legale con sede a Panama, ha un figlio, Liam, e un chihuahua a pelo lungo di nome Arnie.<\/p>\n\t\t\t\t\t\t\t\t<\/div>\n\t\t\t\t<\/div>\n\t\t\t\t\t<\/div>\n\t\t<\/div>\n\t\t\t\t\t<\/div>\n\t\t<\/section>\n\t\t\t\t<\/div>\n\t\t","protected":false},"excerpt":{"rendered":"<p>Luigi Wewege Luigi Wewege Luigi Wewege \u00e8 presidente della Caye International Bank, premiata come una delle banche pi\u00f9 importanti dei Caraibi e dell&#8217;America Centrale. Luigi fa parte di diversi comitati consultivi internazionali che si occupano di settori diversi come la protezione dei beni, la blockchain, i metalli preziosi e la gestione patrimoniale. Wewege \u00e8 un [&hellip;]<\/p>\n","protected":false},"author":6,"featured_media":0,"parent":0,"menu_order":0,"comment_status":"closed","ping_status":"closed","template":"elementor_header_footer","meta":{"content-type":"","footnotes":""},"class_list":["post-16384","page","type-page","status-publish","hentry"],"_links":{"self":[{"href":"https:\/\/www.cayebank.bz\/it\/wp-json\/wp\/v2\/pages\/16384","targetHints":{"allow":["GET"]}}],"collection":[{"href":"https:\/\/www.cayebank.bz\/it\/wp-json\/wp\/v2\/pages"}],"about":[{"href":"https:\/\/www.cayebank.bz\/it\/wp-json\/wp\/v2\/types\/page"}],"author":[{"embeddable":true,"href":"https:\/\/www.cayebank.bz\/it\/wp-json\/wp\/v2\/users\/6"}],"replies":[{"embeddable":true,"href":"https:\/\/www.cayebank.bz\/it\/wp-json\/wp\/v2\/comments?post=16384"}],"version-history":[{"count":1,"href":"https:\/\/www.cayebank.bz\/it\/wp-json\/wp\/v2\/pages\/16384\/revisions"}],"predecessor-version":[{"id":16388,"href":"https:\/\/www.cayebank.bz\/it\/wp-json\/wp\/v2\/pages\/16384\/revisions\/16388"}],"wp:attachment":[{"href":"https:\/\/www.cayebank.bz\/it\/wp-json\/wp\/v2\/media?parent=16384"}],"curies":[{"name":"wp","href":"https:\/\/api.w.org\/{rel}","templated":true}]}}