{"id":16378,"date":"2023-04-13T05:40:02","date_gmt":"2023-04-13T11:40:02","guid":{"rendered":"https:\/\/www.cayebank.bz\/joel-nagel\/"},"modified":"2024-05-19T21:27:04","modified_gmt":"2024-05-20T03:27:04","slug":"joel-nagel","status":"publish","type":"page","link":"https:\/\/www.cayebank.bz\/it\/joel-nagel\/","title":{"rendered":"Joel Nagel"},"content":{"rendered":"\t\t<div data-elementor-type=\"wp-page\" data-elementor-id=\"16378\" class=\"elementor elementor-16378\" data-elementor-post-type=\"page\">\n\t\t\t\t\t\t<section class=\"elementor-section elementor-top-section elementor-element elementor-element-5cbc4f6 elementor-section-full_width elementor-section-height-default elementor-section-height-default\" data-id=\"5cbc4f6\" data-element_type=\"section\" data-e-type=\"section\" data-settings=\"{&quot;background_background&quot;:&quot;classic&quot;}\">\n\t\t\t\t\t\t<div class=\"elementor-container elementor-column-gap-default\">\n\t\t\t\t\t<div class=\"elementor-column elementor-col-100 elementor-top-column elementor-element elementor-element-01705d8\" data-id=\"01705d8\" data-element_type=\"column\" data-e-type=\"column\">\n\t\t\t<div class=\"elementor-widget-wrap elementor-element-populated\">\n\t\t\t\t\t\t<section class=\"elementor-section elementor-inner-section elementor-element elementor-element-e552917 elementor-section-boxed elementor-section-height-default elementor-section-height-default\" data-id=\"e552917\" data-element_type=\"section\" data-e-type=\"section\">\n\t\t\t\t\t\t<div class=\"elementor-container elementor-column-gap-default\">\n\t\t\t\t\t<div class=\"elementor-column elementor-col-33 elementor-inner-column elementor-element elementor-element-7689d32\" data-id=\"7689d32\" data-element_type=\"column\" data-e-type=\"column\">\n\t\t\t<div class=\"elementor-widget-wrap\">\n\t\t\t\t\t\t\t<\/div>\n\t\t<\/div>\n\t\t\t\t<div class=\"elementor-column elementor-col-33 elementor-inner-column elementor-element elementor-element-bc2b985\" data-id=\"bc2b985\" data-element_type=\"column\" data-e-type=\"column\" data-settings=\"{&quot;background_background&quot;:&quot;classic&quot;}\">\n\t\t\t<div class=\"elementor-widget-wrap elementor-element-populated\">\n\t\t\t\t\t\t<div class=\"elementor-element elementor-element-df5f222 elementor-widget elementor-widget-heading\" data-id=\"df5f222\" data-element_type=\"widget\" data-e-type=\"widget\" data-widget_type=\"heading.default\">\n\t\t\t\t<div class=\"elementor-widget-container\">\n\t\t\t\t\t<h2 class=\"elementor-heading-title elementor-size-default\">Joel Nagel<\/h2>\t\t\t\t<\/div>\n\t\t\t\t<\/div>\n\t\t\t\t\t<\/div>\n\t\t<\/div>\n\t\t\t\t<div class=\"elementor-column elementor-col-33 elementor-inner-column elementor-element elementor-element-1fc7df4\" data-id=\"1fc7df4\" data-element_type=\"column\" data-e-type=\"column\">\n\t\t\t<div class=\"elementor-widget-wrap\">\n\t\t\t\t\t\t\t<\/div>\n\t\t<\/div>\n\t\t\t\t\t<\/div>\n\t\t<\/section>\n\t\t\t\t\t<\/div>\n\t\t<\/div>\n\t\t\t\t\t<\/div>\n\t\t<\/section>\n\t\t\t\t<section class=\"elementor-section elementor-top-section elementor-element elementor-element-1aa8a88 elementor-section-boxed elementor-section-height-default elementor-section-height-default\" data-id=\"1aa8a88\" data-element_type=\"section\" data-e-type=\"section\">\n\t\t\t\t\t\t<div class=\"elementor-container elementor-column-gap-default\">\n\t\t\t\t\t<div class=\"elementor-column elementor-col-100 elementor-top-column elementor-element elementor-element-85b610f\" data-id=\"85b610f\" data-element_type=\"column\" data-e-type=\"column\">\n\t\t\t<div class=\"elementor-widget-wrap elementor-element-populated\">\n\t\t\t\t\t\t<div class=\"elementor-element elementor-element-307cc63 elementor-hidden-desktop elementor-hidden-tablet elementor-widget elementor-widget-image\" data-id=\"307cc63\" data-element_type=\"widget\" data-e-type=\"widget\" data-widget_type=\"image.default\">\n\t\t\t\t<div class=\"elementor-widget-container\">\n\t\t\t\t\t\t\t\t\t\t\t\t\t\t\t<img fetchpriority=\"high\" decoding=\"async\" width=\"325\" height=\"406\" src=\"https:\/\/www.cayebank.bz\/wp-content\/uploads\/2023\/05\/Joel-Nagel.jpg\" class=\"attachment-large size-large wp-image-6096\" alt=\"\" srcset=\"https:\/\/www.cayebank.bz\/wp-content\/uploads\/2023\/05\/Joel-Nagel.jpg 325w, https:\/\/www.cayebank.bz\/wp-content\/uploads\/2023\/05\/Joel-Nagel-240x300.jpg 240w\" sizes=\"(max-width: 325px) 100vw, 325px\" \/>\t\t\t\t\t\t\t\t\t\t\t\t\t\t\t<\/div>\n\t\t\t\t<\/div>\n\t\t\t\t\t<\/div>\n\t\t<\/div>\n\t\t\t\t\t<\/div>\n\t\t<\/section>\n\t\t\t\t<section class=\"elementor-section elementor-top-section elementor-element elementor-element-31c82be7 elementor-hidden-desktop elementor-hidden-tablet elementor-section-boxed elementor-section-height-default elementor-section-height-default\" data-id=\"31c82be7\" data-element_type=\"section\" data-e-type=\"section\">\n\t\t\t\t\t\t<div class=\"elementor-container elementor-column-gap-default\">\n\t\t\t\t\t<div class=\"elementor-column elementor-col-100 elementor-top-column elementor-element elementor-element-7577629d\" data-id=\"7577629d\" data-element_type=\"column\" data-e-type=\"column\">\n\t\t\t<div class=\"elementor-widget-wrap elementor-element-populated\">\n\t\t\t\t\t\t<div class=\"elementor-element elementor-element-43239d83 elementor-widget elementor-widget-text-editor\" data-id=\"43239d83\" data-element_type=\"widget\" data-e-type=\"widget\" data-widget_type=\"text-editor.default\">\n\t\t\t\t<div class=\"elementor-widget-container\">\n\t\t\t\t\t\t\t\t\t<h2 style=\"font-family: 'Encode Sans', sans-serif; color: #353535; font-weight: 400; font-size: 36px;\">Joel Nagel<\/h2>\n<p>Come presidente di Caye International Bank, <u><br \/>\n  <a href=\"https:\/\/www.joel-nagel.com\/\" target=\"_blank\" rel=\"noopener\">Joel Nagel<\/a><br \/>\n<\/u> non solo porta nel suo ruolo una solida esperienza legale e bancaria internazionale, ma \u00e8 anche investito nel successo della banca all&#8217;interno della comunit\u00e0 in cui ha prestato servizio per molti anni. Nato e formatosi negli Stati Uniti e in Europa, la carriera di Joel come avvocato specializzato in protezione dei beni internazionali e strutture di transazioni commerciali globali gli ha fornito una grande esperienza nel suo ruolo di Presidente di uno dei principali istituti bancari del Belize.<\/p>\n<h2 style=\"font-family: 'Encode Sans', sans-serif; color: #001f51; font-weight: 300; font-size: 30px;\">Caye International Bank &#8211; Struttura, stabilit\u00e0 e sicurezza<\/h2>\n<p>Joel sa che le fondamenta di una banca e di un istituto finanziario forte si basano sulla reputazione dei suoi servizi e delle sue persone. La decisione di aprire una banca in Belize si \u00e8 basata sulla pluriennale esperienza di Joel come avvocato e <u><a href=\"https:\/\/ecidevelopment.com\/about\/\" target=\"_blank\" rel=\"noopener\">imprenditore\/investitore nella regione<\/a>.<\/u><\/p>\n<p>Il Belize \u00e8 una scelta ovvia per una banca che si concentra sul private banking, sui finanziamenti ipotecari e sulle opportunit\u00e0 di investimento: il governo del Belize \u00e8 una democrazia stabile e in crescita con un regime fiscale a zero tasse ed \u00e8 considerato da molte banche d&#8217;investimento negli Stati Uniti e in Europa una giurisdizione internazionale preminente per le attivit\u00e0 bancarie nei Caraibi e in America Centrale. Caye International Bank, Ltd., \u00e8 stata premiata nel 2017 come migliore banca privata del Belize.<\/p>\n\t\t\t\t\t\t\t\t<\/div>\n\t\t\t\t<\/div>\n\t\t\t\t\t<\/div>\n\t\t<\/div>\n\t\t\t\t\t<\/div>\n\t\t<\/section>\n\t\t\t\t<section class=\"elementor-section elementor-top-section elementor-element elementor-element-e6dd30e elementor-hidden-tablet elementor-hidden-mobile elementor-section-boxed elementor-section-height-default elementor-section-height-default\" data-id=\"e6dd30e\" data-element_type=\"section\" data-e-type=\"section\">\n\t\t\t\t\t\t<div class=\"elementor-container elementor-column-gap-default\">\n\t\t\t\t\t<div class=\"elementor-column elementor-col-100 elementor-top-column elementor-element elementor-element-a807171\" data-id=\"a807171\" data-element_type=\"column\" data-e-type=\"column\">\n\t\t\t<div class=\"elementor-widget-wrap elementor-element-populated\">\n\t\t\t\t\t\t<div class=\"elementor-element elementor-element-fd04cf6 elementor-widget elementor-widget-text-editor\" data-id=\"fd04cf6\" data-element_type=\"widget\" data-e-type=\"widget\" data-widget_type=\"text-editor.default\">\n\t\t\t\t<div class=\"elementor-widget-container\">\n\t\t\t\t\t\t\t\t\t<h2 style=\"font-family: 'Encode Sans', sans-serif; color: #353535; font-weight: 400; font-size: 36px;\">Joel Nagel<\/h2>\n<p><a href=\"https:\/\/www.cayebank.bz\/wp-content\/uploads\/2023\/05\/Joel-Nagel.jpg\"><img decoding=\"async\" class=\"size-medium wp-image-6096 alignright\" src=\"https:\/\/www.cayebank.bz\/wp-content\/uploads\/2023\/05\/Joel-Nagel-240x300.jpg\" alt=\"\" width=\"240\" height=\"300\" srcset=\"https:\/\/www.cayebank.bz\/wp-content\/uploads\/2023\/05\/Joel-Nagel-240x300.jpg 240w, https:\/\/www.cayebank.bz\/wp-content\/uploads\/2023\/05\/Joel-Nagel.jpg 325w\" sizes=\"(max-width: 240px) 100vw, 240px\" \/><\/a><\/p>\n<p style=\"font-family: 'Encode Sans', sans-serif; color: #353535; font-size: 18px;\">Come presidente di Caye International Bank, <u><br \/>\n  <a href=\"https:\/\/www.joel-nagel.com\/\" target=\"_blank\" rel=\"noopener\">Joel Nagel<\/a><br \/>\n<\/u> non solo porta nel suo ruolo una solida esperienza legale e bancaria internazionale, ma \u00e8 anche investito nel successo della banca all&#8217;interno della comunit\u00e0 in cui ha prestato servizio per molti anni. Nato e formatosi negli Stati Uniti e in Europa, la carriera di Joel come avvocato specializzato in protezione dei beni internazionali e strutture di transazioni commerciali globali gli ha fornito una grande esperienza nel suo ruolo di Presidente di uno dei principali istituti bancari del Belize.<\/p>\n<h2 style=\"font-family: 'Encode Sans', sans-serif; color: #001f51; font-weight: 300; font-size: 30px;\">Caye International Bank &#8211; Struttura, stabilit\u00e0 e sicurezza<\/h2>\n<p style=\"font-family: 'Encode Sans', sans-serif; color: #353535; font-size: 18px;\">Joel sa che le fondamenta di una banca e di un istituto finanziario forte si basano sulla reputazione dei suoi servizi e delle sue persone. La decisione di aprire una banca in Belize si \u00e8 basata sulla pluriennale esperienza di Joel come avvocato e <a href=\"https:\/\/ecidevelopment.com\/about\/\" target=\"_blank\" rel=\"noopener\">imprenditore\/investitore nella regione.<\/a><\/p>\n<p>Il Belize \u00e8 una scelta ovvia per una banca che si concentra sul private banking, sui finanziamenti ipotecari e sulle opportunit\u00e0 di investimento: il governo del Belize \u00e8 una democrazia stabile e in crescita con un regime fiscale a zero tasse ed \u00e8 considerato da molte banche d&#8217;investimento negli Stati Uniti e in Europa una giurisdizione internazionale preminente per le attivit\u00e0 bancarie nei Caraibi e in America Centrale. Caye International Bank, Ltd., \u00e8 stata premiata nel 2017 come migliore banca privata del Belize.<\/p>\n\t\t\t\t\t\t\t\t<\/div>\n\t\t\t\t<\/div>\n\t\t\t\t\t<\/div>\n\t\t<\/div>\n\t\t\t\t\t<\/div>\n\t\t<\/section>\n\t\t\t\t<section class=\"elementor-section elementor-top-section elementor-element elementor-element-bef3931 elementor-section-boxed elementor-section-height-default elementor-section-height-default\" data-id=\"bef3931\" data-element_type=\"section\" data-e-type=\"section\">\n\t\t\t\t\t\t<div class=\"elementor-container elementor-column-gap-default\">\n\t\t\t\t\t<div class=\"elementor-column elementor-col-100 elementor-top-column elementor-element elementor-element-af1c467\" data-id=\"af1c467\" data-element_type=\"column\" data-e-type=\"column\">\n\t\t\t<div class=\"elementor-widget-wrap elementor-element-populated\">\n\t\t\t\t\t\t<div class=\"elementor-element elementor-element-55374c8 elementor-widget elementor-widget-text-editor\" data-id=\"55374c8\" data-element_type=\"widget\" data-e-type=\"widget\" data-widget_type=\"text-editor.default\">\n\t\t\t\t<div class=\"elementor-widget-container\">\n\t\t\t\t\t\t\t\t\t<p>Le banche del Belize e la Caye International Bank in particolare, offrono pi\u00f9 di un rifugio per i fondi internazionali. Il codice bancario del Belize garantisce la conformit\u00e0 fiscale a livello globale (soprattutto statunitense), la protezione dei beni e la possibilit\u00e0 di investire in iniziative imprenditoriali nella regione. A fronte di un programma di de-risking sempre pi\u00f9 diffuso da parte degli Stati Uniti, le banche del Belize si sono assicurate che tutti i canali siano sicuri e stabili.<\/p>\n<p>Caye International Bank, Ltd. \u00e8 stata la prima banca del Belize a diventare conforme al FATCA degli Stati Uniti. Il servizio clienti di Caye International Bank si basa sulla comprensione delle esigenze dei clienti e ogni rapporto bancario \u00e8 unico, privato e personalizzato. Essendo l&#8217;unica banca internazionale con sede sull&#8217;isola di Ambergris Caye, Caye International Bank ha la licenza per lavorare con aziende e privati di tutto il mondo, per fornire servizi bancari internazionali.<\/p>\n<h2 style=\"font-family: 'Encode Sans', sans-serif; color: #001f51; font-weight: 300; font-size: 30px;\">Perch\u00e9 fare una banca offshore?<\/h2>\n<p>Grazie a un regime di tassazione zero, all&#8217;assenza di controlli sui cambi e alla totale riservatezza, ha senso diversificare un portafoglio di attivit\u00e0 locali e includere una componente internazionale. Il governo garantisce stabilit\u00e0 e sicurezza insistendo su un obbligo di riserva per le banche del 24%, pi\u00f9 del triplo di quanto richiesto negli Stati Uniti. La Caye International Bank detiene in media il doppio delle riserve richieste dal Belize. Quando scegli una banca internazionale, valuta i profili di investimento e l&#8217;esperienza della banca e dei suoi funzionari per capire come verranno gestiti i tuoi beni offshore.<\/p>\n<h2 style=\"font-family: 'Encode Sans', sans-serif; color: #001f51; font-weight: 300; font-size: 30px;\">Joel Nagel &#8211; Trent&#8217;anni di esperienza<\/h2>\n<p>Avvocato di formazione internazionale, Joel Nagel ha studiato negli Stati Uniti e in Germania e attualmente \u00e8 membro dell&#8217;American Bar Association e fondatore dello studio boutique Nagel &amp; Associates. Ha fatto parte del <u>\n  <a href=\"https:\/\/www.crunchbase.com\/person\/joel-nagel\" target=\"_blank\" rel=\"noopener\"> consiglio di amministrazione di oltre 15 societ\u00e0<\/a>\n<\/u>&nbsp;ed \u00e8 noto per il suo lavoro di strutturazione di diversi investimenti alberghieri nei Caraibi per societ\u00e0 di sviluppo internazionali, tra cui un hotel di marca di 200 camere ad Ambergris Caye. Nagel \u00e8 stato uno dei pionieri della concessione di licenze a strutture legali internazionali in Belize, tra cui banche, trust, hedge fund, fondi comuni e compagnie assicurative.<\/p><p><span style=\"background-color: var( --e-global-color-17794e9 ); color: var( --e-global-color-text ); font-family: var( --e-global-typography-text-font-family ), Sans-serif; font-size: var( --e-global-typography-text-font-size ); font-style: var( --e-global-typography-text-font-style ); font-weight: var( --e-global-typography-text-font-weight ); letter-spacing: var( --e-global-typography-text-letter-spacing ); text-transform: var( --e-global-typography-text-text-transform ); word-spacing: var( --e-global-typography-text-word-spacing );\">Joel Nagel \u00e8 stato coinvolto in diverse attivit\u00e0 filantropiche. \u00c8 stato membro del Rotary per oltre 25 anni, ricoprendo il ruolo di Presidente del Rotary Club Pittsburgh, di Governatore distrettuale per i Rotary Club della Pennsylvania occidentale e di organizzatore e fondatore del Rotary Club Ambergris Caye a San Pedro, Belize.<\/span><\/p><p style=\"font-family: 'Encode Sans', sans-serif; color: #353535; font-size: 18px;\"><span style=\"color: var( --e-global-color-text ); font-family: var( --e-global-typography-text-font-family ), Sans-serif; font-size: var( --e-global-typography-text-font-size ); font-style: var( --e-global-typography-text-font-style ); font-weight: var( --e-global-typography-text-font-weight ); letter-spacing: var( --e-global-typography-text-letter-spacing ); text-transform: var( --e-global-typography-text-text-transform ); word-spacing: var( --e-global-typography-text-word-spacing ); background-color: var( --e-global-color-17794e9 );\">Durante i suoi incarichi con il Rotary, Joel ha sviluppato il concetto di costruire cliniche sanitarie fuori dalla rete in Nicaragua, chiamate le Cliniche Sanitarie Roberto Clemente (in onore del giocatore di baseball dei Pittsburgh Pirates Roberto Clemente, che mor\u00ec consegnando forniture mediche di soccorso al Nicaragua dopo il terremoto del 1972). Ad oggi, Nagel e il Rotary hanno costruito tre cliniche in Nicaragua.<\/span><\/p><p style=\"font-family: 'Encode Sans', sans-serif; color: #353535; font-size: 18px;\"><span style=\"color: var( --e-global-color-text ); font-family: var( --e-global-typography-text-font-family ), Sans-serif; font-size: var( --e-global-typography-text-font-size ); font-style: var( --e-global-typography-text-font-style ); font-weight: var( --e-global-typography-text-font-weight ); letter-spacing: var( --e-global-typography-text-letter-spacing ); text-transform: var( --e-global-typography-text-text-transform ); word-spacing: var( --e-global-typography-text-word-spacing ); background-color: var( --e-global-color-17794e9 );\">\u00c8 stato anche membro del consiglio di amministrazione e segretario della Fondazione Violetta Chamorro e della Nicaraguan Development Corporation.<\/span><\/p><p style=\"font-family: 'Encode Sans', sans-serif; color: #353535; font-size: 18px;\"><span style=\"color: var( --e-global-color-text ); font-family: var( --e-global-typography-text-font-family ), Sans-serif; font-size: var( --e-global-typography-text-font-size ); font-style: var( --e-global-typography-text-font-style ); font-weight: var( --e-global-typography-text-font-weight ); letter-spacing: var( --e-global-typography-text-letter-spacing ); text-transform: var( --e-global-typography-text-text-transform ); word-spacing: var( --e-global-typography-text-word-spacing ); background-color: var( --e-global-color-17794e9 );\">Nagel ha dato vita al programma annuale &#8220;Shark Tank Belize&#8221; per aiutare a finanziare promettenti aziende start-up del Belize e sponsorizza il programma annuale di distribuzione di giocattoli natalizi insieme alla Living Word Church di San Pedro, Belize.<\/span><\/p>\t\t\t\t\t\t\t\t<\/div>\n\t\t\t\t<\/div>\n\t\t\t\t\t<\/div>\n\t\t<\/div>\n\t\t\t\t\t<\/div>\n\t\t<\/section>\n\t\t\t\t<\/div>\n\t\t","protected":false},"excerpt":{"rendered":"<p>Joel Nagel Joel Nagel Come presidente di Caye International Bank, Joel Nagel non solo porta nel suo ruolo una solida esperienza legale e bancaria internazionale, ma \u00e8 anche investito nel successo della banca all&#8217;interno della comunit\u00e0 in cui ha prestato servizio per molti anni. Nato e formatosi negli Stati Uniti e in Europa, la carriera [&hellip;]<\/p>\n","protected":false},"author":6,"featured_media":0,"parent":0,"menu_order":0,"comment_status":"closed","ping_status":"closed","template":"elementor_header_footer","meta":{"content-type":"","footnotes":""},"class_list":["post-16378","page","type-page","status-publish","hentry"],"_links":{"self":[{"href":"https:\/\/www.cayebank.bz\/it\/wp-json\/wp\/v2\/pages\/16378","targetHints":{"allow":["GET"]}}],"collection":[{"href":"https:\/\/www.cayebank.bz\/it\/wp-json\/wp\/v2\/pages"}],"about":[{"href":"https:\/\/www.cayebank.bz\/it\/wp-json\/wp\/v2\/types\/page"}],"author":[{"embeddable":true,"href":"https:\/\/www.cayebank.bz\/it\/wp-json\/wp\/v2\/users\/6"}],"replies":[{"embeddable":true,"href":"https:\/\/www.cayebank.bz\/it\/wp-json\/wp\/v2\/comments?post=16378"}],"version-history":[{"count":1,"href":"https:\/\/www.cayebank.bz\/it\/wp-json\/wp\/v2\/pages\/16378\/revisions"}],"predecessor-version":[{"id":16381,"href":"https:\/\/www.cayebank.bz\/it\/wp-json\/wp\/v2\/pages\/16378\/revisions\/16381"}],"wp:attachment":[{"href":"https:\/\/www.cayebank.bz\/it\/wp-json\/wp\/v2\/media?parent=16378"}],"curies":[{"name":"wp","href":"https:\/\/api.w.org\/{rel}","templated":true}]}}