{"id":16375,"date":"2023-04-13T05:53:29","date_gmt":"2023-04-13T11:53:29","guid":{"rendered":"https:\/\/www.cayebank.bz\/benvenuto-del-presidente\/"},"modified":"2024-05-19T21:27:04","modified_gmt":"2024-05-20T03:27:04","slug":"benvenuto-del-presidente","status":"publish","type":"page","link":"https:\/\/www.cayebank.bz\/it\/benvenuto-del-presidente\/","title":{"rendered":"Benvenuto del Presidente"},"content":{"rendered":"\t\t<div data-elementor-type=\"wp-page\" data-elementor-id=\"16375\" class=\"elementor elementor-16375\" data-elementor-post-type=\"page\">\n\t\t\t\t\t\t<section class=\"elementor-section elementor-top-section elementor-element elementor-element-624a9ab elementor-section-full_width elementor-section-height-default elementor-section-height-default\" data-id=\"624a9ab\" data-element_type=\"section\" data-e-type=\"section\" data-settings=\"{&quot;background_background&quot;:&quot;classic&quot;}\">\n\t\t\t\t\t\t<div class=\"elementor-container elementor-column-gap-default\">\n\t\t\t\t\t<div class=\"elementor-column elementor-col-100 elementor-top-column elementor-element elementor-element-9b99c09\" data-id=\"9b99c09\" data-element_type=\"column\" data-e-type=\"column\">\n\t\t\t<div class=\"elementor-widget-wrap elementor-element-populated\">\n\t\t\t\t\t\t<section class=\"elementor-section elementor-inner-section elementor-element elementor-element-eab83a2 elementor-section-boxed elementor-section-height-default elementor-section-height-default\" data-id=\"eab83a2\" data-element_type=\"section\" data-e-type=\"section\">\n\t\t\t\t\t\t<div class=\"elementor-container elementor-column-gap-default\">\n\t\t\t\t\t<div class=\"elementor-column elementor-col-33 elementor-inner-column elementor-element elementor-element-6cb7483\" data-id=\"6cb7483\" data-element_type=\"column\" data-e-type=\"column\">\n\t\t\t<div class=\"elementor-widget-wrap\">\n\t\t\t\t\t\t\t<\/div>\n\t\t<\/div>\n\t\t\t\t<div class=\"elementor-column elementor-col-33 elementor-inner-column elementor-element elementor-element-dbac0eb\" data-id=\"dbac0eb\" data-element_type=\"column\" data-e-type=\"column\" data-settings=\"{&quot;background_background&quot;:&quot;classic&quot;}\">\n\t\t\t<div class=\"elementor-widget-wrap elementor-element-populated\">\n\t\t\t\t\t\t<div class=\"elementor-element elementor-element-6c0827b elementor-widget elementor-widget-heading\" data-id=\"6c0827b\" data-element_type=\"widget\" data-e-type=\"widget\" data-widget_type=\"heading.default\">\n\t\t\t\t<div class=\"elementor-widget-container\">\n\t\t\t\t\t<h2 class=\"elementor-heading-title elementor-size-default\">Benvenuto del Presidente<\/h2>\t\t\t\t<\/div>\n\t\t\t\t<\/div>\n\t\t\t\t<div class=\"elementor-element elementor-element-be17c21 elementor-widget elementor-widget-text-editor\" data-id=\"be17c21\" data-element_type=\"widget\" data-e-type=\"widget\" data-widget_type=\"text-editor.default\">\n\t\t\t\t<div class=\"elementor-widget-container\">\n\t\t\t\t\t\t\t\t\t<p style=\"text-align: center;\">Ambasciatore Joel Nagel<\/p>\n\t\t\t\t\t\t\t\t<\/div>\n\t\t\t\t<\/div>\n\t\t\t\t\t<\/div>\n\t\t<\/div>\n\t\t\t\t<div class=\"elementor-column elementor-col-33 elementor-inner-column elementor-element elementor-element-3cf61fd\" data-id=\"3cf61fd\" data-element_type=\"column\" data-e-type=\"column\">\n\t\t\t<div class=\"elementor-widget-wrap\">\n\t\t\t\t\t\t\t<\/div>\n\t\t<\/div>\n\t\t\t\t\t<\/div>\n\t\t<\/section>\n\t\t\t\t\t<\/div>\n\t\t<\/div>\n\t\t\t\t\t<\/div>\n\t\t<\/section>\n\t\t\t\t<section class=\"elementor-section elementor-top-section elementor-element elementor-element-4115f9aa elementor-section-boxed elementor-section-height-default elementor-section-height-default\" data-id=\"4115f9aa\" data-element_type=\"section\" data-e-type=\"section\">\n\t\t\t\t\t\t<div class=\"elementor-container elementor-column-gap-default\">\n\t\t\t\t\t<div class=\"elementor-column elementor-col-50 elementor-top-column elementor-element elementor-element-56ea02bc\" data-id=\"56ea02bc\" data-element_type=\"column\" data-e-type=\"column\">\n\t\t\t<div class=\"elementor-widget-wrap elementor-element-populated\">\n\t\t\t\t\t\t<div class=\"elementor-element elementor-element-d0dcdb8 elementor-widget elementor-widget-image\" data-id=\"d0dcdb8\" data-element_type=\"widget\" data-e-type=\"widget\" data-widget_type=\"image.default\">\n\t\t\t\t<div class=\"elementor-widget-container\">\n\t\t\t\t\t\t\t\t\t\t\t\t\t\t\t<img fetchpriority=\"high\" decoding=\"async\" width=\"325\" height=\"406\" src=\"https:\/\/www.cayebank.bz\/wp-content\/uploads\/2023\/05\/Joel-02.jpg\" class=\"attachment-large size-large wp-image-9062\" alt=\"\" srcset=\"https:\/\/www.cayebank.bz\/wp-content\/uploads\/2023\/05\/Joel-02.jpg 325w, https:\/\/www.cayebank.bz\/wp-content\/uploads\/2023\/05\/Joel-02-240x300.jpg 240w\" sizes=\"(max-width: 325px) 100vw, 325px\" \/>\t\t\t\t\t\t\t\t\t\t\t\t\t\t\t<\/div>\n\t\t\t\t<\/div>\n\t\t\t\t\t<\/div>\n\t\t<\/div>\n\t\t\t\t<div class=\"elementor-column elementor-col-50 elementor-top-column elementor-element elementor-element-de7a049\" data-id=\"de7a049\" data-element_type=\"column\" data-e-type=\"column\">\n\t\t\t<div class=\"elementor-widget-wrap elementor-element-populated\">\n\t\t\t\t\t\t<div class=\"elementor-element elementor-element-d1875e5 elementor-widget elementor-widget-text-editor\" data-id=\"d1875e5\" data-element_type=\"widget\" data-e-type=\"widget\" data-widget_type=\"text-editor.default\">\n\t\t\t\t<div class=\"elementor-widget-container\">\n\t\t\t\t\t\t\t\t\t<h2>Ambasciatore Joel Nagel<\/h2>\n<p>A partire dalla visione della fondazione di Caye con il Direttore del Consiglio di Amministrazione: Michael Cobb nel 1996, questa banca nascente si \u00e8 espansa notevolmente dagli inizi come societ\u00e0 di mutui e poi come banca dal 2003 in poi. Ora, grazie alla base di clienti internazionali in continua crescita e alla rete di alleanze strategiche globali, la banca \u00e8 pronta a continuare la sua crescita anche in futuro.<\/p>\n<p><span style=\"background-color: var( --e-global-color-17794e9 ); color: var( --e-global-color-text ); font-family: var( --e-global-typography-text-font-family ), Sans-serif; font-size: var( --e-global-typography-text-font-size ); font-style: var( --e-global-typography-text-font-style ); font-weight: var( --e-global-typography-text-font-weight ); letter-spacing: var( --e-global-typography-text-letter-spacing ); text-transform: var( --e-global-typography-text-text-transform ); word-spacing: var( --e-global-typography-text-word-spacing );\">Il successo della banca \u00e8 stato reso possibile grazie all&#8217;aiuto di membri visionari del consiglio di amministrazione, di personale dedicato e di clienti fedeli. Ci sono state anche molte altre persone che hanno fornito la forza motrice e la lungimiranza per gettare le basi della banca, e per i loro sforzi sono davvero grato. Attualmente, i direttori della banca forniscono una guida e una leadership che sono fonti di motivazione e ispirazione per tutti noi di Caye International Bank.<\/span><\/p><p><a href=\"https:\/\/www.cayebank.bz\/joel-nagel\/\" style=\"font-family: var( --e-global-typography-text-font-family ), Sans-serif; font-size: var( --e-global-typography-text-font-size ); font-style: var( --e-global-typography-text-font-style ); font-weight: var( --e-global-typography-text-font-weight ); letter-spacing: var( --e-global-typography-text-letter-spacing ); text-transform: var( --e-global-typography-text-text-transform ); word-spacing: var( --e-global-typography-text-word-spacing );\">Joel Nagel<\/a><br><\/p>\n<p>Presidente di Caye International Bank<\/p>\t\t\t\t\t\t\t\t<\/div>\n\t\t\t\t<\/div>\n\t\t\t\t\t<\/div>\n\t\t<\/div>\n\t\t\t\t\t<\/div>\n\t\t<\/section>\n\t\t\t\t<section class=\"elementor-section elementor-top-section elementor-element elementor-element-d90c029 elementor-section-boxed elementor-section-height-default elementor-section-height-default\" data-id=\"d90c029\" data-element_type=\"section\" data-e-type=\"section\" data-settings=\"{&quot;background_background&quot;:&quot;classic&quot;}\">\n\t\t\t\t\t\t<div class=\"elementor-container elementor-column-gap-default\">\n\t\t\t\t\t<div class=\"elementor-column elementor-col-100 elementor-top-column elementor-element elementor-element-7880377\" data-id=\"7880377\" data-element_type=\"column\" data-e-type=\"column\">\n\t\t\t<div class=\"elementor-widget-wrap elementor-element-populated\">\n\t\t\t\t\t\t<div class=\"elementor-element elementor-element-e978c06 elementor-blockquote--skin-quotation elementor-blockquote--align-center elementor-widget elementor-widget-blockquote\" data-id=\"e978c06\" data-element_type=\"widget\" data-e-type=\"widget\" data-widget_type=\"blockquote.default\">\n\t\t\t\t<div class=\"elementor-widget-container\">\n\t\t\t\t\t\t\t<blockquote class=\"elementor-blockquote\">\n\t\t\t<p class=\"elementor-blockquote__content\">\n\t\t\t\t<i>\"In qualit\u00e0 di Presidente del Consiglio di Amministrazione sono orgoglioso dei quasi due decenni di attivit\u00e0 della Banca nella regione\".\n<\/i>\t\t\t<\/p>\n\t\t\t\t\t<\/blockquote>\n\t\t\t\t\t\t<\/div>\n\t\t\t\t<\/div>\n\t\t\t\t\t<\/div>\n\t\t<\/div>\n\t\t\t\t\t<\/div>\n\t\t<\/section>\n\t\t\t\t<section class=\"elementor-section elementor-top-section elementor-element elementor-element-7179ae0 elementor-section-boxed elementor-section-height-default elementor-section-height-default\" data-id=\"7179ae0\" data-element_type=\"section\" data-e-type=\"section\">\n\t\t\t\t\t\t<div class=\"elementor-container elementor-column-gap-default\">\n\t\t\t\t\t<div class=\"elementor-column elementor-col-100 elementor-top-column elementor-element elementor-element-fc15eef\" data-id=\"fc15eef\" data-element_type=\"column\" data-e-type=\"column\">\n\t\t\t<div class=\"elementor-widget-wrap elementor-element-populated\">\n\t\t\t\t\t\t<div class=\"elementor-element elementor-element-facb36c elementor-widget elementor-widget-text-editor\" data-id=\"facb36c\" data-element_type=\"widget\" data-e-type=\"widget\" data-widget_type=\"text-editor.default\">\n\t\t\t\t<div class=\"elementor-widget-container\">\n\t\t\t\t\t\t\t\t\t<p>Caye International Bank \u00e8 oggi una delle principali banche del Belize e l&#8217;unica focalizzata esclusivamente sul mercato internazionale. Con uno dei rapporti di liquidit\u00e0 pi\u00f9 alti di qualsiasi altra banca globale, Caye vanta quasi 20 anni di solide performance operative. La missione di Caye \u00e8 sempre stata quella di fornire servizi finanziari basati sull&#8217;affidabilit\u00e0 e sostenuti da forti valori aziendali, e questa formula ha visto la banca crescere con una struttura di ricavi diversificata, un bilancio con una buona qualit\u00e0 degli attivi, fonti di finanziamento diversificate e una forte base di capitale.<\/p>\n<p><span style=\"color: var( --e-global-color-text ); font-family: var( --e-global-typography-text-font-family ), Sans-serif; font-size: var( --e-global-typography-text-font-size ); font-style: var( --e-global-typography-text-font-style ); font-weight: var( --e-global-typography-text-font-weight ); letter-spacing: var( --e-global-typography-text-letter-spacing ); text-transform: var( --e-global-typography-text-text-transform ); word-spacing: var( --e-global-typography-text-word-spacing ); background-color: var( --e-global-color-17794e9 );\">L&#8217;entit\u00e0 dell&#8217;attivit\u00e0 economica e la stabilit\u00e0 del Belize e della regione centroamericana hanno permesso a Caye di registrare una forte crescita in tutti i prodotti principali della banca. Inoltre, riteniamo che la nostra gamma di servizi finanziari internazionali offerti negli ultimi vent&#8217;anni ci abbia permesso di svolgere un ruolo fondamentale nella crescita e nella prosperit\u00e0 non solo dell&#8217;isola di Ambergris Caye, ma dello stesso Belize.<\/span><\/p>\n<p><span style=\"color: var( --e-global-color-text ); font-family: var( --e-global-typography-text-font-family ), Sans-serif; font-size: var( --e-global-typography-text-font-size ); font-style: var( --e-global-typography-text-font-style ); font-weight: var( --e-global-typography-text-font-weight ); letter-spacing: var( --e-global-typography-text-letter-spacing ); text-transform: var( --e-global-typography-text-text-transform ); word-spacing: var( --e-global-typography-text-word-spacing ); background-color: var( --e-global-color-17794e9 );\">I continui investimenti della banca riguarderanno nuovi prodotti, capitale umano e tecnologia, insieme a una diversificazione strategica in nuove aree di business, oltre a una maggiore attenzione alla gestione del rischio, alla liquidit\u00e0 e a una diversificazione regionale di successo. Credo che nei prossimi anni Caye International Bank si affermer\u00e0 come un&#8217;importante istituzione finanziaria nella regione dell&#8217;America Centrale e fornir\u00e0 alla banca una piattaforma per espandersi in giurisdizioni internazionali pi\u00f9 lontane.<\/span><\/p>\n\t\t\t\t\t\t\t\t<\/div>\n\t\t\t\t<\/div>\n\t\t\t\t\t<\/div>\n\t\t<\/div>\n\t\t\t\t\t<\/div>\n\t\t<\/section>\n\t\t\t\t<\/div>\n\t\t","protected":false},"excerpt":{"rendered":"<p>Benvenuto del Presidente Ambasciatore Joel Nagel Ambasciatore Joel Nagel A partire dalla visione della fondazione di Caye con il Direttore del Consiglio di Amministrazione: Michael Cobb nel 1996, questa banca nascente si \u00e8 espansa notevolmente dagli inizi come societ\u00e0 di mutui e poi come banca dal 2003 in poi. Ora, grazie alla base di clienti [&hellip;]<\/p>\n","protected":false},"author":6,"featured_media":0,"parent":0,"menu_order":0,"comment_status":"closed","ping_status":"closed","template":"elementor_header_footer","meta":{"content-type":"","footnotes":""},"class_list":["post-16375","page","type-page","status-publish","hentry"],"_links":{"self":[{"href":"https:\/\/www.cayebank.bz\/it\/wp-json\/wp\/v2\/pages\/16375","targetHints":{"allow":["GET"]}}],"collection":[{"href":"https:\/\/www.cayebank.bz\/it\/wp-json\/wp\/v2\/pages"}],"about":[{"href":"https:\/\/www.cayebank.bz\/it\/wp-json\/wp\/v2\/types\/page"}],"author":[{"embeddable":true,"href":"https:\/\/www.cayebank.bz\/it\/wp-json\/wp\/v2\/users\/6"}],"replies":[{"embeddable":true,"href":"https:\/\/www.cayebank.bz\/it\/wp-json\/wp\/v2\/comments?post=16375"}],"version-history":[{"count":1,"href":"https:\/\/www.cayebank.bz\/it\/wp-json\/wp\/v2\/pages\/16375\/revisions"}],"predecessor-version":[{"id":16379,"href":"https:\/\/www.cayebank.bz\/it\/wp-json\/wp\/v2\/pages\/16375\/revisions\/16379"}],"wp:attachment":[{"href":"https:\/\/www.cayebank.bz\/it\/wp-json\/wp\/v2\/media?parent=16375"}],"curies":[{"name":"wp","href":"https:\/\/api.w.org\/{rel}","templated":true}]}}