{"id":13523,"date":"2023-04-18T14:38:16","date_gmt":"2023-04-18T20:38:16","guid":{"rendered":"https:\/\/www.cayebank.bz\/jours-feries\/"},"modified":"2023-05-31T06:03:34","modified_gmt":"2023-05-31T12:03:34","slug":"jours-feries","status":"publish","type":"page","link":"https:\/\/www.cayebank.bz\/fr\/jours-feries\/","title":{"rendered":"Jours f\u00e9ri\u00e9s"},"content":{"rendered":"\t\t<div data-elementor-type=\"wp-page\" data-elementor-id=\"13523\" class=\"elementor elementor-13523\" data-elementor-post-type=\"page\">\n\t\t\t\t\t\t<section class=\"elementor-section elementor-top-section elementor-element elementor-element-fdfbc38 elementor-section-full_width elementor-section-height-default elementor-section-height-default\" data-id=\"fdfbc38\" data-element_type=\"section\" data-e-type=\"section\" data-settings=\"{&quot;background_background&quot;:&quot;classic&quot;}\">\n\t\t\t\t\t\t<div class=\"elementor-container elementor-column-gap-default\">\n\t\t\t\t\t<div class=\"elementor-column elementor-col-100 elementor-top-column elementor-element elementor-element-503f529\" data-id=\"503f529\" data-element_type=\"column\" data-e-type=\"column\">\n\t\t\t<div class=\"elementor-widget-wrap elementor-element-populated\">\n\t\t\t\t\t\t<section class=\"elementor-section elementor-inner-section elementor-element elementor-element-68a9118 elementor-section-boxed elementor-section-height-default elementor-section-height-default\" data-id=\"68a9118\" data-element_type=\"section\" data-e-type=\"section\">\n\t\t\t\t\t\t<div class=\"elementor-container elementor-column-gap-default\">\n\t\t\t\t\t<div class=\"elementor-column elementor-col-33 elementor-inner-column elementor-element elementor-element-78258a8\" data-id=\"78258a8\" data-element_type=\"column\" data-e-type=\"column\">\n\t\t\t<div class=\"elementor-widget-wrap\">\n\t\t\t\t\t\t\t<\/div>\n\t\t<\/div>\n\t\t\t\t<div class=\"elementor-column elementor-col-33 elementor-inner-column elementor-element elementor-element-bd37f55\" data-id=\"bd37f55\" data-element_type=\"column\" data-e-type=\"column\" data-settings=\"{&quot;background_background&quot;:&quot;classic&quot;}\">\n\t\t\t<div class=\"elementor-widget-wrap elementor-element-populated\">\n\t\t\t\t\t\t<div class=\"elementor-element elementor-element-4361cf0 elementor-widget elementor-widget-heading\" data-id=\"4361cf0\" data-element_type=\"widget\" data-e-type=\"widget\" data-widget_type=\"heading.default\">\n\t\t\t\t<div class=\"elementor-widget-container\">\n\t\t\t\t\t<h2 class=\"elementor-heading-title elementor-size-default\">Jours f\u00e9ri\u00e9s<\/h2>\t\t\t\t<\/div>\n\t\t\t\t<\/div>\n\t\t\t\t\t<\/div>\n\t\t<\/div>\n\t\t\t\t<div class=\"elementor-column elementor-col-33 elementor-inner-column elementor-element elementor-element-09c793e\" data-id=\"09c793e\" data-element_type=\"column\" data-e-type=\"column\">\n\t\t\t<div class=\"elementor-widget-wrap\">\n\t\t\t\t\t\t\t<\/div>\n\t\t<\/div>\n\t\t\t\t\t<\/div>\n\t\t<\/section>\n\t\t\t\t\t<\/div>\n\t\t<\/div>\n\t\t\t\t\t<\/div>\n\t\t<\/section>\n\t\t\t\t<section class=\"elementor-section elementor-top-section elementor-element elementor-element-f5bc45b elementor-section-boxed elementor-section-height-default elementor-section-height-default\" data-id=\"f5bc45b\" data-element_type=\"section\" data-e-type=\"section\">\n\t\t\t\t\t\t<div class=\"elementor-container elementor-column-gap-default\">\n\t\t\t\t\t<div class=\"elementor-column elementor-col-33 elementor-top-column elementor-element elementor-element-8347175\" data-id=\"8347175\" data-element_type=\"column\" data-e-type=\"column\">\n\t\t\t<div class=\"elementor-widget-wrap\">\n\t\t\t\t\t\t\t<\/div>\n\t\t<\/div>\n\t\t\t\t<div class=\"elementor-column elementor-col-33 elementor-top-column elementor-element elementor-element-2c18312\" data-id=\"2c18312\" data-element_type=\"column\" data-e-type=\"column\">\n\t\t\t<div class=\"elementor-widget-wrap elementor-element-populated\">\n\t\t\t\t\t\t<div class=\"elementor-element elementor-element-2827618 elementor-widget elementor-widget-text-editor\" data-id=\"2827618\" data-element_type=\"widget\" data-e-type=\"widget\" data-widget_type=\"text-editor.default\">\n\t\t\t\t<div class=\"elementor-widget-container\">\n\t\t\t\t\t\t\t\t\t<table class=\"striped\">\n<tbody>\n<tr>\n<th style=\"text-align: left;\">Date<\/th>\n<th style=\"text-align: left;\">Jour<\/th>\n<th style=\"text-align: left;\">Vacances<\/th>\n<\/tr>\n<tr>\n<td>2 janvier<\/td>\n<td>Lundi<\/td>\n<td><span style=\"white-space: normal;\">Jour de l&rsquo;an<\/span><\/td>\n<\/tr>\n<tr>\n<td>16 janvier<\/td>\n<td>Lundi<\/td>\n<td>Journ\u00e9e George Price<\/td>\n<\/tr>\n<tr>\n<td>6 mars<\/td>\n<td>Lundi<\/td>\n<td>Journ\u00e9e nationale des h\u00e9ros et bienfaiteurs<\/td>\n<\/tr>\n<tr>\n<td>7 avril<\/td>\n<td>Vendredi<\/td>\n<td>Vendredi saint<\/td>\n<\/tr>\n<tr>\n<td>10 avril<\/td>\n<td>Lundi<\/td>\n<td>Lundi de P\u00e2ques<\/td>\n<\/tr>\n<tr>\n<td>1er mai<\/td>\n<td>Lundi<\/td>\n<td>F\u00eate du travail<\/td>\n<\/tr>\n<tr>\n<td>31 juillet<\/td>\n<td>Lundi<\/td>\n<td>Journ\u00e9e de l&rsquo;\u00e9mancipation<\/td>\n<\/tr>\n<tr>\n<td>11 septembre<\/td>\n<td>Lundi<\/td>\n<td>George&rsquo;s Caye Day<\/td>\n<\/tr>\n<tr>\n<td>21 septembre<\/td>\n<td>Jeudi<\/td>\n<td>Jour de l&rsquo;ind\u00e9pendance<\/td>\n<\/tr>\n<tr>\n<td>9 octobre<\/td>\n<td>Lundi<\/td>\n<td>Journ\u00e9e de la r\u00e9sistance des peuples autochtones<\/td>\n<\/tr>\n<tr>\n<td>23 novembre<\/td>\n<td>Jeudi<\/td>\n<td>Thanksgiving<\/td>\n<\/tr>\n<tr>\n<td>25 d\u00e9cembre<\/td>\n<td>Lundi<\/td>\n<td>Le jour de No\u00ebl<\/td>\n<\/tr>\n<tr>\n<td>26 d\u00e9cembre<\/td>\n<td>Mardi<\/td>\n<td>Le lendemain de No\u00ebl<\/td>\n<\/tr>\n<\/tbody>\n<\/table>\t\t\t\t\t\t\t\t<\/div>\n\t\t\t\t<\/div>\n\t\t\t\t\t<\/div>\n\t\t<\/div>\n\t\t\t\t<div class=\"elementor-column elementor-col-33 elementor-top-column elementor-element elementor-element-7a2c8b1\" data-id=\"7a2c8b1\" data-element_type=\"column\" data-e-type=\"column\">\n\t\t\t<div class=\"elementor-widget-wrap\">\n\t\t\t\t\t\t\t<\/div>\n\t\t<\/div>\n\t\t\t\t\t<\/div>\n\t\t<\/section>\n\t\t\t\t<\/div>\n\t\t","protected":false},"excerpt":{"rendered":"<p>Jours f\u00e9ri\u00e9s Date Jour Vacances 2 janvier Lundi Jour de l&rsquo;an 16 janvier Lundi Journ\u00e9e George Price 6 mars Lundi Journ\u00e9e nationale des h\u00e9ros et bienfaiteurs 7 avril Vendredi Vendredi saint 10 avril Lundi Lundi de P\u00e2ques 1er mai Lundi F\u00eate du travail 31 juillet Lundi Journ\u00e9e de l&rsquo;\u00e9mancipation 11 septembre Lundi George&rsquo;s Caye Day [&hellip;]<\/p>\n","protected":false},"author":6,"featured_media":0,"parent":0,"menu_order":0,"comment_status":"closed","ping_status":"closed","template":"elementor_header_footer","meta":{"content-type":"","footnotes":""},"class_list":["post-13523","page","type-page","status-publish","hentry"],"_links":{"self":[{"href":"https:\/\/www.cayebank.bz\/fr\/wp-json\/wp\/v2\/pages\/13523","targetHints":{"allow":["GET"]}}],"collection":[{"href":"https:\/\/www.cayebank.bz\/fr\/wp-json\/wp\/v2\/pages"}],"about":[{"href":"https:\/\/www.cayebank.bz\/fr\/wp-json\/wp\/v2\/types\/page"}],"author":[{"embeddable":true,"href":"https:\/\/www.cayebank.bz\/fr\/wp-json\/wp\/v2\/users\/6"}],"replies":[{"embeddable":true,"href":"https:\/\/www.cayebank.bz\/fr\/wp-json\/wp\/v2\/comments?post=13523"}],"version-history":[{"count":3,"href":"https:\/\/www.cayebank.bz\/fr\/wp-json\/wp\/v2\/pages\/13523\/revisions"}],"predecessor-version":[{"id":13558,"href":"https:\/\/www.cayebank.bz\/fr\/wp-json\/wp\/v2\/pages\/13523\/revisions\/13558"}],"wp:attachment":[{"href":"https:\/\/www.cayebank.bz\/fr\/wp-json\/wp\/v2\/media?parent=13523"}],"curies":[{"name":"wp","href":"https:\/\/api.w.org\/{rel}","templated":true}]}}