{"id":13498,"date":"2023-04-13T05:40:02","date_gmt":"2023-04-13T11:40:02","guid":{"rendered":"https:\/\/www.cayebank.bz\/joel-nagel\/"},"modified":"2023-06-09T01:22:26","modified_gmt":"2023-06-09T07:22:26","slug":"joel-nagel","status":"publish","type":"page","link":"https:\/\/www.cayebank.bz\/fr\/joel-nagel\/","title":{"rendered":"Joel Nagel"},"content":{"rendered":"\t\t<div data-elementor-type=\"wp-page\" data-elementor-id=\"13498\" class=\"elementor elementor-13498\" data-elementor-post-type=\"page\">\n\t\t\t\t\t\t<section class=\"elementor-section elementor-top-section elementor-element elementor-element-5cbc4f6 elementor-section-full_width elementor-section-height-default elementor-section-height-default\" data-id=\"5cbc4f6\" data-element_type=\"section\" data-e-type=\"section\" data-settings=\"{&quot;background_background&quot;:&quot;classic&quot;}\">\n\t\t\t\t\t\t<div class=\"elementor-container elementor-column-gap-default\">\n\t\t\t\t\t<div class=\"elementor-column elementor-col-100 elementor-top-column elementor-element elementor-element-01705d8\" data-id=\"01705d8\" data-element_type=\"column\" data-e-type=\"column\">\n\t\t\t<div class=\"elementor-widget-wrap elementor-element-populated\">\n\t\t\t\t\t\t<section class=\"elementor-section elementor-inner-section elementor-element elementor-element-e552917 elementor-section-boxed elementor-section-height-default elementor-section-height-default\" data-id=\"e552917\" data-element_type=\"section\" data-e-type=\"section\">\n\t\t\t\t\t\t<div class=\"elementor-container elementor-column-gap-default\">\n\t\t\t\t\t<div class=\"elementor-column elementor-col-33 elementor-inner-column elementor-element elementor-element-7689d32\" data-id=\"7689d32\" data-element_type=\"column\" data-e-type=\"column\">\n\t\t\t<div class=\"elementor-widget-wrap\">\n\t\t\t\t\t\t\t<\/div>\n\t\t<\/div>\n\t\t\t\t<div class=\"elementor-column elementor-col-33 elementor-inner-column elementor-element elementor-element-bc2b985\" data-id=\"bc2b985\" data-element_type=\"column\" data-e-type=\"column\" data-settings=\"{&quot;background_background&quot;:&quot;classic&quot;}\">\n\t\t\t<div class=\"elementor-widget-wrap elementor-element-populated\">\n\t\t\t\t\t\t<div class=\"elementor-element elementor-element-df5f222 elementor-widget elementor-widget-heading\" data-id=\"df5f222\" data-element_type=\"widget\" data-e-type=\"widget\" data-widget_type=\"heading.default\">\n\t\t\t\t<div class=\"elementor-widget-container\">\n\t\t\t\t\t<h2 class=\"elementor-heading-title elementor-size-default\">Joel Nagel<\/h2>\t\t\t\t<\/div>\n\t\t\t\t<\/div>\n\t\t\t\t\t<\/div>\n\t\t<\/div>\n\t\t\t\t<div class=\"elementor-column elementor-col-33 elementor-inner-column elementor-element elementor-element-1fc7df4\" data-id=\"1fc7df4\" data-element_type=\"column\" data-e-type=\"column\">\n\t\t\t<div class=\"elementor-widget-wrap\">\n\t\t\t\t\t\t\t<\/div>\n\t\t<\/div>\n\t\t\t\t\t<\/div>\n\t\t<\/section>\n\t\t\t\t\t<\/div>\n\t\t<\/div>\n\t\t\t\t\t<\/div>\n\t\t<\/section>\n\t\t\t\t<section class=\"elementor-section elementor-top-section elementor-element elementor-element-1aa8a88 elementor-section-boxed elementor-section-height-default elementor-section-height-default\" data-id=\"1aa8a88\" data-element_type=\"section\" data-e-type=\"section\">\n\t\t\t\t\t\t<div class=\"elementor-container elementor-column-gap-default\">\n\t\t\t\t\t<div class=\"elementor-column elementor-col-100 elementor-top-column elementor-element elementor-element-85b610f\" data-id=\"85b610f\" data-element_type=\"column\" data-e-type=\"column\">\n\t\t\t<div class=\"elementor-widget-wrap elementor-element-populated\">\n\t\t\t\t\t\t<div class=\"elementor-element elementor-element-307cc63 elementor-hidden-desktop elementor-hidden-tablet elementor-widget elementor-widget-image\" data-id=\"307cc63\" data-element_type=\"widget\" data-e-type=\"widget\" data-widget_type=\"image.default\">\n\t\t\t\t<div class=\"elementor-widget-container\">\n\t\t\t\t\t\t\t\t\t\t\t\t\t\t\t<img fetchpriority=\"high\" decoding=\"async\" width=\"325\" height=\"406\" src=\"https:\/\/www.cayebank.bz\/wp-content\/uploads\/2023\/05\/Joel-Nagel.jpg\" class=\"attachment-large size-large wp-image-6096\" alt=\"\" srcset=\"https:\/\/www.cayebank.bz\/wp-content\/uploads\/2023\/05\/Joel-Nagel.jpg 325w, https:\/\/www.cayebank.bz\/wp-content\/uploads\/2023\/05\/Joel-Nagel-240x300.jpg 240w\" sizes=\"(max-width: 325px) 100vw, 325px\" \/>\t\t\t\t\t\t\t\t\t\t\t\t\t\t\t<\/div>\n\t\t\t\t<\/div>\n\t\t\t\t\t<\/div>\n\t\t<\/div>\n\t\t\t\t\t<\/div>\n\t\t<\/section>\n\t\t\t\t<section class=\"elementor-section elementor-top-section elementor-element elementor-element-31c82be7 elementor-hidden-desktop elementor-hidden-tablet elementor-section-boxed elementor-section-height-default elementor-section-height-default\" data-id=\"31c82be7\" data-element_type=\"section\" data-e-type=\"section\">\n\t\t\t\t\t\t<div class=\"elementor-container elementor-column-gap-default\">\n\t\t\t\t\t<div class=\"elementor-column elementor-col-100 elementor-top-column elementor-element elementor-element-7577629d\" data-id=\"7577629d\" data-element_type=\"column\" data-e-type=\"column\">\n\t\t\t<div class=\"elementor-widget-wrap elementor-element-populated\">\n\t\t\t\t\t\t<div class=\"elementor-element elementor-element-43239d83 elementor-widget elementor-widget-text-editor\" data-id=\"43239d83\" data-element_type=\"widget\" data-e-type=\"widget\" data-widget_type=\"text-editor.default\">\n\t\t\t\t<div class=\"elementor-widget-container\">\n\t\t\t\t\t\t\t\t\t<h2 style=\"font-family: 'Encode Sans', sans-serif; color: #353535; font-weight: 400; font-size: 36px;\">Joel Nagel<\/h2>\n<p>En tant que pr\u00e9sident de Caye International Bank, <u><br \/>\n  <a href=\"https:\/\/www.joel-nagel.com\/\" target=\"_blank\" rel=\"noopener\">Joel Nagel<\/a><br \/>\n<\/u> n&rsquo;apporte pas seulement une solide exp\u00e9rience internationale dans le domaine juridique et bancaire, mais il s&rsquo;investit \u00e9galement dans la r\u00e9ussite de la banque au sein de la communaut\u00e9 \u00e9largie dans laquelle il a servi pendant de nombreuses ann\u00e9es. N\u00e9 et \u00e9duqu\u00e9 aux \u00c9tats-Unis et en Europe, Joel a men\u00e9 une carri\u00e8re d&rsquo;avocat sp\u00e9cialis\u00e9 dans la protection des actifs internationaux et les structures de transactions commerciales mondiales, ce qui lui a permis d&rsquo;acqu\u00e9rir une grande exp\u00e9rience dans son r\u00f4le de pr\u00e9sident de l&rsquo;une des principales institutions bancaires du Belize.<\/p>\n<h2 style=\"font-family: 'Encode Sans', sans-serif; color: #001f51; font-weight: 300; font-size: 30px;\">Caye International Bank &#8211; Structure, stabilit\u00e9 et s\u00e9curit\u00e9<\/h2>\n<p>Joel sait que le fondement d&rsquo;une banque et d&rsquo;une institution financi\u00e8re solides repose sur la r\u00e9putation de ses services et de son personnel. La d\u00e9cision d&rsquo;ouvrir une banque au Belize s&rsquo;appuie sur les nombreuses ann\u00e9es d&rsquo;exp\u00e9rience de Joel en tant qu&rsquo;avocat et <u><a href=\"https:\/\/ecidevelopment.com\/about\/\" target=\"_blank\" rel=\"noopener\">entrepreneur\/investisseur dans la r\u00e9gion<\/a><\/u>.<\/p>\n<p>Le Belize est un choix \u00e9vident pour une banque qui se concentre sur la banque priv\u00e9e, le financement hypoth\u00e9caire et les opportunit\u00e9s d&rsquo;investissement : le gouvernement du Belize est une d\u00e9mocratie stable et en pleine croissance, avec un r\u00e9gime fiscal z\u00e9ro, et il est consid\u00e9r\u00e9 par de nombreuses banques d&rsquo;investissement aux \u00c9tats-Unis et en Europe comme une juridiction internationale pr\u00e9\u00e9minente pour les activit\u00e9s bancaires dans les Cara\u00efbes et en Am\u00e9rique centrale. Caye International Bank, Ltd. a \u00e9t\u00e9 distingu\u00e9e en 2017 comme la meilleure banque priv\u00e9e du Belize.<\/p>\n\t\t\t\t\t\t\t\t<\/div>\n\t\t\t\t<\/div>\n\t\t\t\t\t<\/div>\n\t\t<\/div>\n\t\t\t\t\t<\/div>\n\t\t<\/section>\n\t\t\t\t<section class=\"elementor-section elementor-top-section elementor-element elementor-element-e6dd30e elementor-hidden-tablet elementor-hidden-mobile elementor-section-boxed elementor-section-height-default elementor-section-height-default\" data-id=\"e6dd30e\" data-element_type=\"section\" data-e-type=\"section\">\n\t\t\t\t\t\t<div class=\"elementor-container elementor-column-gap-default\">\n\t\t\t\t\t<div class=\"elementor-column elementor-col-100 elementor-top-column elementor-element elementor-element-a807171\" data-id=\"a807171\" data-element_type=\"column\" data-e-type=\"column\">\n\t\t\t<div class=\"elementor-widget-wrap elementor-element-populated\">\n\t\t\t\t\t\t<div class=\"elementor-element elementor-element-fd04cf6 elementor-widget elementor-widget-text-editor\" data-id=\"fd04cf6\" data-element_type=\"widget\" data-e-type=\"widget\" data-widget_type=\"text-editor.default\">\n\t\t\t\t<div class=\"elementor-widget-container\">\n\t\t\t\t\t\t\t\t\t<h2 style=\"font-family: 'Encode Sans', sans-serif; color: #353535; font-weight: 400; font-size: 36px;\">Joel Nagel<\/h2>\n<p><a href=\"https:\/\/www.cayebank.bz\/wp-content\/uploads\/2023\/05\/Joel-Nagel.jpg\"><img decoding=\"async\" class=\"size-medium wp-image-6096 alignright\" src=\"https:\/\/www.cayebank.bz\/wp-content\/uploads\/2023\/05\/Joel-Nagel-240x300.jpg\" alt=\"\" width=\"240\" height=\"300\" srcset=\"https:\/\/www.cayebank.bz\/wp-content\/uploads\/2023\/05\/Joel-Nagel-240x300.jpg 240w, https:\/\/www.cayebank.bz\/wp-content\/uploads\/2023\/05\/Joel-Nagel.jpg 325w\" sizes=\"(max-width: 240px) 100vw, 240px\" \/><\/a><\/p>\n<p style=\"font-family: 'Encode Sans', sans-serif; color: #353535; font-size: 18px;\">En tant que pr\u00e9sident de Caye International Bank, <u><br \/>\n  <a href=\"https:\/\/www.joel-nagel.com\/\" target=\"_blank\" rel=\"noopener\">Joel Nagel<\/a><br \/>\n<\/u> n&rsquo;apporte pas seulement une solide exp\u00e9rience internationale dans le domaine juridique et bancaire, mais il s&rsquo;investit \u00e9galement dans la r\u00e9ussite de la banque au sein de la communaut\u00e9 \u00e9largie dans laquelle il a servi pendant de nombreuses ann\u00e9es. N\u00e9 et \u00e9duqu\u00e9 aux \u00c9tats-Unis et en Europe, Joel a men\u00e9 une carri\u00e8re d&rsquo;avocat sp\u00e9cialis\u00e9 dans la protection des actifs internationaux et les structures de transactions commerciales mondiales, ce qui lui a permis d&rsquo;acqu\u00e9rir une grande exp\u00e9rience dans son r\u00f4le de pr\u00e9sident de l&rsquo;une des principales institutions bancaires du Belize.<\/p>\n<h2 style=\"font-family: 'Encode Sans', sans-serif; color: #001f51; font-weight: 300; font-size: 30px;\">Caye International Bank &#8211; Structure, stabilit\u00e9 et s\u00e9curit\u00e9<\/h2>\n<p style=\"font-family: 'Encode Sans', sans-serif; color: #353535; font-size: 18px;\">Joel sait que le fondement d&rsquo;une banque et d&rsquo;une institution financi\u00e8re solides repose sur la r\u00e9putation de ses services et de son personnel. La d\u00e9cision d&rsquo;ouvrir une banque au Belize s&rsquo;appuie sur les nombreuses ann\u00e9es d&rsquo;exp\u00e9rience de Joel en tant qu&rsquo;avocat et <a href=\"https:\/\/ecidevelopment.com\/about\/\" target=\"_blank\" rel=\"noopener\">entrepreneur\/investisseur dans la r\u00e9gion<\/a>.<\/p>\n<p>Le Belize est un choix \u00e9vident pour une banque qui se concentre sur la banque priv\u00e9e, le financement hypoth\u00e9caire et les opportunit\u00e9s d&rsquo;investissement : le gouvernement du Belize est une d\u00e9mocratie stable et en pleine croissance, avec un r\u00e9gime fiscal z\u00e9ro, et il est consid\u00e9r\u00e9 par de nombreuses banques d&rsquo;investissement aux \u00c9tats-Unis et en Europe comme une juridiction internationale pr\u00e9\u00e9minente pour les activit\u00e9s bancaires dans les Cara\u00efbes et en Am\u00e9rique centrale. Caye International Bank, Ltd. a \u00e9t\u00e9 distingu\u00e9e en 2017 comme la meilleure banque priv\u00e9e du Belize.<\/p>\n\t\t\t\t\t\t\t\t<\/div>\n\t\t\t\t<\/div>\n\t\t\t\t\t<\/div>\n\t\t<\/div>\n\t\t\t\t\t<\/div>\n\t\t<\/section>\n\t\t\t\t<section class=\"elementor-section elementor-top-section elementor-element elementor-element-bef3931 elementor-section-boxed elementor-section-height-default elementor-section-height-default\" data-id=\"bef3931\" data-element_type=\"section\" data-e-type=\"section\">\n\t\t\t\t\t\t<div class=\"elementor-container elementor-column-gap-default\">\n\t\t\t\t\t<div class=\"elementor-column elementor-col-100 elementor-top-column elementor-element elementor-element-af1c467\" data-id=\"af1c467\" data-element_type=\"column\" data-e-type=\"column\">\n\t\t\t<div class=\"elementor-widget-wrap elementor-element-populated\">\n\t\t\t\t\t\t<div class=\"elementor-element elementor-element-55374c8 elementor-widget elementor-widget-text-editor\" data-id=\"55374c8\" data-element_type=\"widget\" data-e-type=\"widget\" data-widget_type=\"text-editor.default\">\n\t\t\t\t<div class=\"elementor-widget-container\">\n\t\t\t\t\t\t\t\t\t<p>Les banques du Belize, et en particulier la Caye International Bank, offrent plus qu&rsquo;un refuge pour les fonds internationaux. Le code bancaire du Belize garantit la conformit\u00e9 fiscale au niveau mondial (en particulier aux \u00c9tats-Unis), la protection des actifs et la possibilit\u00e9 d&rsquo;investir dans des projets d&rsquo;entreprise dans la r\u00e9gion. Dans le cadre d&rsquo;un programme de plus en plus ambitieux de r\u00e9duction des risques par les \u00c9tats-Unis, les banques du Belize ont veill\u00e9 \u00e0 ce que tous les canaux soient s\u00fbrs et stables.<\/p>\n<p>Caye International Bank, Ltd. a \u00e9t\u00e9 la premi\u00e8re banque du Belize \u00e0 se conformer \u00e0 la loi am\u00e9ricaine FATCA. Le service \u00e0 la client\u00e8le de Caye International Bank est bas\u00e9 sur la compr\u00e9hension des besoins des clients et chaque relation bancaire est unique, priv\u00e9e et personnalis\u00e9e. En tant que seule banque internationale ayant son si\u00e8ge sur l&rsquo;\u00eele d&rsquo;Ambergris Caye, la Caye International Bank est autoris\u00e9e \u00e0 travailler avec des entreprises et des particuliers du monde entier pour leur fournir des services bancaires internationaux.<\/p>\n<h2 style=\"font-family: 'Encode Sans', sans-serif; color: #001f51; font-weight: 300; font-size: 30px;\">Pourquoi une banque offshore ?<\/h2>\n<p>Avec un r\u00e9gime fiscal nul, l&rsquo;absence de contr\u00f4le des changes et une confidentialit\u00e9 totale, il est logique de diversifier un portefeuille d&rsquo;actifs locaux et d&rsquo;y inclure une composante internationale. La stabilit\u00e9 et la s\u00e9curit\u00e9 sont assur\u00e9es par le gouvernement qui impose aux banques un taux de r\u00e9serves obligatoires de 24 %, soit plus de trois fois ce qui est exig\u00e9 aux \u00c9tats-Unis. La Caye International Bank d\u00e9tient en moyenne le double des r\u00e9serves exig\u00e9es par le Belize. Lorsque vous choisissez une banque internationale, tenez compte des profils d&rsquo;investissement et de l&rsquo;exp\u00e9rience de la banque et de ses dirigeants pour comprendre comment vos actifs offshore seront g\u00e9r\u00e9s.<\/p>\n<h2 style=\"font-family: 'Encode Sans', sans-serif; color: #001f51; font-weight: 300; font-size: 30px;\">Joel Nagel &#8211; Trente ans d&rsquo;exp\u00e9rience<\/h2>\n<p>Avocat de formation internationale, Joel Nagel a \u00e9tudi\u00e9 aux \u00c9tats-Unis et en Allemagne. Il est actuellement membre de l&rsquo;American Bar Association et fondateur du cabinet Nagel &amp; Associates. Il a si\u00e9g\u00e9 au <u>\n  <a href=\"https:\/\/www.crunchbase.com\/person\/joel-nagel\" target=\"_blank\" rel=\"noopener\"> conseil d&rsquo;administration de plus de 15 soci\u00e9t\u00e9s<\/a>\n<\/u>&nbsp;et est bien connu pour son travail de structuration de plusieurs investissements h\u00f4teliers dans les Cara\u00efbes pour des soci\u00e9t\u00e9s de d\u00e9veloppement internationales, y compris un h\u00f4tel de marque de 200 chambres \u00e0 Ambergris Caye. Nagel a \u00e9t\u00e9 l&rsquo;un des pionniers de l&rsquo;octroi de licences pour les structures juridiques internationales au Belize, y compris les banques, les trusts ainsi que les fonds sp\u00e9culatifs, les fonds communs de placement et les compagnies d&rsquo;assurance.<\/p><p><span style=\"background-color: var( --e-global-color-17794e9 ); color: var( --e-global-color-text ); font-family: var( --e-global-typography-text-font-family ), Sans-serif; font-size: var( --e-global-typography-text-font-size ); font-style: var( --e-global-typography-text-font-style ); font-weight: var( --e-global-typography-text-font-weight ); letter-spacing: var( --e-global-typography-text-letter-spacing ); text-transform: var( --e-global-typography-text-text-transform ); word-spacing: var( --e-global-typography-text-word-spacing );\">Joel Nagel a particip\u00e9 \u00e0 diverses activit\u00e9s philanthropiques. Membre du Rotary depuis plus de 25 ans, il a \u00e9t\u00e9 pr\u00e9sident du Rotary club de Pittsburgh, gouverneur de district pour les Rotary clubs de Pennsylvanie occidentale et organisateur et fondateur du Rotary club d&rsquo;Ambergris Caye \u00e0 San Pedro, au Belize.<\/span><\/p><p style=\"font-family: 'Encode Sans', sans-serif; color: #353535; font-size: 18px;\"><span style=\"color: var( --e-global-color-text ); font-family: var( --e-global-typography-text-font-family ), Sans-serif; font-size: var( --e-global-typography-text-font-size ); font-style: var( --e-global-typography-text-font-style ); font-weight: var( --e-global-typography-text-font-weight ); letter-spacing: var( --e-global-typography-text-letter-spacing ); text-transform: var( --e-global-typography-text-text-transform ); word-spacing: var( --e-global-typography-text-word-spacing ); background-color: var( --e-global-color-17794e9 );\">Dans le cadre de ses fonctions au sein du Rotary, Joel a d\u00e9velopp\u00e9 le concept de construction de cliniques hors r\u00e9seau au Nicaragua, appel\u00e9es \u00ab\u00a0Roberto Clemente Health Clinics\u00a0\u00bb (en l&rsquo;honneur du joueur de baseball des Pirates de Pittsburgh, Roberto Clemente, qui est d\u00e9c\u00e9d\u00e9 en livrant des fournitures m\u00e9dicales au Nicaragua apr\u00e8s le tremblement de terre de 1972). A ce jour, Nagel, en collaboration avec le Rotary, a construit trois cliniques au Nicaragua.<\/span><\/p><p style=\"font-family: 'Encode Sans', sans-serif; color: #353535; font-size: 18px;\"><span style=\"color: var( --e-global-color-text ); font-family: var( --e-global-typography-text-font-family ), Sans-serif; font-size: var( --e-global-typography-text-font-size ); font-style: var( --e-global-typography-text-font-style ); font-weight: var( --e-global-typography-text-font-weight ); letter-spacing: var( --e-global-typography-text-letter-spacing ); text-transform: var( --e-global-typography-text-text-transform ); word-spacing: var( --e-global-typography-text-word-spacing ); background-color: var( --e-global-color-17794e9 );\">Il a \u00e9galement \u00e9t\u00e9 membre du conseil d&rsquo;administration et secr\u00e9taire de la fondation Violetta Chamorro et de la Nicaraguan Development Corporation.<\/span><\/p><p style=\"font-family: 'Encode Sans', sans-serif; color: #353535; font-size: 18px;\"><span style=\"color: var( --e-global-color-text ); font-family: var( --e-global-typography-text-font-family ), Sans-serif; font-size: var( --e-global-typography-text-font-size ); font-style: var( --e-global-typography-text-font-style ); font-weight: var( --e-global-typography-text-font-weight ); letter-spacing: var( --e-global-typography-text-letter-spacing ); text-transform: var( --e-global-typography-text-text-transform ); word-spacing: var( --e-global-typography-text-word-spacing ); background-color: var( --e-global-color-17794e9 );\">M. Nagel a lanc\u00e9 le programme annuel \u00ab\u00a0Shark Tank Belize\u00a0\u00bb pour aider \u00e0 financer les jeunes entreprises prometteuses du Belize et parraine le programme annuel de distribution de jouets de No\u00ebl en collaboration avec l&rsquo;\u00e9glise Living Word \u00e0 San Pedro, au Belize.<\/span><\/p>\t\t\t\t\t\t\t\t<\/div>\n\t\t\t\t<\/div>\n\t\t\t\t\t<\/div>\n\t\t<\/div>\n\t\t\t\t\t<\/div>\n\t\t<\/section>\n\t\t\t\t<\/div>\n\t\t","protected":false},"excerpt":{"rendered":"<p>Joel Nagel Joel Nagel En tant que pr\u00e9sident de Caye International Bank, Joel Nagel n&rsquo;apporte pas seulement une solide exp\u00e9rience internationale dans le domaine juridique et bancaire, mais il s&rsquo;investit \u00e9galement dans la r\u00e9ussite de la banque au sein de la communaut\u00e9 \u00e9largie dans laquelle il a servi pendant de nombreuses ann\u00e9es. N\u00e9 et \u00e9duqu\u00e9 [&hellip;]<\/p>\n","protected":false},"author":6,"featured_media":0,"parent":0,"menu_order":0,"comment_status":"closed","ping_status":"closed","template":"elementor_header_footer","meta":{"content-type":"","footnotes":""},"class_list":["post-13498","page","type-page","status-publish","hentry"],"_links":{"self":[{"href":"https:\/\/www.cayebank.bz\/fr\/wp-json\/wp\/v2\/pages\/13498","targetHints":{"allow":["GET"]}}],"collection":[{"href":"https:\/\/www.cayebank.bz\/fr\/wp-json\/wp\/v2\/pages"}],"about":[{"href":"https:\/\/www.cayebank.bz\/fr\/wp-json\/wp\/v2\/types\/page"}],"author":[{"embeddable":true,"href":"https:\/\/www.cayebank.bz\/fr\/wp-json\/wp\/v2\/users\/6"}],"replies":[{"embeddable":true,"href":"https:\/\/www.cayebank.bz\/fr\/wp-json\/wp\/v2\/comments?post=13498"}],"version-history":[{"count":3,"href":"https:\/\/www.cayebank.bz\/fr\/wp-json\/wp\/v2\/pages\/13498\/revisions"}],"predecessor-version":[{"id":14813,"href":"https:\/\/www.cayebank.bz\/fr\/wp-json\/wp\/v2\/pages\/13498\/revisions\/14813"}],"wp:attachment":[{"href":"https:\/\/www.cayebank.bz\/fr\/wp-json\/wp\/v2\/media?parent=13498"}],"curies":[{"name":"wp","href":"https:\/\/api.w.org\/{rel}","templated":true}]}}