{"id":13497,"date":"2023-04-13T06:54:51","date_gmt":"2023-04-13T12:54:51","guid":{"rendered":"https:\/\/www.cayebank.bz\/relations-avec-les-investisseurs\/"},"modified":"2023-06-08T11:48:54","modified_gmt":"2023-06-08T17:48:54","slug":"relations-avec-les-investisseurs","status":"publish","type":"page","link":"https:\/\/www.cayebank.bz\/fr\/relations-avec-les-investisseurs\/","title":{"rendered":"Relations avec les investisseurs"},"content":{"rendered":"\t\t<div data-elementor-type=\"wp-page\" data-elementor-id=\"13497\" class=\"elementor elementor-13497\" data-elementor-post-type=\"page\">\n\t\t\t\t\t\t<section class=\"elementor-section elementor-top-section elementor-element elementor-element-25e68d6 elementor-section-full_width elementor-section-height-min-height elementor-section-height-default elementor-section-items-middle\" data-id=\"25e68d6\" data-element_type=\"section\" data-e-type=\"section\" data-settings=\"{&quot;background_background&quot;:&quot;classic&quot;}\">\n\t\t\t\t\t\t<div class=\"elementor-container elementor-column-gap-default\">\n\t\t\t\t\t<div class=\"elementor-column elementor-col-100 elementor-top-column elementor-element elementor-element-f278aec\" data-id=\"f278aec\" data-element_type=\"column\" data-e-type=\"column\">\n\t\t\t<div class=\"elementor-widget-wrap elementor-element-populated\">\n\t\t\t\t\t\t<section class=\"elementor-section elementor-inner-section elementor-element elementor-element-2cba49f elementor-section-boxed elementor-section-height-default elementor-section-height-default\" data-id=\"2cba49f\" data-element_type=\"section\" data-e-type=\"section\">\n\t\t\t\t\t\t<div class=\"elementor-container elementor-column-gap-default\">\n\t\t\t\t\t<div class=\"elementor-column elementor-col-33 elementor-inner-column elementor-element elementor-element-0c930fa\" data-id=\"0c930fa\" data-element_type=\"column\" data-e-type=\"column\">\n\t\t\t<div class=\"elementor-widget-wrap\">\n\t\t\t\t\t\t\t<\/div>\n\t\t<\/div>\n\t\t\t\t<div class=\"elementor-column elementor-col-33 elementor-inner-column elementor-element elementor-element-78e2a0b\" data-id=\"78e2a0b\" data-element_type=\"column\" data-e-type=\"column\" data-settings=\"{&quot;background_background&quot;:&quot;classic&quot;}\">\n\t\t\t<div class=\"elementor-widget-wrap elementor-element-populated\">\n\t\t\t\t\t\t<div class=\"elementor-element elementor-element-1f72fcd elementor-widget elementor-widget-heading\" data-id=\"1f72fcd\" data-element_type=\"widget\" data-e-type=\"widget\" data-widget_type=\"heading.default\">\n\t\t\t\t<div class=\"elementor-widget-container\">\n\t\t\t\t\t<h2 class=\"elementor-heading-title elementor-size-default\">Relations avec les investisseurs<\/h2>\t\t\t\t<\/div>\n\t\t\t\t<\/div>\n\t\t\t\t<div class=\"elementor-element elementor-element-f91e053 elementor-widget elementor-widget-text-editor\" data-id=\"f91e053\" data-element_type=\"widget\" data-e-type=\"widget\" data-widget_type=\"text-editor.default\">\n\t\t\t\t<div class=\"elementor-widget-container\">\n\t\t\t\t\t\t\t\t\t<p style=\"text-align: center;\">Caye est bien positionn\u00e9e dans un secteur en pleine croissance<\/p>\n\t\t\t\t\t\t\t\t<\/div>\n\t\t\t\t<\/div>\n\t\t\t\t\t<\/div>\n\t\t<\/div>\n\t\t\t\t<div class=\"elementor-column elementor-col-33 elementor-inner-column elementor-element elementor-element-1f7cb1f\" data-id=\"1f7cb1f\" data-element_type=\"column\" data-e-type=\"column\">\n\t\t\t<div class=\"elementor-widget-wrap\">\n\t\t\t\t\t\t\t<\/div>\n\t\t<\/div>\n\t\t\t\t\t<\/div>\n\t\t<\/section>\n\t\t\t\t\t<\/div>\n\t\t<\/div>\n\t\t\t\t\t<\/div>\n\t\t<\/section>\n\t\t\t\t<section class=\"elementor-section elementor-top-section elementor-element elementor-element-d001501 elementor-section-boxed elementor-section-height-default elementor-section-height-default\" data-id=\"d001501\" data-element_type=\"section\" data-e-type=\"section\">\n\t\t\t\t\t\t<div class=\"elementor-container elementor-column-gap-default\">\n\t\t\t\t\t<div class=\"elementor-column elementor-col-100 elementor-top-column elementor-element elementor-element-40e6690\" data-id=\"40e6690\" data-element_type=\"column\" data-e-type=\"column\">\n\t\t\t<div class=\"elementor-widget-wrap elementor-element-populated\">\n\t\t\t\t\t\t<div class=\"elementor-element elementor-element-29191f7 elementor-widget elementor-widget-heading\" data-id=\"29191f7\" data-element_type=\"widget\" data-e-type=\"widget\" data-widget_type=\"heading.default\">\n\t\t\t\t<div class=\"elementor-widget-container\">\n\t\t\t\t\t<h2 class=\"elementor-heading-title elementor-size-default\">Vue d'ensemble des informations bancaires<\/h2>\t\t\t\t<\/div>\n\t\t\t\t<\/div>\n\t\t\t\t\t<\/div>\n\t\t<\/div>\n\t\t\t\t\t<\/div>\n\t\t<\/section>\n\t\t\t\t<section class=\"elementor-section elementor-top-section elementor-element elementor-element-2cdede8 elementor-section-boxed elementor-section-height-default elementor-section-height-default\" data-id=\"2cdede8\" data-element_type=\"section\" data-e-type=\"section\">\n\t\t\t\t\t\t<div class=\"elementor-container elementor-column-gap-default\">\n\t\t\t\t\t<div class=\"elementor-column elementor-col-100 elementor-top-column elementor-element elementor-element-9d63355\" data-id=\"9d63355\" data-element_type=\"column\" data-e-type=\"column\">\n\t\t\t<div class=\"elementor-widget-wrap elementor-element-populated\">\n\t\t\t\t\t\t<div class=\"elementor-element elementor-element-df06e63 elementor-icon-list--layout-traditional elementor-list-item-link-full_width elementor-widget elementor-widget-icon-list\" data-id=\"df06e63\" data-element_type=\"widget\" data-e-type=\"widget\" data-widget_type=\"icon-list.default\">\n\t\t\t\t<div class=\"elementor-widget-container\">\n\t\t\t\t\t\t\t<ul class=\"elementor-icon-list-items\">\n\t\t\t\t\t\t\t<li class=\"elementor-icon-list-item\">\n\t\t\t\t\t\t\t\t\t\t\t<span class=\"elementor-icon-list-icon\">\n\t\t\t\t\t\t\t<svg aria-hidden=\"true\" class=\"e-font-icon-svg e-fas-caret-right\" viewBox=\"0 0 192 512\" xmlns=\"http:\/\/www.w3.org\/2000\/svg\"><path d=\"M0 384.662V127.338c0-17.818 21.543-26.741 34.142-14.142l128.662 128.662c7.81 7.81 7.81 20.474 0 28.284L34.142 398.804C21.543 411.404 0 402.48 0 384.662z\"><\/path><\/svg>\t\t\t\t\t\t<\/span>\n\t\t\t\t\t\t\t\t\t\t<span class=\"elementor-icon-list-text\"><p style=\"text-align: justify\">L'histoire de Caye a commenc\u00e9 en 1996 en tant que soci\u00e9t\u00e9 hypoth\u00e9caire b\u00e9lizienne et, apr\u00e8s plusieurs ann\u00e9es de succ\u00e8s, la d\u00e9cision a \u00e9t\u00e9 prise de devenir une banque internationale. Cette autorisation a \u00e9t\u00e9 accord\u00e9e le 29 septembre 2003, lorsque Caye a re\u00e7u un permis de conduire sans restriction. <u>\n  <a href=\"http:\/\/centralbank.org.bz\/home\/core-functions\/prudential-supervision\/International-banks\" target=\"_blank\" rel=\"noopener\">classe A - banque internationale<\/a>\n<\/u> de la Banque centrale du Belize.<\/span>\n\t\t\t\t\t\t\t\t\t<\/li>\n\t\t\t\t\t\t\t\t<li class=\"elementor-icon-list-item\">\n\t\t\t\t\t\t\t\t\t\t\t<span class=\"elementor-icon-list-icon\">\n\t\t\t\t\t\t\t<svg aria-hidden=\"true\" class=\"e-font-icon-svg e-fas-caret-right\" viewBox=\"0 0 192 512\" xmlns=\"http:\/\/www.w3.org\/2000\/svg\"><path d=\"M0 384.662V127.338c0-17.818 21.543-26.741 34.142-14.142l128.662 128.662c7.81 7.81 7.81 20.474 0 28.284L34.142 398.804C21.543 411.404 0 402.48 0 384.662z\"><\/path><\/svg>\t\t\t\t\t\t<\/span>\n\t\t\t\t\t\t\t\t\t\t<span class=\"elementor-icon-list-text\"><p style=\"text-align: justify\">L'institution financi\u00e8re est consid\u00e9r\u00e9e comme globale dans ses op\u00e9rations, se concentrant sur l'offre de services financiers \u00e0 toutes les personnes et soci\u00e9t\u00e9s internationales situ\u00e9es en dehors du pays du Belize. La banque offre une gamme compl\u00e8te de services bancaires traditionnels ainsi que diff\u00e9rents comptes d'\u00e9pargne en plusieurs devises.<\/span>\n\t\t\t\t\t\t\t\t\t<\/li>\n\t\t\t\t\t\t\t\t<li class=\"elementor-icon-list-item\">\n\t\t\t\t\t\t\t\t\t\t\t<span class=\"elementor-icon-list-icon\">\n\t\t\t\t\t\t\t<svg aria-hidden=\"true\" class=\"e-font-icon-svg e-fas-caret-right\" viewBox=\"0 0 192 512\" xmlns=\"http:\/\/www.w3.org\/2000\/svg\"><path d=\"M0 384.662V127.338c0-17.818 21.543-26.741 34.142-14.142l128.662 128.662c7.81 7.81 7.81 20.474 0 28.284L34.142 398.804C21.543 411.404 0 402.48 0 384.662z\"><\/path><\/svg>\t\t\t\t\t\t<\/span>\n\t\t\t\t\t\t\t\t\t\t<span class=\"elementor-icon-list-text\"><p style=\"text-align: justify\">  Caye a acquis une connaissance consid\u00e9rable du march\u00e9 financier d'Am\u00e9rique centrale gr\u00e2ce \u00e0 ses nombreuses ann\u00e9es d'exp\u00e9rience dans la prestation de services aux entreprises et aux particuliers de la r\u00e9gion. La mission de la banque est d'aider les clients \u00e0 r\u00e9ussir leurs affaires financi\u00e8res actuelles et futures. Les objectifs de la banque d\u00e9coulent de sa mission, qui est d'offrir des services financiers tout en assurant le meilleur niveau d'assistance \u00e0 la client\u00e8le.<\/span>\n\t\t\t\t\t\t\t\t\t<\/li>\n\t\t\t\t\t\t<\/ul>\n\t\t\t\t\t\t<\/div>\n\t\t\t\t<\/div>\n\t\t\t\t\t<\/div>\n\t\t<\/div>\n\t\t\t\t\t<\/div>\n\t\t<\/section>\n\t\t\t\t<section class=\"elementor-section elementor-top-section elementor-element elementor-element-7ba8bcc elementor-section-boxed elementor-section-height-default elementor-section-height-default\" data-id=\"7ba8bcc\" data-element_type=\"section\" data-e-type=\"section\">\n\t\t\t\t\t\t<div class=\"elementor-container elementor-column-gap-default\">\n\t\t\t\t\t<div class=\"elementor-column elementor-col-100 elementor-top-column elementor-element elementor-element-f9eb516\" data-id=\"f9eb516\" data-element_type=\"column\" data-e-type=\"column\">\n\t\t\t<div class=\"elementor-widget-wrap elementor-element-populated\">\n\t\t\t\t\t\t<div class=\"elementor-element elementor-element-abe28e5 elementor-widget elementor-widget-heading\" data-id=\"abe28e5\" data-element_type=\"widget\" data-e-type=\"widget\" data-widget_type=\"heading.default\">\n\t\t\t\t<div class=\"elementor-widget-container\">\n\t\t\t\t\t<h2 class=\"elementor-heading-title elementor-size-default\">Strat\u00e9gie de la Banque pour la p\u00e9riode 2023-2025<\/h2>\t\t\t\t<\/div>\n\t\t\t\t<\/div>\n\t\t\t\t\t<\/div>\n\t\t<\/div>\n\t\t\t\t\t<\/div>\n\t\t<\/section>\n\t\t\t\t<section class=\"elementor-section elementor-top-section elementor-element elementor-element-c85fe08 elementor-section-boxed elementor-section-height-default elementor-section-height-default\" data-id=\"c85fe08\" data-element_type=\"section\" data-e-type=\"section\">\n\t\t\t\t\t\t<div class=\"elementor-container elementor-column-gap-default\">\n\t\t\t\t\t<div class=\"elementor-column elementor-col-100 elementor-top-column elementor-element elementor-element-aabc755\" data-id=\"aabc755\" data-element_type=\"column\" data-e-type=\"column\">\n\t\t\t<div class=\"elementor-widget-wrap elementor-element-populated\">\n\t\t\t\t\t\t<div class=\"elementor-element elementor-element-08ab8ad elementor-icon-list--layout-traditional elementor-list-item-link-full_width elementor-widget elementor-widget-icon-list\" data-id=\"08ab8ad\" data-element_type=\"widget\" data-e-type=\"widget\" data-widget_type=\"icon-list.default\">\n\t\t\t\t<div class=\"elementor-widget-container\">\n\t\t\t\t\t\t\t<ul class=\"elementor-icon-list-items\">\n\t\t\t\t\t\t\t<li class=\"elementor-icon-list-item\">\n\t\t\t\t\t\t\t\t\t\t\t<span class=\"elementor-icon-list-icon\">\n\t\t\t\t\t\t\t<svg aria-hidden=\"true\" class=\"e-font-icon-svg e-fas-caret-right\" viewBox=\"0 0 192 512\" xmlns=\"http:\/\/www.w3.org\/2000\/svg\"><path d=\"M0 384.662V127.338c0-17.818 21.543-26.741 34.142-14.142l128.662 128.662c7.81 7.81 7.81 20.474 0 28.284L34.142 398.804C21.543 411.404 0 402.48 0 384.662z\"><\/path><\/svg>\t\t\t\t\t\t<\/span>\n\t\t\t\t\t\t\t\t\t\t<span class=\"elementor-icon-list-text\"><p style=\"text-align: justify\">L'augmentation de la client\u00e8le des banques est l'investissement le plus important pour la croissance future, ce qui devrait contribuer \u00e0 une augmentation de la valeur pour les actionnaires.<\/span>\n\t\t\t\t\t\t\t\t\t<\/li>\n\t\t\t\t\t\t\t\t<li class=\"elementor-icon-list-item\">\n\t\t\t\t\t\t\t\t\t\t\t<span class=\"elementor-icon-list-icon\">\n\t\t\t\t\t\t\t<svg aria-hidden=\"true\" class=\"e-font-icon-svg e-fas-caret-right\" viewBox=\"0 0 192 512\" xmlns=\"http:\/\/www.w3.org\/2000\/svg\"><path d=\"M0 384.662V127.338c0-17.818 21.543-26.741 34.142-14.142l128.662 128.662c7.81 7.81 7.81 20.474 0 28.284L34.142 398.804C21.543 411.404 0 402.48 0 384.662z\"><\/path><\/svg>\t\t\t\t\t\t<\/span>\n\t\t\t\t\t\t\t\t\t\t<span class=\"elementor-icon-list-text\"><p style=\"text-align: justify\">La banque continue \u00e0 se concentrer sur le financement de la client\u00e8le en proposant une vari\u00e9t\u00e9 de pr\u00eats, ce qui restera un \u00e9l\u00e9ment important de la diversification des actifs. En outre, le fait de se concentrer sur la croissance des pr\u00eats dans le cadre de crit\u00e8res stricts de risque et de cr\u00e9ation de valeur garantira la poursuite de la croissance de la banque \u00e0 l'avenir.<\/span>\n\t\t\t\t\t\t\t\t\t<\/li>\n\t\t\t\t\t\t\t\t<li class=\"elementor-icon-list-item\">\n\t\t\t\t\t\t\t\t\t\t\t<span class=\"elementor-icon-list-icon\">\n\t\t\t\t\t\t\t<svg aria-hidden=\"true\" class=\"e-font-icon-svg e-fas-caret-right\" viewBox=\"0 0 192 512\" xmlns=\"http:\/\/www.w3.org\/2000\/svg\"><path d=\"M0 384.662V127.338c0-17.818 21.543-26.741 34.142-14.142l128.662 128.662c7.81 7.81 7.81 20.474 0 28.284L34.142 398.804C21.543 411.404 0 402.48 0 384.662z\"><\/path><\/svg>\t\t\t\t\t\t<\/span>\n\t\t\t\t\t\t\t\t\t\t<span class=\"elementor-icon-list-text\"><p style=\"text-align: justify\">L'exploitation et l'optimisation des plateformes num\u00e9riques en ligne devraient permettre d'attirer une nouvelle client\u00e8le beaucoup plus jeune et de g\u00e9n\u00e9rer des revenus pour la banque.<\/span>\n\t\t\t\t\t\t\t\t\t<\/li>\n\t\t\t\t\t\t\t\t<li class=\"elementor-icon-list-item\">\n\t\t\t\t\t\t\t\t\t\t\t<span class=\"elementor-icon-list-icon\">\n\t\t\t\t\t\t\t<svg aria-hidden=\"true\" class=\"e-font-icon-svg e-fas-caret-right\" viewBox=\"0 0 192 512\" xmlns=\"http:\/\/www.w3.org\/2000\/svg\"><path d=\"M0 384.662V127.338c0-17.818 21.543-26.741 34.142-14.142l128.662 128.662c7.81 7.81 7.81 20.474 0 28.284L34.142 398.804C21.543 411.404 0 402.48 0 384.662z\"><\/path><\/svg>\t\t\t\t\t\t<\/span>\n\t\t\t\t\t\t\t\t\t\t<span class=\"elementor-icon-list-text\"><p style=\"text-align: justify\">La base des d\u00e9p\u00f4ts de d\u00e9tail de la banque devrait continuer \u00e0 cro\u00eetre au cours de l'ann\u00e9e prochaine et, pour maximiser la rentabilit\u00e9, le co\u00fbt de la base des d\u00e9p\u00f4ts sera am\u00e9lior\u00e9 gr\u00e2ce \u00e0 l'identification de meilleurs retours sur investissement pour la banque.<\/span>\n\t\t\t\t\t\t\t\t\t<\/li>\n\t\t\t\t\t\t<\/ul>\n\t\t\t\t\t\t<\/div>\n\t\t\t\t<\/div>\n\t\t\t\t\t<\/div>\n\t\t<\/div>\n\t\t\t\t\t<\/div>\n\t\t<\/section>\n\t\t\t\t<section class=\"elementor-section elementor-top-section elementor-element elementor-element-9acf395 elementor-section-boxed elementor-section-height-default elementor-section-height-default\" data-id=\"9acf395\" data-element_type=\"section\" data-e-type=\"section\">\n\t\t\t\t\t\t<div class=\"elementor-container elementor-column-gap-default\">\n\t\t\t\t\t<div class=\"elementor-column elementor-col-100 elementor-top-column elementor-element elementor-element-6f10d30\" data-id=\"6f10d30\" data-element_type=\"column\" data-e-type=\"column\">\n\t\t\t<div class=\"elementor-widget-wrap elementor-element-populated\">\n\t\t\t\t\t\t<div class=\"elementor-element elementor-element-72d6d5b elementor-widget elementor-widget-heading\" data-id=\"72d6d5b\" data-element_type=\"widget\" data-e-type=\"widget\" data-widget_type=\"heading.default\">\n\t\t\t\t<div class=\"elementor-widget-container\">\n\t\t\t\t\t<h2 class=\"elementor-heading-title elementor-size-default\">Perspectives de la banque Caye International<\/h2>\t\t\t\t<\/div>\n\t\t\t\t<\/div>\n\t\t\t\t\t<\/div>\n\t\t<\/div>\n\t\t\t\t\t<\/div>\n\t\t<\/section>\n\t\t\t\t<section class=\"elementor-section elementor-top-section elementor-element elementor-element-efd7161 elementor-section-boxed elementor-section-height-default elementor-section-height-default\" data-id=\"efd7161\" data-element_type=\"section\" data-e-type=\"section\">\n\t\t\t\t\t\t<div class=\"elementor-container elementor-column-gap-default\">\n\t\t\t\t\t<div class=\"elementor-column elementor-col-100 elementor-top-column elementor-element elementor-element-058d448\" data-id=\"058d448\" data-element_type=\"column\" data-e-type=\"column\">\n\t\t\t<div class=\"elementor-widget-wrap elementor-element-populated\">\n\t\t\t\t\t\t<div class=\"elementor-element elementor-element-9c2ba0e elementor-icon-list--layout-traditional elementor-list-item-link-full_width elementor-widget elementor-widget-icon-list\" data-id=\"9c2ba0e\" data-element_type=\"widget\" data-e-type=\"widget\" data-widget_type=\"icon-list.default\">\n\t\t\t\t<div class=\"elementor-widget-container\">\n\t\t\t\t\t\t\t<ul class=\"elementor-icon-list-items\">\n\t\t\t\t\t\t\t<li class=\"elementor-icon-list-item\">\n\t\t\t\t\t\t\t\t\t\t\t<span class=\"elementor-icon-list-icon\">\n\t\t\t\t\t\t\t<svg aria-hidden=\"true\" class=\"e-font-icon-svg e-fas-caret-right\" viewBox=\"0 0 192 512\" xmlns=\"http:\/\/www.w3.org\/2000\/svg\"><path d=\"M0 384.662V127.338c0-17.818 21.543-26.741 34.142-14.142l128.662 128.662c7.81 7.81 7.81 20.474 0 28.284L34.142 398.804C21.543 411.404 0 402.48 0 384.662z\"><\/path><\/svg>\t\t\t\t\t\t<\/span>\n\t\t\t\t\t\t\t\t\t\t<span class=\"elementor-icon-list-text\"><p style=\"text-align: justify\">  Le secteur bancaire se d\u00e9veloppe \u00e0 l'\u00e9chelle mondiale en raison de la cr\u00e9ation continue de richesses due \u00e0 des taux d'\u00e9pargne positifs et \u00e0 l'appr\u00e9ciation du capital \u00e0 long terme. La croissance attrayante de l'industrie continue de d\u00e9passer la croissance du PIB de nombreux pays occidentaux. Aujourd'hui, Caye a une forte empreinte en Am\u00e9rique centrale et notre objectif est de r\u00e9aliser une croissance sup\u00e9rieure \u00e0 celle du march\u00e9, ainsi que de gagner des parts de march\u00e9 dans nos trois activit\u00e9s principales. Cela n\u00e9cessite des investissements dans notre mod\u00e8le d'entreprise, que nous r\u00e9alisons de mani\u00e8re cibl\u00e9e.<\/span>\n\t\t\t\t\t\t\t\t\t<\/li>\n\t\t\t\t\t\t<\/ul>\n\t\t\t\t\t\t<\/div>\n\t\t\t\t<\/div>\n\t\t\t\t<div class=\"elementor-element elementor-element-7ff18d0 elementor-widget elementor-widget-text-editor\" data-id=\"7ff18d0\" data-element_type=\"widget\" data-e-type=\"widget\" data-widget_type=\"text-editor.default\">\n\t\t\t\t<div class=\"elementor-widget-container\">\n\t\t\t\t\t\t\t\t\t<ul>\n<li>Avec nos comptes bancaires internationaux, nous aspirons \u00e0 devenir le premier fournisseur d&rsquo;\u00e9pargne de la r\u00e9gion, tout en continuant \u00e0 adapter notre offre aux besoins sp\u00e9cifiques de nos clients. Pour mieux faire conna\u00eetre Caye, nous continuons d&rsquo;\u00e9toffer notre \u00e9quipe de directeurs r\u00e9gionaux professionnels situ\u00e9s dans les principales villes du monde, qui assurent le d\u00e9veloppement commercial des produits et services de la banque dans leur r\u00e9gion.<br><br><\/li>\n<li>Dans le domaine du financement, nous voulons gagner de nouvelles parts de march\u00e9 en nous positionnant comme une banque bien \u00e9tablie et bien connue, qui offre un niveau sup\u00e9rieur d&rsquo;assistance \u00e0 la client\u00e8le et qui est pr\u00eate \u00e0 travailler avec les clients qui obtiennent des pr\u00eats dans la r\u00e9gion en faisant preuve de souplesse dans la structuration des calendriers de remboursement et des conditions sous-jacentes.<br><br><\/li>\n<li>Nos services financiers, qui offrent des solutions innovantes, ainsi que l&rsquo;attention constante que nous portons \u00e0 l&rsquo;am\u00e9lioration de nos capacit\u00e9s technologiques, nous fournissent des bases tr\u00e8s solides pour la poursuite de la croissance de la banque. Dans toutes nos activit\u00e9s principales, nous visons \u00e0 utiliser les avantages de la num\u00e9risation pour am\u00e9liorer l&rsquo;exp\u00e9rience des clients et renforcer l&rsquo;efficacit\u00e9 et l&rsquo;efficience de la prestation de services.<\/li>\n<\/ul>\t\t\t\t\t\t\t\t<\/div>\n\t\t\t\t<\/div>\n\t\t\t\t\t<\/div>\n\t\t<\/div>\n\t\t\t\t\t<\/div>\n\t\t<\/section>\n\t\t\t\t<\/div>\n\t\t","protected":false},"excerpt":{"rendered":"<p>Relations avec les investisseurs Caye est bien positionn\u00e9e dans un secteur en pleine croissance Vue d&rsquo;ensemble des informations bancaires L&rsquo;histoire de Caye a commenc\u00e9 en 1996 en tant que soci\u00e9t\u00e9 hypoth\u00e9caire b\u00e9lizienne et, apr\u00e8s plusieurs ann\u00e9es de succ\u00e8s, la d\u00e9cision a \u00e9t\u00e9 prise de devenir une banque internationale. Cette autorisation a \u00e9t\u00e9 accord\u00e9e le 29 [&hellip;]<\/p>\n","protected":false},"author":6,"featured_media":0,"parent":0,"menu_order":0,"comment_status":"closed","ping_status":"closed","template":"elementor_header_footer","meta":{"content-type":"","footnotes":""},"class_list":["post-13497","page","type-page","status-publish","hentry"],"_links":{"self":[{"href":"https:\/\/www.cayebank.bz\/fr\/wp-json\/wp\/v2\/pages\/13497","targetHints":{"allow":["GET"]}}],"collection":[{"href":"https:\/\/www.cayebank.bz\/fr\/wp-json\/wp\/v2\/pages"}],"about":[{"href":"https:\/\/www.cayebank.bz\/fr\/wp-json\/wp\/v2\/types\/page"}],"author":[{"embeddable":true,"href":"https:\/\/www.cayebank.bz\/fr\/wp-json\/wp\/v2\/users\/6"}],"replies":[{"embeddable":true,"href":"https:\/\/www.cayebank.bz\/fr\/wp-json\/wp\/v2\/comments?post=13497"}],"version-history":[{"count":2,"href":"https:\/\/www.cayebank.bz\/fr\/wp-json\/wp\/v2\/pages\/13497\/revisions"}],"predecessor-version":[{"id":14772,"href":"https:\/\/www.cayebank.bz\/fr\/wp-json\/wp\/v2\/pages\/13497\/revisions\/14772"}],"wp:attachment":[{"href":"https:\/\/www.cayebank.bz\/fr\/wp-json\/wp\/v2\/media?parent=13497"}],"curies":[{"name":"wp","href":"https:\/\/api.w.org\/{rel}","templated":true}]}}