{"id":13482,"date":"2023-05-30T13:05:48","date_gmt":"2023-05-30T19:05:48","guid":{"rendered":"https:\/\/www.cayebank.bz\/plan-du-site\/"},"modified":"2023-05-31T06:02:00","modified_gmt":"2023-05-31T12:02:00","slug":"plan-du-site","status":"publish","type":"page","link":"https:\/\/www.cayebank.bz\/fr\/plan-du-site\/","title":{"rendered":"Plan du site"},"content":{"rendered":"\t\t<div data-elementor-type=\"wp-page\" data-elementor-id=\"13482\" class=\"elementor elementor-13482\" data-elementor-post-type=\"page\">\n\t\t\t\t\t\t<section class=\"elementor-section elementor-top-section elementor-element elementor-element-5e34d9e elementor-section-full_width elementor-section-height-default elementor-section-height-default\" data-id=\"5e34d9e\" data-element_type=\"section\" data-e-type=\"section\" data-settings=\"{&quot;background_background&quot;:&quot;classic&quot;}\">\n\t\t\t\t\t\t<div class=\"elementor-container elementor-column-gap-default\">\n\t\t\t\t\t<div class=\"elementor-column elementor-col-100 elementor-top-column elementor-element elementor-element-7f2bf03\" data-id=\"7f2bf03\" data-element_type=\"column\" data-e-type=\"column\">\n\t\t\t<div class=\"elementor-widget-wrap elementor-element-populated\">\n\t\t\t\t\t\t<section class=\"elementor-section elementor-inner-section elementor-element elementor-element-13d0c46 elementor-section-boxed elementor-section-height-default elementor-section-height-default\" data-id=\"13d0c46\" data-element_type=\"section\" data-e-type=\"section\">\n\t\t\t\t\t\t<div class=\"elementor-container elementor-column-gap-default\">\n\t\t\t\t\t<div class=\"elementor-column elementor-col-33 elementor-inner-column elementor-element elementor-element-80ccbdd\" data-id=\"80ccbdd\" data-element_type=\"column\" data-e-type=\"column\">\n\t\t\t<div class=\"elementor-widget-wrap\">\n\t\t\t\t\t\t\t<\/div>\n\t\t<\/div>\n\t\t\t\t<div class=\"elementor-column elementor-col-33 elementor-inner-column elementor-element elementor-element-5410618\" data-id=\"5410618\" data-element_type=\"column\" data-e-type=\"column\" data-settings=\"{&quot;background_background&quot;:&quot;classic&quot;}\">\n\t\t\t<div class=\"elementor-widget-wrap elementor-element-populated\">\n\t\t\t\t\t\t<div class=\"elementor-element elementor-element-4854df3 elementor-widget elementor-widget-heading\" data-id=\"4854df3\" data-element_type=\"widget\" data-e-type=\"widget\" data-widget_type=\"heading.default\">\n\t\t\t\t<div class=\"elementor-widget-container\">\n\t\t\t\t\t<h2 class=\"elementor-heading-title elementor-size-default\">Plan du site<\/h2>\t\t\t\t<\/div>\n\t\t\t\t<\/div>\n\t\t\t\t\t<\/div>\n\t\t<\/div>\n\t\t\t\t<div class=\"elementor-column elementor-col-33 elementor-inner-column elementor-element elementor-element-f50a6b7\" data-id=\"f50a6b7\" data-element_type=\"column\" data-e-type=\"column\">\n\t\t\t<div class=\"elementor-widget-wrap\">\n\t\t\t\t\t\t\t<\/div>\n\t\t<\/div>\n\t\t\t\t\t<\/div>\n\t\t<\/section>\n\t\t\t\t\t<\/div>\n\t\t<\/div>\n\t\t\t\t\t<\/div>\n\t\t<\/section>\n\t\t\t\t<section class=\"elementor-section elementor-top-section elementor-element elementor-element-edb389e elementor-section-boxed elementor-section-height-default elementor-section-height-default\" data-id=\"edb389e\" data-element_type=\"section\" data-e-type=\"section\">\n\t\t\t\t\t\t<div class=\"elementor-container elementor-column-gap-default\">\n\t\t\t\t\t<div class=\"elementor-column elementor-col-20 elementor-top-column elementor-element elementor-element-b727929\" data-id=\"b727929\" data-element_type=\"column\" data-e-type=\"column\">\n\t\t\t<div class=\"elementor-widget-wrap elementor-element-populated\">\n\t\t\t\t\t\t<div class=\"elementor-element elementor-element-d66ea0e elementor-widget elementor-widget-heading\" data-id=\"d66ea0e\" data-element_type=\"widget\" data-e-type=\"widget\" data-widget_type=\"heading.default\">\n\t\t\t\t<div class=\"elementor-widget-container\">\n\t\t\t\t\t<h2 class=\"elementor-heading-title elementor-size-default\"><a href=\"https:\/\/www.cayebank.bz\/fr\/\">ACCUEIL<\/a><\/h2>\t\t\t\t<\/div>\n\t\t\t\t<\/div>\n\t\t\t\t\t<\/div>\n\t\t<\/div>\n\t\t\t\t<div class=\"elementor-column elementor-col-20 elementor-top-column elementor-element elementor-element-53055d0\" data-id=\"53055d0\" data-element_type=\"column\" data-e-type=\"column\">\n\t\t\t<div class=\"elementor-widget-wrap elementor-element-populated\">\n\t\t\t\t\t\t<div class=\"elementor-element elementor-element-eb1fed6 elementor-widget elementor-widget-heading\" data-id=\"eb1fed6\" data-element_type=\"widget\" data-e-type=\"widget\" data-widget_type=\"heading.default\">\n\t\t\t\t<div class=\"elementor-widget-container\">\n\t\t\t\t\t<h2 class=\"elementor-heading-title elementor-size-default\"><a href=\"https:\/\/www.cayebank.bz\/accounts\/\">COMPTES<\/a><\/h2>\t\t\t\t<\/div>\n\t\t\t\t<\/div>\n\t\t\t\t<div class=\"elementor-element elementor-element-e3f94ab elementor-widget elementor-widget-text-editor\" data-id=\"e3f94ab\" data-element_type=\"widget\" data-e-type=\"widget\" data-widget_type=\"text-editor.default\">\n\t\t\t\t<div class=\"elementor-widget-container\">\n\t\t\t\t\t\t\t\t\t<p><a href=\"https:\/\/www.cayebank.bz\/demand-deposits\/\">D\u00e9p\u00f4ts \u00e0 vue<\/a><\/p>\n<p><a href=\"https:\/\/www.cayebank.bz\/fr\/comptes-depargne\/\">Comptes d&rsquo;\u00e9pargne<\/a><\/p>\n<p><a href=\"https:\/\/www.cayebank.bz\/term-deposits\/\">D\u00e9p\u00f4ts \u00e0 terme<\/a><\/p>\n<p><a href=\"https:\/\/www.cayebank.bz\/compare-accounts\/\">Comparer les comptes<\/a><\/p>\n<p><a href=\"https:\/\/www.cayebank.bz\/faq\/\">FAQ&rsquo;S<\/a><\/p>\n<p><a href=\"https:\/\/www.cayebank.bz\/fr\/ouverture-de-compte\/\">Applications<\/a><\/p>\n\t\t\t\t\t\t\t\t<\/div>\n\t\t\t\t<\/div>\n\t\t\t\t\t<\/div>\n\t\t<\/div>\n\t\t\t\t<div class=\"elementor-column elementor-col-20 elementor-top-column elementor-element elementor-element-c6be4ca\" data-id=\"c6be4ca\" data-element_type=\"column\" data-e-type=\"column\">\n\t\t\t<div class=\"elementor-widget-wrap elementor-element-populated\">\n\t\t\t\t\t\t<div class=\"elementor-element elementor-element-0c469d0 elementor-widget elementor-widget-heading\" data-id=\"0c469d0\" data-element_type=\"widget\" data-e-type=\"widget\" data-widget_type=\"heading.default\">\n\t\t\t\t<div class=\"elementor-widget-container\">\n\t\t\t\t\t<h2 class=\"elementor-heading-title elementor-size-default\"><a href=\"https:\/\/www.cayebank.bz\/services\/\">SERVICES<\/a><\/h2>\t\t\t\t<\/div>\n\t\t\t\t<\/div>\n\t\t\t\t<div class=\"elementor-element elementor-element-dd7967d elementor-widget elementor-widget-text-editor\" data-id=\"dd7967d\" data-element_type=\"widget\" data-e-type=\"widget\" data-widget_type=\"text-editor.default\">\n\t\t\t\t<div class=\"elementor-widget-container\">\n\t\t\t\t\t\t\t\t\t<p><a href=\"https:\/\/www.cayebank.bz\/loans\/\">Financement<\/a><\/p>\n<p><a href=\"https:\/\/www.cayebank.bz\/gold-loan-program\/\">Programme de pr\u00eat d&rsquo;or<\/a><\/p>\n<p><a href=\"https:\/\/www.cayebank.bz\/fr\/carte-visa-prepayee\/\">Carte Visa pr\u00e9pay\u00e9e<\/a><\/p>\n<p><a href=\"https:\/\/www.cayebank.bz\/wire-transfers\/\">Virements bancaires<\/a><\/p>\n\t\t\t\t\t\t\t\t<\/div>\n\t\t\t\t<\/div>\n\t\t\t\t\t<\/div>\n\t\t<\/div>\n\t\t\t\t<div class=\"elementor-column elementor-col-20 elementor-top-column elementor-element elementor-element-430ed02\" data-id=\"430ed02\" data-element_type=\"column\" data-e-type=\"column\">\n\t\t\t<div class=\"elementor-widget-wrap elementor-element-populated\">\n\t\t\t\t\t\t<div class=\"elementor-element elementor-element-17e93bc elementor-widget elementor-widget-heading\" data-id=\"17e93bc\" data-element_type=\"widget\" data-e-type=\"widget\" data-widget_type=\"heading.default\">\n\t\t\t\t<div class=\"elementor-widget-container\">\n\t\t\t\t\t<h2 class=\"elementor-heading-title elementor-size-default\"><a href=\"https:\/\/www.cayebank.bz\/about-us\/\">  \u00c0 PROPOS<\/a><\/h2>\t\t\t\t<\/div>\n\t\t\t\t<\/div>\n\t\t\t\t<div class=\"elementor-element elementor-element-7898e05 elementor-widget elementor-widget-text-editor\" data-id=\"7898e05\" data-element_type=\"widget\" data-e-type=\"widget\" data-widget_type=\"text-editor.default\">\n\t\t\t\t<div class=\"elementor-widget-container\">\n\t\t\t\t\t\t\t\t\t<p><a href=\"https:\/\/www.cayebank.bz\/joel-nagel\/\">Joel Nagel<\/a><\/p>\n<p><a href=\"https:\/\/www.cayebank.bz\/luigi-wewege\/\">Luigi Wewege<\/a><\/p>\n<p><a href=\"https:\/\/www.cayebank.bz\/why-offshore\/\">Pourquoi l&rsquo;offshore ?<\/a><\/p>\n<p><a href=\"https:\/\/www.cayebank.bz\/chairman\/\">Mot de bienvenue du pr\u00e9sident<\/a><\/p>\n<p><a href=\"https:\/\/www.cayebank.bz\/fr\/gouvernance-dentreprise\/\">Gouvernance<\/a><\/p>\n<p><a href=\"https:\/\/www.cayebank.bz\/fr\/equipe-de-direction\/\">Gestion<\/a><\/p>\n<p><a href=\"https:\/\/www.cayebank.bz\/company-holidays\/\">Jours f\u00e9ri\u00e9s<\/a><\/p>\n\t\t\t\t\t\t\t\t<\/div>\n\t\t\t\t<\/div>\n\t\t\t\t\t<\/div>\n\t\t<\/div>\n\t\t\t\t<div class=\"elementor-column elementor-col-20 elementor-top-column elementor-element elementor-element-14ce1ad\" data-id=\"14ce1ad\" data-element_type=\"column\" data-e-type=\"column\">\n\t\t\t<div class=\"elementor-widget-wrap elementor-element-populated\">\n\t\t\t\t\t\t<div class=\"elementor-element elementor-element-e56d605 elementor-widget elementor-widget-heading\" data-id=\"e56d605\" data-element_type=\"widget\" data-e-type=\"widget\" data-widget_type=\"heading.default\">\n\t\t\t\t<div class=\"elementor-widget-container\">\n\t\t\t\t\t<h2 class=\"elementor-heading-title elementor-size-default\"><a href=\"https:\/\/www.cayebank.bz\/blog\/\">REGARDS<\/a><\/h2>\t\t\t\t<\/div>\n\t\t\t\t<\/div>\n\t\t\t\t<div class=\"elementor-element elementor-element-5b78475 elementor-widget elementor-widget-text-editor\" data-id=\"5b78475\" data-element_type=\"widget\" data-e-type=\"widget\" data-widget_type=\"text-editor.default\">\n\t\t\t\t<div class=\"elementor-widget-container\">\n\t\t\t\t\t\t\t\t\t<p><a href=\"https:\/\/www.cayebank.bz\/fr\/ressources\/\">Ressources<\/a><\/p>\n\t\t\t\t\t\t\t\t<\/div>\n\t\t\t\t<\/div>\n\t\t\t\t<div class=\"elementor-element elementor-element-71c31c2 elementor-widget elementor-widget-text-editor\" data-id=\"71c31c2\" data-element_type=\"widget\" data-e-type=\"widget\" data-widget_type=\"text-editor.default\">\n\t\t\t\t<div class=\"elementor-widget-container\">\n\t\t\t\t\t\t\t\t\t<p><a href=\"https:\/\/www.cayebank.bz\/fr\/carrieres\/\">Carri\u00e8res<\/a><br \/><a href=\"https:\/\/www.cayebank.bz\/investor-relations\/\">Relations avec les investisseurs<\/a><br \/><a href=\"https:\/\/www.cayebank.bz\/contact-us\/\">Contact<\/a><br \/><a href=\"https:\/\/my.cayebank.bz\/login\" target=\"_blank\" rel=\"noopener\">Connexion<\/a><\/p>\n\t\t\t\t\t\t\t\t<\/div>\n\t\t\t\t<\/div>\n\t\t\t\t\t<\/div>\n\t\t<\/div>\n\t\t\t\t\t<\/div>\n\t\t<\/section>\n\t\t\t\t<section class=\"elementor-section elementor-top-section elementor-element elementor-element-02ba79b elementor-section-boxed elementor-section-height-default elementor-section-height-default\" data-id=\"02ba79b\" data-element_type=\"section\" data-e-type=\"section\">\n\t\t\t\t\t\t<div class=\"elementor-container elementor-column-gap-default\">\n\t\t\t\t\t<div class=\"elementor-column elementor-col-100 elementor-top-column elementor-element elementor-element-3c443fc\" data-id=\"3c443fc\" data-element_type=\"column\" data-e-type=\"column\">\n\t\t\t<div class=\"elementor-widget-wrap\">\n\t\t\t\t\t\t\t<\/div>\n\t\t<\/div>\n\t\t\t\t\t<\/div>\n\t\t<\/section>\n\t\t\t\t<\/div>\n\t\t","protected":false},"excerpt":{"rendered":"<p>Plan du site ACCUEIL COMPTES D\u00e9p\u00f4ts \u00e0 vue Comptes d&rsquo;\u00e9pargne D\u00e9p\u00f4ts \u00e0 terme Comparer les comptes FAQ&rsquo;S Applications SERVICES Financement Programme de pr\u00eat d&rsquo;or Carte Visa pr\u00e9pay\u00e9e Virements bancaires \u00c0 PROPOS Joel Nagel Luigi Wewege Pourquoi l&rsquo;offshore ? Mot de bienvenue du pr\u00e9sident Gouvernance Gestion Jours f\u00e9ri\u00e9s REGARDS Ressources Carri\u00e8resRelations avec les investisseursContactConnexion<\/p>\n","protected":false},"author":6,"featured_media":0,"parent":0,"menu_order":0,"comment_status":"closed","ping_status":"closed","template":"elementor_header_footer","meta":{"content-type":"","footnotes":""},"class_list":["post-13482","page","type-page","status-publish","hentry"],"_links":{"self":[{"href":"https:\/\/www.cayebank.bz\/fr\/wp-json\/wp\/v2\/pages\/13482","targetHints":{"allow":["GET"]}}],"collection":[{"href":"https:\/\/www.cayebank.bz\/fr\/wp-json\/wp\/v2\/pages"}],"about":[{"href":"https:\/\/www.cayebank.bz\/fr\/wp-json\/wp\/v2\/types\/page"}],"author":[{"embeddable":true,"href":"https:\/\/www.cayebank.bz\/fr\/wp-json\/wp\/v2\/users\/6"}],"replies":[{"embeddable":true,"href":"https:\/\/www.cayebank.bz\/fr\/wp-json\/wp\/v2\/comments?post=13482"}],"version-history":[{"count":1,"href":"https:\/\/www.cayebank.bz\/fr\/wp-json\/wp\/v2\/pages\/13482\/revisions"}],"predecessor-version":[{"id":13496,"href":"https:\/\/www.cayebank.bz\/fr\/wp-json\/wp\/v2\/pages\/13482\/revisions\/13496"}],"wp:attachment":[{"href":"https:\/\/www.cayebank.bz\/fr\/wp-json\/wp\/v2\/media?parent=13482"}],"curies":[{"name":"wp","href":"https:\/\/api.w.org\/{rel}","templated":true}]}}