{"id":13481,"date":"2023-04-13T05:34:02","date_gmt":"2023-04-13T11:34:02","guid":{"rendered":"https:\/\/www.cayebank.bz\/a-propos-de-nous\/"},"modified":"2024-05-19T21:27:20","modified_gmt":"2024-05-20T03:27:20","slug":"a-propos-de-nous","status":"publish","type":"page","link":"https:\/\/www.cayebank.bz\/fr\/a-propos-de-nous\/","title":{"rendered":"A propos de nous"},"content":{"rendered":"\t\t<div data-elementor-type=\"wp-page\" data-elementor-id=\"13481\" class=\"elementor elementor-13481\" data-elementor-post-type=\"page\">\n\t\t\t\t\t\t<section class=\"elementor-section elementor-top-section elementor-element elementor-element-4f84883 elementor-section-full_width elementor-section-height-default elementor-section-height-default\" data-id=\"4f84883\" data-element_type=\"section\" data-e-type=\"section\" data-settings=\"{&quot;background_background&quot;:&quot;classic&quot;}\">\n\t\t\t\t\t\t<div class=\"elementor-container elementor-column-gap-default\">\n\t\t\t\t\t<div class=\"elementor-column elementor-col-100 elementor-top-column elementor-element elementor-element-78aecd4\" data-id=\"78aecd4\" data-element_type=\"column\" data-e-type=\"column\">\n\t\t\t<div class=\"elementor-widget-wrap elementor-element-populated\">\n\t\t\t\t\t\t<section class=\"elementor-section elementor-inner-section elementor-element elementor-element-9618713 elementor-section-boxed elementor-section-height-default elementor-section-height-default\" data-id=\"9618713\" data-element_type=\"section\" data-e-type=\"section\">\n\t\t\t\t\t\t<div class=\"elementor-container elementor-column-gap-default\">\n\t\t\t\t\t<div class=\"elementor-column elementor-col-33 elementor-inner-column elementor-element elementor-element-9eb77f2\" data-id=\"9eb77f2\" data-element_type=\"column\" data-e-type=\"column\">\n\t\t\t<div class=\"elementor-widget-wrap\">\n\t\t\t\t\t\t\t<\/div>\n\t\t<\/div>\n\t\t\t\t<div class=\"elementor-column elementor-col-33 elementor-inner-column elementor-element elementor-element-41dabdb\" data-id=\"41dabdb\" data-element_type=\"column\" data-e-type=\"column\" data-settings=\"{&quot;background_background&quot;:&quot;classic&quot;}\">\n\t\t\t<div class=\"elementor-widget-wrap elementor-element-populated\">\n\t\t\t\t\t\t<div class=\"elementor-element elementor-element-5116790 elementor-widget elementor-widget-heading\" data-id=\"5116790\" data-element_type=\"widget\" data-e-type=\"widget\" data-widget_type=\"heading.default\">\n\t\t\t\t<div class=\"elementor-widget-container\">\n\t\t\t\t\t<h2 class=\"elementor-heading-title elementor-size-default\">A propos de nous<\/h2>\t\t\t\t<\/div>\n\t\t\t\t<\/div>\n\t\t\t\t<div class=\"elementor-element elementor-element-f0063dc elementor-widget elementor-widget-text-editor\" data-id=\"f0063dc\" data-element_type=\"widget\" data-e-type=\"widget\" data-widget_type=\"text-editor.default\">\n\t\t\t\t<div class=\"elementor-widget-container\">\n\t\t\t\t\t\t\t\t\t<p style=\"text-align: center;\">Banque internationale de Caye<\/p>\n\t\t\t\t\t\t\t\t<\/div>\n\t\t\t\t<\/div>\n\t\t\t\t\t<\/div>\n\t\t<\/div>\n\t\t\t\t<div class=\"elementor-column elementor-col-33 elementor-inner-column elementor-element elementor-element-8a5ecb2\" data-id=\"8a5ecb2\" data-element_type=\"column\" data-e-type=\"column\">\n\t\t\t<div class=\"elementor-widget-wrap\">\n\t\t\t\t\t\t\t<\/div>\n\t\t<\/div>\n\t\t\t\t\t<\/div>\n\t\t<\/section>\n\t\t\t\t\t<\/div>\n\t\t<\/div>\n\t\t\t\t\t<\/div>\n\t\t<\/section>\n\t\t\t\t<section class=\"elementor-section elementor-top-section elementor-element elementor-element-0492cd4 elementor-section-boxed elementor-section-height-default elementor-section-height-default\" data-id=\"0492cd4\" data-element_type=\"section\" data-e-type=\"section\">\n\t\t\t\t\t\t<div class=\"elementor-container elementor-column-gap-default\">\n\t\t\t\t\t<div class=\"elementor-column elementor-col-100 elementor-top-column elementor-element elementor-element-9495fff\" data-id=\"9495fff\" data-element_type=\"column\" data-e-type=\"column\">\n\t\t\t<div class=\"elementor-widget-wrap elementor-element-populated\">\n\t\t\t\t\t\t<div class=\"elementor-element elementor-element-0c1ee56 elementor-widget elementor-widget-heading\" data-id=\"0c1ee56\" data-element_type=\"widget\" data-e-type=\"widget\" data-widget_type=\"heading.default\">\n\t\t\t\t<div class=\"elementor-widget-container\">\n\t\t\t\t\t<h3 class=\"elementor-heading-title elementor-size-default\">Caye International Bank -&nbsp;<i>Un aper\u00e7u de notre histoire<\/i>...<\/h3>\t\t\t\t<\/div>\n\t\t\t\t<\/div>\n\t\t\t\t<div class=\"elementor-element elementor-element-c2dd416 elementor-widget elementor-widget-text-editor\" data-id=\"c2dd416\" data-element_type=\"widget\" data-e-type=\"widget\" data-widget_type=\"text-editor.default\">\n\t\t\t\t<div class=\"elementor-widget-container\">\n\t\t\t\t\t\t\t\t\t<p>L&rsquo;histoire de Caye a commenc\u00e9 en 1996 en tant que soci\u00e9t\u00e9 hypoth\u00e9caire b\u00e9lizienne et, apr\u00e8s plusieurs ann\u00e9es de succ\u00e8s, la d\u00e9cision a \u00e9t\u00e9 prise de devenir une banque internationale. Cette autorisation a \u00e9t\u00e9 accord\u00e9e le 29 septembre 2003, lorsque Caye a re\u00e7u de la Banque centrale du Belize une licence bancaire internationale de classe A sans restriction.<span style=\"text-decoration: underline;\"> <a href=\"http:\/\/centralbank.org.bz\/home\/core-functions\/prudential-supervision\/International-banks\" target=\"_blank\" rel=\"noopener\">classe A &#8211; licence bancaire internationale sans restriction de la Banque centrale du Belize.<\/a> <\/span>La Banque centrale du Belize est charg\u00e9e de r\u00e9glementer la Caye International Bank et de fixer les normes relatives \u00e0 ses ratios de liquidit\u00e9 et d&rsquo;ad\u00e9quation des fonds propres.<\/p>\n<p>Caye est la seule banque internationale dont le si\u00e8ge se trouve sur la magnifique \u00eele d&rsquo;Ambergris Caye, en Am\u00e9rique centrale, et notre licence bancaire nous permet d&rsquo;offrir des services financiers aux particuliers et aux entreprises situ\u00e9s en dehors du Belize. La banque offre une gamme compl\u00e8te de services bancaires traditionnels et non traditionnels, ainsi que des comptes en plusieurs devises. La demande d&rsquo;ouverture de compte est une proc\u00e9dure simple, qui peut \u00eatre effectu\u00e9e en ligne depuis n&rsquo;importe quel endroit du monde.<\/p>\n\t\t\t\t\t\t\t\t<\/div>\n\t\t\t\t<\/div>\n\t\t\t\t\t<\/div>\n\t\t<\/div>\n\t\t\t\t\t<\/div>\n\t\t<\/section>\n\t\t\t\t<section class=\"elementor-section elementor-top-section elementor-element elementor-element-4c3b6ca0 elementor-section-boxed elementor-section-height-default elementor-section-height-default\" data-id=\"4c3b6ca0\" data-element_type=\"section\" data-e-type=\"section\" data-settings=\"{&quot;background_background&quot;:&quot;classic&quot;}\">\n\t\t\t\t\t\t<div class=\"elementor-container elementor-column-gap-default\">\n\t\t\t\t\t<div class=\"elementor-column elementor-col-100 elementor-top-column elementor-element elementor-element-47debebd\" data-id=\"47debebd\" data-element_type=\"column\" data-e-type=\"column\">\n\t\t\t<div class=\"elementor-widget-wrap elementor-element-populated\">\n\t\t\t\t\t\t<div class=\"elementor-element elementor-element-85e2c80 elementor-widget elementor-widget-heading\" data-id=\"85e2c80\" data-element_type=\"widget\" data-e-type=\"widget\" data-widget_type=\"heading.default\">\n\t\t\t\t<div class=\"elementor-widget-container\">\n\t\t\t\t\t<h2 class=\"elementor-heading-title elementor-size-default\">Notre calendrier d'entreprise en un coup d'\u0153il\n<\/h2>\t\t\t\t<\/div>\n\t\t\t\t<\/div>\n\t\t\t\t<div class=\"elementor-element elementor-element-c430a94 elementor-widget elementor-widget-text-editor\" data-id=\"c430a94\" data-element_type=\"widget\" data-e-type=\"widget\" data-widget_type=\"text-editor.default\">\n\t\t\t\t<div class=\"elementor-widget-container\">\n\t\t\t\t\t\t\t\t\t<!DOCTYPE html><html><head><meta name=\"viewport\" content=\"width=device-width, initial-scale=1.0\"><style>* {\n  box-sizing: border-box;\n}\n\nbody {\n  background-color: #D7DDDF;\n  font-family: Helvetica, sans-serif;\n}\n\n\/* The actual timeline (the vertical ruler) *\/\n.timeline {\n  position: relative;\n  max-width: 1200px;\n  margin: 0 auto;\n}\n\n\/* The actual timeline (the vertical ruler) *\/\n.timeline::after {\n  content: '';\n  position: absolute;\n  width: 6px;\n  background-color: white;\n  top: 0;\n  bottom: 0;\n  left: 50%;\n  margin-left: -3px;\n}\n\n\/* Container around content *\/\n.container {\n  padding: 10px 40px;\n  position: relative;\n  background-color: inherit;\n  width: 50%;\n}\n\n\/* The circles on the timeline *\/\n.container::after {\n  content: '';\n  position: absolute;\n  width: 20px;\n  height: 20px;\n  right: -17px;\n  background-color: black;\n  border: 4px solid #000000;\n  top: 15px;\n  border-radius: 50%;\n  z-index: 1;\n}\n\n\/* Place the container to the left *\/\n.left {\n  left: 0;\n}\n\n\/* Place the container to the right *\/\n.right {\n  left: 50%;\n}\n\n\/* Add arrows to the left container (pointing right) *\/\n.left::before {\n  content: \" \";\n  height: 0;\n  position: absolute;\n  top: 22px;\n  width: 0;\n  z-index: 1;\n  right: 30px;\n  border: medium solid white;\n  border-width: 10px 0 10px 10px;\n  border-color: transparent transparent transparent white;\n}\n\n\/* Add arrows to the right container (pointing left) *\/\n.right::before {\n  content: \" \";\n  height: 0;\n  position: absolute;\n  top: 22px;\n  width: 0;\n  z-index: 1;\n  left: 30px;\n  border: medium solid white;\n  border-width: 10px 10px 10px 0;\n  border-color: transparent white transparent transparent;\n}\n\n\/* Fix the circle for containers on the right side *\/\n.right::after {\n  left: -13px;\n}\n\n\/* The actual content *\/\n.content {\n  padding: 20px 30px;\n  background-color: white;\n  position: relative;\n  border-radius: 6px;\n}\n\n\/* Media queries - Responsive timeline on screens less than 600px wide *\/\n@media screen and (max-width: 600px) {\n  \/* Place the timelime to the left *\/\n  .timeline::after {\n  left: 31px;\n  }\n  \n  \/* Full-width containers *\/\n  .container {\n  width: 100%;\n  padding-left: 70px;\n  padding-right: 25px;\n  }\n  \n  \/* Make sure that all arrows are pointing leftwards *\/\n  .container::before {\n  left: 60px;\n  border: medium solid white;\n  border-width: 10px 10px 10px 0;\n  border-color: transparent white transparent transparent;\n  }\n\n  \/* Make sure all circles are at the same spot *\/\n  .left::after, .right::after {\n  left: 15px;\n  }\n  \n  \/* Make all right containers behave like the left ones *\/\n  .right {\n  left: 0%;\n  }\n}\n<\/style><\/head><body><div class=\"timeline\"><div class=\"container left\"><div class=\"content\"><h2 style=\"color:#001F51;\">MID TO LATE<br\/>1990&rsquo;s<\/h2><ul><li>The Establishment of Caye Mortgage Company<\/li><li>Serving a need that wasn\u2019t being met by anyone else<\/li><\/ul><\/div><\/div><div class=\"container right\"><div class=\"content\"><h2 style=\"color:#001F51;\">EARLY<br\/>2000&rsquo;s<\/h2><ul><li>Launch of new financial services and accounts.<\/li><\/ul><\/div><\/div><div class=\"container left\"><div class=\"content\"><h2 style=\"color:#001F51;\">LATE<br\/>2000&rsquo;s<\/h2><ul><li>Development of new bank headquarters building<\/li><li>Support, commitment and investment of the local community<\/li><\/ul><\/div><\/div><div class=\"container right\"><div class=\"content\"><h2 style=\"color:#001F51;\">AND BEYOND<br\/>2010<\/h2><ul><li>Continued focus on the bank\u2019s technological advancement<\/li><li>Enduring ambition as a major international financial institution<\/li><\/ul><\/div><\/div><\/div><\/body><\/html>\t\t\t\t\t\t\t\t<\/div>\n\t\t\t\t<\/div>\n\t\t\t\t\t<\/div>\n\t\t<\/div>\n\t\t\t\t\t<\/div>\n\t\t<\/section>\n\t\t\t\t<\/div>\n\t\t","protected":false},"excerpt":{"rendered":"<p>A propos de nous Banque internationale de Caye Caye International Bank &#8211;&nbsp;Un aper\u00e7u de notre histoire&#8230; L&rsquo;histoire de Caye a commenc\u00e9 en 1996 en tant que soci\u00e9t\u00e9 hypoth\u00e9caire b\u00e9lizienne et, apr\u00e8s plusieurs ann\u00e9es de succ\u00e8s, la d\u00e9cision a \u00e9t\u00e9 prise de devenir une banque internationale. Cette autorisation a \u00e9t\u00e9 accord\u00e9e le 29 septembre 2003, lorsque [&hellip;]<\/p>\n","protected":false},"author":6,"featured_media":0,"parent":0,"menu_order":0,"comment_status":"closed","ping_status":"closed","template":"elementor_header_footer","meta":{"content-type":"","footnotes":""},"class_list":["post-13481","page","type-page","status-publish","hentry"],"_links":{"self":[{"href":"https:\/\/www.cayebank.bz\/fr\/wp-json\/wp\/v2\/pages\/13481","targetHints":{"allow":["GET"]}}],"collection":[{"href":"https:\/\/www.cayebank.bz\/fr\/wp-json\/wp\/v2\/pages"}],"about":[{"href":"https:\/\/www.cayebank.bz\/fr\/wp-json\/wp\/v2\/types\/page"}],"author":[{"embeddable":true,"href":"https:\/\/www.cayebank.bz\/fr\/wp-json\/wp\/v2\/users\/6"}],"replies":[{"embeddable":true,"href":"https:\/\/www.cayebank.bz\/fr\/wp-json\/wp\/v2\/comments?post=13481"}],"version-history":[{"count":2,"href":"https:\/\/www.cayebank.bz\/fr\/wp-json\/wp\/v2\/pages\/13481\/revisions"}],"predecessor-version":[{"id":16453,"href":"https:\/\/www.cayebank.bz\/fr\/wp-json\/wp\/v2\/pages\/13481\/revisions\/16453"}],"wp:attachment":[{"href":"https:\/\/www.cayebank.bz\/fr\/wp-json\/wp\/v2\/media?parent=13481"}],"curies":[{"name":"wp","href":"https:\/\/api.w.org\/{rel}","templated":true}]}}