{"id":13468,"date":"2023-05-26T13:53:26","date_gmt":"2023-05-26T19:53:26","guid":{"rendered":"https:\/\/www.cayebank.bz\/fatca\/"},"modified":"2023-05-31T06:02:13","modified_gmt":"2023-05-31T12:02:13","slug":"fatca","status":"publish","type":"page","link":"https:\/\/www.cayebank.bz\/fr\/fatca\/","title":{"rendered":"FATCA"},"content":{"rendered":"\t\t<div data-elementor-type=\"wp-page\" data-elementor-id=\"13468\" class=\"elementor elementor-13468\" data-elementor-post-type=\"page\">\n\t\t\t\t\t\t<section class=\"elementor-section elementor-top-section elementor-element elementor-element-e51b34e elementor-section-full_width elementor-section-height-default elementor-section-height-default\" data-id=\"e51b34e\" data-element_type=\"section\" data-e-type=\"section\" data-settings=\"{&quot;background_background&quot;:&quot;classic&quot;}\">\n\t\t\t\t\t\t<div class=\"elementor-container elementor-column-gap-default\">\n\t\t\t\t\t<div class=\"elementor-column elementor-col-100 elementor-top-column elementor-element elementor-element-b1c2adb\" data-id=\"b1c2adb\" data-element_type=\"column\" data-e-type=\"column\">\n\t\t\t<div class=\"elementor-widget-wrap elementor-element-populated\">\n\t\t\t\t\t\t<section class=\"elementor-section elementor-inner-section elementor-element elementor-element-4dcf343 elementor-section-boxed elementor-section-height-default elementor-section-height-default\" data-id=\"4dcf343\" data-element_type=\"section\" data-e-type=\"section\">\n\t\t\t\t\t\t<div class=\"elementor-container elementor-column-gap-default\">\n\t\t\t\t\t<div class=\"elementor-column elementor-col-33 elementor-inner-column elementor-element elementor-element-bc0a668\" data-id=\"bc0a668\" data-element_type=\"column\" data-e-type=\"column\">\n\t\t\t<div class=\"elementor-widget-wrap\">\n\t\t\t\t\t\t\t<\/div>\n\t\t<\/div>\n\t\t\t\t<div class=\"elementor-column elementor-col-33 elementor-inner-column elementor-element elementor-element-4d963f7\" data-id=\"4d963f7\" data-element_type=\"column\" data-e-type=\"column\" data-settings=\"{&quot;background_background&quot;:&quot;classic&quot;}\">\n\t\t\t<div class=\"elementor-widget-wrap elementor-element-populated\">\n\t\t\t\t\t\t<div class=\"elementor-element elementor-element-2660bba elementor-widget elementor-widget-heading\" data-id=\"2660bba\" data-element_type=\"widget\" data-e-type=\"widget\" data-widget_type=\"heading.default\">\n\t\t\t\t<div class=\"elementor-widget-container\">\n\t\t\t\t\t<h2 class=\"elementor-heading-title elementor-size-default\">FATCA<\/h2>\t\t\t\t<\/div>\n\t\t\t\t<\/div>\n\t\t\t\t\t<\/div>\n\t\t<\/div>\n\t\t\t\t<div class=\"elementor-column elementor-col-33 elementor-inner-column elementor-element elementor-element-a748bb6\" data-id=\"a748bb6\" data-element_type=\"column\" data-e-type=\"column\">\n\t\t\t<div class=\"elementor-widget-wrap\">\n\t\t\t\t\t\t\t<\/div>\n\t\t<\/div>\n\t\t\t\t\t<\/div>\n\t\t<\/section>\n\t\t\t\t\t<\/div>\n\t\t<\/div>\n\t\t\t\t\t<\/div>\n\t\t<\/section>\n\t\t\t\t<section class=\"elementor-section elementor-top-section elementor-element elementor-element-90bdef2 elementor-section-boxed elementor-section-height-default elementor-section-height-default\" data-id=\"90bdef2\" data-element_type=\"section\" data-e-type=\"section\">\n\t\t\t\t\t\t<div class=\"elementor-container elementor-column-gap-default\">\n\t\t\t\t\t<div class=\"elementor-column elementor-col-100 elementor-top-column elementor-element elementor-element-5c9017c\" data-id=\"5c9017c\" data-element_type=\"column\" data-e-type=\"column\">\n\t\t\t<div class=\"elementor-widget-wrap elementor-element-populated\">\n\t\t\t\t\t\t<div class=\"elementor-element elementor-element-36a9e0b elementor-widget elementor-widget-text-editor\" data-id=\"36a9e0b\" data-element_type=\"widget\" data-e-type=\"widget\" data-widget_type=\"text-editor.default\">\n\t\t\t\t<div class=\"elementor-widget-container\">\n\t\t\t\t\t\t\t\t\t<p>De nombreux pays dans le monde ont sign\u00e9 un accord avec les \u00c9tats-Unis d&rsquo;Am\u00e9rique, appel\u00e9 accord intergouvernemental (AGI). Cet accord d\u00e9coule de la l\u00e9gislation fiscale am\u00e9ricaine FATCA (Foreign Account Tax Compliance Act). En vertu de l&rsquo;accord\/la loi, les banques\/institutions financi\u00e8res sont tenues d&rsquo;identifier et de d\u00e9clarer \u00e0 l&rsquo;administration fiscale am\u00e9ricaine (IRS) les montants agr\u00e9g\u00e9s des comptes d\u00e9tenus par des citoyens et r\u00e9sidents am\u00e9ricains.<\/p>\n<p><span style=\"color: var( --e-global-color-primary ); letter-spacing: 0px; word-spacing: 0em; background-color: var( --e-global-color-17794e9 );\">En vertu de la loi am\u00e9ricaine sur la conformit\u00e9 fiscale des comptes \u00e9trangers (FATCA) et des accords intergouvernementaux (IGA), Caye International Bank s&rsquo;est enregistr\u00e9e aupr\u00e8s de l&rsquo;IRS. Le num\u00e9ro officiel d&rsquo;identification d&rsquo;interm\u00e9diaire mondial (GIIN) de Caye International Bank approuv\u00e9 par l&rsquo;IRS est : U8KTNL.99999.SL.084 avec le code SWIFT \/ BIC correspondant : CAYEBZBZ.<\/span><\/p>\n\t\t\t\t\t\t\t\t<\/div>\n\t\t\t\t<\/div>\n\t\t\t\t\t<\/div>\n\t\t<\/div>\n\t\t\t\t\t<\/div>\n\t\t<\/section>\n\t\t\t\t<\/div>\n\t\t","protected":false},"excerpt":{"rendered":"<p>FATCA De nombreux pays dans le monde ont sign\u00e9 un accord avec les \u00c9tats-Unis d&rsquo;Am\u00e9rique, appel\u00e9 accord intergouvernemental (AGI). Cet accord d\u00e9coule de la l\u00e9gislation fiscale am\u00e9ricaine FATCA (Foreign Account Tax Compliance Act). En vertu de l&rsquo;accord\/la loi, les banques\/institutions financi\u00e8res sont tenues d&rsquo;identifier et de d\u00e9clarer \u00e0 l&rsquo;administration fiscale am\u00e9ricaine (IRS) les montants agr\u00e9g\u00e9s [&hellip;]<\/p>\n","protected":false},"author":6,"featured_media":0,"parent":0,"menu_order":0,"comment_status":"closed","ping_status":"closed","template":"elementor_header_footer","meta":{"content-type":"","footnotes":""},"class_list":["post-13468","page","type-page","status-publish","hentry"],"_links":{"self":[{"href":"https:\/\/www.cayebank.bz\/fr\/wp-json\/wp\/v2\/pages\/13468","targetHints":{"allow":["GET"]}}],"collection":[{"href":"https:\/\/www.cayebank.bz\/fr\/wp-json\/wp\/v2\/pages"}],"about":[{"href":"https:\/\/www.cayebank.bz\/fr\/wp-json\/wp\/v2\/types\/page"}],"author":[{"embeddable":true,"href":"https:\/\/www.cayebank.bz\/fr\/wp-json\/wp\/v2\/users\/6"}],"replies":[{"embeddable":true,"href":"https:\/\/www.cayebank.bz\/fr\/wp-json\/wp\/v2\/comments?post=13468"}],"version-history":[{"count":2,"href":"https:\/\/www.cayebank.bz\/fr\/wp-json\/wp\/v2\/pages\/13468\/revisions"}],"predecessor-version":[{"id":13483,"href":"https:\/\/www.cayebank.bz\/fr\/wp-json\/wp\/v2\/pages\/13468\/revisions\/13483"}],"wp:attachment":[{"href":"https:\/\/www.cayebank.bz\/fr\/wp-json\/wp\/v2\/media?parent=13468"}],"curies":[{"name":"wp","href":"https:\/\/api.w.org\/{rel}","templated":true}]}}