{"id":13467,"date":"2023-04-13T05:57:04","date_gmt":"2023-04-13T11:57:04","guid":{"rendered":"https:\/\/www.cayebank.bz\/gouvernance-dentreprise\/"},"modified":"2023-06-08T11:17:06","modified_gmt":"2023-06-08T17:17:06","slug":"gouvernance-dentreprise","status":"publish","type":"page","link":"https:\/\/www.cayebank.bz\/fr\/gouvernance-dentreprise\/","title":{"rendered":"Gouvernance d&rsquo;entreprise"},"content":{"rendered":"\t\t<div data-elementor-type=\"wp-page\" data-elementor-id=\"13467\" class=\"elementor elementor-13467\" data-elementor-post-type=\"page\">\n\t\t\t\t\t\t<section class=\"elementor-section elementor-top-section elementor-element elementor-element-3fab737 elementor-section-full_width elementor-section-height-default elementor-section-height-default\" data-id=\"3fab737\" data-element_type=\"section\" data-e-type=\"section\" data-settings=\"{&quot;background_background&quot;:&quot;classic&quot;}\">\n\t\t\t\t\t\t<div class=\"elementor-container elementor-column-gap-default\">\n\t\t\t\t\t<div class=\"elementor-column elementor-col-100 elementor-top-column elementor-element elementor-element-136e058\" data-id=\"136e058\" data-element_type=\"column\" data-e-type=\"column\">\n\t\t\t<div class=\"elementor-widget-wrap elementor-element-populated\">\n\t\t\t\t\t\t<section class=\"elementor-section elementor-inner-section elementor-element elementor-element-f55acbb elementor-section-boxed elementor-section-height-default elementor-section-height-default\" data-id=\"f55acbb\" data-element_type=\"section\" data-e-type=\"section\">\n\t\t\t\t\t\t<div class=\"elementor-container elementor-column-gap-default\">\n\t\t\t\t\t<div class=\"elementor-column elementor-col-33 elementor-inner-column elementor-element elementor-element-3d5ec9b\" data-id=\"3d5ec9b\" data-element_type=\"column\" data-e-type=\"column\">\n\t\t\t<div class=\"elementor-widget-wrap\">\n\t\t\t\t\t\t\t<\/div>\n\t\t<\/div>\n\t\t\t\t<div class=\"elementor-column elementor-col-33 elementor-inner-column elementor-element elementor-element-84e8e29\" data-id=\"84e8e29\" data-element_type=\"column\" data-e-type=\"column\" data-settings=\"{&quot;background_background&quot;:&quot;classic&quot;}\">\n\t\t\t<div class=\"elementor-widget-wrap elementor-element-populated\">\n\t\t\t\t\t\t<div class=\"elementor-element elementor-element-c382aef elementor-widget elementor-widget-heading\" data-id=\"c382aef\" data-element_type=\"widget\" data-e-type=\"widget\" data-widget_type=\"heading.default\">\n\t\t\t\t<div class=\"elementor-widget-container\">\n\t\t\t\t\t<h2 class=\"elementor-heading-title elementor-size-default\">Gouvernance d'entreprise<\/h2>\t\t\t\t<\/div>\n\t\t\t\t<\/div>\n\t\t\t\t\t<\/div>\n\t\t<\/div>\n\t\t\t\t<div class=\"elementor-column elementor-col-33 elementor-inner-column elementor-element elementor-element-88fa5d9\" data-id=\"88fa5d9\" data-element_type=\"column\" data-e-type=\"column\">\n\t\t\t<div class=\"elementor-widget-wrap\">\n\t\t\t\t\t\t\t<\/div>\n\t\t<\/div>\n\t\t\t\t\t<\/div>\n\t\t<\/section>\n\t\t\t\t\t<\/div>\n\t\t<\/div>\n\t\t\t\t\t<\/div>\n\t\t<\/section>\n\t\t\t\t<section class=\"elementor-section elementor-top-section elementor-element elementor-element-2e71825 elementor-section-boxed elementor-section-height-default elementor-section-height-default\" data-id=\"2e71825\" data-element_type=\"section\" data-e-type=\"section\">\n\t\t\t\t\t\t<div class=\"elementor-container elementor-column-gap-default\">\n\t\t\t\t\t<div class=\"elementor-column elementor-col-100 elementor-top-column elementor-element elementor-element-7b8b47f\" data-id=\"7b8b47f\" data-element_type=\"column\" data-e-type=\"column\">\n\t\t\t<div class=\"elementor-widget-wrap elementor-element-populated\">\n\t\t\t\t\t\t<div class=\"elementor-element elementor-element-edca1a8 elementor-widget elementor-widget-heading\" data-id=\"edca1a8\" data-element_type=\"widget\" data-e-type=\"widget\" data-widget_type=\"heading.default\">\n\t\t\t\t<div class=\"elementor-widget-container\">\n\t\t\t\t\t<h2 class=\"elementor-heading-title elementor-size-default\">Gouvernance<\/h2>\t\t\t\t<\/div>\n\t\t\t\t<\/div>\n\t\t\t\t\t<\/div>\n\t\t<\/div>\n\t\t\t\t\t<\/div>\n\t\t<\/section>\n\t\t\t\t<section class=\"elementor-section elementor-top-section elementor-element elementor-element-3394b4e elementor-section-boxed elementor-section-height-default elementor-section-height-default\" data-id=\"3394b4e\" data-element_type=\"section\" data-e-type=\"section\">\n\t\t\t\t\t\t<div class=\"elementor-container elementor-column-gap-default\">\n\t\t\t\t\t<div class=\"elementor-column elementor-col-50 elementor-top-column elementor-element elementor-element-ede5606\" data-id=\"ede5606\" data-element_type=\"column\" data-e-type=\"column\">\n\t\t\t<div class=\"elementor-widget-wrap elementor-element-populated\">\n\t\t\t\t\t\t<div class=\"elementor-element elementor-element-b3deae9 elementor-position-left elementor-vertical-align-top elementor-widget elementor-widget-image-box\" data-id=\"b3deae9\" data-element_type=\"widget\" data-e-type=\"widget\" data-widget_type=\"image-box.default\">\n\t\t\t\t<div class=\"elementor-widget-container\">\n\t\t\t\t\t<div class=\"elementor-image-box-wrapper\"><figure class=\"elementor-image-box-img\"><img decoding=\"async\" src=\"https:\/\/www.cayebank.bz\/wp-content\/uploads\/elementor\/thumbs\/Joel-02-qlmz23wceafvqnx7awhigxu7uitocyeersyrt68ydo.jpg\" title=\"Joel-02.jpg\" alt=\"Joel-02.jpg\" loading=\"lazy\" \/><\/figure><div class=\"elementor-image-box-content\"><h3 class=\"elementor-image-box-title\">Ambassadeur Joel Nagel<\/h3><p class=\"elementor-image-box-description\">Pr\u00e9sident et cofondateur<\/p><\/div><\/div>\t\t\t\t<\/div>\n\t\t\t\t<\/div>\n\t\t\t\t<div class=\"elementor-element elementor-element-e5891c7 elementor-widget elementor-widget-text-editor\" data-id=\"e5891c7\" data-element_type=\"widget\" data-e-type=\"widget\" data-widget_type=\"text-editor.default\">\n\t\t\t\t<div class=\"elementor-widget-container\">\n\t\t\t\t\t\t\t\t\t<p>est le fondateur et l&rsquo;associ\u00e9 directeur principal de Nagel &amp; Associates, LLC, bas\u00e9 \u00e0 Pittsburgh. Depuis 27 ans, Joel se consacre au droit des affaires internationales. Son exp\u00e9rience juridique et commerciale s&rsquo;\u00e9tend sur 41 pays, avec une exp\u00e9rience professionnelle significative au Belize. Boursier Fulbright, il a \u00e9tudi\u00e9 \u00e0 l&rsquo;universit\u00e9 Rheinische-Friedrich Wilhelms de Bonn, en Allemagne, et \u00e0 l&rsquo;Acad\u00e9mie de droit international de La Haye, aux Pays-Bas. Joel est dipl\u00f4m\u00e9 de l&rsquo;Allegheny College en Pennsylvanie, de l&rsquo;universit\u00e9 de Virginie occidentale et du Georgetown University Law Center \u00e0 Washington.<\/p>\n\t\t\t\t\t\t\t\t<\/div>\n\t\t\t\t<\/div>\n\t\t\t\t\t<\/div>\n\t\t<\/div>\n\t\t\t\t<div class=\"elementor-column elementor-col-50 elementor-top-column elementor-element elementor-element-eb82277\" data-id=\"eb82277\" data-element_type=\"column\" data-e-type=\"column\">\n\t\t\t<div class=\"elementor-widget-wrap elementor-element-populated\">\n\t\t\t\t\t\t<div class=\"elementor-element elementor-element-16be128 elementor-position-left elementor-vertical-align-top elementor-widget elementor-widget-image-box\" data-id=\"16be128\" data-element_type=\"widget\" data-e-type=\"widget\" data-widget_type=\"image-box.default\">\n\t\t\t\t<div class=\"elementor-widget-container\">\n\t\t\t\t\t<div class=\"elementor-image-box-wrapper\"><figure class=\"elementor-image-box-img\"><img decoding=\"async\" src=\"https:\/\/www.cayebank.bz\/wp-content\/uploads\/elementor\/thumbs\/IMG_5015-scaled-1-qlmz25s1545dvaalblk48r0nchtwdvkl7lnam5bc1k.jpg\" title=\"IMG_5015-scaled.jpg\" alt=\"IMG_5015-scaled.jpg\" loading=\"lazy\" \/><\/figure><div class=\"elementor-image-box-content\"><h3 class=\"elementor-image-box-title\">Michael K. Cobb<\/h3><p class=\"elementor-image-box-description\">Directeur et cofondateur<\/p><\/div><\/div>\t\t\t\t<\/div>\n\t\t\t\t<\/div>\n\t\t\t\t<div class=\"elementor-element elementor-element-8ca78ee elementor-widget elementor-widget-text-editor\" data-id=\"8ca78ee\" data-element_type=\"widget\" data-e-type=\"widget\" data-widget_type=\"text-editor.default\">\n\t\t\t\t<div class=\"elementor-widget-container\">\n\t\t\t\t\t\t\t\t\t<p>est le directeur g\u00e9n\u00e9ral d&rsquo;ECI Development, Ltd, une grande soci\u00e9t\u00e9 de d\u00e9veloppement d&rsquo;Am\u00e9rique centrale qui construit des quartiers \u00e0 usage mixte dans toute la r\u00e9gion. \u00c0 l&rsquo;apog\u00e9e d&rsquo;une carri\u00e8re r\u00e9ussie dans l&rsquo;industrie informatique, Mike est parti \u00e0 la recherche d&rsquo;opportunit\u00e9s plus novatrices sur les march\u00e9s immobiliers \u00e9mergents d&rsquo;Am\u00e9rique centrale. Tr\u00e8s attentif aux besoins des consommateurs, il a pr\u00e9dit avec pr\u00e9cision le besoin croissant de produits r\u00e9sidentiels de haute qualit\u00e9 pour les baby-boomers nord-am\u00e9ricains \u00e0 la retraite dans la r\u00e9gion. Mike est dipl\u00f4m\u00e9 de l&rsquo;Allegheny College en Pennsylvanie.<\/p><\/p>\n\t\t\t\t\t\t\t\t<\/div>\n\t\t\t\t<\/div>\n\t\t\t\t\t<\/div>\n\t\t<\/div>\n\t\t\t\t\t<\/div>\n\t\t<\/section>\n\t\t\t\t<section class=\"elementor-section elementor-top-section elementor-element elementor-element-fd6446a elementor-section-boxed elementor-section-height-default elementor-section-height-default\" data-id=\"fd6446a\" data-element_type=\"section\" data-e-type=\"section\">\n\t\t\t\t\t\t<div class=\"elementor-container elementor-column-gap-default\">\n\t\t\t\t\t<div class=\"elementor-column elementor-col-50 elementor-top-column elementor-element elementor-element-2ff454e\" data-id=\"2ff454e\" data-element_type=\"column\" data-e-type=\"column\">\n\t\t\t<div class=\"elementor-widget-wrap elementor-element-populated\">\n\t\t\t\t\t\t<div class=\"elementor-element elementor-element-6af8bb7 elementor-position-left elementor-vertical-align-top elementor-widget elementor-widget-image-box\" data-id=\"6af8bb7\" data-element_type=\"widget\" data-e-type=\"widget\" data-widget_type=\"image-box.default\">\n\t\t\t\t<div class=\"elementor-widget-container\">\n\t\t\t\t\t<div class=\"elementor-image-box-wrapper\"><figure class=\"elementor-image-box-img\"><img decoding=\"async\" src=\"https:\/\/www.cayebank.bz\/wp-content\/uploads\/elementor\/thumbs\/IMG_5019_0-scaled-1-qlmz2ccw3srgn5kwxi55ldpd6znza8bzsyu54nweto.jpg\" title=\"IMG_5019_0-scaled.jpg\" alt=\"IMG_5019_0-scaled.jpg\" loading=\"lazy\" \/><\/figure><div class=\"elementor-image-box-content\"><h3 class=\"elementor-image-box-title\">Peter Zipper<\/h3><p class=\"elementor-image-box-description\">Pr\u00e9sident \u00e9m\u00e9rite<\/p><\/div><\/div>\t\t\t\t<\/div>\n\t\t\t\t<\/div>\n\t\t\t\t<div class=\"elementor-element elementor-element-caf1651 elementor-widget elementor-widget-text-editor\" data-id=\"caf1651\" data-element_type=\"widget\" data-e-type=\"widget\" data-widget_type=\"text-editor.default\">\n\t\t\t\t<div class=\"elementor-widget-container\">\n\t\t\t\t\t\t\t\t\t<p>Apr\u00e8s avoir pris sa retraite de l&rsquo;Anglo Irish Bank (Autriche) en tant que premier vice-pr\u00e9sident et membre principal du comit\u00e9 de gestion et d&rsquo;investissement, Peter a rejoint la Caye International Bank. en tant que pr\u00e9sident en 2006. Peter est dipl\u00f4m\u00e9 de l&rsquo;Institut g\u00e9ographique de Vienne, en Autriche, en g\u00e9ographie et cartographie. Imm\u00e9diatement apr\u00e8s avoir fr\u00e9quent\u00e9 l&rsquo;Acad\u00e9mie militaire nationale autrichienne, il a servi en service actif dans les troupes de maintien de la paix des Nations unies pendant le conflit \u00e0 Chypre. Il a pris sa retraite militaire avec les honneurs en tant qu&rsquo;officier d&rsquo;infanterie.<\/p><\/p>\n\t\t\t\t\t\t\t\t<\/div>\n\t\t\t\t<\/div>\n\t\t\t\t\t<\/div>\n\t\t<\/div>\n\t\t\t\t<div class=\"elementor-column elementor-col-50 elementor-top-column elementor-element elementor-element-c2e81cc\" data-id=\"c2e81cc\" data-element_type=\"column\" data-e-type=\"column\">\n\t\t\t<div class=\"elementor-widget-wrap elementor-element-populated\">\n\t\t\t\t\t\t<div class=\"elementor-element elementor-element-b28fbd7 elementor-position-left elementor-vertical-align-top elementor-widget elementor-widget-image-box\" data-id=\"b28fbd7\" data-element_type=\"widget\" data-e-type=\"widget\" data-widget_type=\"image-box.default\">\n\t\t\t\t<div class=\"elementor-widget-container\">\n\t\t\t\t\t<div class=\"elementor-image-box-wrapper\"><figure class=\"elementor-image-box-img\"><img decoding=\"async\" src=\"https:\/\/www.cayebank.bz\/wp-content\/uploads\/elementor\/thumbs\/Eddie-Littlefield-qlhqza2p0tbofjdjicjksuwt7gn0s6n7yuq7aekeyg.jpg\" title=\"Eddie-Littlefield.jpg\" alt=\"Eddie-Littlefield.jpg\" loading=\"lazy\" \/><\/figure><div class=\"elementor-image-box-content\"><h3 class=\"elementor-image-box-title\">John \"Eddie\" Littlefield<\/h3><p class=\"elementor-image-box-description\">Directeur non ex\u00e9cutif<\/p><\/div><\/div>\t\t\t\t<\/div>\n\t\t\t\t<\/div>\n\t\t\t\t<div class=\"elementor-element elementor-element-8707d7e elementor-widget elementor-widget-text-editor\" data-id=\"8707d7e\" data-element_type=\"widget\" data-e-type=\"widget\" data-widget_type=\"text-editor.default\">\n\t\t\t\t<div class=\"elementor-widget-container\">\n\t\t\t\t\t\t\t\t\t<p>est le pr\u00e9sident-directeur g\u00e9n\u00e9ral de David Drye Companies. DDC est une soci\u00e9t\u00e9 r\u00e9gionale de construction et de gestion qui se concentre sur les actifs multifamiliaux. Depuis 1998, il a plac\u00e9 avec succ\u00e8s plus de 800 millions de dollars de financement pour des pr\u00eats permanents et des pr\u00eats \u00e0 la construction pour des propri\u00e9t\u00e9s multifamiliales et h\u00f4teli\u00e8res. Il est \u00e9galement propri\u00e9taire et exploitant de Lamborghini Carolinas, une franchise Lamborghini autoris\u00e9e, et de Carolina AutoSports, une concession ind\u00e9pendante de vente et d&rsquo;entretien. Eddie est dipl\u00f4m\u00e9 du Montreat Anderson College en Caroline du Nord.<\/p><\/p>\n\t\t\t\t\t\t\t\t<\/div>\n\t\t\t\t<\/div>\n\t\t\t\t\t<\/div>\n\t\t<\/div>\n\t\t\t\t\t<\/div>\n\t\t<\/section>\n\t\t\t\t<section class=\"elementor-section elementor-top-section elementor-element elementor-element-d82b262 elementor-section-boxed elementor-section-height-default elementor-section-height-default\" data-id=\"d82b262\" data-element_type=\"section\" data-e-type=\"section\">\n\t\t\t\t\t\t<div class=\"elementor-container elementor-column-gap-default\">\n\t\t\t\t\t<div class=\"elementor-column elementor-col-50 elementor-top-column elementor-element elementor-element-d04a2d7\" data-id=\"d04a2d7\" data-element_type=\"column\" data-e-type=\"column\">\n\t\t\t<div class=\"elementor-widget-wrap elementor-element-populated\">\n\t\t\t\t\t\t<div class=\"elementor-element elementor-element-388cb86 elementor-position-left elementor-vertical-align-top elementor-widget elementor-widget-image-box\" data-id=\"388cb86\" data-element_type=\"widget\" data-e-type=\"widget\" data-widget_type=\"image-box.default\">\n\t\t\t\t<div class=\"elementor-widget-container\">\n\t\t\t\t\t<div class=\"elementor-image-box-wrapper\"><figure class=\"elementor-image-box-img\"><img decoding=\"async\" src=\"https:\/\/www.cayebank.bz\/wp-content\/uploads\/elementor\/thumbs\/Kenneth-Skorenko-155-2-1-qlhqyhvjbs92r8ii30crq20zdwi0d9j9uz5mw3q854.jpg\" title=\"Kenneth Skorenko-155-2\" alt=\"Kenneth Skorenko-155-2\" loading=\"lazy\" \/><\/figure><div class=\"elementor-image-box-content\"><h3 class=\"elementor-image-box-title\">Dr. Kenneth Skorenko<\/h3><p class=\"elementor-image-box-description\">Directeur non ex\u00e9cutif<\/p><\/div><\/div>\t\t\t\t<\/div>\n\t\t\t\t<\/div>\n\t\t\t\t<div class=\"elementor-element elementor-element-930f38f elementor-widget elementor-widget-text-editor\" data-id=\"930f38f\" data-element_type=\"widget\" data-e-type=\"widget\" data-widget_type=\"text-editor.default\">\n\t\t\t\t<div class=\"elementor-widget-container\">\n\t\t\t\t\t\t\t\t\t<p>est dipl\u00f4m\u00e9 de l&rsquo;\u00e9cole de m\u00e9decine Rutgers \u00e0 Newark, dans le New Jersey. Il a fr\u00e9quent\u00e9 le Stevens Institute of Technology pour ses \u00e9tudes de premier cycle en chimie et a obtenu une licence en sciences. Il a effectu\u00e9 son internat au Monmouth Medical Center, Department of OB\/GYN \u00e0 Long Branch, New Jersey. Il a plusieurs cabinets priv\u00e9s \u00e0 : West Long Branch, Middletown et Lakewood, dans le New Jersey, o\u00f9 il exerce depuis pr\u00e8s de quarante ans. Il a rejoint la Caye International Bank au Belize en tant qu&rsquo;administrateur non ex\u00e9cutif \u00e0 la mi-2019.<\/p>\n\t\t\t\t\t\t\t\t<\/div>\n\t\t\t\t<\/div>\n\t\t\t\t\t<\/div>\n\t\t<\/div>\n\t\t\t\t<div class=\"elementor-column elementor-col-50 elementor-top-column elementor-element elementor-element-af62000\" data-id=\"af62000\" data-element_type=\"column\" data-e-type=\"column\">\n\t\t\t<div class=\"elementor-widget-wrap elementor-element-populated\">\n\t\t\t\t\t\t<div class=\"elementor-element elementor-element-5019d2d elementor-position-left elementor-vertical-align-top elementor-widget elementor-widget-image-box\" data-id=\"5019d2d\" data-element_type=\"widget\" data-e-type=\"widget\" data-widget_type=\"image-box.default\">\n\t\t\t\t<div class=\"elementor-widget-container\">\n\t\t\t\t\t<div class=\"elementor-image-box-wrapper\"><figure class=\"elementor-image-box-img\"><img decoding=\"async\" src=\"https:\/\/www.cayebank.bz\/wp-content\/uploads\/elementor\/thumbs\/H-Douglas-Russell-3-qll89i1s7hhjb8fkl279khf2pjegnq3jagvueh4s9c.jpg\" title=\"H-Douglas-Russell-3.jpg\" alt=\"H-Douglas-Russell-3.jpg\" loading=\"lazy\" \/><\/figure><div class=\"elementor-image-box-content\"><h3 class=\"elementor-image-box-title\">H. Douglas Russell<\/h3><p class=\"elementor-image-box-description\">Directeur \u00e9m\u00e9rite<\/p><\/div><\/div>\t\t\t\t<\/div>\n\t\t\t\t<\/div>\n\t\t\t\t<div class=\"elementor-element elementor-element-d171285 elementor-widget elementor-widget-text-editor\" data-id=\"d171285\" data-element_type=\"widget\" data-e-type=\"widget\" data-widget_type=\"text-editor.default\">\n\t\t\t\t<div class=\"elementor-widget-container\">\n\t\t\t\t\t\t\t\t\t<p>a fond\u00e9 HD Russell and Associates \u00e0 Charlotte, en Caroline du Nord, qui est un distributeur de camions et d&rsquo;\u00e9quipements de traitement des d\u00e9chets, ainsi que Carolina Waste Systems, Inc, une soci\u00e9t\u00e9 de services de traitement des d\u00e9chets. Doug a commenc\u00e9 sa carri\u00e8re bancaire en 1981 et a servi la First Union National Bank en tant que City Advisory Director. En 1992, il a servi la South Trust Bank en tant que directeur national. Lorsque Wachovia a acquis South Trust, il a si\u00e9g\u00e9 au conseil d&rsquo;administration local de Wachovia. En 2005, Doug a \u00e9t\u00e9 l&rsquo;un des membres fondateurs de la New Dominion Bank \u00e0 Charlotte, en Caroline du Nord, aux \u00c9tats-Unis.<\/p>\n\t\t\t\t\t\t\t\t<\/div>\n\t\t\t\t<\/div>\n\t\t\t\t\t<\/div>\n\t\t<\/div>\n\t\t\t\t\t<\/div>\n\t\t<\/section>\n\t\t\t\t<\/div>\n\t\t","protected":false},"excerpt":{"rendered":"<p>Gouvernance d&rsquo;entreprise Gouvernance Ambassadeur Joel Nagel Pr\u00e9sident et cofondateur est le fondateur et l&rsquo;associ\u00e9 directeur principal de Nagel &amp; Associates, LLC, bas\u00e9 \u00e0 Pittsburgh. Depuis 27 ans, Joel se consacre au droit des affaires internationales. Son exp\u00e9rience juridique et commerciale s&rsquo;\u00e9tend sur 41 pays, avec une exp\u00e9rience professionnelle significative au Belize. Boursier Fulbright, il a [&hellip;]<\/p>\n","protected":false},"author":6,"featured_media":0,"parent":0,"menu_order":0,"comment_status":"closed","ping_status":"closed","template":"elementor_header_footer","meta":{"content-type":"","footnotes":""},"class_list":["post-13467","page","type-page","status-publish","hentry"],"_links":{"self":[{"href":"https:\/\/www.cayebank.bz\/fr\/wp-json\/wp\/v2\/pages\/13467","targetHints":{"allow":["GET"]}}],"collection":[{"href":"https:\/\/www.cayebank.bz\/fr\/wp-json\/wp\/v2\/pages"}],"about":[{"href":"https:\/\/www.cayebank.bz\/fr\/wp-json\/wp\/v2\/types\/page"}],"author":[{"embeddable":true,"href":"https:\/\/www.cayebank.bz\/fr\/wp-json\/wp\/v2\/users\/6"}],"replies":[{"embeddable":true,"href":"https:\/\/www.cayebank.bz\/fr\/wp-json\/wp\/v2\/comments?post=13467"}],"version-history":[{"count":7,"href":"https:\/\/www.cayebank.bz\/fr\/wp-json\/wp\/v2\/pages\/13467\/revisions"}],"predecessor-version":[{"id":14739,"href":"https:\/\/www.cayebank.bz\/fr\/wp-json\/wp\/v2\/pages\/13467\/revisions\/14739"}],"wp:attachment":[{"href":"https:\/\/www.cayebank.bz\/fr\/wp-json\/wp\/v2\/media?parent=13467"}],"curies":[{"name":"wp","href":"https:\/\/api.w.org\/{rel}","templated":true}]}}