{"id":7226,"date":"2023-04-13T06:11:30","date_gmt":"2023-04-13T12:11:30","guid":{"rendered":"https:\/\/stg.cayebank.bz\/luigi-wewege\/"},"modified":"2023-06-09T01:27:33","modified_gmt":"2023-06-09T07:27:33","slug":"luigi-wewege","status":"publish","type":"page","link":"https:\/\/www.cayebank.bz\/es\/luigi-wewege\/","title":{"rendered":"Luigi Wewege"},"content":{"rendered":"\t\t<div data-elementor-type=\"wp-page\" data-elementor-id=\"7226\" class=\"elementor elementor-7226\" data-elementor-post-type=\"page\">\n\t\t\t\t\t\t<section class=\"elementor-section elementor-top-section elementor-element elementor-element-92e3f20 elementor-section-full_width elementor-section-height-default elementor-section-height-default\" data-id=\"92e3f20\" data-element_type=\"section\" data-e-type=\"section\" data-settings=\"{&quot;background_background&quot;:&quot;classic&quot;}\">\n\t\t\t\t\t\t<div class=\"elementor-container elementor-column-gap-default\">\n\t\t\t\t\t<div class=\"elementor-column elementor-col-100 elementor-top-column elementor-element elementor-element-07595da\" data-id=\"07595da\" data-element_type=\"column\" data-e-type=\"column\">\n\t\t\t<div class=\"elementor-widget-wrap elementor-element-populated\">\n\t\t\t\t\t\t<section class=\"elementor-section elementor-inner-section elementor-element elementor-element-c18192a elementor-section-boxed elementor-section-height-default elementor-section-height-default\" data-id=\"c18192a\" data-element_type=\"section\" data-e-type=\"section\">\n\t\t\t\t\t\t<div class=\"elementor-container elementor-column-gap-default\">\n\t\t\t\t\t<div class=\"elementor-column elementor-col-33 elementor-inner-column elementor-element elementor-element-83ed668\" data-id=\"83ed668\" data-element_type=\"column\" data-e-type=\"column\">\n\t\t\t<div class=\"elementor-widget-wrap\">\n\t\t\t\t\t\t\t<\/div>\n\t\t<\/div>\n\t\t\t\t<div class=\"elementor-column elementor-col-33 elementor-inner-column elementor-element elementor-element-a6e389c\" data-id=\"a6e389c\" data-element_type=\"column\" data-e-type=\"column\" data-settings=\"{&quot;background_background&quot;:&quot;classic&quot;}\">\n\t\t\t<div class=\"elementor-widget-wrap elementor-element-populated\">\n\t\t\t\t\t\t<div class=\"elementor-element elementor-element-ee53219 elementor-widget elementor-widget-heading\" data-id=\"ee53219\" data-element_type=\"widget\" data-e-type=\"widget\" data-widget_type=\"heading.default\">\n\t\t\t\t<div class=\"elementor-widget-container\">\n\t\t\t\t\t<h2 class=\"elementor-heading-title elementor-size-default\">Luigi Wewege<\/h2>\t\t\t\t<\/div>\n\t\t\t\t<\/div>\n\t\t\t\t\t<\/div>\n\t\t<\/div>\n\t\t\t\t<div class=\"elementor-column elementor-col-33 elementor-inner-column elementor-element elementor-element-8257679\" data-id=\"8257679\" data-element_type=\"column\" data-e-type=\"column\">\n\t\t\t<div class=\"elementor-widget-wrap\">\n\t\t\t\t\t\t\t<\/div>\n\t\t<\/div>\n\t\t\t\t\t<\/div>\n\t\t<\/section>\n\t\t\t\t\t<\/div>\n\t\t<\/div>\n\t\t\t\t\t<\/div>\n\t\t<\/section>\n\t\t\t\t<section class=\"elementor-section elementor-top-section elementor-element elementor-element-6cc594b elementor-section-boxed elementor-section-height-default elementor-section-height-default\" data-id=\"6cc594b\" data-element_type=\"section\" data-e-type=\"section\">\n\t\t\t\t\t\t<div class=\"elementor-container elementor-column-gap-default\">\n\t\t\t\t\t<div class=\"elementor-column elementor-col-100 elementor-top-column elementor-element elementor-element-5d53dc18\" data-id=\"5d53dc18\" data-element_type=\"column\" data-e-type=\"column\">\n\t\t\t<div class=\"elementor-widget-wrap elementor-element-populated\">\n\t\t\t\t\t\t<div class=\"elementor-element elementor-element-136d346b elementor-widget elementor-widget-text-editor\" data-id=\"136d346b\" data-element_type=\"widget\" data-e-type=\"widget\" data-widget_type=\"text-editor.default\">\n\t\t\t\t<div class=\"elementor-widget-container\">\n\t\t\t\t\t\t\t\t\t<h1 style=\"font-family: 'Encode Sans', sans-serif; color: #353535; font-weight: 400; font-size: 36px;\"><a href=\"https:\/\/www.cayebank.bz\/wp-content\/uploads\/2023\/04\/Luigi-Wewege.jpg\"><img fetchpriority=\"high\" decoding=\"async\" class=\" wp-image-4643 alignright\" src=\"https:\/\/www.cayebank.bz\/wp-content\/uploads\/2023\/04\/Luigi-Wewege-198x300.jpg\" alt=\"Luigi Wewege\" width=\"304\" height=\"461\" srcset=\"https:\/\/www.cayebank.bz\/wp-content\/uploads\/2023\/04\/Luigi-Wewege-198x300.jpg 198w, https:\/\/www.cayebank.bz\/wp-content\/uploads\/2023\/04\/Luigi-Wewege-676x1024.jpg 676w, https:\/\/www.cayebank.bz\/wp-content\/uploads\/2023\/04\/Luigi-Wewege-768x1164.jpg 768w, https:\/\/www.cayebank.bz\/wp-content\/uploads\/2023\/04\/Luigi-Wewege.jpg 792w\" sizes=\"(max-width: 304px) 100vw, 304px\" \/><\/a>Luigi Wewege<\/h1>\n<p>Luigi Wewege es Presidente del Caye International Bank, galardonado como uno de los principales bancos del Caribe y Centroam\u00e9rica. Luigi forma parte de m\u00faltiples consejos asesores internacionales que abarcan diversos sectores como la protecci\u00f3n de activos, blockchain, metales preciosos y gesti\u00f3n de patrimonios  <\/p>\n<p>Wewege es un conferenciante habitual, un l\u00edder de opini\u00f3n y un autor consumado en servicios bancarios y financieros con varias publicaciones, entre ellas The Digital Banking Revolution (ahora en su tercera edici\u00f3n), y \u00abDisruptions and Digital Banking Trends\u00bb publicado en The Journal of Applied Finance &amp; Banking. Luigi tambi\u00e9n comparte su experiencia como instructor de la FinTech School, con sede en California, y a trav\u00e9s de su sitio web <a href=\"https:\/\/www.luigiwewege.com\/\" target=\"_blank\" rel=\"noopener\">luigiwewege.com<\/a>.<\/p>\n<h2>Caye International Bank &#8211; Estructura, estabilidad y seguridad<\/h2>\n<p>Bajo la direcci\u00f3n de Wewege, Caye ha pasado de ser el quinto a ser el mayor banco internacional de Belice. Este crecimiento se atribuye en gran medida a su dedicaci\u00f3n a ofrecer soluciones financieras a medida a clientes privados y empresariales de todo el mundo.<\/p>\n<p>Luigi adquiri\u00f3 una amplia experiencia en mercados e inversiones mundiales a lo largo de sus 15 a\u00f1os de diversa experiencia internacional en el sector de los servicios financieros. Entre sus cargos anteriores figuran el de Consejero Delegado de Vivier, una firma financiera boutique; Director Comercial del Investment Research Group; y Consultor Senior en The Braintrust Network, una consultor\u00eda de gesti\u00f3n a medida.<\/p>\n<p>Luigi ha sido reconocido por los esfuerzos de su carrera con varios premios, entre ellos el de Banquero Privado del A\u00f1o en 2021 para CARICOM y LATAM respectivamente por las revistas International Investor y Pan Finance. Wewege tambi\u00e9n recibi\u00f3 el reconocimiento de su alma mater, la Universidad de Missouri-St. Louis con el premio Outstanding Young Alumni Award en 2019 y el premio UMSL Salute to Business Achievement Award for Outstanding Business Alumni en 2017.<\/p>\n<p>Wewege obtuvo un MBA en Negocios Internacionales en la MIB Trieste School of Management de Italia y una licenciatura en Empresariales con honores en la Universidad de Missouri-St. Louis, donde obtuvo una triple licenciatura en Finanzas, Negocios Internacionales y Gesti\u00f3n.  <\/p>\n<p><span style=\"color: var( --e-global-color-text ); font-family: var( --e-global-typography-text-font-family ), Sans-serif; font-size: var( --e-global-typography-text-font-size ); font-style: var( --e-global-typography-text-font-style ); font-weight: var( --e-global-typography-text-font-weight ); letter-spacing: var( --e-global-typography-text-letter-spacing ); text-transform: var( --e-global-typography-text-text-transform ); word-spacing: var( --e-global-typography-text-word-spacing ); background-color: var( --e-global-color-17794e9 );\">Mientras terminaba sus estudios universitarios, realiz\u00f3 un estudio piloto para la Comisi\u00f3n Federal de Comercio en el que se examinaba la exactitud de los datos de las agencias de cr\u00e9dito estadounidenses. La investigaci\u00f3n culmin\u00f3 en un informe que se present\u00f3 al Congreso de los Estados Unidos a finales de 2009, en virtud de la Secci\u00f3n 319 de la Ley de Transacciones Crediticias Justas y Precisas de 2003.<\/span><\/p>\n<p>Adem\u00e1s de sus actividades profesionales, Luigi cre\u00f3 su propia fundaci\u00f3n, que concede anualmente una beca universitaria. Tambi\u00e9n fue Presidente de la Junior Chamber International &#8211; Metro. Wewege ha participado en diversos deportes de competici\u00f3n, entre los que destaca su t\u00edtulo de campe\u00f3n nacional junior de nataci\u00f3n y su beca de la NCAA masculina de golf.<\/p>\n<p>Wewege est\u00e1 casado con Idaliz, socia de un bufete de abogados con sede en Panam\u00e1, tiene un hijo, Liam, y un chihuahua de pelo largo llamado Arnie.<\/p>\n\t\t\t\t\t\t\t\t<\/div>\n\t\t\t\t<\/div>\n\t\t\t\t\t<\/div>\n\t\t<\/div>\n\t\t\t\t\t<\/div>\n\t\t<\/section>\n\t\t\t\t<\/div>\n\t\t","protected":false},"excerpt":{"rendered":"<p>Luigi Wewege Luigi Wewege Luigi Wewege es Presidente del Caye International Bank, galardonado como uno de los principales bancos del Caribe y Centroam\u00e9rica. Luigi forma parte de m\u00faltiples consejos asesores internacionales que abarcan diversos sectores como la protecci\u00f3n de activos, blockchain, metales preciosos y gesti\u00f3n de patrimonios Wewege es un conferenciante habitual, un l\u00edder de [&hellip;]<\/p>\n","protected":false},"author":6,"featured_media":0,"parent":0,"menu_order":0,"comment_status":"closed","ping_status":"closed","template":"elementor_header_footer","meta":{"content-type":"","footnotes":""},"class_list":["post-7226","page","type-page","status-publish","hentry"],"_links":{"self":[{"href":"https:\/\/www.cayebank.bz\/es\/wp-json\/wp\/v2\/pages\/7226","targetHints":{"allow":["GET"]}}],"collection":[{"href":"https:\/\/www.cayebank.bz\/es\/wp-json\/wp\/v2\/pages"}],"about":[{"href":"https:\/\/www.cayebank.bz\/es\/wp-json\/wp\/v2\/types\/page"}],"author":[{"embeddable":true,"href":"https:\/\/www.cayebank.bz\/es\/wp-json\/wp\/v2\/users\/6"}],"replies":[{"embeddable":true,"href":"https:\/\/www.cayebank.bz\/es\/wp-json\/wp\/v2\/comments?post=7226"}],"version-history":[{"count":8,"href":"https:\/\/www.cayebank.bz\/es\/wp-json\/wp\/v2\/pages\/7226\/revisions"}],"predecessor-version":[{"id":14819,"href":"https:\/\/www.cayebank.bz\/es\/wp-json\/wp\/v2\/pages\/7226\/revisions\/14819"}],"wp:attachment":[{"href":"https:\/\/www.cayebank.bz\/es\/wp-json\/wp\/v2\/media?parent=7226"}],"curies":[{"name":"wp","href":"https:\/\/api.w.org\/{rel}","templated":true}]}}