{"id":7221,"date":"2023-04-13T05:40:02","date_gmt":"2023-04-13T11:40:02","guid":{"rendered":"https:\/\/stg.cayebank.bz\/joel-nagel\/"},"modified":"2023-06-09T01:22:26","modified_gmt":"2023-06-09T07:22:26","slug":"joel-nagel","status":"publish","type":"page","link":"https:\/\/www.cayebank.bz\/es\/joel-nagel\/","title":{"rendered":"Joel Nagel"},"content":{"rendered":"\t\t<div data-elementor-type=\"wp-page\" data-elementor-id=\"7221\" class=\"elementor elementor-7221\" data-elementor-post-type=\"page\">\n\t\t\t\t\t\t<section class=\"elementor-section elementor-top-section elementor-element elementor-element-5cbc4f6 elementor-section-full_width elementor-section-height-default elementor-section-height-default\" data-id=\"5cbc4f6\" data-element_type=\"section\" data-e-type=\"section\" data-settings=\"{&quot;background_background&quot;:&quot;classic&quot;}\">\n\t\t\t\t\t\t<div class=\"elementor-container elementor-column-gap-default\">\n\t\t\t\t\t<div class=\"elementor-column elementor-col-100 elementor-top-column elementor-element elementor-element-01705d8\" data-id=\"01705d8\" data-element_type=\"column\" data-e-type=\"column\">\n\t\t\t<div class=\"elementor-widget-wrap elementor-element-populated\">\n\t\t\t\t\t\t<section class=\"elementor-section elementor-inner-section elementor-element elementor-element-e552917 elementor-section-boxed elementor-section-height-default elementor-section-height-default\" data-id=\"e552917\" data-element_type=\"section\" data-e-type=\"section\">\n\t\t\t\t\t\t<div class=\"elementor-container elementor-column-gap-default\">\n\t\t\t\t\t<div class=\"elementor-column elementor-col-33 elementor-inner-column elementor-element elementor-element-7689d32\" data-id=\"7689d32\" data-element_type=\"column\" data-e-type=\"column\">\n\t\t\t<div class=\"elementor-widget-wrap\">\n\t\t\t\t\t\t\t<\/div>\n\t\t<\/div>\n\t\t\t\t<div class=\"elementor-column elementor-col-33 elementor-inner-column elementor-element elementor-element-bc2b985\" data-id=\"bc2b985\" data-element_type=\"column\" data-e-type=\"column\" data-settings=\"{&quot;background_background&quot;:&quot;classic&quot;}\">\n\t\t\t<div class=\"elementor-widget-wrap elementor-element-populated\">\n\t\t\t\t\t\t<div class=\"elementor-element elementor-element-df5f222 elementor-widget elementor-widget-heading\" data-id=\"df5f222\" data-element_type=\"widget\" data-e-type=\"widget\" data-widget_type=\"heading.default\">\n\t\t\t\t<div class=\"elementor-widget-container\">\n\t\t\t\t\t<h2 class=\"elementor-heading-title elementor-size-default\">Joel Nagel<\/h2>\t\t\t\t<\/div>\n\t\t\t\t<\/div>\n\t\t\t\t\t<\/div>\n\t\t<\/div>\n\t\t\t\t<div class=\"elementor-column elementor-col-33 elementor-inner-column elementor-element elementor-element-1fc7df4\" data-id=\"1fc7df4\" data-element_type=\"column\" data-e-type=\"column\">\n\t\t\t<div class=\"elementor-widget-wrap\">\n\t\t\t\t\t\t\t<\/div>\n\t\t<\/div>\n\t\t\t\t\t<\/div>\n\t\t<\/section>\n\t\t\t\t\t<\/div>\n\t\t<\/div>\n\t\t\t\t\t<\/div>\n\t\t<\/section>\n\t\t\t\t<section class=\"elementor-section elementor-top-section elementor-element elementor-element-1aa8a88 elementor-section-boxed elementor-section-height-default elementor-section-height-default\" data-id=\"1aa8a88\" data-element_type=\"section\" data-e-type=\"section\">\n\t\t\t\t\t\t<div class=\"elementor-container elementor-column-gap-default\">\n\t\t\t\t\t<div class=\"elementor-column elementor-col-100 elementor-top-column elementor-element elementor-element-85b610f\" data-id=\"85b610f\" data-element_type=\"column\" data-e-type=\"column\">\n\t\t\t<div class=\"elementor-widget-wrap elementor-element-populated\">\n\t\t\t\t\t\t<div class=\"elementor-element elementor-element-307cc63 elementor-hidden-desktop elementor-hidden-tablet elementor-widget elementor-widget-image\" data-id=\"307cc63\" data-element_type=\"widget\" data-e-type=\"widget\" data-widget_type=\"image.default\">\n\t\t\t\t<div class=\"elementor-widget-container\">\n\t\t\t\t\t\t\t\t\t\t\t\t\t\t\t<img fetchpriority=\"high\" decoding=\"async\" width=\"325\" height=\"406\" src=\"https:\/\/www.cayebank.bz\/wp-content\/uploads\/2023\/05\/Joel-Nagel.jpg\" class=\"attachment-large size-large wp-image-6096\" alt=\"\" srcset=\"https:\/\/www.cayebank.bz\/wp-content\/uploads\/2023\/05\/Joel-Nagel.jpg.webp 325w, https:\/\/www.cayebank.bz\/wp-content\/uploads\/2023\/05\/Joel-Nagel-240x300.jpg.webp 240w\" sizes=\"(max-width: 325px) 100vw, 325px\" \/>\t\t\t\t\t\t\t\t\t\t\t\t\t\t\t<\/div>\n\t\t\t\t<\/div>\n\t\t\t\t\t<\/div>\n\t\t<\/div>\n\t\t\t\t\t<\/div>\n\t\t<\/section>\n\t\t\t\t<section class=\"elementor-section elementor-top-section elementor-element elementor-element-31c82be7 elementor-hidden-desktop elementor-hidden-tablet elementor-section-boxed elementor-section-height-default elementor-section-height-default\" data-id=\"31c82be7\" data-element_type=\"section\" data-e-type=\"section\">\n\t\t\t\t\t\t<div class=\"elementor-container elementor-column-gap-default\">\n\t\t\t\t\t<div class=\"elementor-column elementor-col-100 elementor-top-column elementor-element elementor-element-7577629d\" data-id=\"7577629d\" data-element_type=\"column\" data-e-type=\"column\">\n\t\t\t<div class=\"elementor-widget-wrap elementor-element-populated\">\n\t\t\t\t\t\t<div class=\"elementor-element elementor-element-43239d83 elementor-widget elementor-widget-text-editor\" data-id=\"43239d83\" data-element_type=\"widget\" data-e-type=\"widget\" data-widget_type=\"text-editor.default\">\n\t\t\t\t<div class=\"elementor-widget-container\">\n\t\t\t\t\t\t\t\t\t<h2 style=\"font-family: 'Encode Sans', sans-serif; color: #353535; font-weight: 400; font-size: 36px;\">Joel Nagel<\/h2>\n<p>Como Presidente del Caye International Bank, <u><a href=\"https:\/\/www.joel-nagel.com\/\" target=\"_blank\" rel=\"noopener\">Joel Nagel<\/a><\/u> no s\u00f3lo aporta una s\u00f3lida experiencia jur\u00eddica y bancaria internacional a su cargo, sino que tambi\u00e9n est\u00e1 comprometido con el \u00e9xito del banco dentro de la comunidad en la que trabaja desde hace muchos a\u00f1os. Nacido y educado en Estados Unidos y Europa, la carrera de Joel como abogado especializado en protecci\u00f3n de activos internacionales y estructuras de transacciones comerciales globales le ha proporcionado una gran experiencia en su funci\u00f3n de Presidente de una de las principales instituciones bancarias de Belice.<\/p>\n<h2 style=\"font-family: 'Encode Sans', sans-serif; color: #001f51; font-weight: 300; font-size: 30px;\">Caye International Bank &#8211; Estructura, estabilidad y seguridad<\/h2>\n<p>Joel sabe que los cimientos de un banco y una instituci\u00f3n financiera s\u00f3lidos descansan en la reputaci\u00f3n de sus servicios y su gente. La decisi\u00f3n de abrir un banco en Belice se bas\u00f3 en los muchos a\u00f1os de experiencia de Joel como abogado y <u><a href=\"https:\/\/ecidevelopment.com\/about\/\" target=\"_blank\" rel=\"noopener\">empresario\/inversor en la regi\u00f3n<\/a>.<\/u><\/p>\n<p>Belice es una elecci\u00f3n obvia para un banco centrado en la banca privada, la financiaci\u00f3n hipotecaria y las oportunidades de inversi\u00f3n: el gobierno de Belice es una democracia estable y en crecimiento, con un r\u00e9gimen fiscal cero, y es considerado por muchos bancos de inversi\u00f3n de Estados Unidos y Europa como una jurisdicci\u00f3n internacional preeminente para la banca en el Caribe y Centroam\u00e9rica. Caye International Bank, Ltd., fue galardonado en 2017 como el mejor banco privado de Belice.<\/p>\n\t\t\t\t\t\t\t\t<\/div>\n\t\t\t\t<\/div>\n\t\t\t\t\t<\/div>\n\t\t<\/div>\n\t\t\t\t\t<\/div>\n\t\t<\/section>\n\t\t\t\t<section class=\"elementor-section elementor-top-section elementor-element elementor-element-e6dd30e elementor-hidden-tablet elementor-hidden-mobile elementor-section-boxed elementor-section-height-default elementor-section-height-default\" data-id=\"e6dd30e\" data-element_type=\"section\" data-e-type=\"section\">\n\t\t\t\t\t\t<div class=\"elementor-container elementor-column-gap-default\">\n\t\t\t\t\t<div class=\"elementor-column elementor-col-100 elementor-top-column elementor-element elementor-element-a807171\" data-id=\"a807171\" data-element_type=\"column\" data-e-type=\"column\">\n\t\t\t<div class=\"elementor-widget-wrap elementor-element-populated\">\n\t\t\t\t\t\t<div class=\"elementor-element elementor-element-fd04cf6 elementor-widget elementor-widget-text-editor\" data-id=\"fd04cf6\" data-element_type=\"widget\" data-e-type=\"widget\" data-widget_type=\"text-editor.default\">\n\t\t\t\t<div class=\"elementor-widget-container\">\n\t\t\t\t\t\t\t\t\t<h2 style=\"font-family: 'Encode Sans', sans-serif; color: #353535; font-weight: 400; font-size: 36px;\">Joel Nagel<\/h2>\n<p><a href=\"https:\/\/www.cayebank.bz\/wp-content\/uploads\/2023\/05\/Joel-Nagel.jpg\"><img decoding=\"async\" class=\"size-medium wp-image-6096 alignright\" src=\"https:\/\/www.cayebank.bz\/wp-content\/uploads\/2023\/05\/Joel-Nagel-240x300.jpg\" alt=\"\" width=\"240\" height=\"300\" srcset=\"https:\/\/www.cayebank.bz\/wp-content\/uploads\/2023\/05\/Joel-Nagel-240x300.jpg 240w, https:\/\/www.cayebank.bz\/wp-content\/uploads\/2023\/05\/Joel-Nagel.jpg 325w\" sizes=\"(max-width: 240px) 100vw, 240px\" \/><\/a><\/p>\n<p style=\"font-family: 'Encode Sans', sans-serif; color: #353535; font-size: 18px;\">Como Presidente del Caye International Bank, <u><a href=\"https:\/\/www.joel-nagel.com\/\" target=\"_blank\" rel=\"noopener\">Joel Nagel<\/a><\/u> no s\u00f3lo aporta una s\u00f3lida experiencia jur\u00eddica y bancaria internacional a su cargo, sino que tambi\u00e9n est\u00e1 comprometido con el \u00e9xito del banco dentro de la comunidad en la que trabaja desde hace muchos a\u00f1os. Nacido y educado en Estados Unidos y Europa, la carrera de Joel como abogado especializado en protecci\u00f3n de activos internacionales y estructuras de transacciones comerciales globales le ha proporcionado una gran experiencia en su funci\u00f3n de Presidente de una de las principales instituciones bancarias de Belice.<\/p>\n<h2 style=\"font-family: 'Encode Sans', sans-serif; color: #001f51; font-weight: 300; font-size: 30px;\">Caye International Bank &#8211; Estructura, estabilidad y seguridad<\/h2>\n<p style=\"font-family: 'Encode Sans', sans-serif; color: #353535; font-size: 18px;\">Joel sabe que los cimientos de un banco y una instituci\u00f3n financiera s\u00f3lidos descansan en la reputaci\u00f3n de sus servicios y su gente. La decisi\u00f3n de abrir un banco en Belice se bas\u00f3 en los muchos a\u00f1os de experiencia de Joel como abogado y <a href=\"https:\/\/ecidevelopment.com\/about\/\" target=\"_blank\" rel=\"noopener\">empresario\/inversor en la regi\u00f3n.<\/a><\/p>\n<p>Belice es una elecci\u00f3n obvia para un banco centrado en la banca privada, la financiaci\u00f3n hipotecaria y las oportunidades de inversi\u00f3n: el gobierno de Belice es una democracia estable y en crecimiento, con un r\u00e9gimen fiscal cero, y es considerado por muchos bancos de inversi\u00f3n de Estados Unidos y Europa como una jurisdicci\u00f3n internacional preeminente para la banca en el Caribe y Centroam\u00e9rica. Caye International Bank, Ltd., fue galardonado en 2017 como el mejor banco privado de Belice.<\/p>\n\t\t\t\t\t\t\t\t<\/div>\n\t\t\t\t<\/div>\n\t\t\t\t\t<\/div>\n\t\t<\/div>\n\t\t\t\t\t<\/div>\n\t\t<\/section>\n\t\t\t\t<section class=\"elementor-section elementor-top-section elementor-element elementor-element-bef3931 elementor-section-boxed elementor-section-height-default elementor-section-height-default\" data-id=\"bef3931\" data-element_type=\"section\" data-e-type=\"section\">\n\t\t\t\t\t\t<div class=\"elementor-container elementor-column-gap-default\">\n\t\t\t\t\t<div class=\"elementor-column elementor-col-100 elementor-top-column elementor-element elementor-element-af1c467\" data-id=\"af1c467\" data-element_type=\"column\" data-e-type=\"column\">\n\t\t\t<div class=\"elementor-widget-wrap elementor-element-populated\">\n\t\t\t\t\t\t<div class=\"elementor-element elementor-element-55374c8 elementor-widget elementor-widget-text-editor\" data-id=\"55374c8\" data-element_type=\"widget\" data-e-type=\"widget\" data-widget_type=\"text-editor.default\">\n\t\t\t\t<div class=\"elementor-widget-container\">\n\t\t\t\t\t\t\t\t\t<p>Los bancos de Belice, y Caye International Bank en particular, ofrecen algo m\u00e1s que un refugio para los fondos internacionales. El c\u00f3digo bancario de Belice garantiza el cumplimiento de la normativa fiscal mundial (especialmente la estadounidense), la protecci\u00f3n de los activos y la capacidad y oportunidad de invertir en proyectos empresariales en la regi\u00f3n. Ante el creciente programa de reducci\u00f3n de riesgos de Estados Unidos, los bancos de Belice se han asegurado de que todos los canales sean seguros y estables.<\/p>\n<p>Caye International Bank, Ltd. fue el primer banco de Belice en cumplir la normativa FATCA de Estados Unidos. El servicio de atenci\u00f3n al cliente de Caye International Bank se basa en comprender lo que necesitan los clientes y cada relaci\u00f3n bancaria es \u00fanica, privada y personalizada. Como \u00fanico banco internacional con sede en la isla de Ambergris Caye, Caye International Bank tiene licencia para trabajar tanto con empresas como con particulares de todo el mundo, para ofrecer servicios bancarios internacionales.<\/p>\n<h2 style=\"font-family: 'Encode Sans', sans-serif; color: #001f51; font-weight: 300; font-size: 30px;\">\u00bfPor qu\u00e9 un banco offshore?<\/h2>\n<p>Con un r\u00e9gimen fiscal cero, sin controles de cambio y con total confidencialidad, tiene sentido diversificar una cartera local de activos e incluir un componente internacional. El gobierno garantiza la estabilidad y la seguridad exigiendo a los bancos unas reservas obligatorias del 24%, m\u00e1s del triple de lo que se exige en Estados Unidos. Caye International Bank posee una media del doble de las reservas exigidas por Belice. A la hora de elegir un banco internacional, f\u00edjese en los perfiles de inversi\u00f3n y la experiencia del banco y sus directivos para comprender c\u00f3mo se gestionar\u00e1n sus activos offshore.<\/p>\n<h2 style=\"font-family: 'Encode Sans', sans-serif; color: #001f51; font-weight: 300; font-size: 30px;\">Joel Nagel &#8211; Treinta a\u00f1os de experiencia<\/h2>\n<p>Abogado de formaci\u00f3n internacional, Joel Nagel estudi\u00f3 en Estados Unidos y Alemania y actualmente es miembro del Colegio de Abogados de Estados Unidos y fundador del bufete boutique Nagel &amp; Associates. Ha formado parte del <u><a href=\"https:\/\/www.crunchbase.com\/person\/joel-nagel\" target=\"_blank\" rel=\"noopener\"> consejo de administraci\u00f3n de m\u00e1s de 15 empresas<\/a><\/u>&nbsp;y es conocido por su trabajo en la estructuraci\u00f3n de varias inversiones hoteleras en el Caribe para empresas promotoras internacionales, incluido un hotel de marca de 200 habitaciones en Ambergris Caye. Nagel fue uno de los pioneros en la autorizaci\u00f3n de estructuras jur\u00eddicas internacionales en Belice, incluidos bancos, fideicomisos, as\u00ed como fondos de alto riesgo, fondos de inversi\u00f3n y compa\u00f1\u00edas de seguros.<\/p><p><span style=\"background-color: var( --e-global-color-17794e9 ); color: var( --e-global-color-text ); font-family: var( --e-global-typography-text-font-family ), Sans-serif; font-size: var( --e-global-typography-text-font-size ); font-style: var( --e-global-typography-text-font-style ); font-weight: var( --e-global-typography-text-font-weight ); letter-spacing: var( --e-global-typography-text-letter-spacing ); text-transform: var( --e-global-typography-text-text-transform ); word-spacing: var( --e-global-typography-text-word-spacing );\">Joel Nagel ha participado en diversas actividades filantr\u00f3picas. Es socio de Rotary desde hace m\u00e1s de 25 a\u00f1os, y ha sido presidente del Club Rotario de Pittsburgh, gobernador de distrito de los clubes rotarios del oeste de Pensilvania y organizador y fundador del Club Rotario de Ambergris Caye, en San Pedro (Belice).<\/span><\/p><p style=\"font-family: 'Encode Sans', sans-serif; color: #353535; font-size: 18px;\"><span style=\"color: var( --e-global-color-text ); font-family: var( --e-global-typography-text-font-family ), Sans-serif; font-size: var( --e-global-typography-text-font-size ); font-style: var( --e-global-typography-text-font-style ); font-weight: var( --e-global-typography-text-font-weight ); letter-spacing: var( --e-global-typography-text-letter-spacing ); text-transform: var( --e-global-typography-text-text-transform ); word-spacing: var( --e-global-typography-text-word-spacing ); background-color: var( --e-global-color-17794e9 );\">En sus cargos en Rotary, Joel desarroll\u00f3 el concepto de construir cl\u00ednicas de salud sin conexi\u00f3n a la red el\u00e9ctrica en Nicaragua, llamadas Cl\u00ednicas de Salud Roberto Clemente (en honor al jugador de b\u00e9isbol de los Piratas de Pittsburgh Roberto Clemente, que muri\u00f3 llevando suministros de ayuda m\u00e9dica a Nicaragua tras el terremoto de 1972). Hasta la fecha, Nagel, junto con Rotary, ha construido tres cl\u00ednicas en Nicaragua.<\/span><\/p><p style=\"font-family: 'Encode Sans', sans-serif; color: #353535; font-size: 18px;\"><span style=\"color: var( --e-global-color-text ); font-family: var( --e-global-typography-text-font-family ), Sans-serif; font-size: var( --e-global-typography-text-font-size ); font-style: var( --e-global-typography-text-font-style ); font-weight: var( --e-global-typography-text-font-weight ); letter-spacing: var( --e-global-typography-text-letter-spacing ); text-transform: var( --e-global-typography-text-text-transform ); word-spacing: var( --e-global-typography-text-word-spacing ); background-color: var( --e-global-color-17794e9 );\">Tambi\u00e9n ha sido miembro de la Junta Directiva y Secretario de la Fundaci\u00f3n Violetta Chamorro y de la Corporaci\u00f3n Nicarag\u00fcense para el Desarrollo.<\/span><\/p><p style=\"font-family: 'Encode Sans', sans-serif; color: #353535; font-size: 18px;\"><span style=\"color: var( --e-global-color-text ); font-family: var( --e-global-typography-text-font-family ), Sans-serif; font-size: var( --e-global-typography-text-font-size ); font-style: var( --e-global-typography-text-font-style ); font-weight: var( --e-global-typography-text-font-weight ); letter-spacing: var( --e-global-typography-text-letter-spacing ); text-transform: var( --e-global-typography-text-text-transform ); word-spacing: var( --e-global-typography-text-word-spacing ); background-color: var( --e-global-color-17794e9 );\">El Sr. Nagel puso en marcha el programa anual \u00abShark Tank Belize\u00bb para ayudar a financiar prometedoras empresas emergentes de Belice, y patrocina el programa anual de distribuci\u00f3n navide\u00f1a de juguetes junto con la iglesia Living Word de San Pedro (Belice).<\/span><\/p>\t\t\t\t\t\t\t\t<\/div>\n\t\t\t\t<\/div>\n\t\t\t\t\t<\/div>\n\t\t<\/div>\n\t\t\t\t\t<\/div>\n\t\t<\/section>\n\t\t\t\t<\/div>\n\t\t","protected":false},"excerpt":{"rendered":"<p>Joel Nagel Joel Nagel Como Presidente del Caye International Bank, Joel Nagel no s\u00f3lo aporta una s\u00f3lida experiencia jur\u00eddica y bancaria internacional a su cargo, sino que tambi\u00e9n est\u00e1 comprometido con el \u00e9xito del banco dentro de la comunidad en la que trabaja desde hace muchos a\u00f1os. Nacido y educado en Estados Unidos y Europa, [&hellip;]<\/p>\n","protected":false},"author":6,"featured_media":0,"parent":0,"menu_order":0,"comment_status":"closed","ping_status":"closed","template":"elementor_header_footer","meta":{"content-type":"","footnotes":""},"class_list":["post-7221","page","type-page","status-publish","hentry"],"_links":{"self":[{"href":"https:\/\/www.cayebank.bz\/es\/wp-json\/wp\/v2\/pages\/7221","targetHints":{"allow":["GET"]}}],"collection":[{"href":"https:\/\/www.cayebank.bz\/es\/wp-json\/wp\/v2\/pages"}],"about":[{"href":"https:\/\/www.cayebank.bz\/es\/wp-json\/wp\/v2\/types\/page"}],"author":[{"embeddable":true,"href":"https:\/\/www.cayebank.bz\/es\/wp-json\/wp\/v2\/users\/6"}],"replies":[{"embeddable":true,"href":"https:\/\/www.cayebank.bz\/es\/wp-json\/wp\/v2\/comments?post=7221"}],"version-history":[{"count":4,"href":"https:\/\/www.cayebank.bz\/es\/wp-json\/wp\/v2\/pages\/7221\/revisions"}],"predecessor-version":[{"id":14809,"href":"https:\/\/www.cayebank.bz\/es\/wp-json\/wp\/v2\/pages\/7221\/revisions\/14809"}],"wp:attachment":[{"href":"https:\/\/www.cayebank.bz\/es\/wp-json\/wp\/v2\/media?parent=7221"}],"curies":[{"name":"wp","href":"https:\/\/api.w.org\/{rel}","templated":true}]}}