{"id":7206,"date":"2023-04-13T06:37:40","date_gmt":"2023-04-13T12:37:40","guid":{"rendered":"https:\/\/stg.cayebank.bz\/ayuda-y-asistencia\/"},"modified":"2023-06-07T18:21:15","modified_gmt":"2023-06-08T00:21:15","slug":"ayuda-y-asistencia","status":"publish","type":"page","link":"https:\/\/www.cayebank.bz\/es\/ayuda-y-asistencia\/","title":{"rendered":"Ayuda y asistencia"},"content":{"rendered":"\t\t<div data-elementor-type=\"wp-page\" data-elementor-id=\"7206\" class=\"elementor elementor-7206\" data-elementor-post-type=\"page\">\n\t\t\t\t\t\t<section class=\"elementor-section elementor-top-section elementor-element elementor-element-e37b0cc elementor-section-full_width elementor-section-height-default elementor-section-height-default\" data-id=\"e37b0cc\" data-element_type=\"section\" data-e-type=\"section\" data-settings=\"{&quot;background_background&quot;:&quot;classic&quot;}\">\n\t\t\t\t\t\t<div class=\"elementor-container elementor-column-gap-default\">\n\t\t\t\t\t<div class=\"elementor-column elementor-col-100 elementor-top-column elementor-element elementor-element-e6aebf9\" data-id=\"e6aebf9\" data-element_type=\"column\" data-e-type=\"column\">\n\t\t\t<div class=\"elementor-widget-wrap elementor-element-populated\">\n\t\t\t\t\t\t<section class=\"elementor-section elementor-inner-section elementor-element elementor-element-b65ceb6 elementor-section-boxed elementor-section-height-default elementor-section-height-default\" data-id=\"b65ceb6\" data-element_type=\"section\" data-e-type=\"section\">\n\t\t\t\t\t\t<div class=\"elementor-container elementor-column-gap-default\">\n\t\t\t\t\t<div class=\"elementor-column elementor-col-33 elementor-inner-column elementor-element elementor-element-91ea2b8\" data-id=\"91ea2b8\" data-element_type=\"column\" data-e-type=\"column\">\n\t\t\t<div class=\"elementor-widget-wrap\">\n\t\t\t\t\t\t\t<\/div>\n\t\t<\/div>\n\t\t\t\t<div class=\"elementor-column elementor-col-33 elementor-inner-column elementor-element elementor-element-b62b5d2\" data-id=\"b62b5d2\" data-element_type=\"column\" data-e-type=\"column\" data-settings=\"{&quot;background_background&quot;:&quot;classic&quot;}\">\n\t\t\t<div class=\"elementor-widget-wrap elementor-element-populated\">\n\t\t\t\t\t\t<div class=\"elementor-element elementor-element-4ee98cd elementor-widget elementor-widget-heading\" data-id=\"4ee98cd\" data-element_type=\"widget\" data-e-type=\"widget\" data-widget_type=\"heading.default\">\n\t\t\t\t<div class=\"elementor-widget-container\">\n\t\t\t\t\t<h2 class=\"elementor-heading-title elementor-size-default\">Ayuda y asistencia<\/h2>\t\t\t\t<\/div>\n\t\t\t\t<\/div>\n\t\t\t\t<div class=\"elementor-element elementor-element-475d1b7 elementor-widget elementor-widget-text-editor\" data-id=\"475d1b7\" data-element_type=\"widget\" data-e-type=\"widget\" data-widget_type=\"text-editor.default\">\n\t\t\t\t<div class=\"elementor-widget-container\">\n\t\t\t\t\t\t\t\t\t<p style=\"text-align: center;\">Encuentre la respuesta a las preguntas m\u00e1s frecuentes.<\/p>\n\t\t\t\t\t\t\t\t<\/div>\n\t\t\t\t<\/div>\n\t\t\t\t\t<\/div>\n\t\t<\/div>\n\t\t\t\t<div class=\"elementor-column elementor-col-33 elementor-inner-column elementor-element elementor-element-725bb6f\" data-id=\"725bb6f\" data-element_type=\"column\" data-e-type=\"column\">\n\t\t\t<div class=\"elementor-widget-wrap\">\n\t\t\t\t\t\t\t<\/div>\n\t\t<\/div>\n\t\t\t\t\t<\/div>\n\t\t<\/section>\n\t\t\t\t\t<\/div>\n\t\t<\/div>\n\t\t\t\t\t<\/div>\n\t\t<\/section>\n\t\t\t\t<section class=\"elementor-section elementor-top-section elementor-element elementor-element-60f5d15 elementor-section-boxed elementor-section-height-default elementor-section-height-default\" data-id=\"60f5d15\" data-element_type=\"section\" data-e-type=\"section\">\n\t\t\t\t\t\t<div class=\"elementor-container elementor-column-gap-default\">\n\t\t\t\t\t<div class=\"elementor-column elementor-col-100 elementor-top-column elementor-element elementor-element-d81f77c\" data-id=\"d81f77c\" data-element_type=\"column\" data-e-type=\"column\">\n\t\t\t<div class=\"elementor-widget-wrap elementor-element-populated\">\n\t\t\t\t\t\t<div class=\"elementor-element elementor-element-9752d25 elementor-widget elementor-widget-heading\" data-id=\"9752d25\" data-element_type=\"widget\" data-e-type=\"widget\" data-widget_type=\"heading.default\">\n\t\t\t\t<div class=\"elementor-widget-container\">\n\t\t\t\t\t<h2 class=\"elementor-heading-title elementor-size-default\">Respuestas a sus preguntas<\/h2>\t\t\t\t<\/div>\n\t\t\t\t<\/div>\n\t\t\t\t\t<\/div>\n\t\t<\/div>\n\t\t\t\t\t<\/div>\n\t\t<\/section>\n\t\t\t\t<section class=\"elementor-section elementor-top-section elementor-element elementor-element-119c5df elementor-section-boxed elementor-section-height-default elementor-section-height-default\" data-id=\"119c5df\" data-element_type=\"section\" data-e-type=\"section\">\n\t\t\t\t\t\t<div class=\"elementor-container elementor-column-gap-default\">\n\t\t\t\t\t<div class=\"elementor-column elementor-col-100 elementor-top-column elementor-element elementor-element-e41c479\" data-id=\"e41c479\" data-element_type=\"column\" data-e-type=\"column\">\n\t\t\t<div class=\"elementor-widget-wrap elementor-element-populated\">\n\t\t\t\t\t\t<div class=\"elementor-element elementor-element-8ed1d8e elementor-widget elementor-widget-accordion\" data-id=\"8ed1d8e\" data-element_type=\"widget\" data-e-type=\"widget\" data-widget_type=\"accordion.default\">\n\t\t\t\t<div class=\"elementor-widget-container\">\n\t\t\t\t\t\t\t<div class=\"elementor-accordion\">\n\t\t\t\t\t\t\t<div class=\"elementor-accordion-item\">\n\t\t\t\t\t<div id=\"elementor-tab-title-1491\" class=\"elementor-tab-title\" data-tab=\"1\" role=\"button\" aria-controls=\"elementor-tab-content-1491\" aria-expanded=\"false\">\n\t\t\t\t\t\t\t\t\t\t\t\t\t<span class=\"elementor-accordion-icon elementor-accordion-icon-right\" aria-hidden=\"true\">\n\t\t\t\t\t\t\t\t\t\t\t\t\t\t\t<span class=\"elementor-accordion-icon-closed\"><svg class=\"e-font-icon-svg e-fas-plus\" viewBox=\"0 0 448 512\" xmlns=\"http:\/\/www.w3.org\/2000\/svg\"><path d=\"M416 208H272V64c0-17.67-14.33-32-32-32h-32c-17.67 0-32 14.33-32 32v144H32c-17.67 0-32 14.33-32 32v32c0 17.67 14.33 32 32 32h144v144c0 17.67 14.33 32 32 32h32c17.67 0 32-14.33 32-32V304h144c17.67 0 32-14.33 32-32v-32c0-17.67-14.33-32-32-32z\"><\/path><\/svg><\/span>\n\t\t\t\t\t\t\t\t<span class=\"elementor-accordion-icon-opened\"><svg class=\"e-font-icon-svg e-fas-minus\" viewBox=\"0 0 448 512\" xmlns=\"http:\/\/www.w3.org\/2000\/svg\"><path d=\"M416 208H32c-17.67 0-32 14.33-32 32v32c0 17.67 14.33 32 32 32h384c17.67 0 32-14.33 32-32v-32c0-17.67-14.33-32-32-32z\"><\/path><\/svg><\/span>\n\t\t\t\t\t\t\t\t\t\t\t\t\t\t<\/span>\n\t\t\t\t\t\t\t\t\t\t\t\t<a class=\"elementor-accordion-title\" tabindex=\"0\">\u00bfC\u00f3mo a\u00f1ado dinero a mi cuenta?<\/a>\n\t\t\t\t\t<\/div>\n\t\t\t\t\t<div id=\"elementor-tab-content-1491\" class=\"elementor-tab-content elementor-clearfix\" data-tab=\"1\" role=\"region\" aria-labelledby=\"elementor-tab-title-1491\"><p>Puede configurar una transferencia bancaria internacional desde su cuenta bancaria actual a Caye International Bank en cualquiera de las principales divisas extranjeras.<\/p>\n<\/div>\n\t\t\t\t<\/div>\n\t\t\t\t\t\t\t<div class=\"elementor-accordion-item\">\n\t\t\t\t\t<div id=\"elementor-tab-title-1492\" class=\"elementor-tab-title\" data-tab=\"2\" role=\"button\" aria-controls=\"elementor-tab-content-1492\" aria-expanded=\"false\">\n\t\t\t\t\t\t\t\t\t\t\t\t\t<span class=\"elementor-accordion-icon elementor-accordion-icon-right\" aria-hidden=\"true\">\n\t\t\t\t\t\t\t\t\t\t\t\t\t\t\t<span class=\"elementor-accordion-icon-closed\"><svg class=\"e-font-icon-svg e-fas-plus\" viewBox=\"0 0 448 512\" xmlns=\"http:\/\/www.w3.org\/2000\/svg\"><path d=\"M416 208H272V64c0-17.67-14.33-32-32-32h-32c-17.67 0-32 14.33-32 32v144H32c-17.67 0-32 14.33-32 32v32c0 17.67 14.33 32 32 32h144v144c0 17.67 14.33 32 32 32h32c17.67 0 32-14.33 32-32V304h144c17.67 0 32-14.33 32-32v-32c0-17.67-14.33-32-32-32z\"><\/path><\/svg><\/span>\n\t\t\t\t\t\t\t\t<span class=\"elementor-accordion-icon-opened\"><svg class=\"e-font-icon-svg e-fas-minus\" viewBox=\"0 0 448 512\" xmlns=\"http:\/\/www.w3.org\/2000\/svg\"><path d=\"M416 208H32c-17.67 0-32 14.33-32 32v32c0 17.67 14.33 32 32 32h384c17.67 0 32-14.33 32-32v-32c0-17.67-14.33-32-32-32z\"><\/path><\/svg><\/span>\n\t\t\t\t\t\t\t\t\t\t\t\t\t\t<\/span>\n\t\t\t\t\t\t\t\t\t\t\t\t<a class=\"elementor-accordion-title\" tabindex=\"0\">\u00bfC\u00f3mo puedo consultar el saldo de mi cuenta bancaria?<\/a>\n\t\t\t\t\t<\/div>\n\t\t\t\t\t<div id=\"elementor-tab-content-1492\" class=\"elementor-tab-content elementor-clearfix\" data-tab=\"2\" role=\"region\" aria-labelledby=\"elementor-tab-title-1492\"><p>El acceso a cualquiera de las cuentas bancarias internacionales privadas de Caye se realiza en l\u00ednea a trav\u00e9s de una plataforma bancaria en l\u00ednea segura las 24 horas del d\u00eda, los 7 d\u00edas de la semana.<\/p>\n<\/div>\n\t\t\t\t<\/div>\n\t\t\t\t\t\t\t<div class=\"elementor-accordion-item\">\n\t\t\t\t\t<div id=\"elementor-tab-title-1493\" class=\"elementor-tab-title\" data-tab=\"3\" role=\"button\" aria-controls=\"elementor-tab-content-1493\" aria-expanded=\"false\">\n\t\t\t\t\t\t\t\t\t\t\t\t\t<span class=\"elementor-accordion-icon elementor-accordion-icon-right\" aria-hidden=\"true\">\n\t\t\t\t\t\t\t\t\t\t\t\t\t\t\t<span class=\"elementor-accordion-icon-closed\"><svg class=\"e-font-icon-svg e-fas-plus\" viewBox=\"0 0 448 512\" xmlns=\"http:\/\/www.w3.org\/2000\/svg\"><path d=\"M416 208H272V64c0-17.67-14.33-32-32-32h-32c-17.67 0-32 14.33-32 32v144H32c-17.67 0-32 14.33-32 32v32c0 17.67 14.33 32 32 32h144v144c0 17.67 14.33 32 32 32h32c17.67 0 32-14.33 32-32V304h144c17.67 0 32-14.33 32-32v-32c0-17.67-14.33-32-32-32z\"><\/path><\/svg><\/span>\n\t\t\t\t\t\t\t\t<span class=\"elementor-accordion-icon-opened\"><svg class=\"e-font-icon-svg e-fas-minus\" viewBox=\"0 0 448 512\" xmlns=\"http:\/\/www.w3.org\/2000\/svg\"><path d=\"M416 208H32c-17.67 0-32 14.33-32 32v32c0 17.67 14.33 32 32 32h384c17.67 0 32-14.33 32-32v-32c0-17.67-14.33-32-32-32z\"><\/path><\/svg><\/span>\n\t\t\t\t\t\t\t\t\t\t\t\t\t\t<\/span>\n\t\t\t\t\t\t\t\t\t\t\t\t<a class=\"elementor-accordion-title\" tabindex=\"0\">\u00bfC\u00f3mo puedo retirar fondos de mi cuenta a la vista?<\/a>\n\t\t\t\t\t<\/div>\n\t\t\t\t\t<div id=\"elementor-tab-content-1493\" class=\"elementor-tab-content elementor-clearfix\" data-tab=\"3\" role=\"region\" aria-labelledby=\"elementor-tab-title-1493\"><p>Puede retirar su dinero mediante una transferencia de fondos en l\u00ednea, o solicitando una transferencia bancaria a trav\u00e9s del equipo de atenci\u00f3n al cliente de Caye por correo electr\u00f3nico o tel\u00e9fono. Tenga en cuenta que todas las solicitudes de transferencias bancarias recibidas por el banco antes de las 2 p.m. EST se procesar\u00e1n el mismo d\u00eda. Si se recibe despu\u00e9s de las 14:00 horas EST, la transferencia se procesar\u00e1 el siguiente d\u00eda laborable.<\/p>\n<\/div>\n\t\t\t\t<\/div>\n\t\t\t\t\t\t\t<div class=\"elementor-accordion-item\">\n\t\t\t\t\t<div id=\"elementor-tab-title-1494\" class=\"elementor-tab-title\" data-tab=\"4\" role=\"button\" aria-controls=\"elementor-tab-content-1494\" aria-expanded=\"false\">\n\t\t\t\t\t\t\t\t\t\t\t\t\t<span class=\"elementor-accordion-icon elementor-accordion-icon-right\" aria-hidden=\"true\">\n\t\t\t\t\t\t\t\t\t\t\t\t\t\t\t<span class=\"elementor-accordion-icon-closed\"><svg class=\"e-font-icon-svg e-fas-plus\" viewBox=\"0 0 448 512\" xmlns=\"http:\/\/www.w3.org\/2000\/svg\"><path d=\"M416 208H272V64c0-17.67-14.33-32-32-32h-32c-17.67 0-32 14.33-32 32v144H32c-17.67 0-32 14.33-32 32v32c0 17.67 14.33 32 32 32h144v144c0 17.67 14.33 32 32 32h32c17.67 0 32-14.33 32-32V304h144c17.67 0 32-14.33 32-32v-32c0-17.67-14.33-32-32-32z\"><\/path><\/svg><\/span>\n\t\t\t\t\t\t\t\t<span class=\"elementor-accordion-icon-opened\"><svg class=\"e-font-icon-svg e-fas-minus\" viewBox=\"0 0 448 512\" xmlns=\"http:\/\/www.w3.org\/2000\/svg\"><path d=\"M416 208H32c-17.67 0-32 14.33-32 32v32c0 17.67 14.33 32 32 32h384c17.67 0 32-14.33 32-32v-32c0-17.67-14.33-32-32-32z\"><\/path><\/svg><\/span>\n\t\t\t\t\t\t\t\t\t\t\t\t\t\t<\/span>\n\t\t\t\t\t\t\t\t\t\t\t\t<a class=\"elementor-accordion-title\" tabindex=\"0\">\u00bfCu\u00e1ntos reintegros puedo hacer mensualmente de mi cuenta a la vista?<\/a>\n\t\t\t\t\t<\/div>\n\t\t\t\t\t<div id=\"elementor-tab-content-1494\" class=\"elementor-tab-content elementor-clearfix\" data-tab=\"4\" role=\"region\" aria-labelledby=\"elementor-tab-title-1494\"><p>Puede realizar un n\u00famero ilimitado de transferencias por ciclo de extracto desde su cuenta de dep\u00f3sito a la vista. Tenga en cuenta que se le cobrar\u00e1 una comisi\u00f3n por cada transacci\u00f3n que supere este l\u00edmite de:<\/p>\n<ul>\n<li>USD $5 para transferencias entre cuentas bancarias que tenga en Caye; y<\/li>\n<li>100 USD para las transferencias salientes, es decir, a una cuenta bancaria que tenga fuera de Caye.<\/li>\n<\/ul>\n<\/div>\n\t\t\t\t<\/div>\n\t\t\t\t\t\t\t<div class=\"elementor-accordion-item\">\n\t\t\t\t\t<div id=\"elementor-tab-title-1495\" class=\"elementor-tab-title\" data-tab=\"5\" role=\"button\" aria-controls=\"elementor-tab-content-1495\" aria-expanded=\"false\">\n\t\t\t\t\t\t\t\t\t\t\t\t\t<span class=\"elementor-accordion-icon elementor-accordion-icon-right\" aria-hidden=\"true\">\n\t\t\t\t\t\t\t\t\t\t\t\t\t\t\t<span class=\"elementor-accordion-icon-closed\"><svg class=\"e-font-icon-svg e-fas-plus\" viewBox=\"0 0 448 512\" xmlns=\"http:\/\/www.w3.org\/2000\/svg\"><path d=\"M416 208H272V64c0-17.67-14.33-32-32-32h-32c-17.67 0-32 14.33-32 32v144H32c-17.67 0-32 14.33-32 32v32c0 17.67 14.33 32 32 32h144v144c0 17.67 14.33 32 32 32h32c17.67 0 32-14.33 32-32V304h144c17.67 0 32-14.33 32-32v-32c0-17.67-14.33-32-32-32z\"><\/path><\/svg><\/span>\n\t\t\t\t\t\t\t\t<span class=\"elementor-accordion-icon-opened\"><svg class=\"e-font-icon-svg e-fas-minus\" viewBox=\"0 0 448 512\" xmlns=\"http:\/\/www.w3.org\/2000\/svg\"><path d=\"M416 208H32c-17.67 0-32 14.33-32 32v32c0 17.67 14.33 32 32 32h384c17.67 0 32-14.33 32-32v-32c0-17.67-14.33-32-32-32z\"><\/path><\/svg><\/span>\n\t\t\t\t\t\t\t\t\t\t\t\t\t\t<\/span>\n\t\t\t\t\t\t\t\t\t\t\t\t<a class=\"elementor-accordion-title\" tabindex=\"0\">\u00bfQu\u00e9 seguridad tiene mi dinero depositado en Caye?<\/a>\n\t\t\t\t\t<\/div>\n\t\t\t\t\t<div id=\"elementor-tab-content-1495\" class=\"elementor-tab-content elementor-clearfix\" data-tab=\"5\" role=\"region\" aria-labelledby=\"elementor-tab-title-1495\"><p>Los inversores pueden sentirse seguros al depositar su dinero en Belice porque los requisitos de reservas bancarias esenciales en Belice son al menos cuatro veces superiores a los requisitos de reservas de los bancos locales en Estados Unidos. Un ejemplo de ello es Caye International Bank, que tiene uno de los \u00edndices de liquidez m\u00e1s altos de todos los bancos mundiales, y que actualmente se sit\u00faa en torno al 24%.<\/p>\n<\/div>\n\t\t\t\t<\/div>\n\t\t\t\t\t\t\t<div class=\"elementor-accordion-item\">\n\t\t\t\t\t<div id=\"elementor-tab-title-1496\" class=\"elementor-tab-title\" data-tab=\"6\" role=\"button\" aria-controls=\"elementor-tab-content-1496\" aria-expanded=\"false\">\n\t\t\t\t\t\t\t\t\t\t\t\t\t<span class=\"elementor-accordion-icon elementor-accordion-icon-right\" aria-hidden=\"true\">\n\t\t\t\t\t\t\t\t\t\t\t\t\t\t\t<span class=\"elementor-accordion-icon-closed\"><svg class=\"e-font-icon-svg e-fas-plus\" viewBox=\"0 0 448 512\" xmlns=\"http:\/\/www.w3.org\/2000\/svg\"><path d=\"M416 208H272V64c0-17.67-14.33-32-32-32h-32c-17.67 0-32 14.33-32 32v144H32c-17.67 0-32 14.33-32 32v32c0 17.67 14.33 32 32 32h144v144c0 17.67 14.33 32 32 32h32c17.67 0 32-14.33 32-32V304h144c17.67 0 32-14.33 32-32v-32c0-17.67-14.33-32-32-32z\"><\/path><\/svg><\/span>\n\t\t\t\t\t\t\t\t<span class=\"elementor-accordion-icon-opened\"><svg class=\"e-font-icon-svg e-fas-minus\" viewBox=\"0 0 448 512\" xmlns=\"http:\/\/www.w3.org\/2000\/svg\"><path d=\"M416 208H32c-17.67 0-32 14.33-32 32v32c0 17.67 14.33 32 32 32h384c17.67 0 32-14.33 32-32v-32c0-17.67-14.33-32-32-32z\"><\/path><\/svg><\/span>\n\t\t\t\t\t\t\t\t\t\t\t\t\t\t<\/span>\n\t\t\t\t\t\t\t\t\t\t\t\t<a class=\"elementor-accordion-title\" tabindex=\"0\">\u00bfCu\u00e1l es la diferencia entre una cuenta corriente y una cuenta de ahorro?<\/a>\n\t\t\t\t\t<\/div>\n\t\t\t\t\t<div id=\"elementor-tab-content-1496\" class=\"elementor-tab-content elementor-clearfix\" data-tab=\"6\" role=\"region\" aria-labelledby=\"elementor-tab-title-1496\"><p>Hay principalmente dos diferencias y la primera es la forma de acceder a su dinero, y una cuenta corriente le da m\u00e1s acceso en la transferencia hacia y desde su cuenta. La segunda se refiere al tipo de inter\u00e9s aplicable a cada cuenta, y los tipos de los dep\u00f3sitos a la vista son casi siempre inferiores a los de los dep\u00f3sitos de ahorro debido a su flexibilidad a la hora de operar con la cuenta. Para obtener m\u00e1s informaci\u00f3n sobre nuestras cuentas bancarias internacionales privadas, consulte nuestra p\u00e1gina de informaci\u00f3n general aqu\u00ed.<\/p><\/div>\n\t\t\t\t<\/div>\n\t\t\t\t\t\t\t\t\t\t<script type=\"application\/ld+json\">{\"@context\":\"https:\\\/\\\/schema.org\",\"@type\":\"FAQPage\",\"mainEntity\":[{\"@type\":\"Question\",\"name\":\"\\u00bfC\\u00f3mo a\\u00f1ado dinero a mi cuenta?\",\"acceptedAnswer\":{\"@type\":\"Answer\",\"text\":\"<p>Puede configurar una transferencia bancaria internacional desde su cuenta bancaria actual a Caye International Bank en cualquiera de las principales divisas extranjeras.<\\\/p>\\n\"}},{\"@type\":\"Question\",\"name\":\"\\u00bfC\\u00f3mo puedo consultar el saldo de mi cuenta bancaria?\",\"acceptedAnswer\":{\"@type\":\"Answer\",\"text\":\"<p>El acceso a cualquiera de las cuentas bancarias internacionales privadas de Caye se realiza en l\\u00ednea a trav\\u00e9s de una plataforma bancaria en l\\u00ednea segura las 24 horas del d\\u00eda, los 7 d\\u00edas de la semana.<\\\/p>\\n\"}},{\"@type\":\"Question\",\"name\":\"\\u00bfC\\u00f3mo puedo retirar fondos de mi cuenta a la vista?\",\"acceptedAnswer\":{\"@type\":\"Answer\",\"text\":\"<p>Puede retirar su dinero mediante una transferencia de fondos en l\\u00ednea, o solicitando una transferencia bancaria a trav\\u00e9s del equipo de atenci\\u00f3n al cliente de Caye por correo electr\\u00f3nico o tel\\u00e9fono. Tenga en cuenta que todas las solicitudes de transferencias bancarias recibidas por el banco antes de las 2 p.m. EST se procesar\\u00e1n el mismo d\\u00eda. Si se recibe despu\\u00e9s de las 14:00 horas EST, la transferencia se procesar\\u00e1 el siguiente d\\u00eda laborable.<\\\/p>\\n\"}},{\"@type\":\"Question\",\"name\":\"\\u00bfCu\\u00e1ntos reintegros puedo hacer mensualmente de mi cuenta a la vista?\",\"acceptedAnswer\":{\"@type\":\"Answer\",\"text\":\"<p>Puede realizar un n\\u00famero ilimitado de transferencias por ciclo de extracto desde su cuenta de dep\\u00f3sito a la vista. Tenga en cuenta que se le cobrar\\u00e1 una comisi\\u00f3n por cada transacci\\u00f3n que supere este l\\u00edmite de:<\\\/p>\\n<ul>\\n<li>USD $5 para transferencias entre cuentas bancarias que tenga en Caye; y<\\\/li>\\n<li>100 USD para las transferencias salientes, es decir, a una cuenta bancaria que tenga fuera de Caye.<\\\/li>\\n<\\\/ul>\\n\"}},{\"@type\":\"Question\",\"name\":\"\\u00bfQu\\u00e9 seguridad tiene mi dinero depositado en Caye?\",\"acceptedAnswer\":{\"@type\":\"Answer\",\"text\":\"<p>Los inversores pueden sentirse seguros al depositar su dinero en Belice porque los requisitos de reservas bancarias esenciales en Belice son al menos cuatro veces superiores a los requisitos de reservas de los bancos locales en Estados Unidos. Un ejemplo de ello es Caye International Bank, que tiene uno de los \\u00edndices de liquidez m\\u00e1s altos de todos los bancos mundiales, y que actualmente se sit\\u00faa en torno al 24%.<\\\/p>\\n\"}},{\"@type\":\"Question\",\"name\":\"\\u00bfCu\\u00e1l es la diferencia entre una cuenta corriente y una cuenta de ahorro?\",\"acceptedAnswer\":{\"@type\":\"Answer\",\"text\":\"<p>Hay principalmente dos diferencias y la primera es la forma de acceder a su dinero, y una cuenta corriente le da m\\u00e1s acceso en la transferencia hacia y desde su cuenta. La segunda se refiere al tipo de inter\\u00e9s aplicable a cada cuenta, y los tipos de los dep\\u00f3sitos a la vista son casi siempre inferiores a los de los dep\\u00f3sitos de ahorro debido a su flexibilidad a la hora de operar con la cuenta. Para obtener m\\u00e1s informaci\\u00f3n sobre nuestras cuentas bancarias internacionales privadas, consulte nuestra p\\u00e1gina de informaci\\u00f3n general aqu\\u00ed.<\\\/p>\"}}]}<\/script>\n\t\t\t\t\t<\/div>\n\t\t\t\t\t\t<\/div>\n\t\t\t\t<\/div>\n\t\t\t\t\t<\/div>\n\t\t<\/div>\n\t\t\t\t\t<\/div>\n\t\t<\/section>\n\t\t\t\t<\/div>\n\t\t","protected":false},"excerpt":{"rendered":"<p>Ayuda y asistencia Encuentre la respuesta a las preguntas m\u00e1s frecuentes. Respuestas a sus preguntas \u00bfC\u00f3mo a\u00f1ado dinero a mi cuenta? Puede configurar una transferencia bancaria internacional desde su cuenta bancaria actual a Caye International Bank en cualquiera de las principales divisas extranjeras. \u00bfC\u00f3mo puedo consultar el saldo de mi cuenta bancaria? El acceso a [&hellip;]<\/p>\n","protected":false},"author":6,"featured_media":0,"parent":0,"menu_order":0,"comment_status":"closed","ping_status":"closed","template":"elementor_header_footer","meta":{"content-type":"","footnotes":""},"class_list":["post-7206","page","type-page","status-publish","hentry"],"_links":{"self":[{"href":"https:\/\/www.cayebank.bz\/es\/wp-json\/wp\/v2\/pages\/7206","targetHints":{"allow":["GET"]}}],"collection":[{"href":"https:\/\/www.cayebank.bz\/es\/wp-json\/wp\/v2\/pages"}],"about":[{"href":"https:\/\/www.cayebank.bz\/es\/wp-json\/wp\/v2\/types\/page"}],"author":[{"embeddable":true,"href":"https:\/\/www.cayebank.bz\/es\/wp-json\/wp\/v2\/users\/6"}],"replies":[{"embeddable":true,"href":"https:\/\/www.cayebank.bz\/es\/wp-json\/wp\/v2\/comments?post=7206"}],"version-history":[{"count":6,"href":"https:\/\/www.cayebank.bz\/es\/wp-json\/wp\/v2\/pages\/7206\/revisions"}],"predecessor-version":[{"id":14657,"href":"https:\/\/www.cayebank.bz\/es\/wp-json\/wp\/v2\/pages\/7206\/revisions\/14657"}],"wp:attachment":[{"href":"https:\/\/www.cayebank.bz\/es\/wp-json\/wp\/v2\/media?parent=7206"}],"curies":[{"name":"wp","href":"https:\/\/api.w.org\/{rel}","templated":true}]}}