{"id":7181,"date":"2023-04-13T05:57:04","date_gmt":"2023-04-13T11:57:04","guid":{"rendered":"https:\/\/stg.cayebank.bz\/gobierno-corporativo\/"},"modified":"2023-06-08T11:21:46","modified_gmt":"2023-06-08T17:21:46","slug":"gobierno-corporativo","status":"publish","type":"page","link":"https:\/\/www.cayebank.bz\/es\/gobierno-corporativo\/","title":{"rendered":"Gobierno corporativo"},"content":{"rendered":"\t\t<div data-elementor-type=\"wp-page\" data-elementor-id=\"7181\" class=\"elementor elementor-7181\" data-elementor-post-type=\"page\">\n\t\t\t\t\t\t<section class=\"elementor-section elementor-top-section elementor-element elementor-element-3fab737 elementor-section-full_width elementor-section-height-default elementor-section-height-default\" data-id=\"3fab737\" data-element_type=\"section\" data-e-type=\"section\" data-settings=\"{&quot;background_background&quot;:&quot;classic&quot;}\">\n\t\t\t\t\t\t<div class=\"elementor-container elementor-column-gap-default\">\n\t\t\t\t\t<div class=\"elementor-column elementor-col-100 elementor-top-column elementor-element elementor-element-136e058\" data-id=\"136e058\" data-element_type=\"column\" data-e-type=\"column\">\n\t\t\t<div class=\"elementor-widget-wrap elementor-element-populated\">\n\t\t\t\t\t\t<section class=\"elementor-section elementor-inner-section elementor-element elementor-element-f55acbb elementor-section-boxed elementor-section-height-default elementor-section-height-default\" data-id=\"f55acbb\" data-element_type=\"section\" data-e-type=\"section\">\n\t\t\t\t\t\t<div class=\"elementor-container elementor-column-gap-default\">\n\t\t\t\t\t<div class=\"elementor-column elementor-col-33 elementor-inner-column elementor-element elementor-element-3d5ec9b\" data-id=\"3d5ec9b\" data-element_type=\"column\" data-e-type=\"column\">\n\t\t\t<div class=\"elementor-widget-wrap\">\n\t\t\t\t\t\t\t<\/div>\n\t\t<\/div>\n\t\t\t\t<div class=\"elementor-column elementor-col-33 elementor-inner-column elementor-element elementor-element-84e8e29\" data-id=\"84e8e29\" data-element_type=\"column\" data-e-type=\"column\" data-settings=\"{&quot;background_background&quot;:&quot;classic&quot;}\">\n\t\t\t<div class=\"elementor-widget-wrap elementor-element-populated\">\n\t\t\t\t\t\t<div class=\"elementor-element elementor-element-c382aef elementor-widget elementor-widget-heading\" data-id=\"c382aef\" data-element_type=\"widget\" data-e-type=\"widget\" data-widget_type=\"heading.default\">\n\t\t\t\t<div class=\"elementor-widget-container\">\n\t\t\t\t\t<h2 class=\"elementor-heading-title elementor-size-default\">Gobierno corporativo<\/h2>\t\t\t\t<\/div>\n\t\t\t\t<\/div>\n\t\t\t\t\t<\/div>\n\t\t<\/div>\n\t\t\t\t<div class=\"elementor-column elementor-col-33 elementor-inner-column elementor-element elementor-element-88fa5d9\" data-id=\"88fa5d9\" data-element_type=\"column\" data-e-type=\"column\">\n\t\t\t<div class=\"elementor-widget-wrap\">\n\t\t\t\t\t\t\t<\/div>\n\t\t<\/div>\n\t\t\t\t\t<\/div>\n\t\t<\/section>\n\t\t\t\t\t<\/div>\n\t\t<\/div>\n\t\t\t\t\t<\/div>\n\t\t<\/section>\n\t\t\t\t<section class=\"elementor-section elementor-top-section elementor-element elementor-element-2e71825 elementor-section-boxed elementor-section-height-default elementor-section-height-default\" data-id=\"2e71825\" data-element_type=\"section\" data-e-type=\"section\">\n\t\t\t\t\t\t<div class=\"elementor-container elementor-column-gap-default\">\n\t\t\t\t\t<div class=\"elementor-column elementor-col-100 elementor-top-column elementor-element elementor-element-7b8b47f\" data-id=\"7b8b47f\" data-element_type=\"column\" data-e-type=\"column\">\n\t\t\t<div class=\"elementor-widget-wrap elementor-element-populated\">\n\t\t\t\t\t\t<div class=\"elementor-element elementor-element-edca1a8 elementor-widget elementor-widget-heading\" data-id=\"edca1a8\" data-element_type=\"widget\" data-e-type=\"widget\" data-widget_type=\"heading.default\">\n\t\t\t\t<div class=\"elementor-widget-container\">\n\t\t\t\t\t<h2 class=\"elementor-heading-title elementor-size-default\">Gobernanza<\/h2>\t\t\t\t<\/div>\n\t\t\t\t<\/div>\n\t\t\t\t\t<\/div>\n\t\t<\/div>\n\t\t\t\t\t<\/div>\n\t\t<\/section>\n\t\t\t\t<section class=\"elementor-section elementor-top-section elementor-element elementor-element-3394b4e elementor-section-boxed elementor-section-height-default elementor-section-height-default\" data-id=\"3394b4e\" data-element_type=\"section\" data-e-type=\"section\">\n\t\t\t\t\t\t<div class=\"elementor-container elementor-column-gap-default\">\n\t\t\t\t\t<div class=\"elementor-column elementor-col-50 elementor-top-column elementor-element elementor-element-ede5606\" data-id=\"ede5606\" data-element_type=\"column\" data-e-type=\"column\">\n\t\t\t<div class=\"elementor-widget-wrap elementor-element-populated\">\n\t\t\t\t\t\t<div class=\"elementor-element elementor-element-b3deae9 elementor-position-left elementor-vertical-align-top elementor-widget elementor-widget-image-box\" data-id=\"b3deae9\" data-element_type=\"widget\" data-e-type=\"widget\" data-widget_type=\"image-box.default\">\n\t\t\t\t<div class=\"elementor-widget-container\">\n\t\t\t\t\t<div class=\"elementor-image-box-wrapper\"><figure class=\"elementor-image-box-img\"><img decoding=\"async\" src=\"https:\/\/www.cayebank.bz\/wp-content\/uploads\/elementor\/thumbs\/Joel-02-qlmz23wceafvqnx7awhigxu7uitocyeersyrt68ydo.jpg\" title=\"Joel-02.jpg\" alt=\"Joel-02.jpg\" loading=\"lazy\" \/><\/figure><div class=\"elementor-image-box-content\"><h3 class=\"elementor-image-box-title\">Embajador Joel Nagel<\/h3><p class=\"elementor-image-box-description\">Presidente y cofundador<\/p><\/div><\/div>\t\t\t\t<\/div>\n\t\t\t\t<\/div>\n\t\t\t\t<div class=\"elementor-element elementor-element-e5891c7 elementor-widget elementor-widget-text-editor\" data-id=\"e5891c7\" data-element_type=\"widget\" data-e-type=\"widget\" data-widget_type=\"text-editor.default\">\n\t\t\t\t<div class=\"elementor-widget-container\">\n\t\t\t\t\t\t\t\t\t<p>es autor de la publicaci\u00f3n The Digital Banking Revolution &#8211; ahora en su tercera edici\u00f3n, ha sido coautor de una investigaci\u00f3n econ\u00f3mica que se present\u00f3 ante el Congreso de EE.UU. y actualmente es instructor en la FinTech School con sede en California. Es titular de un MBA italiano con especializaci\u00f3n en Negocios Internacionales, as\u00ed como de un BSBA con triple especializaci\u00f3n en Finanzas, Negocios Internacionales y Gesti\u00f3n &#8211; cum laude por la Universidad de Missouri-St. Louis.<\/p><\/p>\n\t\t\t\t\t\t\t\t<\/div>\n\t\t\t\t<\/div>\n\t\t\t\t\t<\/div>\n\t\t<\/div>\n\t\t\t\t<div class=\"elementor-column elementor-col-50 elementor-top-column elementor-element elementor-element-eb82277\" data-id=\"eb82277\" data-element_type=\"column\" data-e-type=\"column\">\n\t\t\t<div class=\"elementor-widget-wrap elementor-element-populated\">\n\t\t\t\t\t\t<div class=\"elementor-element elementor-element-16be128 elementor-position-left elementor-vertical-align-top elementor-widget elementor-widget-image-box\" data-id=\"16be128\" data-element_type=\"widget\" data-e-type=\"widget\" data-widget_type=\"image-box.default\">\n\t\t\t\t<div class=\"elementor-widget-container\">\n\t\t\t\t\t<div class=\"elementor-image-box-wrapper\"><figure class=\"elementor-image-box-img\"><img decoding=\"async\" src=\"https:\/\/www.cayebank.bz\/wp-content\/uploads\/elementor\/thumbs\/IMG_5015-scaled-1-qlmz25s1545dvaalblk48r0nchtwdvkl7lnam5bc1k.jpg\" title=\"IMG_5015-scaled.jpg\" alt=\"IMG_5015-scaled.jpg\" loading=\"lazy\" \/><\/figure><div class=\"elementor-image-box-content\"><h3 class=\"elementor-image-box-title\">Michael K. Cobb<\/h3><p class=\"elementor-image-box-description\">Director y cofundador<\/p><\/div><\/div>\t\t\t\t<\/div>\n\t\t\t\t<\/div>\n\t\t\t\t<div class=\"elementor-element elementor-element-8ca78ee elementor-widget elementor-widget-text-editor\" data-id=\"8ca78ee\" data-element_type=\"widget\" data-e-type=\"widget\" data-widget_type=\"text-editor.default\">\n\t\t\t\t<div class=\"elementor-widget-container\">\n\t\t\t\t\t\t\t\t\t<p>es el Consejero Delegado de ECI Development, Ltd., una gran empresa de desarrollo centroamericana que construye barrios de uso mixto orientados a la comunidad en toda la regi\u00f3n. En la c\u00faspide de una exitosa carrera en el sector inform\u00e1tico, Mike se march\u00f3 para buscar oportunidades m\u00e1s pioneras en los mercados inmobiliarios emergentes de Centroam\u00e9rica. Muy centrado en las necesidades de los consumidores, predijo con exactitud la creciente necesidad de productos residenciales de alta calidad para los jubilados norteamericanos del Baby Boomer en la regi\u00f3n. Mike es licenciado por el Allegheny College de Pensilvania.<\/p><\/p>\n\t\t\t\t\t\t\t\t<\/div>\n\t\t\t\t<\/div>\n\t\t\t\t\t<\/div>\n\t\t<\/div>\n\t\t\t\t\t<\/div>\n\t\t<\/section>\n\t\t\t\t<section class=\"elementor-section elementor-top-section elementor-element elementor-element-fd6446a elementor-section-boxed elementor-section-height-default elementor-section-height-default\" data-id=\"fd6446a\" data-element_type=\"section\" data-e-type=\"section\">\n\t\t\t\t\t\t<div class=\"elementor-container elementor-column-gap-default\">\n\t\t\t\t\t<div class=\"elementor-column elementor-col-50 elementor-top-column elementor-element elementor-element-2ff454e\" data-id=\"2ff454e\" data-element_type=\"column\" data-e-type=\"column\">\n\t\t\t<div class=\"elementor-widget-wrap elementor-element-populated\">\n\t\t\t\t\t\t<div class=\"elementor-element elementor-element-6af8bb7 elementor-position-left elementor-vertical-align-top elementor-widget elementor-widget-image-box\" data-id=\"6af8bb7\" data-element_type=\"widget\" data-e-type=\"widget\" data-widget_type=\"image-box.default\">\n\t\t\t\t<div class=\"elementor-widget-container\">\n\t\t\t\t\t<div class=\"elementor-image-box-wrapper\"><figure class=\"elementor-image-box-img\"><img decoding=\"async\" src=\"https:\/\/www.cayebank.bz\/wp-content\/uploads\/elementor\/thumbs\/IMG_5019_0-scaled-1-qlmz2ccw3srgn5kwxi55ldpd6znza8bzsyu54nweto.jpg\" title=\"IMG_5019_0-scaled.jpg\" alt=\"IMG_5019_0-scaled.jpg\" loading=\"lazy\" \/><\/figure><div class=\"elementor-image-box-content\"><h3 class=\"elementor-image-box-title\">Peter Zipper<\/h3><p class=\"elementor-image-box-description\">Presidente em\u00e9rito<\/p><\/div><\/div>\t\t\t\t<\/div>\n\t\t\t\t<\/div>\n\t\t\t\t<div class=\"elementor-element elementor-element-caf1651 elementor-widget elementor-widget-text-editor\" data-id=\"caf1651\" data-element_type=\"widget\" data-e-type=\"widget\" data-widget_type=\"text-editor.default\">\n\t\t\t\t<div class=\"elementor-widget-container\">\n\t\t\t\t\t\t\t\t\t<p>Tras jubilarse de Anglo Irish Bank (Austria) como Vicepresidente Senior y Miembro Senior del Comit\u00e9 de Direcci\u00f3n e Inversiones, Peter se incorpor\u00f3 a Caye International Bank. como Presidente en 2006. Peter se licenci\u00f3 en Geograf\u00eda y Cartograf\u00eda en el Instituto Geogr\u00e1fico de Viena (Austria). Inmediatamente despu\u00e9s de asistir a la Academia Militar Nacional Austriaca, sirvi\u00f3 en servicio activo con las Tropas de Mantenimiento de la Paz de las Naciones Unidas durante el conflicto de Chipre. Se retir\u00f3 del ej\u00e9rcito con honores como oficial de infanter\u00eda.<\/p><\/p>\n\t\t\t\t\t\t\t\t<\/div>\n\t\t\t\t<\/div>\n\t\t\t\t\t<\/div>\n\t\t<\/div>\n\t\t\t\t<div class=\"elementor-column elementor-col-50 elementor-top-column elementor-element elementor-element-c2e81cc\" data-id=\"c2e81cc\" data-element_type=\"column\" data-e-type=\"column\">\n\t\t\t<div class=\"elementor-widget-wrap elementor-element-populated\">\n\t\t\t\t\t\t<div class=\"elementor-element elementor-element-b28fbd7 elementor-position-left elementor-vertical-align-top elementor-widget elementor-widget-image-box\" data-id=\"b28fbd7\" data-element_type=\"widget\" data-e-type=\"widget\" data-widget_type=\"image-box.default\">\n\t\t\t\t<div class=\"elementor-widget-container\">\n\t\t\t\t\t<div class=\"elementor-image-box-wrapper\"><figure class=\"elementor-image-box-img\"><img decoding=\"async\" src=\"https:\/\/www.cayebank.bz\/wp-content\/uploads\/elementor\/thumbs\/Eddie-Littlefield-qlhqza2p0tbofjdjicjksuwt7gn0s6n7yuq7aekeyg.jpg\" title=\"Eddie-Littlefield.jpg\" alt=\"Eddie-Littlefield.jpg\" loading=\"lazy\" \/><\/figure><div class=\"elementor-image-box-content\"><h3 class=\"elementor-image-box-title\">John \"Eddie\" Littlefield<\/h3><p class=\"elementor-image-box-description\">Director no ejecutivo<\/p><\/div><\/div>\t\t\t\t<\/div>\n\t\t\t\t<\/div>\n\t\t\t\t<div class=\"elementor-element elementor-element-8707d7e elementor-widget elementor-widget-text-editor\" data-id=\"8707d7e\" data-element_type=\"widget\" data-e-type=\"widget\" data-widget_type=\"text-editor.default\">\n\t\t\t\t<div class=\"elementor-widget-container\">\n\t\t\t\t\t\t\t\t\t<p>es Presidente y Consejero Delegado de David Drye Companies. DDC es una empresa regional de construcci\u00f3n y gesti\u00f3n especializada en activos multifamiliares. Desde 1998 ha colocado con \u00e9xito financiaciones superiores a 800.000.000 de d\u00f3lares para pr\u00e9stamos permanentes y de construcci\u00f3n de inmuebles multifamiliares y hoteleros. Tambi\u00e9n posee y gestiona Lamborghini Carolinas, una franquicia autorizada de Lamborghini, y Carolina AutoSports, un concesionario independiente de ventas y servicios. Eddie es licenciado por el Montreat Anderson College de Carolina del Norte.<\/p><\/p>\n\t\t\t\t\t\t\t\t<\/div>\n\t\t\t\t<\/div>\n\t\t\t\t\t<\/div>\n\t\t<\/div>\n\t\t\t\t\t<\/div>\n\t\t<\/section>\n\t\t\t\t<section class=\"elementor-section elementor-top-section elementor-element elementor-element-d82b262 elementor-section-boxed elementor-section-height-default elementor-section-height-default\" data-id=\"d82b262\" data-element_type=\"section\" data-e-type=\"section\">\n\t\t\t\t\t\t<div class=\"elementor-container elementor-column-gap-default\">\n\t\t\t\t\t<div class=\"elementor-column elementor-col-50 elementor-top-column elementor-element elementor-element-d04a2d7\" data-id=\"d04a2d7\" data-element_type=\"column\" data-e-type=\"column\">\n\t\t\t<div class=\"elementor-widget-wrap elementor-element-populated\">\n\t\t\t\t\t\t<div class=\"elementor-element elementor-element-388cb86 elementor-position-left elementor-vertical-align-top elementor-widget elementor-widget-image-box\" data-id=\"388cb86\" data-element_type=\"widget\" data-e-type=\"widget\" data-widget_type=\"image-box.default\">\n\t\t\t\t<div class=\"elementor-widget-container\">\n\t\t\t\t\t<div class=\"elementor-image-box-wrapper\"><figure class=\"elementor-image-box-img\"><img decoding=\"async\" src=\"https:\/\/www.cayebank.bz\/wp-content\/uploads\/elementor\/thumbs\/Kenneth-Skorenko-155-2-1-qlhqyhvjbs92r8ii30crq20zdwi0d9j9uz5mw3q854.jpg\" title=\"Kenneth Skorenko-155-2\" alt=\"Kenneth Skorenko-155-2\" loading=\"lazy\" \/><\/figure><div class=\"elementor-image-box-content\"><h3 class=\"elementor-image-box-title\">Dr. Kenneth Skorenko<\/h3><p class=\"elementor-image-box-description\">Director no ejecutivo<\/p><\/div><\/div>\t\t\t\t<\/div>\n\t\t\t\t<\/div>\n\t\t\t\t<div class=\"elementor-element elementor-element-930f38f elementor-widget elementor-widget-text-editor\" data-id=\"930f38f\" data-element_type=\"widget\" data-e-type=\"widget\" data-widget_type=\"text-editor.default\">\n\t\t\t\t<div class=\"elementor-widget-container\">\n\t\t\t\t\t\t\t\t\t<p>es licenciada por la Facultad de Medicina Rutgers de Newark (Nueva Jersey). Estudi\u00f3 Qu\u00edmica en el Stevens Institute of Technology y se licenci\u00f3 en Ciencias. Hizo su residencia en el Monmouth Medical Center, Departamento de Obstetricia y Ginecolog\u00eda en Long Branch, Nueva Jersey. Tiene varias consultas privadas en: West Long Branch, Middletown y Lakewood, Nueva Jersey, donde ejerce desde hace casi cuatro d\u00e9cadas. Se incorpor\u00f3 al Caye International Bank de Belice como director no ejecutivo a mediados de 2019.<\/p>\n\t\t\t\t\t\t\t\t<\/div>\n\t\t\t\t<\/div>\n\t\t\t\t\t<\/div>\n\t\t<\/div>\n\t\t\t\t<div class=\"elementor-column elementor-col-50 elementor-top-column elementor-element elementor-element-af62000\" data-id=\"af62000\" data-element_type=\"column\" data-e-type=\"column\">\n\t\t\t<div class=\"elementor-widget-wrap elementor-element-populated\">\n\t\t\t\t\t\t<div class=\"elementor-element elementor-element-5019d2d elementor-position-left elementor-vertical-align-top elementor-widget elementor-widget-image-box\" data-id=\"5019d2d\" data-element_type=\"widget\" data-e-type=\"widget\" data-widget_type=\"image-box.default\">\n\t\t\t\t<div class=\"elementor-widget-container\">\n\t\t\t\t\t<div class=\"elementor-image-box-wrapper\"><figure class=\"elementor-image-box-img\"><img decoding=\"async\" src=\"https:\/\/www.cayebank.bz\/wp-content\/uploads\/elementor\/thumbs\/H-Douglas-Russell-3-qll89i1s7hhjb8fkl279khf2pjegnq3jagvueh4s9c.jpg\" title=\"H-Douglas-Russell-3.jpg\" alt=\"H-Douglas-Russell-3.jpg\" loading=\"lazy\" \/><\/figure><div class=\"elementor-image-box-content\"><h3 class=\"elementor-image-box-title\">H. Douglas Russell<\/h3><p class=\"elementor-image-box-description\">Director em\u00e9rito<\/p><\/div><\/div>\t\t\t\t<\/div>\n\t\t\t\t<\/div>\n\t\t\t\t<div class=\"elementor-element elementor-element-d171285 elementor-widget elementor-widget-text-editor\" data-id=\"d171285\" data-element_type=\"widget\" data-e-type=\"widget\" data-widget_type=\"text-editor.default\">\n\t\t\t\t<div class=\"elementor-widget-container\">\n\t\t\t\t\t\t\t\t\t<p>fund\u00f3 HD Russell and Associates en Charlotte, Carolina del Norte, que es un distribuidor de camiones y equipos de manipulaci\u00f3n de residuos, as\u00ed como Carolina Waste Systems, Inc, una empresa de servicios de residuos. Doug comenz\u00f3 su carrera bancaria en 1981 y prest\u00f3 sus servicios al First Union National Bank como director asesor de la ciudad. En 1992 fue Director Estatal del South Trust Bank. Cuando Wachovia adquiri\u00f3 South Trust, form\u00f3 parte del Consejo de Administraci\u00f3n local de Wachovia. En 2005 Doug fue miembro fundador del New Dominion Bank en Charlotte, Carolina del Norte (EE.UU.).<\/p>\n\t\t\t\t\t\t\t\t<\/div>\n\t\t\t\t<\/div>\n\t\t\t\t\t<\/div>\n\t\t<\/div>\n\t\t\t\t\t<\/div>\n\t\t<\/section>\n\t\t\t\t<\/div>\n\t\t","protected":false},"excerpt":{"rendered":"<p>Gobierno corporativo Gobernanza Embajador Joel Nagel Presidente y cofundador es autor de la publicaci\u00f3n The Digital Banking Revolution &#8211; ahora en su tercera edici\u00f3n, ha sido coautor de una investigaci\u00f3n econ\u00f3mica que se present\u00f3 ante el Congreso de EE.UU. y actualmente es instructor en la FinTech School con sede en California. Es titular de un [&hellip;]<\/p>\n","protected":false},"author":6,"featured_media":0,"parent":0,"menu_order":0,"comment_status":"closed","ping_status":"closed","template":"elementor_header_footer","meta":{"content-type":"","footnotes":""},"class_list":["post-7181","page","type-page","status-publish","hentry"],"_links":{"self":[{"href":"https:\/\/www.cayebank.bz\/es\/wp-json\/wp\/v2\/pages\/7181","targetHints":{"allow":["GET"]}}],"collection":[{"href":"https:\/\/www.cayebank.bz\/es\/wp-json\/wp\/v2\/pages"}],"about":[{"href":"https:\/\/www.cayebank.bz\/es\/wp-json\/wp\/v2\/types\/page"}],"author":[{"embeddable":true,"href":"https:\/\/www.cayebank.bz\/es\/wp-json\/wp\/v2\/users\/6"}],"replies":[{"embeddable":true,"href":"https:\/\/www.cayebank.bz\/es\/wp-json\/wp\/v2\/comments?post=7181"}],"version-history":[{"count":10,"href":"https:\/\/www.cayebank.bz\/es\/wp-json\/wp\/v2\/pages\/7181\/revisions"}],"predecessor-version":[{"id":14746,"href":"https:\/\/www.cayebank.bz\/es\/wp-json\/wp\/v2\/pages\/7181\/revisions\/14746"}],"wp:attachment":[{"href":"https:\/\/www.cayebank.bz\/es\/wp-json\/wp\/v2\/media?parent=7181"}],"curies":[{"name":"wp","href":"https:\/\/api.w.org\/{rel}","templated":true}]}}