{"id":7165,"date":"2023-04-13T05:53:29","date_gmt":"2023-04-13T11:53:29","guid":{"rendered":"https:\/\/stg.cayebank.bz\/bienvenida-del-presidente\/"},"modified":"2023-06-08T09:36:12","modified_gmt":"2023-06-08T15:36:12","slug":"bienvenida-del-presidente","status":"publish","type":"page","link":"https:\/\/www.cayebank.bz\/es\/bienvenida-del-presidente\/","title":{"rendered":"Bienvenida del Presidente"},"content":{"rendered":"\t\t<div data-elementor-type=\"wp-page\" data-elementor-id=\"7165\" class=\"elementor elementor-7165\" data-elementor-post-type=\"page\">\n\t\t\t\t\t\t<section class=\"elementor-section elementor-top-section elementor-element elementor-element-624a9ab elementor-section-full_width elementor-section-height-default elementor-section-height-default\" data-id=\"624a9ab\" data-element_type=\"section\" data-e-type=\"section\" data-settings=\"{&quot;background_background&quot;:&quot;classic&quot;}\">\n\t\t\t\t\t\t<div class=\"elementor-container elementor-column-gap-default\">\n\t\t\t\t\t<div class=\"elementor-column elementor-col-100 elementor-top-column elementor-element elementor-element-9b99c09\" data-id=\"9b99c09\" data-element_type=\"column\" data-e-type=\"column\">\n\t\t\t<div class=\"elementor-widget-wrap elementor-element-populated\">\n\t\t\t\t\t\t<section class=\"elementor-section elementor-inner-section elementor-element elementor-element-eab83a2 elementor-section-boxed elementor-section-height-default elementor-section-height-default\" data-id=\"eab83a2\" data-element_type=\"section\" data-e-type=\"section\">\n\t\t\t\t\t\t<div class=\"elementor-container elementor-column-gap-default\">\n\t\t\t\t\t<div class=\"elementor-column elementor-col-33 elementor-inner-column elementor-element elementor-element-6cb7483\" data-id=\"6cb7483\" data-element_type=\"column\" data-e-type=\"column\">\n\t\t\t<div class=\"elementor-widget-wrap\">\n\t\t\t\t\t\t\t<\/div>\n\t\t<\/div>\n\t\t\t\t<div class=\"elementor-column elementor-col-33 elementor-inner-column elementor-element elementor-element-dbac0eb\" data-id=\"dbac0eb\" data-element_type=\"column\" data-e-type=\"column\" data-settings=\"{&quot;background_background&quot;:&quot;classic&quot;}\">\n\t\t\t<div class=\"elementor-widget-wrap elementor-element-populated\">\n\t\t\t\t\t\t<div class=\"elementor-element elementor-element-6c0827b elementor-widget elementor-widget-heading\" data-id=\"6c0827b\" data-element_type=\"widget\" data-e-type=\"widget\" data-widget_type=\"heading.default\">\n\t\t\t\t<div class=\"elementor-widget-container\">\n\t\t\t\t\t<h2 class=\"elementor-heading-title elementor-size-default\">Bienvenida del Presidente<br>de la junta directiva<\/h2>\t\t\t\t<\/div>\n\t\t\t\t<\/div>\n\t\t\t\t<div class=\"elementor-element elementor-element-be17c21 elementor-widget elementor-widget-text-editor\" data-id=\"be17c21\" data-element_type=\"widget\" data-e-type=\"widget\" data-widget_type=\"text-editor.default\">\n\t\t\t\t<div class=\"elementor-widget-container\">\n\t\t\t\t\t\t\t\t\t<p style=\"text-align: center;\">Embajador Joel Nagel<\/p>\n\t\t\t\t\t\t\t\t<\/div>\n\t\t\t\t<\/div>\n\t\t\t\t\t<\/div>\n\t\t<\/div>\n\t\t\t\t<div class=\"elementor-column elementor-col-33 elementor-inner-column elementor-element elementor-element-3cf61fd\" data-id=\"3cf61fd\" data-element_type=\"column\" data-e-type=\"column\">\n\t\t\t<div class=\"elementor-widget-wrap\">\n\t\t\t\t\t\t\t<\/div>\n\t\t<\/div>\n\t\t\t\t\t<\/div>\n\t\t<\/section>\n\t\t\t\t\t<\/div>\n\t\t<\/div>\n\t\t\t\t\t<\/div>\n\t\t<\/section>\n\t\t\t\t<section class=\"elementor-section elementor-top-section elementor-element elementor-element-4115f9aa elementor-section-boxed elementor-section-height-default elementor-section-height-default\" data-id=\"4115f9aa\" data-element_type=\"section\" data-e-type=\"section\">\n\t\t\t\t\t\t<div class=\"elementor-container elementor-column-gap-default\">\n\t\t\t\t\t<div class=\"elementor-column elementor-col-50 elementor-top-column elementor-element elementor-element-56ea02bc\" data-id=\"56ea02bc\" data-element_type=\"column\" data-e-type=\"column\">\n\t\t\t<div class=\"elementor-widget-wrap elementor-element-populated\">\n\t\t\t\t\t\t<div class=\"elementor-element elementor-element-d0dcdb8 elementor-widget elementor-widget-image\" data-id=\"d0dcdb8\" data-element_type=\"widget\" data-e-type=\"widget\" data-widget_type=\"image.default\">\n\t\t\t\t<div class=\"elementor-widget-container\">\n\t\t\t\t\t\t\t\t\t\t\t\t\t\t\t<img fetchpriority=\"high\" decoding=\"async\" width=\"325\" height=\"406\" src=\"https:\/\/www.cayebank.bz\/wp-content\/uploads\/2023\/05\/Joel-02.jpg\" class=\"attachment-large size-large wp-image-9062\" alt=\"\" srcset=\"https:\/\/www.cayebank.bz\/wp-content\/uploads\/2023\/05\/Joel-02.jpg.webp 325w, https:\/\/www.cayebank.bz\/wp-content\/uploads\/2023\/05\/Joel-02-240x300.jpg.webp 240w\" sizes=\"(max-width: 325px) 100vw, 325px\" \/>\t\t\t\t\t\t\t\t\t\t\t\t\t\t\t<\/div>\n\t\t\t\t<\/div>\n\t\t\t\t\t<\/div>\n\t\t<\/div>\n\t\t\t\t<div class=\"elementor-column elementor-col-50 elementor-top-column elementor-element elementor-element-de7a049\" data-id=\"de7a049\" data-element_type=\"column\" data-e-type=\"column\">\n\t\t\t<div class=\"elementor-widget-wrap elementor-element-populated\">\n\t\t\t\t\t\t<div class=\"elementor-element elementor-element-d1875e5 elementor-widget elementor-widget-text-editor\" data-id=\"d1875e5\" data-element_type=\"widget\" data-e-type=\"widget\" data-widget_type=\"text-editor.default\">\n\t\t\t\t<div class=\"elementor-widget-container\">\n\t\t\t\t\t\t\t\t\t<h2>Embajador Joel Nagel<\/h2>\n<p>Comenzando con la visi\u00f3n de la fundaci\u00f3n de Caye con el Director de la Junta: Michael Cobb en 1996, este banco incipiente se ha expandido notablemente desde sus primeros d\u00edas como empresa hipotecaria, y luego como banco a partir de 2003. Ahora, con su creciente base de clientes internacionales y su red de alianzas estrat\u00e9gicas globales, el banco est\u00e1 preparado para seguir creciendo en el futuro.<\/p>\n<p><span style=\"background-color: var( --e-global-color-17794e9 ); color: var( --e-global-color-text ); font-family: var( --e-global-typography-text-font-family ), Sans-serif; font-size: var( --e-global-typography-text-font-size ); font-style: var( --e-global-typography-text-font-style ); font-weight: var( --e-global-typography-text-font-weight ); letter-spacing: var( --e-global-typography-text-letter-spacing ); text-transform: var( --e-global-typography-text-text-transform ); word-spacing: var( --e-global-typography-text-word-spacing );\">El \u00e9xito del banco ha sido posible gracias a la ayuda de miembros visionarios del consejo de administraci\u00f3n, personal entregado y clientes leales. Tambi\u00e9n hubo muchos otros que aportaron la fuerza motriz y la visi\u00f3n de futuro para sentar las bases del banco, y por sus esfuerzos les estoy verdaderamente agradecido. En la actualidad, los directores del banco proporcionan orientaci\u00f3n y liderazgo que son fuentes de motivaci\u00f3n e inspiraci\u00f3n para todos los que trabajamos en Caye International Bank.<\/span><\/p>\n<p><a href=\"https:\/\/www.cayebank.bz\/es\/joel-nagel\/\" style=\"font-family: var( --e-global-typography-text-font-family ), Sans-serif; font-size: var( --e-global-typography-text-font-size ); font-style: var( --e-global-typography-text-font-style ); font-weight: var( --e-global-typography-text-font-weight ); letter-spacing: var( --e-global-typography-text-letter-spacing ); text-transform: var( --e-global-typography-text-text-transform ); word-spacing: var( --e-global-typography-text-word-spacing );\">Joel Nagel<\/a><br><\/p>\n<p>Presidente de la Junta Directiva Caye International Bank<\/p>\t\t\t\t\t\t\t\t<\/div>\n\t\t\t\t<\/div>\n\t\t\t\t\t<\/div>\n\t\t<\/div>\n\t\t\t\t\t<\/div>\n\t\t<\/section>\n\t\t\t\t<section class=\"elementor-section elementor-top-section elementor-element elementor-element-d90c029 elementor-section-boxed elementor-section-height-default elementor-section-height-default\" data-id=\"d90c029\" data-element_type=\"section\" data-e-type=\"section\" data-settings=\"{&quot;background_background&quot;:&quot;classic&quot;}\">\n\t\t\t\t\t\t<div class=\"elementor-container elementor-column-gap-default\">\n\t\t\t\t\t<div class=\"elementor-column elementor-col-100 elementor-top-column elementor-element elementor-element-7880377\" data-id=\"7880377\" data-element_type=\"column\" data-e-type=\"column\">\n\t\t\t<div class=\"elementor-widget-wrap elementor-element-populated\">\n\t\t\t\t\t\t<div class=\"elementor-element elementor-element-e978c06 elementor-blockquote--skin-quotation elementor-blockquote--align-center elementor-widget elementor-widget-blockquote\" data-id=\"e978c06\" data-element_type=\"widget\" data-e-type=\"widget\" data-widget_type=\"blockquote.default\">\n\t\t\t\t<div class=\"elementor-widget-container\">\n\t\t\t\t\t\t\t<blockquote class=\"elementor-blockquote\">\n\t\t\t<p class=\"elementor-blockquote__content\">\n\t\t\t\t<i>\"Como Presidente del Consejo estoy orgulloso de la trayectoria de casi dos d\u00e9cadas del Banco en la regi\u00f3n\".\n<\/i>\t\t\t<\/p>\n\t\t\t\t\t<\/blockquote>\n\t\t\t\t\t\t<\/div>\n\t\t\t\t<\/div>\n\t\t\t\t\t<\/div>\n\t\t<\/div>\n\t\t\t\t\t<\/div>\n\t\t<\/section>\n\t\t\t\t<section class=\"elementor-section elementor-top-section elementor-element elementor-element-7179ae0 elementor-section-boxed elementor-section-height-default elementor-section-height-default\" data-id=\"7179ae0\" data-element_type=\"section\" data-e-type=\"section\">\n\t\t\t\t\t\t<div class=\"elementor-container elementor-column-gap-default\">\n\t\t\t\t\t<div class=\"elementor-column elementor-col-100 elementor-top-column elementor-element elementor-element-fc15eef\" data-id=\"fc15eef\" data-element_type=\"column\" data-e-type=\"column\">\n\t\t\t<div class=\"elementor-widget-wrap elementor-element-populated\">\n\t\t\t\t\t\t<div class=\"elementor-element elementor-element-facb36c elementor-widget elementor-widget-text-editor\" data-id=\"facb36c\" data-element_type=\"widget\" data-e-type=\"widget\" data-widget_type=\"text-editor.default\">\n\t\t\t\t<div class=\"elementor-widget-container\">\n\t\t\t\t\t\t\t\t\t<p>Caye International Bank es uno de los principales bancos de Belice en la actualidad, y el \u00fanico centrado exclusivamente en el mercado internacional. Con uno de los \u00edndices de liquidez m\u00e1s elevados de todos los bancos mundiales, Caye cuenta con una trayectoria de casi 20 a\u00f1os de s\u00f3lidos resultados operativos. La misi\u00f3n de Caye ha sido siempre prestar servicios financieros basados en la confianza y respaldados por s\u00f3lidos valores corporativos, y esta f\u00f3rmula ha hecho crecer al banco con una estructura de ingresos diversificada, un balance con buena calidad de activos, fuentes de financiaci\u00f3n diversificadas y una s\u00f3lida base de capital.<\/p>\n<p><span style=\"color: var( --e-global-color-text ); font-family: var( --e-global-typography-text-font-family ), Sans-serif; font-size: var( --e-global-typography-text-font-size ); font-style: var( --e-global-typography-text-font-style ); font-weight: var( --e-global-typography-text-font-weight ); letter-spacing: var( --e-global-typography-text-letter-spacing ); text-transform: var( --e-global-typography-text-text-transform ); word-spacing: var( --e-global-typography-text-word-spacing ); background-color: var( --e-global-color-17794e9 );\">La magnitud de la actividad econ\u00f3mica y la estabilidad en Belice y en la regi\u00f3n centroamericana han permitido a Caye registrar un fuerte crecimiento en todos los productos b\u00e1sicos del banco. Adem\u00e1s, creemos que nuestra amplia gama de servicios financieros internacionales ofrecidos durante las dos \u00faltimas d\u00e9cadas nos ha permitido desempe\u00f1ar un papel integral en el crecimiento y la prosperidad no s\u00f3lo de la isla de Ambergris Caye, sino tambi\u00e9n del propio Belice.<\/span><\/p>\n<p><span style=\"color: var( --e-global-color-text ); font-family: var( --e-global-typography-text-font-family ), Sans-serif; font-size: var( --e-global-typography-text-font-size ); font-style: var( --e-global-typography-text-font-style ); font-weight: var( --e-global-typography-text-font-weight ); letter-spacing: var( --e-global-typography-text-letter-spacing ); text-transform: var( --e-global-typography-text-text-transform ); word-spacing: var( --e-global-typography-text-word-spacing ); background-color: var( --e-global-color-17794e9 );\">El banco seguir\u00e1 invirtiendo en nuevos productos, capital humano y tecnolog\u00eda, junto con una diversificaci\u00f3n estrat\u00e9gica en nuevas \u00e1reas de negocio, as\u00ed como una mayor atenci\u00f3n a la gesti\u00f3n del riesgo, la liquidez y una diversificaci\u00f3n regional acertada. Creo que en los pr\u00f3ximos a\u00f1os Caye International Bank se afianzar\u00e1 como una de las principales instituciones financieras de la regi\u00f3n centroamericana y le proporcionar\u00e1 una plataforma para expandirse a jurisdicciones internacionales m\u00e1s lejanas.<\/span><\/p>\n\t\t\t\t\t\t\t\t<\/div>\n\t\t\t\t<\/div>\n\t\t\t\t\t<\/div>\n\t\t<\/div>\n\t\t\t\t\t<\/div>\n\t\t<\/section>\n\t\t\t\t<\/div>\n\t\t","protected":false},"excerpt":{"rendered":"<p>Bienvenida del Presidentede la junta directiva Embajador Joel Nagel Embajador Joel Nagel Comenzando con la visi\u00f3n de la fundaci\u00f3n de Caye con el Director de la Junta: Michael Cobb en 1996, este banco incipiente se ha expandido notablemente desde sus primeros d\u00edas como empresa hipotecaria, y luego como banco a partir de 2003. Ahora, con [&hellip;]<\/p>\n","protected":false},"author":6,"featured_media":0,"parent":0,"menu_order":0,"comment_status":"closed","ping_status":"closed","template":"elementor_header_footer","meta":{"content-type":"","footnotes":""},"class_list":["post-7165","page","type-page","status-publish","hentry"],"_links":{"self":[{"href":"https:\/\/www.cayebank.bz\/es\/wp-json\/wp\/v2\/pages\/7165","targetHints":{"allow":["GET"]}}],"collection":[{"href":"https:\/\/www.cayebank.bz\/es\/wp-json\/wp\/v2\/pages"}],"about":[{"href":"https:\/\/www.cayebank.bz\/es\/wp-json\/wp\/v2\/types\/page"}],"author":[{"embeddable":true,"href":"https:\/\/www.cayebank.bz\/es\/wp-json\/wp\/v2\/users\/6"}],"replies":[{"embeddable":true,"href":"https:\/\/www.cayebank.bz\/es\/wp-json\/wp\/v2\/comments?post=7165"}],"version-history":[{"count":11,"href":"https:\/\/www.cayebank.bz\/es\/wp-json\/wp\/v2\/pages\/7165\/revisions"}],"predecessor-version":[{"id":14676,"href":"https:\/\/www.cayebank.bz\/es\/wp-json\/wp\/v2\/pages\/7165\/revisions\/14676"}],"wp:attachment":[{"href":"https:\/\/www.cayebank.bz\/es\/wp-json\/wp\/v2\/media?parent=7165"}],"curies":[{"name":"wp","href":"https:\/\/api.w.org\/{rel}","templated":true}]}}