{"id":7140,"date":"2023-04-18T14:38:16","date_gmt":"2023-04-18T20:38:16","guid":{"rendered":"https:\/\/stg.cayebank.bz\/dias-festivos\/"},"modified":"2023-05-30T11:51:08","modified_gmt":"2023-05-30T17:51:08","slug":"dias-festivos","status":"publish","type":"page","link":"https:\/\/www.cayebank.bz\/es\/dias-festivos\/","title":{"rendered":"D\u00edas festivos"},"content":{"rendered":"\t\t<div data-elementor-type=\"wp-page\" data-elementor-id=\"7140\" class=\"elementor elementor-7140\" data-elementor-post-type=\"page\">\n\t\t\t\t\t\t<section class=\"elementor-section elementor-top-section elementor-element elementor-element-fdfbc38 elementor-section-full_width elementor-section-height-default elementor-section-height-default\" data-id=\"fdfbc38\" data-element_type=\"section\" data-e-type=\"section\" data-settings=\"{&quot;background_background&quot;:&quot;classic&quot;}\">\n\t\t\t\t\t\t<div class=\"elementor-container elementor-column-gap-default\">\n\t\t\t\t\t<div class=\"elementor-column elementor-col-100 elementor-top-column elementor-element elementor-element-503f529\" data-id=\"503f529\" data-element_type=\"column\" data-e-type=\"column\">\n\t\t\t<div class=\"elementor-widget-wrap elementor-element-populated\">\n\t\t\t\t\t\t<section class=\"elementor-section elementor-inner-section elementor-element elementor-element-68a9118 elementor-section-boxed elementor-section-height-default elementor-section-height-default\" data-id=\"68a9118\" data-element_type=\"section\" data-e-type=\"section\">\n\t\t\t\t\t\t<div class=\"elementor-container elementor-column-gap-default\">\n\t\t\t\t\t<div class=\"elementor-column elementor-col-33 elementor-inner-column elementor-element elementor-element-78258a8\" data-id=\"78258a8\" data-element_type=\"column\" data-e-type=\"column\">\n\t\t\t<div class=\"elementor-widget-wrap\">\n\t\t\t\t\t\t\t<\/div>\n\t\t<\/div>\n\t\t\t\t<div class=\"elementor-column elementor-col-33 elementor-inner-column elementor-element elementor-element-bd37f55\" data-id=\"bd37f55\" data-element_type=\"column\" data-e-type=\"column\" data-settings=\"{&quot;background_background&quot;:&quot;classic&quot;}\">\n\t\t\t<div class=\"elementor-widget-wrap elementor-element-populated\">\n\t\t\t\t\t\t<div class=\"elementor-element elementor-element-4361cf0 elementor-widget elementor-widget-heading\" data-id=\"4361cf0\" data-element_type=\"widget\" data-e-type=\"widget\" data-widget_type=\"heading.default\">\n\t\t\t\t<div class=\"elementor-widget-container\">\n\t\t\t\t\t<h2 class=\"elementor-heading-title elementor-size-default\">D\u00edas festivos<\/h2>\t\t\t\t<\/div>\n\t\t\t\t<\/div>\n\t\t\t\t\t<\/div>\n\t\t<\/div>\n\t\t\t\t<div class=\"elementor-column elementor-col-33 elementor-inner-column elementor-element elementor-element-09c793e\" data-id=\"09c793e\" data-element_type=\"column\" data-e-type=\"column\">\n\t\t\t<div class=\"elementor-widget-wrap\">\n\t\t\t\t\t\t\t<\/div>\n\t\t<\/div>\n\t\t\t\t\t<\/div>\n\t\t<\/section>\n\t\t\t\t\t<\/div>\n\t\t<\/div>\n\t\t\t\t\t<\/div>\n\t\t<\/section>\n\t\t\t\t<section class=\"elementor-section elementor-top-section elementor-element elementor-element-f5bc45b elementor-section-boxed elementor-section-height-default elementor-section-height-default\" data-id=\"f5bc45b\" data-element_type=\"section\" data-e-type=\"section\">\n\t\t\t\t\t\t<div class=\"elementor-container elementor-column-gap-default\">\n\t\t\t\t\t<div class=\"elementor-column elementor-col-33 elementor-top-column elementor-element elementor-element-8347175\" data-id=\"8347175\" data-element_type=\"column\" data-e-type=\"column\">\n\t\t\t<div class=\"elementor-widget-wrap\">\n\t\t\t\t\t\t\t<\/div>\n\t\t<\/div>\n\t\t\t\t<div class=\"elementor-column elementor-col-33 elementor-top-column elementor-element elementor-element-2c18312\" data-id=\"2c18312\" data-element_type=\"column\" data-e-type=\"column\">\n\t\t\t<div class=\"elementor-widget-wrap elementor-element-populated\">\n\t\t\t\t\t\t<div class=\"elementor-element elementor-element-2827618 elementor-widget elementor-widget-text-editor\" data-id=\"2827618\" data-element_type=\"widget\" data-e-type=\"widget\" data-widget_type=\"text-editor.default\">\n\t\t\t\t<div class=\"elementor-widget-container\">\n\t\t\t\t\t\t\t\t\t<table class=\"striped\">\n<tbody>\n<tr>\n<th style=\"text-align: left;\">Fecha<\/th>\n<th style=\"text-align: left;\">D\u00eda<\/th>\n<th style=\"text-align: left;\">Vacaciones<\/th>\n<\/tr>\n<tr>\n<td>2 de enero<\/td>\n<td>Lunes<\/td>\n<td><span style=\"white-space: normal;\">A\u00f1o Nuevo<\/span><\/td>\n<\/tr>\n<tr>\n<td>16 de enero<\/td>\n<td>Lunes<\/td>\n<td>D\u00eda de George Price<\/td>\n<\/tr>\n<tr>\n<td>6 de marzo<\/td>\n<td>Lunes<\/td>\n<td>D\u00eda Nacional de los H\u00e9roes y Benefactores<\/td>\n<\/tr>\n<tr>\n<td>7 de abril<\/td>\n<td>Viernes<\/td>\n<td>Viernes Santo<\/td>\n<\/tr>\n<tr>\n<td>10 de abril<\/td>\n<td>Lunes<\/td>\n<td>Lunes de Pascua<\/td>\n<\/tr>\n<tr>\n<td>1 de mayo<\/td>\n<td>Lunes<\/td>\n<td>D\u00eda del Trabajo<\/td>\n<\/tr>\n<tr>\n<td>31 de julio<\/td>\n<td>Lunes<\/td>\n<td>D\u00eda de la Emancipaci\u00f3n<\/td>\n<\/tr>\n<tr>\n<td>11 de septiembre<\/td>\n<td>Lunes<\/td>\n<td>D\u00eda del Cayo San Jorge<\/td>\n<\/tr>\n<tr>\n<td>21 de septiembre<\/td>\n<td>Jueves<\/td>\n<td>D\u00eda de la Independencia<\/td>\n<\/tr>\n<tr>\n<td>9 de octubre<\/td>\n<td>Lunes<\/td>\n<td>D\u00eda de la Resistencia de los Pueblos Ind\u00edgenas<\/td>\n<\/tr>\n<tr>\n<td>23 de noviembre<\/td>\n<td>Jueves<\/td>\n<td>Acci\u00f3n de Gracias<\/td>\n<\/tr>\n<tr>\n<td>25 de diciembre<\/td>\n<td>Lunes<\/td>\n<td>D\u00eda de Navidad<\/td>\n<\/tr>\n<tr>\n<td>26 de diciembre<\/td>\n<td>Martes<\/td>\n<td>D\u00eda de San Esteban<\/td>\n<\/tr>\n<\/tbody>\n<\/table>\t\t\t\t\t\t\t\t<\/div>\n\t\t\t\t<\/div>\n\t\t\t\t\t<\/div>\n\t\t<\/div>\n\t\t\t\t<div class=\"elementor-column elementor-col-33 elementor-top-column elementor-element elementor-element-7a2c8b1\" data-id=\"7a2c8b1\" data-element_type=\"column\" data-e-type=\"column\">\n\t\t\t<div class=\"elementor-widget-wrap\">\n\t\t\t\t\t\t\t<\/div>\n\t\t<\/div>\n\t\t\t\t\t<\/div>\n\t\t<\/section>\n\t\t\t\t<\/div>\n\t\t","protected":false},"excerpt":{"rendered":"<p>D\u00edas festivos Fecha D\u00eda Vacaciones 2 de enero Lunes A\u00f1o Nuevo 16 de enero Lunes D\u00eda de George Price 6 de marzo Lunes D\u00eda Nacional de los H\u00e9roes y Benefactores 7 de abril Viernes Viernes Santo 10 de abril Lunes Lunes de Pascua 1 de mayo Lunes D\u00eda del Trabajo 31 de julio Lunes D\u00eda [&hellip;]<\/p>\n","protected":false},"author":6,"featured_media":0,"parent":0,"menu_order":0,"comment_status":"closed","ping_status":"closed","template":"elementor_header_footer","meta":{"content-type":"","footnotes":""},"class_list":["post-7140","page","type-page","status-publish","hentry"],"_links":{"self":[{"href":"https:\/\/www.cayebank.bz\/es\/wp-json\/wp\/v2\/pages\/7140","targetHints":{"allow":["GET"]}}],"collection":[{"href":"https:\/\/www.cayebank.bz\/es\/wp-json\/wp\/v2\/pages"}],"about":[{"href":"https:\/\/www.cayebank.bz\/es\/wp-json\/wp\/v2\/types\/page"}],"author":[{"embeddable":true,"href":"https:\/\/www.cayebank.bz\/es\/wp-json\/wp\/v2\/users\/6"}],"replies":[{"embeddable":true,"href":"https:\/\/www.cayebank.bz\/es\/wp-json\/wp\/v2\/comments?post=7140"}],"version-history":[{"count":5,"href":"https:\/\/www.cayebank.bz\/es\/wp-json\/wp\/v2\/pages\/7140\/revisions"}],"predecessor-version":[{"id":11945,"href":"https:\/\/www.cayebank.bz\/es\/wp-json\/wp\/v2\/pages\/7140\/revisions\/11945"}],"wp:attachment":[{"href":"https:\/\/www.cayebank.bz\/es\/wp-json\/wp\/v2\/media?parent=7140"}],"curies":[{"name":"wp","href":"https:\/\/api.w.org\/{rel}","templated":true}]}}