{"id":7134,"date":"2023-04-13T05:34:02","date_gmt":"2023-04-13T11:34:02","guid":{"rendered":"https:\/\/stg.cayebank.bz\/sobre-nosotros\/"},"modified":"2024-05-19T21:27:17","modified_gmt":"2024-05-20T03:27:17","slug":"sobre-nosotros","status":"publish","type":"page","link":"https:\/\/www.cayebank.bz\/es\/sobre-nosotros\/","title":{"rendered":"Sobre nosotros"},"content":{"rendered":"\t\t<div data-elementor-type=\"wp-page\" data-elementor-id=\"7134\" class=\"elementor elementor-7134\" data-elementor-post-type=\"page\">\n\t\t\t\t\t\t<section class=\"elementor-section elementor-top-section elementor-element elementor-element-4f84883 elementor-section-full_width elementor-section-height-default elementor-section-height-default\" data-id=\"4f84883\" data-element_type=\"section\" data-e-type=\"section\" data-settings=\"{&quot;background_background&quot;:&quot;classic&quot;}\">\n\t\t\t\t\t\t<div class=\"elementor-container elementor-column-gap-default\">\n\t\t\t\t\t<div class=\"elementor-column elementor-col-100 elementor-top-column elementor-element elementor-element-78aecd4\" data-id=\"78aecd4\" data-element_type=\"column\" data-e-type=\"column\">\n\t\t\t<div class=\"elementor-widget-wrap elementor-element-populated\">\n\t\t\t\t\t\t<section class=\"elementor-section elementor-inner-section elementor-element elementor-element-9618713 elementor-section-boxed elementor-section-height-default elementor-section-height-default\" data-id=\"9618713\" data-element_type=\"section\" data-e-type=\"section\">\n\t\t\t\t\t\t<div class=\"elementor-container elementor-column-gap-default\">\n\t\t\t\t\t<div class=\"elementor-column elementor-col-33 elementor-inner-column elementor-element elementor-element-9eb77f2\" data-id=\"9eb77f2\" data-element_type=\"column\" data-e-type=\"column\">\n\t\t\t<div class=\"elementor-widget-wrap\">\n\t\t\t\t\t\t\t<\/div>\n\t\t<\/div>\n\t\t\t\t<div class=\"elementor-column elementor-col-33 elementor-inner-column elementor-element elementor-element-41dabdb\" data-id=\"41dabdb\" data-element_type=\"column\" data-e-type=\"column\" data-settings=\"{&quot;background_background&quot;:&quot;classic&quot;}\">\n\t\t\t<div class=\"elementor-widget-wrap elementor-element-populated\">\n\t\t\t\t\t\t<div class=\"elementor-element elementor-element-5116790 elementor-widget elementor-widget-heading\" data-id=\"5116790\" data-element_type=\"widget\" data-e-type=\"widget\" data-widget_type=\"heading.default\">\n\t\t\t\t<div class=\"elementor-widget-container\">\n\t\t\t\t\t<h2 class=\"elementor-heading-title elementor-size-default\">Sobre nosotros<\/h2>\t\t\t\t<\/div>\n\t\t\t\t<\/div>\n\t\t\t\t<div class=\"elementor-element elementor-element-f0063dc elementor-widget elementor-widget-text-editor\" data-id=\"f0063dc\" data-element_type=\"widget\" data-e-type=\"widget\" data-widget_type=\"text-editor.default\">\n\t\t\t\t<div class=\"elementor-widget-container\">\n\t\t\t\t\t\t\t\t\t<p style=\"text-align: center;\">Caye Banco Internacional<\/p>\n\t\t\t\t\t\t\t\t<\/div>\n\t\t\t\t<\/div>\n\t\t\t\t\t<\/div>\n\t\t<\/div>\n\t\t\t\t<div class=\"elementor-column elementor-col-33 elementor-inner-column elementor-element elementor-element-8a5ecb2\" data-id=\"8a5ecb2\" data-element_type=\"column\" data-e-type=\"column\">\n\t\t\t<div class=\"elementor-widget-wrap\">\n\t\t\t\t\t\t\t<\/div>\n\t\t<\/div>\n\t\t\t\t\t<\/div>\n\t\t<\/section>\n\t\t\t\t\t<\/div>\n\t\t<\/div>\n\t\t\t\t\t<\/div>\n\t\t<\/section>\n\t\t\t\t<section class=\"elementor-section elementor-top-section elementor-element elementor-element-0492cd4 elementor-section-boxed elementor-section-height-default elementor-section-height-default\" data-id=\"0492cd4\" data-element_type=\"section\" data-e-type=\"section\">\n\t\t\t\t\t\t<div class=\"elementor-container elementor-column-gap-default\">\n\t\t\t\t\t<div class=\"elementor-column elementor-col-100 elementor-top-column elementor-element elementor-element-9495fff\" data-id=\"9495fff\" data-element_type=\"column\" data-e-type=\"column\">\n\t\t\t<div class=\"elementor-widget-wrap elementor-element-populated\">\n\t\t\t\t\t\t<div class=\"elementor-element elementor-element-0c1ee56 elementor-widget elementor-widget-heading\" data-id=\"0c1ee56\" data-element_type=\"widget\" data-e-type=\"widget\" data-widget_type=\"heading.default\">\n\t\t\t\t<div class=\"elementor-widget-container\">\n\t\t\t\t\t<h3 class=\"elementor-heading-title elementor-size-default\">Caye International Bank -&nbsp;<i>Una visi\u00f3n general de nuestra historia<\/i>...<\/h3>\t\t\t\t<\/div>\n\t\t\t\t<\/div>\n\t\t\t\t<div class=\"elementor-element elementor-element-c2dd416 elementor-widget elementor-widget-text-editor\" data-id=\"c2dd416\" data-element_type=\"widget\" data-e-type=\"widget\" data-widget_type=\"text-editor.default\">\n\t\t\t\t<div class=\"elementor-widget-container\">\n\t\t\t\t\t\t\t\t\t<p>La historia de Caye comenz\u00f3 en 1996 como una empresa hipotecaria de Belice, y tras un \u00e9xito continuado durante varios a\u00f1os se tom\u00f3 la decisi\u00f3n de convertirse en un banco internacional. El 29 de septiembre de 2003, Caye recibi\u00f3 una licencia bancaria internacional de clase A sin restricciones del Banco Central de Belice.<span style=\"text-decoration: underline;\"> <a href=\"http:\/\/centralbank.org.bz\/home\/core-functions\/prudential-supervision\/International-banks\" target=\"_blank\" rel=\"noopener\">Clase A &#8211; Licencia Bancaria Internacional del Banco Central de Belice.<\/a> <\/span>El Banco Central de Belice es responsable de regular Caye International Bank y establecer las normas para sus ratios de liquidez y adecuaci\u00f3n del capital.<\/p>\n<p>Caye es el \u00fanico banco internacional con sede en la hermosa isla de Ambergris Caye, Centroam\u00e9rica, y nuestra licencia bancaria nos permite prestar servicios financieros tanto a particulares como a empresas ubicadas fuera de Belice. El banco ofrece una gama completa de servicios bancarios tradicionales y no tradicionales, as\u00ed como cuentas en m\u00faltiples divisas. La solicitud de apertura de una cuenta es un proceso sencillo, que puede facilitarse en l\u00ednea desde cualquier lugar del mundo.<\/p>\n\t\t\t\t\t\t\t\t<\/div>\n\t\t\t\t<\/div>\n\t\t\t\t\t<\/div>\n\t\t<\/div>\n\t\t\t\t\t<\/div>\n\t\t<\/section>\n\t\t\t\t<section class=\"elementor-section elementor-top-section elementor-element elementor-element-4c3b6ca0 elementor-section-boxed elementor-section-height-default elementor-section-height-default\" data-id=\"4c3b6ca0\" data-element_type=\"section\" data-e-type=\"section\" data-settings=\"{&quot;background_background&quot;:&quot;classic&quot;}\">\n\t\t\t\t\t\t<div class=\"elementor-container elementor-column-gap-default\">\n\t\t\t\t\t<div class=\"elementor-column elementor-col-100 elementor-top-column elementor-element elementor-element-47debebd\" data-id=\"47debebd\" data-element_type=\"column\" data-e-type=\"column\">\n\t\t\t<div class=\"elementor-widget-wrap elementor-element-populated\">\n\t\t\t\t\t\t<div class=\"elementor-element elementor-element-85e2c80 elementor-widget elementor-widget-heading\" data-id=\"85e2c80\" data-element_type=\"widget\" data-e-type=\"widget\" data-widget_type=\"heading.default\">\n\t\t\t\t<div class=\"elementor-widget-container\">\n\t\t\t\t\t<h2 class=\"elementor-heading-title elementor-size-default\">Un vistazo a nuestra trayectoria empresarial\n<\/h2>\t\t\t\t<\/div>\n\t\t\t\t<\/div>\n\t\t\t\t<div class=\"elementor-element elementor-element-c430a94 elementor-widget elementor-widget-text-editor\" data-id=\"c430a94\" data-element_type=\"widget\" data-e-type=\"widget\" data-widget_type=\"text-editor.default\">\n\t\t\t\t<div class=\"elementor-widget-container\">\n\t\t\t\t\t\t\t\t\t<!DOCTYPE html><html><head><meta name=\"viewport\" content=\"width=device-width, initial-scale=1.0\"><style>* {\n  box-sizing: border-box;\n}\n\nbody {\n  background-color: #D7DDDF;\n  font-family: Helvetica, sans-serif;\n}\n\n\/* The actual timeline (the vertical ruler) *\/\n.timeline {\n  position: relative;\n  max-width: 1200px;\n  margin: 0 auto;\n}\n\n\/* The actual timeline (the vertical ruler) *\/\n.timeline::after {\n  content: '';\n  position: absolute;\n  width: 6px;\n  background-color: white;\n  top: 0;\n  bottom: 0;\n  left: 50%;\n  margin-left: -3px;\n}\n\n\/* Container around content *\/\n.container {\n  padding: 10px 40px;\n  position: relative;\n  background-color: inherit;\n  width: 50%;\n}\n\n\/* The circles on the timeline *\/\n.container::after {\n  content: '';\n  position: absolute;\n  width: 20px;\n  height: 20px;\n  right: -17px;\n  background-color: black;\n  border: 4px solid #000000;\n  top: 15px;\n  border-radius: 50%;\n  z-index: 1;\n}\n\n\/* Place the container to the left *\/\n.left {\n  left: 0;\n}\n\n\/* Place the container to the right *\/\n.right {\n  left: 50%;\n}\n\n\/* Add arrows to the left container (pointing right) *\/\n.left::before {\n  content: \" \";\n  height: 0;\n  position: absolute;\n  top: 22px;\n  width: 0;\n  z-index: 1;\n  right: 30px;\n  border: medium solid white;\n  border-width: 10px 0 10px 10px;\n  border-color: transparent transparent transparent white;\n}\n\n\/* Add arrows to the right container (pointing left) *\/\n.right::before {\n  content: \" \";\n  height: 0;\n  position: absolute;\n  top: 22px;\n  width: 0;\n  z-index: 1;\n  left: 30px;\n  border: medium solid white;\n  border-width: 10px 10px 10px 0;\n  border-color: transparent white transparent transparent;\n}\n\n\/* Fix the circle for containers on the right side *\/\n.right::after {\n  left: -13px;\n}\n\n\/* The actual content *\/\n.content {\n  padding: 20px 30px;\n  background-color: white;\n  position: relative;\n  border-radius: 6px;\n}\n\n\/* Media queries - Responsive timeline on screens less than 600px wide *\/\n@media screen and (max-width: 600px) {\n  \/* Place the timelime to the left *\/\n  .timeline::after {\n  left: 31px;\n  }\n  \n  \/* Full-width containers *\/\n  .container {\n  width: 100%;\n  padding-left: 70px;\n  padding-right: 25px;\n  }\n  \n  \/* Make sure that all arrows are pointing leftwards *\/\n  .container::before {\n  left: 60px;\n  border: medium solid white;\n  border-width: 10px 10px 10px 0;\n  border-color: transparent white transparent transparent;\n  }\n\n  \/* Make sure all circles are at the same spot *\/\n  .left::after, .right::after {\n  left: 15px;\n  }\n  \n  \/* Make all right containers behave like the left ones *\/\n  .right {\n  left: 0%;\n  }\n}\n<\/style><\/head><body><div class=\"timeline\"><div class=\"container left\"><div class=\"content\"><h2 style=\"color:#001F51;\">MID TO LATE<br\/>1990&#8217;s<\/h2><ul><li>The Establishment of Caye Mortgage Company<\/li><li>Serving a need that wasn\u2019t being met by anyone else<\/li><\/ul><\/div><\/div><div class=\"container right\"><div class=\"content\"><h2 style=\"color:#001F51;\">EARLY<br\/>2000&#8217;s<\/h2><ul><li>Launch of new financial services and accounts.<\/li><\/ul><\/div><\/div><div class=\"container left\"><div class=\"content\"><h2 style=\"color:#001F51;\">LATE<br\/>2000&#8217;s<\/h2><ul><li>Development of new bank headquarters building<\/li><li>Support, commitment and investment of the local community<\/li><\/ul><\/div><\/div><div class=\"container right\"><div class=\"content\"><h2 style=\"color:#001F51;\">AND BEYOND<br\/>2010<\/h2><ul><li>Continued focus on the bank\u2019s technological advancement<\/li><li>Enduring ambition as a major international financial institution<\/li><\/ul><\/div><\/div><\/div><\/body><\/html>\t\t\t\t\t\t\t\t<\/div>\n\t\t\t\t<\/div>\n\t\t\t\t\t<\/div>\n\t\t<\/div>\n\t\t\t\t\t<\/div>\n\t\t<\/section>\n\t\t\t\t<\/div>\n\t\t","protected":false},"excerpt":{"rendered":"<p>Sobre nosotros Caye Banco Internacional Caye International Bank &#8211;&nbsp;Una visi\u00f3n general de nuestra historia&#8230; La historia de Caye comenz\u00f3 en 1996 como una empresa hipotecaria de Belice, y tras un \u00e9xito continuado durante varios a\u00f1os se tom\u00f3 la decisi\u00f3n de convertirse en un banco internacional. El 29 de septiembre de 2003, Caye recibi\u00f3 una licencia [&hellip;]<\/p>\n","protected":false},"author":6,"featured_media":0,"parent":0,"menu_order":0,"comment_status":"closed","ping_status":"closed","template":"elementor_header_footer","meta":{"content-type":"","footnotes":""},"class_list":["post-7134","page","type-page","status-publish","hentry"],"_links":{"self":[{"href":"https:\/\/www.cayebank.bz\/es\/wp-json\/wp\/v2\/pages\/7134","targetHints":{"allow":["GET"]}}],"collection":[{"href":"https:\/\/www.cayebank.bz\/es\/wp-json\/wp\/v2\/pages"}],"about":[{"href":"https:\/\/www.cayebank.bz\/es\/wp-json\/wp\/v2\/types\/page"}],"author":[{"embeddable":true,"href":"https:\/\/www.cayebank.bz\/es\/wp-json\/wp\/v2\/users\/6"}],"replies":[{"embeddable":true,"href":"https:\/\/www.cayebank.bz\/es\/wp-json\/wp\/v2\/comments?post=7134"}],"version-history":[{"count":9,"href":"https:\/\/www.cayebank.bz\/es\/wp-json\/wp\/v2\/pages\/7134\/revisions"}],"predecessor-version":[{"id":16442,"href":"https:\/\/www.cayebank.bz\/es\/wp-json\/wp\/v2\/pages\/7134\/revisions\/16442"}],"wp:attachment":[{"href":"https:\/\/www.cayebank.bz\/es\/wp-json\/wp\/v2\/media?parent=7134"}],"curies":[{"name":"wp","href":"https:\/\/api.w.org\/{rel}","templated":true}]}}