{"id":12114,"date":"2023-05-30T13:05:48","date_gmt":"2023-05-30T19:05:48","guid":{"rendered":"https:\/\/www.cayebank.bz\/mapa-de-carreteras\/"},"modified":"2023-05-30T14:34:35","modified_gmt":"2023-05-30T20:34:35","slug":"mapa-de-carreteras","status":"publish","type":"page","link":"https:\/\/www.cayebank.bz\/es\/mapa-de-carreteras\/","title":{"rendered":"Mapa del sitio"},"content":{"rendered":"\t\t<div data-elementor-type=\"wp-page\" data-elementor-id=\"12114\" class=\"elementor elementor-12114\" data-elementor-post-type=\"page\">\n\t\t\t\t\t\t<section class=\"elementor-section elementor-top-section elementor-element elementor-element-5e34d9e elementor-section-full_width elementor-section-height-default elementor-section-height-default\" data-id=\"5e34d9e\" data-element_type=\"section\" data-e-type=\"section\" data-settings=\"{&quot;background_background&quot;:&quot;classic&quot;}\">\n\t\t\t\t\t\t<div class=\"elementor-container elementor-column-gap-default\">\n\t\t\t\t\t<div class=\"elementor-column elementor-col-100 elementor-top-column elementor-element elementor-element-7f2bf03\" data-id=\"7f2bf03\" data-element_type=\"column\" data-e-type=\"column\">\n\t\t\t<div class=\"elementor-widget-wrap elementor-element-populated\">\n\t\t\t\t\t\t<section class=\"elementor-section elementor-inner-section elementor-element elementor-element-13d0c46 elementor-section-boxed elementor-section-height-default elementor-section-height-default\" data-id=\"13d0c46\" data-element_type=\"section\" data-e-type=\"section\">\n\t\t\t\t\t\t<div class=\"elementor-container elementor-column-gap-default\">\n\t\t\t\t\t<div class=\"elementor-column elementor-col-33 elementor-inner-column elementor-element elementor-element-80ccbdd\" data-id=\"80ccbdd\" data-element_type=\"column\" data-e-type=\"column\">\n\t\t\t<div class=\"elementor-widget-wrap\">\n\t\t\t\t\t\t\t<\/div>\n\t\t<\/div>\n\t\t\t\t<div class=\"elementor-column elementor-col-33 elementor-inner-column elementor-element elementor-element-5410618\" data-id=\"5410618\" data-element_type=\"column\" data-e-type=\"column\" data-settings=\"{&quot;background_background&quot;:&quot;classic&quot;}\">\n\t\t\t<div class=\"elementor-widget-wrap elementor-element-populated\">\n\t\t\t\t\t\t<div class=\"elementor-element elementor-element-4854df3 elementor-widget elementor-widget-heading\" data-id=\"4854df3\" data-element_type=\"widget\" data-e-type=\"widget\" data-widget_type=\"heading.default\">\n\t\t\t\t<div class=\"elementor-widget-container\">\n\t\t\t\t\t<h2 class=\"elementor-heading-title elementor-size-default\">Mapa del sitio<\/h2>\t\t\t\t<\/div>\n\t\t\t\t<\/div>\n\t\t\t\t\t<\/div>\n\t\t<\/div>\n\t\t\t\t<div class=\"elementor-column elementor-col-33 elementor-inner-column elementor-element elementor-element-f50a6b7\" data-id=\"f50a6b7\" data-element_type=\"column\" data-e-type=\"column\">\n\t\t\t<div class=\"elementor-widget-wrap\">\n\t\t\t\t\t\t\t<\/div>\n\t\t<\/div>\n\t\t\t\t\t<\/div>\n\t\t<\/section>\n\t\t\t\t\t<\/div>\n\t\t<\/div>\n\t\t\t\t\t<\/div>\n\t\t<\/section>\n\t\t\t\t<section class=\"elementor-section elementor-top-section elementor-element elementor-element-edb389e elementor-section-boxed elementor-section-height-default elementor-section-height-default\" data-id=\"edb389e\" data-element_type=\"section\" data-e-type=\"section\">\n\t\t\t\t\t\t<div class=\"elementor-container elementor-column-gap-default\">\n\t\t\t\t\t<div class=\"elementor-column elementor-col-20 elementor-top-column elementor-element elementor-element-b727929\" data-id=\"b727929\" data-element_type=\"column\" data-e-type=\"column\">\n\t\t\t<div class=\"elementor-widget-wrap elementor-element-populated\">\n\t\t\t\t\t\t<div class=\"elementor-element elementor-element-d66ea0e elementor-widget elementor-widget-heading\" data-id=\"d66ea0e\" data-element_type=\"widget\" data-e-type=\"widget\" data-widget_type=\"heading.default\">\n\t\t\t\t<div class=\"elementor-widget-container\">\n\t\t\t\t\t<h2 class=\"elementor-heading-title elementor-size-default\"><a href=\"https:\/\/www.cayebank.bz\/es\/\">INICIO<\/a><\/h2>\t\t\t\t<\/div>\n\t\t\t\t<\/div>\n\t\t\t\t\t<\/div>\n\t\t<\/div>\n\t\t\t\t<div class=\"elementor-column elementor-col-20 elementor-top-column elementor-element elementor-element-53055d0\" data-id=\"53055d0\" data-element_type=\"column\" data-e-type=\"column\">\n\t\t\t<div class=\"elementor-widget-wrap elementor-element-populated\">\n\t\t\t\t\t\t<div class=\"elementor-element elementor-element-eb1fed6 elementor-widget elementor-widget-heading\" data-id=\"eb1fed6\" data-element_type=\"widget\" data-e-type=\"widget\" data-widget_type=\"heading.default\">\n\t\t\t\t<div class=\"elementor-widget-container\">\n\t\t\t\t\t<h2 class=\"elementor-heading-title elementor-size-default\"><a href=\"https:\/\/www.cayebank.bz\/es\/cuentas-bancarias-en-caye\/\">CUENTAS<\/a><\/h2>\t\t\t\t<\/div>\n\t\t\t\t<\/div>\n\t\t\t\t<div class=\"elementor-element elementor-element-e3f94ab elementor-widget elementor-widget-text-editor\" data-id=\"e3f94ab\" data-element_type=\"widget\" data-e-type=\"widget\" data-widget_type=\"text-editor.default\">\n\t\t\t\t<div class=\"elementor-widget-container\">\n\t\t\t\t\t\t\t\t\t<p><a href=\"https:\/\/www.cayebank.bz\/es\/depositos-a-la-vista\/\">Dep\u00f3sitos a la vista<\/a><\/p>\n<p><a href=\"https:\/\/www.cayebank.bz\/es\/cuentas-de-ahorro\/\">Cuentas de ahorro<\/a><\/p>\n<p><a href=\"https:\/\/www.cayebank.bz\/es\/depositos-a-plazo\/\">Dep\u00f3sitos a plazo<\/a><\/p>\n<p><a href=\"https:\/\/www.cayebank.bz\/es\/encuentre-la-cuenta-bancaria-adecuada-para-usted\/\">Comparar cuentas<\/a><\/p>\n<p><a href=\"https:\/\/www.cayebank.bz\/es\/ayuda-y-asistencia\/\">PREGUNTAS FRECUENTES<\/a><\/p>\n<p><a href=\"https:\/\/www.cayebank.bz\/es\/apertura-de-cuenta\/\">Aplicaciones<\/a><\/p>\n\t\t\t\t\t\t\t\t<\/div>\n\t\t\t\t<\/div>\n\t\t\t\t\t<\/div>\n\t\t<\/div>\n\t\t\t\t<div class=\"elementor-column elementor-col-20 elementor-top-column elementor-element elementor-element-c6be4ca\" data-id=\"c6be4ca\" data-element_type=\"column\" data-e-type=\"column\">\n\t\t\t<div class=\"elementor-widget-wrap elementor-element-populated\">\n\t\t\t\t\t\t<div class=\"elementor-element elementor-element-0c469d0 elementor-widget elementor-widget-heading\" data-id=\"0c469d0\" data-element_type=\"widget\" data-e-type=\"widget\" data-widget_type=\"heading.default\">\n\t\t\t\t<div class=\"elementor-widget-container\">\n\t\t\t\t\t<h2 class=\"elementor-heading-title elementor-size-default\"><a href=\"https:\/\/www.cayebank.bz\/es\/servicios\/\">SERVICIOS<\/a><\/h2>\t\t\t\t<\/div>\n\t\t\t\t<\/div>\n\t\t\t\t<div class=\"elementor-element elementor-element-dd7967d elementor-widget elementor-widget-text-editor\" data-id=\"dd7967d\" data-element_type=\"widget\" data-e-type=\"widget\" data-widget_type=\"text-editor.default\">\n\t\t\t\t<div class=\"elementor-widget-container\">\n\t\t\t\t\t\t\t\t\t<p><a href=\"https:\/\/www.cayebank.bz\/es\/financiacion\/\">Financiaci\u00f3n<\/a><\/p>\n<p><a href=\"https:\/\/www.cayebank.bz\/es\/programa-de-prestamos-para-oro\/\">Programa de Pr\u00e9stamos para Oro<\/a><\/p>\n<p><a href=\"https:\/\/www.cayebank.bz\/es\/tarjeta-visa-de-prepago\/\">Tarjeta Visa de prepago<\/a><\/p>\n<p><a href=\"https:\/\/www.cayebank.bz\/es\/transferencias-bancarias\/\">Transferencias bancarias<\/a><\/p>\n\t\t\t\t\t\t\t\t<\/div>\n\t\t\t\t<\/div>\n\t\t\t\t\t<\/div>\n\t\t<\/div>\n\t\t\t\t<div class=\"elementor-column elementor-col-20 elementor-top-column elementor-element elementor-element-430ed02\" data-id=\"430ed02\" data-element_type=\"column\" data-e-type=\"column\">\n\t\t\t<div class=\"elementor-widget-wrap elementor-element-populated\">\n\t\t\t\t\t\t<div class=\"elementor-element elementor-element-17e93bc elementor-widget elementor-widget-heading\" data-id=\"17e93bc\" data-element_type=\"widget\" data-e-type=\"widget\" data-widget_type=\"heading.default\">\n\t\t\t\t<div class=\"elementor-widget-container\">\n\t\t\t\t\t<h2 class=\"elementor-heading-title elementor-size-default\"><a href=\"https:\/\/www.cayebank.bz\/es\/sobre-nosotros\/\">  ACERCA DE<\/a><\/h2>\t\t\t\t<\/div>\n\t\t\t\t<\/div>\n\t\t\t\t<div class=\"elementor-element elementor-element-7898e05 elementor-widget elementor-widget-text-editor\" data-id=\"7898e05\" data-element_type=\"widget\" data-e-type=\"widget\" data-widget_type=\"text-editor.default\">\n\t\t\t\t<div class=\"elementor-widget-container\">\n\t\t\t\t\t\t\t\t\t<p><a href=\"https:\/\/www.cayebank.bz\/es\/joel-nagel\/\">Joel Nagel<\/a><\/p>\n<p><a href=\"https:\/\/www.cayebank.bz\/es\/luigi-wewege\/\">Luigi Wewege<\/a><\/p>\n<p><a href=\"https:\/\/www.cayebank.bz\/es\/por-que-deslocalizar\/\">Por qu\u00e9 deslocalizar<\/a><\/p>\n<p><a href=\"https:\/\/www.cayebank.bz\/es\/bienvenida-del-presidente\/\">Bienvenida del Presidente<\/a><\/p>\n<p><a href=\"https:\/\/www.cayebank.bz\/es\/gobierno-corporativo\/\">Gobernanza<\/a><\/p>\n<p><a href=\"https:\/\/www.cayebank.bz\/es\/equipo-directivo\/\">Gesti\u00f3n<\/a><\/p>\n<p><a href=\"https:\/\/www.cayebank.bz\/es\/dias-festivos\/\">D\u00edas festivos<\/a><\/p>\n\t\t\t\t\t\t\t\t<\/div>\n\t\t\t\t<\/div>\n\t\t\t\t\t<\/div>\n\t\t<\/div>\n\t\t\t\t<div class=\"elementor-column elementor-col-20 elementor-top-column elementor-element elementor-element-14ce1ad\" data-id=\"14ce1ad\" data-element_type=\"column\" data-e-type=\"column\">\n\t\t\t<div class=\"elementor-widget-wrap elementor-element-populated\">\n\t\t\t\t\t\t<div class=\"elementor-element elementor-element-e56d605 elementor-widget elementor-widget-heading\" data-id=\"e56d605\" data-element_type=\"widget\" data-e-type=\"widget\" data-widget_type=\"heading.default\">\n\t\t\t\t<div class=\"elementor-widget-container\">\n\t\t\t\t\t<h2 class=\"elementor-heading-title elementor-size-default\"><a href=\"https:\/\/www.cayebank.bz\/es\/perspectivas\/\">INSIGHTS<\/a><\/h2>\t\t\t\t<\/div>\n\t\t\t\t<\/div>\n\t\t\t\t<div class=\"elementor-element elementor-element-5b78475 elementor-widget elementor-widget-text-editor\" data-id=\"5b78475\" data-element_type=\"widget\" data-e-type=\"widget\" data-widget_type=\"text-editor.default\">\n\t\t\t\t<div class=\"elementor-widget-container\">\n\t\t\t\t\t\t\t\t\t<p><a href=\"https:\/\/www.cayebank.bz\/es\/recursos\/\">Recursos<\/a><\/p>\n\t\t\t\t\t\t\t\t<\/div>\n\t\t\t\t<\/div>\n\t\t\t\t<div class=\"elementor-element elementor-element-71c31c2 elementor-widget elementor-widget-text-editor\" data-id=\"71c31c2\" data-element_type=\"widget\" data-e-type=\"widget\" data-widget_type=\"text-editor.default\">\n\t\t\t\t<div class=\"elementor-widget-container\">\n\t\t\t\t\t\t\t\t\t<p><a href=\"https:\/\/www.cayebank.bz\/es\/carreras\/\">Carreras<\/a><br \/><a href=\"https:\/\/www.cayebank.bz\/es\/relaciones-con-los-inversores\/\">Relaciones con los inversores<\/a><br \/><a href=\"https:\/\/www.cayebank.bz\/es\/datos-de-contacto\/\">Contacte con<\/a><br \/><a href=\"https:\/\/my.cayebank.bz\/login\" target=\"_blank\" rel=\"noopener\">Inicio de sesi\u00f3n<\/a><\/p>\n\t\t\t\t\t\t\t\t<\/div>\n\t\t\t\t<\/div>\n\t\t\t\t\t<\/div>\n\t\t<\/div>\n\t\t\t\t\t<\/div>\n\t\t<\/section>\n\t\t\t\t<section class=\"elementor-section elementor-top-section elementor-element elementor-element-02ba79b elementor-section-boxed elementor-section-height-default elementor-section-height-default\" data-id=\"02ba79b\" data-element_type=\"section\" data-e-type=\"section\">\n\t\t\t\t\t\t<div class=\"elementor-container elementor-column-gap-default\">\n\t\t\t\t\t<div class=\"elementor-column elementor-col-100 elementor-top-column elementor-element elementor-element-3c443fc\" data-id=\"3c443fc\" data-element_type=\"column\" data-e-type=\"column\">\n\t\t\t<div class=\"elementor-widget-wrap\">\n\t\t\t\t\t\t\t<\/div>\n\t\t<\/div>\n\t\t\t\t\t<\/div>\n\t\t<\/section>\n\t\t\t\t<\/div>\n\t\t","protected":false},"excerpt":{"rendered":"<p>Mapa del sitio INICIO CUENTAS Dep\u00f3sitos a la vista Cuentas de ahorro Dep\u00f3sitos a plazo Comparar cuentas PREGUNTAS FRECUENTES Aplicaciones SERVICIOS Financiaci\u00f3n Programa de Pr\u00e9stamos para Oro Tarjeta Visa de prepago Transferencias bancarias ACERCA DE Joel Nagel Luigi Wewege Por qu\u00e9 deslocalizar Bienvenida del Presidente Gobernanza Gesti\u00f3n D\u00edas festivos INSIGHTS Recursos CarrerasRelaciones con los inversoresContacte [&hellip;]<\/p>\n","protected":false},"author":6,"featured_media":0,"parent":0,"menu_order":0,"comment_status":"closed","ping_status":"closed","template":"elementor_header_footer","meta":{"content-type":"","footnotes":""},"class_list":["post-12114","page","type-page","status-publish","hentry"],"_links":{"self":[{"href":"https:\/\/www.cayebank.bz\/es\/wp-json\/wp\/v2\/pages\/12114","targetHints":{"allow":["GET"]}}],"collection":[{"href":"https:\/\/www.cayebank.bz\/es\/wp-json\/wp\/v2\/pages"}],"about":[{"href":"https:\/\/www.cayebank.bz\/es\/wp-json\/wp\/v2\/types\/page"}],"author":[{"embeddable":true,"href":"https:\/\/www.cayebank.bz\/es\/wp-json\/wp\/v2\/users\/6"}],"replies":[{"embeddable":true,"href":"https:\/\/www.cayebank.bz\/es\/wp-json\/wp\/v2\/comments?post=12114"}],"version-history":[{"count":5,"href":"https:\/\/www.cayebank.bz\/es\/wp-json\/wp\/v2\/pages\/12114\/revisions"}],"predecessor-version":[{"id":12170,"href":"https:\/\/www.cayebank.bz\/es\/wp-json\/wp\/v2\/pages\/12114\/revisions\/12170"}],"wp:attachment":[{"href":"https:\/\/www.cayebank.bz\/es\/wp-json\/wp\/v2\/media?parent=12114"}],"curies":[{"name":"wp","href":"https:\/\/api.w.org\/{rel}","templated":true}]}}