{"id":12068,"date":"2023-05-26T14:11:51","date_gmt":"2023-05-26T20:11:51","guid":{"rendered":"https:\/\/www.cayebank.bz\/condiciones-de-uso\/"},"modified":"2023-05-30T12:22:34","modified_gmt":"2023-05-30T18:22:34","slug":"condiciones-de-uso","status":"publish","type":"page","link":"https:\/\/www.cayebank.bz\/es\/condiciones-de-uso\/","title":{"rendered":"Condiciones de uso"},"content":{"rendered":"\t\t<div data-elementor-type=\"wp-page\" data-elementor-id=\"12068\" class=\"elementor elementor-12068\" data-elementor-post-type=\"page\">\n\t\t\t\t\t\t<section class=\"elementor-section elementor-top-section elementor-element elementor-element-9374ad4 elementor-section-full_width elementor-section-height-default elementor-section-height-default\" data-id=\"9374ad4\" data-element_type=\"section\" data-e-type=\"section\" data-settings=\"{&quot;background_background&quot;:&quot;classic&quot;}\">\n\t\t\t\t\t\t<div class=\"elementor-container elementor-column-gap-default\">\n\t\t\t\t\t<div class=\"elementor-column elementor-col-100 elementor-top-column elementor-element elementor-element-9c9f9b8\" data-id=\"9c9f9b8\" data-element_type=\"column\" data-e-type=\"column\">\n\t\t\t<div class=\"elementor-widget-wrap elementor-element-populated\">\n\t\t\t\t\t\t<section class=\"elementor-section elementor-inner-section elementor-element elementor-element-509e74b elementor-section-boxed elementor-section-height-default elementor-section-height-default\" data-id=\"509e74b\" data-element_type=\"section\" data-e-type=\"section\">\n\t\t\t\t\t\t<div class=\"elementor-container elementor-column-gap-default\">\n\t\t\t\t\t<div class=\"elementor-column elementor-col-33 elementor-inner-column elementor-element elementor-element-7624a57\" data-id=\"7624a57\" data-element_type=\"column\" data-e-type=\"column\">\n\t\t\t<div class=\"elementor-widget-wrap\">\n\t\t\t\t\t\t\t<\/div>\n\t\t<\/div>\n\t\t\t\t<div class=\"elementor-column elementor-col-33 elementor-inner-column elementor-element elementor-element-816d1d4\" data-id=\"816d1d4\" data-element_type=\"column\" data-e-type=\"column\" data-settings=\"{&quot;background_background&quot;:&quot;classic&quot;}\">\n\t\t\t<div class=\"elementor-widget-wrap elementor-element-populated\">\n\t\t\t\t\t\t<div class=\"elementor-element elementor-element-ee42627 elementor-widget elementor-widget-heading\" data-id=\"ee42627\" data-element_type=\"widget\" data-e-type=\"widget\" data-widget_type=\"heading.default\">\n\t\t\t\t<div class=\"elementor-widget-container\">\n\t\t\t\t\t<h2 class=\"elementor-heading-title elementor-size-default\">Condiciones de uso<\/h2>\t\t\t\t<\/div>\n\t\t\t\t<\/div>\n\t\t\t\t\t<\/div>\n\t\t<\/div>\n\t\t\t\t<div class=\"elementor-column elementor-col-33 elementor-inner-column elementor-element elementor-element-3bab60f\" data-id=\"3bab60f\" data-element_type=\"column\" data-e-type=\"column\">\n\t\t\t<div class=\"elementor-widget-wrap\">\n\t\t\t\t\t\t\t<\/div>\n\t\t<\/div>\n\t\t\t\t\t<\/div>\n\t\t<\/section>\n\t\t\t\t\t<\/div>\n\t\t<\/div>\n\t\t\t\t\t<\/div>\n\t\t<\/section>\n\t\t\t\t<section class=\"elementor-section elementor-top-section elementor-element elementor-element-6e53272 elementor-section-boxed elementor-section-height-default elementor-section-height-default\" data-id=\"6e53272\" data-element_type=\"section\" data-e-type=\"section\">\n\t\t\t\t\t\t<div class=\"elementor-container elementor-column-gap-default\">\n\t\t\t\t\t<div class=\"elementor-column elementor-col-100 elementor-top-column elementor-element elementor-element-27c97a1\" data-id=\"27c97a1\" data-element_type=\"column\" data-e-type=\"column\">\n\t\t\t<div class=\"elementor-widget-wrap elementor-element-populated\">\n\t\t\t\t\t\t<div class=\"elementor-element elementor-element-355563b elementor-widget elementor-widget-text-editor\" data-id=\"355563b\" data-element_type=\"widget\" data-e-type=\"widget\" data-widget_type=\"text-editor.default\">\n\t\t\t\t<div class=\"elementor-widget-container\">\n\t\t\t\t\t\t\t\t\t<h3 style=\"color: green;\">Condiciones de uso<\/h3>\n<p>A continuaci\u00f3n se facilita y define el acceso al sitio web de Caye International Bank. A los efectos del presente acuerdo, por \u00abCIB\u00bb se entender\u00e1 Caye International Bank, Ltd. y sus filiales, as\u00ed como sus directores, altos funcionarios y empleados. Por \u00absitio web de Caye International Bank\u00bb se entender\u00e1 el sitio web de Caye International Bank, Ltd. a disposici\u00f3n del p\u00fablico y ubicado en <a href=\"http:\/\/www.cayebank.bz\/\">www.cayebank.bz.<\/a><\/p>\n<p><u style=\"color: var( --e-global-color-text ); font-family: var( --e-global-typography-text-font-family ), Sans-serif; font-size: var( --e-global-typography-text-font-size ); font-style: var( --e-global-typography-text-font-style ); font-weight: var( --e-global-typography-text-font-weight ); letter-spacing: var( --e-global-typography-text-letter-spacing ); text-transform: var( --e-global-typography-text-text-transform ); word-spacing: var( --e-global-typography-text-word-spacing ); background-color: var( --e-global-color-17794e9 );\">Monitoreo por parte de CIB:<\/u><span style=\"color: var( --e-global-color-text ); font-family: var( --e-global-typography-text-font-family ), Sans-serif; font-size: var( --e-global-typography-text-font-size ); font-style: var( --e-global-typography-text-font-style ); font-weight: var( --e-global-typography-text-font-weight ); letter-spacing: var( --e-global-typography-text-letter-spacing ); text-transform: var( --e-global-typography-text-text-transform ); word-spacing: var( --e-global-typography-text-word-spacing ); background-color: var( --e-global-color-17794e9 );\"> Su uso de los productos y servicios en este sitio web puede ser monitoreado por CIB, y que la informaci\u00f3n resultante puede ser utilizada por CIB para sus fines comerciales internos, o de conformidad con las normas de cualquier autoridad reguladora aplicable.<\/span><\/p>\n<p><u style=\"color: var( --e-global-color-text ); font-family: var( --e-global-typography-text-font-family ), Sans-serif; font-size: var( --e-global-typography-text-font-size ); font-style: var( --e-global-typography-text-font-style ); font-weight: var( --e-global-typography-text-font-weight ); letter-spacing: var( --e-global-typography-text-letter-spacing ); text-transform: var( --e-global-typography-text-text-transform ); word-spacing: var( --e-global-typography-text-word-spacing ); background-color: var( --e-global-color-17794e9 );\">Informaci\u00f3n disponible a trav\u00e9s de este servicio:<\/u><span style=\"color: var( --e-global-color-text ); font-family: var( --e-global-typography-text-font-family ), Sans-serif; font-size: var( --e-global-typography-text-font-size ); font-style: var( --e-global-typography-text-font-style ); font-weight: var( --e-global-typography-text-font-weight ); letter-spacing: var( --e-global-typography-text-letter-spacing ); text-transform: var( --e-global-typography-text-text-transform ); word-spacing: var( --e-global-typography-text-word-spacing ); background-color: var( --e-global-color-17794e9 );\">  Usted est\u00e1 autorizado a almacenar, visualizar, analizar, modificar, reformatear e imprimir la informaci\u00f3n que se pone a su disposici\u00f3n a trav\u00e9s de este sitio web \u00fanicamente para su propio uso. Queda prohibida la publicaci\u00f3n, transmisi\u00f3n o reproducci\u00f3n total o parcial de esta informaci\u00f3n en cualquier formato a terceros sin el consentimiento expreso y por escrito de CIB. Adem\u00e1s, no est\u00e1 permitido alterar, ocultar o eliminar ning\u00fan aviso de copyright, marca comercial o de cualquier otro tipo que se le proporcione en relaci\u00f3n con la informaci\u00f3n bancaria. CIB se reserva el derecho de a\u00f1adir, modificar o suprimir cualquier informaci\u00f3n en cualquier momento y ocasionalmente, en inter\u00e9s de su propia discreci\u00f3n editorial y criterio comercial. Los presentes T\u00e9rminos y Condiciones de Uso no pretenden transferir ni conceder ning\u00fan derecho sobre la informaci\u00f3n salvo aquellos que se describen espec\u00edficamente en el presente documento, y todos los derechos no concedidos expresamente en el presente documento quedan reservados a CIB o a los terceros proveedores de los que CIB haya obtenido la informaci\u00f3n. Usted est\u00e1 obligado a leer y cumplir los t\u00e9rminos y condiciones adicionales que puedan publicarse en este servicio de vez en cuando en relaci\u00f3n con la informaci\u00f3n obtenida de terceros proveedores espec\u00edficos. Dichos terceros proveedores no tendr\u00e1n ninguna responsabilidad frente a usted por da\u00f1os monetarios debido a la informaci\u00f3n que se le facilite a trav\u00e9s de este servicio.<\/span><\/p>\n<p><u style=\"color: var( --e-global-color-text ); font-family: var( --e-global-typography-text-font-family ), Sans-serif; font-size: var( --e-global-typography-text-font-size ); font-style: var( --e-global-typography-text-font-style ); font-weight: var( --e-global-typography-text-font-weight ); letter-spacing: var( --e-global-typography-text-letter-spacing ); text-transform: var( --e-global-typography-text-text-transform ); word-spacing: var( --e-global-typography-text-word-spacing ); background-color: var( --e-global-color-17794e9 );\">No se garantiza el contenido ni se asume la responsabilidad de actualizarlo:<\/u><span style=\"color: var( --e-global-color-text ); font-family: var( --e-global-typography-text-font-family ), Sans-serif; font-size: var( --e-global-typography-text-font-size ); font-style: var( --e-global-typography-text-font-style ); font-weight: var( --e-global-typography-text-font-weight ); letter-spacing: var( --e-global-typography-text-letter-spacing ); text-transform: var( --e-global-typography-text-text-transform ); word-spacing: var( --e-global-typography-text-word-spacing ); background-color: var( --e-global-color-17794e9 );\">  CIB no ofrece ninguna garant\u00eda, expresa o impl\u00edcita, en relaci\u00f3n con este sitio web. Los servicios prestados por nosotros y nuestros proveedores externos se ofrecen \u00abtal cual\u00bb, bajo su propia responsabilidad. CIB rechaza expresamente cualquier garant\u00eda impl\u00edcita de comerciabilidad o idoneidad para un fin determinado, incluida cualquier garant\u00eda por el uso o los resultados del uso de los servicios con respecto a su correcci\u00f3n, calidad, precisi\u00f3n, integridad, fiabilidad, rendimiento, puntualidad o disponibilidad continuada. Ni CIB ni ninguno de sus terceros proveedores tendr\u00e1n responsabilidad alguna de mantener los datos y servicios puestos a disposici\u00f3n en este sitio web ni de suministrar correcciones, actualizaciones o comunicados en relaci\u00f3n con los mismos. La disponibilidad de datos y servicios est\u00e1 sujeta a cambios sin previo aviso.<\/span><\/p>\n<p><u style=\"color: var( --e-global-color-text ); font-family: var( --e-global-typography-text-font-family ), Sans-serif; font-size: var( --e-global-typography-text-font-size ); font-style: var( --e-global-typography-text-font-style ); font-weight: var( --e-global-typography-text-font-weight ); letter-spacing: var( --e-global-typography-text-letter-spacing ); text-transform: var( --e-global-typography-text-text-transform ); word-spacing: var( --e-global-typography-text-word-spacing ); background-color: var( --e-global-color-17794e9 );\">No nos hacemos responsables de los contenidos ni del uso que se haga de ellos:<\/u><span style=\"color: var( --e-global-color-text ); font-family: var( --e-global-typography-text-font-family ), Sans-serif; font-size: var( --e-global-typography-text-font-size ); font-style: var( --e-global-typography-text-font-style ); font-weight: var( --e-global-typography-text-font-weight ); letter-spacing: var( --e-global-typography-text-letter-spacing ); text-transform: var( --e-global-typography-text-text-transform ); word-spacing: var( --e-global-typography-text-word-spacing ); background-color: var( --e-global-color-17794e9 );\">  CIB no tendr\u00e1 ninguna responsabilidad, contingente o de otro tipo, ante usted o ante terceros, ni responsabilidad alguna, por el fallo de cualquier conexi\u00f3n o servicio de comunicaci\u00f3n para proporcionar o mantener su acceso a este servicio, o por cualquier interrupci\u00f3n o perturbaci\u00f3n de dicho acceso o cualquier comunicaci\u00f3n err\u00f3nea entre CIB y usted, independientemente de si la conexi\u00f3n o el servicio de comunicaci\u00f3n es proporcionado por CIB o por un tercero proveedor de servicios. CIB no tendr\u00e1 responsabilidad alguna, contingente o de otro tipo, ante usted o ante terceros, por la correcci\u00f3n, calidad, exactitud, puntualidad, fiabilidad, rendimiento, disponibilidad continuada, integridad o retrasos, omisiones o interrupciones en la entrega de los datos y servicios disponibles en este sitio web. O adem\u00e1s por cualquier otro aspecto de la prestaci\u00f3n de este servicio o por cualquier fallo o retraso en la ejecuci\u00f3n de cualquier transacci\u00f3n a trav\u00e9s de este servicio. En ning\u00fan caso CIB ser\u00e1 responsable de ning\u00fan da\u00f1o especial, indirecto, incidental o consecuente en el que se pueda incurrir o que se pueda experimentar debido al uso de los datos o servicios puestos a disposici\u00f3n en este sitio web, incluso si CIB ha sido advertido de la posibilidad de tales da\u00f1os. CIB no tendr\u00e1 ninguna responsabilidad de informarle de cualquier dificultad experimentada por CIB o terceros con respecto al uso de los servicios ni de tomar ninguna medida al respecto.<\/span><\/p>\n<p><u style=\"color: var( --e-global-color-text ); font-family: var( --e-global-typography-text-font-family ), Sans-serif; font-size: var( --e-global-typography-text-font-size ); font-style: var( --e-global-typography-text-font-style ); font-weight: var( --e-global-typography-text-font-weight ); letter-spacing: var( --e-global-typography-text-letter-spacing ); text-transform: var( --e-global-typography-text-text-transform ); word-spacing: var( --e-global-typography-text-word-spacing ); background-color: var( --e-global-color-17794e9 );\">No se ofrecen garant\u00edas de seguridad:<\/u><span style=\"color: var( --e-global-color-text ); font-family: var( --e-global-typography-text-font-family ), Sans-serif; font-size: var( --e-global-typography-text-font-size ); font-style: var( --e-global-typography-text-font-style ); font-weight: var( --e-global-typography-text-font-weight ); letter-spacing: var( --e-global-typography-text-letter-spacing ); text-transform: var( --e-global-typography-text-text-transform ); word-spacing: var( --e-global-typography-text-word-spacing ); background-color: var( --e-global-color-17794e9 );\"> CIB no le ofrece garant\u00eda alguna, expresa o impl\u00edcita, en relaci\u00f3n con la seguridad del sitio web, incluso con respecto a la capacidad de personas no autorizadas para interceptar, o acceder a la informaci\u00f3n transmitida por usted a trav\u00e9s de este servicio.<\/span><\/p>\n<p><u style=\"color: var( --e-global-color-text ); font-family: var( --e-global-typography-text-font-family ), Sans-serif; font-size: var( --e-global-typography-text-font-size ); font-style: var( --e-global-typography-text-font-style ); font-weight: var( --e-global-typography-text-font-weight ); letter-spacing: var( --e-global-typography-text-letter-spacing ); text-transform: var( --e-global-typography-text-text-transform ); word-spacing: var( --e-global-typography-text-word-spacing ); background-color: var( --e-global-color-17794e9 );\">Interrupciones del sistema, ralentizaciones y limitaciones de capacidad:<\/u><span style=\"color: var( --e-global-color-text ); font-family: var( --e-global-typography-text-font-family ), Sans-serif; font-size: var( --e-global-typography-text-font-size ); font-style: var( --e-global-typography-text-font-style ); font-weight: var( --e-global-typography-text-font-weight ); letter-spacing: var( --e-global-typography-text-letter-spacing ); text-transform: var( --e-global-typography-text-text-transform ); word-spacing: var( --e-global-typography-text-word-spacing ); background-color: var( --e-global-color-17794e9 );\">  Como consecuencia del elevado tr\u00e1fico de Internet, los problemas de transmisi\u00f3n, las limitaciones de capacidad de los sistemas y otros problemas, el usuario puede, en ocasiones, experimentar dificultades para acceder al sitio web o comunicarse con CIB a trav\u00e9s de Internet u otros servicios electr\u00f3nicos e inal\u00e1mbricos. Cualquier sistema inform\u00e1tico u otro dispositivo electr\u00f3nico, ya sea el suyo, el de un proveedor de servicios de Internet o el de CIB, puede sufrir interrupciones o ralentizaciones imprevistas, o tener limitaciones de capacidad.<\/span><\/p>\n<p><u style=\"color: var( --e-global-color-text ); font-family: var( --e-global-typography-text-font-family ), Sans-serif; font-size: var( --e-global-typography-text-font-size ); font-style: var( --e-global-typography-text-font-style ); font-weight: var( --e-global-typography-text-font-weight ); letter-spacing: var( --e-global-typography-text-letter-spacing ); text-transform: var( --e-global-typography-text-text-transform ); word-spacing: var( --e-global-typography-text-word-spacing ); background-color: var( --e-global-color-17794e9 );\">El contenido no debe interpretarse como una solicitud o recomendaci\u00f3n:<\/u><span style=\"color: var( --e-global-color-text ); font-family: var( --e-global-typography-text-font-family ), Sans-serif; font-size: var( --e-global-typography-text-font-size ); font-style: var( --e-global-typography-text-font-style ); font-weight: var( --e-global-typography-text-font-weight ); letter-spacing: var( --e-global-typography-text-letter-spacing ); text-transform: var( --e-global-typography-text-text-transform ); word-spacing: var( --e-global-typography-text-word-spacing ); background-color: var( --e-global-color-17794e9 );\">  Este material ha sido elaborado exclusivamente con fines informativos, sin tener en cuenta los objetivos de inversi\u00f3n, la situaci\u00f3n financiera o los medios de cada usuario en particular, y CIB no solicita ninguna acci\u00f3n basada en el mismo. Este material no debe interpretarse como una recomendaci\u00f3n, ni como una oferta de compra o venta, ni como la solicitud de una oferta de compra o venta de valores, productos financieros o instrumentos, ni como una invitaci\u00f3n a participar en una estrategia de negociaci\u00f3n concreta en una jurisdicci\u00f3n en la que dicha oferta, solicitud o estrategia de negociaci\u00f3n sea ilegal. Determinadas operaciones, como las relacionadas con futuros, opciones y valores de alto rendimiento, entra\u00f1an un riesgo considerable y no son adecuadas para todos los inversores. Aunque este material se basa en informaci\u00f3n que CIB considera fiable y se esfuerza por mantener actualizada, CIB no ha verificado esta informaci\u00f3n y no declara que este material sea exacto, actual o completo y no debe ser considerado como tal.<\/span><\/p>\n<p><u style=\"color: var( --e-global-color-text ); font-family: var( --e-global-typography-text-font-family ), Sans-serif; font-size: var( --e-global-typography-text-font-size ); font-style: var( --e-global-typography-text-font-style ); font-weight: var( --e-global-typography-text-font-weight ); letter-spacing: var( --e-global-typography-text-letter-spacing ); text-transform: var( --e-global-typography-text-text-transform ); word-spacing: var( --e-global-typography-text-word-spacing ); background-color: var( --e-global-color-17794e9 );\">No se ha determinado la idoneidad y no se revelan todos los riesgos:  <\/u><span style=\"color: var( --e-global-color-text ); font-family: var( --e-global-typography-text-font-family ), Sans-serif; font-size: var( --e-global-typography-text-font-size ); font-style: var( --e-global-typography-text-font-style ); font-weight: var( --e-global-typography-text-font-weight ); letter-spacing: var( --e-global-typography-text-letter-spacing ); text-transform: var( --e-global-typography-text-text-transform ); word-spacing: var( --e-global-typography-text-word-spacing ); background-color: var( --e-global-color-17794e9 );\">El hecho de que CIB haya puesto a su disposici\u00f3n los datos y servicios proporcionados en este sitio web no constituye ni una recomendaci\u00f3n para que realice una transacci\u00f3n concreta ni una declaraci\u00f3n de que cualquier producto descrito en este sitio web sea adecuado o apropiado para usted. Muchos de los productos descritos en este sitio web implican riesgos significativos, por lo que no debe realizar ninguna operaci\u00f3n a menos que haya comprendido plenamente todos esos riesgos y haya determinado de forma independiente que dichas operaciones son adecuadas para usted. Cualquier discusi\u00f3n de los riesgos contenidos aqu\u00ed con respecto a cualquier producto o servicio no debe considerarse como una revelaci\u00f3n de todos los riesgos o una discusi\u00f3n completa de los riesgos que se mencionan. No debe interpretar ninguno de los materiales aqu\u00ed contenidos como asesoramiento empresarial, financiero, de inversi\u00f3n, de cobertura, de negociaci\u00f3n, jur\u00eddico, normativo, fiscal o contable, ni hacer de este servicio la base principal de cualquier decisi\u00f3n de inversi\u00f3n tomada por usted o en su nombre, sus contables o sus cuentas gestionadas o fiduciarias, y puede que desee consultar a su asesor empresarial, abogado o asesores fiscales y contables sobre cualquier transacci\u00f3n contemplada.<\/span><\/p>\n<p><u style=\"color: var( --e-global-color-text ); font-family: var( --e-global-typography-text-font-family ), Sans-serif; font-size: var( --e-global-typography-text-font-size ); font-style: var( --e-global-typography-text-font-style ); font-weight: var( --e-global-typography-text-font-weight ); letter-spacing: var( --e-global-typography-text-letter-spacing ); text-transform: var( --e-global-typography-text-text-transform ); word-spacing: var( --e-global-typography-text-word-spacing ); background-color: var( --e-global-color-17794e9 );\">No se hace ninguna declaraci\u00f3n sobre otros sitios web o enlaces:<\/u><span style=\"color: var( --e-global-color-text ); font-family: var( --e-global-typography-text-font-family ), Sans-serif; font-size: var( --e-global-typography-text-font-size ); font-style: var( --e-global-typography-text-font-style ); font-weight: var( --e-global-typography-text-font-weight ); letter-spacing: var( --e-global-typography-text-letter-spacing ); text-transform: var( --e-global-typography-text-text-transform ); word-spacing: var( --e-global-typography-text-word-spacing ); background-color: var( --e-global-color-17794e9 );\">  Este sitio web puede proporcionar enlaces a determinados sitios web de Internet (los \u00absitios\u00bb) patrocinados y mantenidos por terceros. CIB proporciona dichos enlaces \u00fanicamente para su comodidad. En consecuencia, el CIB no hace declaraci\u00f3n alguna en relaci\u00f3n con el contenido de los sitios. El hecho de que CIB haya proporcionado un enlace al sitio no constituye una aprobaci\u00f3n, autorizaci\u00f3n, patrocinio o afiliaci\u00f3n por parte de CIB con respecto al sitio, sus propietarios o sus proveedores. CIB no ha probado ninguna informaci\u00f3n, software o productos encontrados en cualquiera de los sitios y por lo tanto no hace ninguna representaci\u00f3n con respecto a los mismos, incluyendo cualquier representaci\u00f3n con respecto al contenido o patrocinadores del sitio, o la idoneidad o conveniencia de los productos o transacciones descritas en el mismo.<\/span><\/p>\n\t\t\t\t\t\t\t\t<\/div>\n\t\t\t\t<\/div>\n\t\t\t\t\t<\/div>\n\t\t<\/div>\n\t\t\t\t\t<\/div>\n\t\t<\/section>\n\t\t\t\t<\/div>\n\t\t","protected":false},"excerpt":{"rendered":"<p>Condiciones de uso Condiciones de uso A continuaci\u00f3n se facilita y define el acceso al sitio web de Caye International Bank. A los efectos del presente acuerdo, por \u00abCIB\u00bb se entender\u00e1 Caye International Bank, Ltd. y sus filiales, as\u00ed como sus directores, altos funcionarios y empleados. Por \u00absitio web de Caye International Bank\u00bb se entender\u00e1 [&hellip;]<\/p>\n","protected":false},"author":6,"featured_media":0,"parent":0,"menu_order":0,"comment_status":"closed","ping_status":"closed","template":"elementor_header_footer","meta":{"content-type":"","footnotes":""},"class_list":["post-12068","page","type-page","status-publish","hentry"],"_links":{"self":[{"href":"https:\/\/www.cayebank.bz\/es\/wp-json\/wp\/v2\/pages\/12068","targetHints":{"allow":["GET"]}}],"collection":[{"href":"https:\/\/www.cayebank.bz\/es\/wp-json\/wp\/v2\/pages"}],"about":[{"href":"https:\/\/www.cayebank.bz\/es\/wp-json\/wp\/v2\/types\/page"}],"author":[{"embeddable":true,"href":"https:\/\/www.cayebank.bz\/es\/wp-json\/wp\/v2\/users\/6"}],"replies":[{"embeddable":true,"href":"https:\/\/www.cayebank.bz\/es\/wp-json\/wp\/v2\/comments?post=12068"}],"version-history":[{"count":1,"href":"https:\/\/www.cayebank.bz\/es\/wp-json\/wp\/v2\/pages\/12068\/revisions"}],"predecessor-version":[{"id":12072,"href":"https:\/\/www.cayebank.bz\/es\/wp-json\/wp\/v2\/pages\/12068\/revisions\/12072"}],"wp:attachment":[{"href":"https:\/\/www.cayebank.bz\/es\/wp-json\/wp\/v2\/media?parent=12068"}],"curies":[{"name":"wp","href":"https:\/\/api.w.org\/{rel}","templated":true}]}}