{"id":12051,"date":"2023-05-26T13:53:26","date_gmt":"2023-05-26T19:53:26","guid":{"rendered":"https:\/\/www.cayebank.bz\/fatca\/"},"modified":"2023-05-30T12:03:26","modified_gmt":"2023-05-30T18:03:26","slug":"fatca","status":"publish","type":"page","link":"https:\/\/www.cayebank.bz\/es\/fatca\/","title":{"rendered":"FATCA"},"content":{"rendered":"\t\t<div data-elementor-type=\"wp-page\" data-elementor-id=\"12051\" class=\"elementor elementor-12051\" data-elementor-post-type=\"page\">\n\t\t\t\t\t\t<section class=\"elementor-section elementor-top-section elementor-element elementor-element-e51b34e elementor-section-full_width elementor-section-height-default elementor-section-height-default\" data-id=\"e51b34e\" data-element_type=\"section\" data-e-type=\"section\" data-settings=\"{&quot;background_background&quot;:&quot;classic&quot;}\">\n\t\t\t\t\t\t<div class=\"elementor-container elementor-column-gap-default\">\n\t\t\t\t\t<div class=\"elementor-column elementor-col-100 elementor-top-column elementor-element elementor-element-b1c2adb\" data-id=\"b1c2adb\" data-element_type=\"column\" data-e-type=\"column\">\n\t\t\t<div class=\"elementor-widget-wrap elementor-element-populated\">\n\t\t\t\t\t\t<section class=\"elementor-section elementor-inner-section elementor-element elementor-element-4dcf343 elementor-section-boxed elementor-section-height-default elementor-section-height-default\" data-id=\"4dcf343\" data-element_type=\"section\" data-e-type=\"section\">\n\t\t\t\t\t\t<div class=\"elementor-container elementor-column-gap-default\">\n\t\t\t\t\t<div class=\"elementor-column elementor-col-33 elementor-inner-column elementor-element elementor-element-bc0a668\" data-id=\"bc0a668\" data-element_type=\"column\" data-e-type=\"column\">\n\t\t\t<div class=\"elementor-widget-wrap\">\n\t\t\t\t\t\t\t<\/div>\n\t\t<\/div>\n\t\t\t\t<div class=\"elementor-column elementor-col-33 elementor-inner-column elementor-element elementor-element-4d963f7\" data-id=\"4d963f7\" data-element_type=\"column\" data-e-type=\"column\" data-settings=\"{&quot;background_background&quot;:&quot;classic&quot;}\">\n\t\t\t<div class=\"elementor-widget-wrap elementor-element-populated\">\n\t\t\t\t\t\t<div class=\"elementor-element elementor-element-2660bba elementor-widget elementor-widget-heading\" data-id=\"2660bba\" data-element_type=\"widget\" data-e-type=\"widget\" data-widget_type=\"heading.default\">\n\t\t\t\t<div class=\"elementor-widget-container\">\n\t\t\t\t\t<h2 class=\"elementor-heading-title elementor-size-default\">FATCA<\/h2>\t\t\t\t<\/div>\n\t\t\t\t<\/div>\n\t\t\t\t\t<\/div>\n\t\t<\/div>\n\t\t\t\t<div class=\"elementor-column elementor-col-33 elementor-inner-column elementor-element elementor-element-a748bb6\" data-id=\"a748bb6\" data-element_type=\"column\" data-e-type=\"column\">\n\t\t\t<div class=\"elementor-widget-wrap\">\n\t\t\t\t\t\t\t<\/div>\n\t\t<\/div>\n\t\t\t\t\t<\/div>\n\t\t<\/section>\n\t\t\t\t\t<\/div>\n\t\t<\/div>\n\t\t\t\t\t<\/div>\n\t\t<\/section>\n\t\t\t\t<section class=\"elementor-section elementor-top-section elementor-element elementor-element-90bdef2 elementor-section-boxed elementor-section-height-default elementor-section-height-default\" data-id=\"90bdef2\" data-element_type=\"section\" data-e-type=\"section\">\n\t\t\t\t\t\t<div class=\"elementor-container elementor-column-gap-default\">\n\t\t\t\t\t<div class=\"elementor-column elementor-col-100 elementor-top-column elementor-element elementor-element-5c9017c\" data-id=\"5c9017c\" data-element_type=\"column\" data-e-type=\"column\">\n\t\t\t<div class=\"elementor-widget-wrap elementor-element-populated\">\n\t\t\t\t\t\t<div class=\"elementor-element elementor-element-36a9e0b elementor-widget elementor-widget-text-editor\" data-id=\"36a9e0b\" data-element_type=\"widget\" data-e-type=\"widget\" data-widget_type=\"text-editor.default\">\n\t\t\t\t<div class=\"elementor-widget-container\">\n\t\t\t\t\t\t\t\t\t<p>Muchos pa\u00edses de todo el mundo han firmado un acuerdo con los Estados Unidos de Am\u00e9rica, denominado Acuerdo Intergubernamental (AIG). Este acuerdo se deriva de la legislaci\u00f3n fiscal estadounidense FATCA (Foreign Account Tax Compliance Act). En virtud del acuerdo\/ley, los bancos\/instituciones financieras deben identificar y comunicar al Servicio de Impuestos Internos (IRS) de Estados Unidos los importes agregados de las cuentas de ciudadanos y residentes estadounidenses.<\/p>\n<p><span style=\"color: var( --e-global-color-primary ); letter-spacing: 0px; word-spacing: 0em; background-color: var( --e-global-color-17794e9 );\">En virtud de la Ley estadounidense de Cumplimiento Fiscal de Cuentas Extranjeras (FATCA) y de los Acuerdos Intergubernamentales (IGA), Caye International Bank se ha registrado en el IRS. El Global Intermediary Identification Number (GIIN) oficial de Caye International Bank aprobado por el IRS es: U8KTNL.99999.SL.084 con el correspondiente C\u00f3digo SWIFT bancario \/ BIC de: CAYEBZBZ.<\/span><\/p>\n\t\t\t\t\t\t\t\t<\/div>\n\t\t\t\t<\/div>\n\t\t\t\t\t<\/div>\n\t\t<\/div>\n\t\t\t\t\t<\/div>\n\t\t<\/section>\n\t\t\t\t<\/div>\n\t\t","protected":false},"excerpt":{"rendered":"<p>FATCA Muchos pa\u00edses de todo el mundo han firmado un acuerdo con los Estados Unidos de Am\u00e9rica, denominado Acuerdo Intergubernamental (AIG). Este acuerdo se deriva de la legislaci\u00f3n fiscal estadounidense FATCA (Foreign Account Tax Compliance Act). En virtud del acuerdo\/ley, los bancos\/instituciones financieras deben identificar y comunicar al Servicio de Impuestos Internos (IRS) de Estados [&hellip;]<\/p>\n","protected":false},"author":6,"featured_media":0,"parent":0,"menu_order":0,"comment_status":"closed","ping_status":"closed","template":"elementor_header_footer","meta":{"content-type":"","footnotes":""},"class_list":["post-12051","page","type-page","status-publish","hentry"],"_links":{"self":[{"href":"https:\/\/www.cayebank.bz\/es\/wp-json\/wp\/v2\/pages\/12051","targetHints":{"allow":["GET"]}}],"collection":[{"href":"https:\/\/www.cayebank.bz\/es\/wp-json\/wp\/v2\/pages"}],"about":[{"href":"https:\/\/www.cayebank.bz\/es\/wp-json\/wp\/v2\/types\/page"}],"author":[{"embeddable":true,"href":"https:\/\/www.cayebank.bz\/es\/wp-json\/wp\/v2\/users\/6"}],"replies":[{"embeddable":true,"href":"https:\/\/www.cayebank.bz\/es\/wp-json\/wp\/v2\/comments?post=12051"}],"version-history":[{"count":1,"href":"https:\/\/www.cayebank.bz\/es\/wp-json\/wp\/v2\/pages\/12051\/revisions"}],"predecessor-version":[{"id":12055,"href":"https:\/\/www.cayebank.bz\/es\/wp-json\/wp\/v2\/pages\/12051\/revisions\/12055"}],"wp:attachment":[{"href":"https:\/\/www.cayebank.bz\/es\/wp-json\/wp\/v2\/media?parent=12051"}],"curies":[{"name":"wp","href":"https:\/\/api.w.org\/{rel}","templated":true}]}}