{"id":12109,"date":"2023-05-30T13:05:48","date_gmt":"2023-05-30T19:05:48","guid":{"rendered":"https:\/\/www.cayebank.bz\/strassenkarte\/"},"modified":"2023-05-30T14:34:34","modified_gmt":"2023-05-30T20:34:34","slug":"strassenkarte","status":"publish","type":"page","link":"https:\/\/www.cayebank.bz\/de\/strassenkarte\/","title":{"rendered":"Inhaltsverzeichnis"},"content":{"rendered":"\t\t<div data-elementor-type=\"wp-page\" data-elementor-id=\"12109\" class=\"elementor elementor-12109\" data-elementor-post-type=\"page\">\n\t\t\t\t\t\t<section class=\"elementor-section elementor-top-section elementor-element elementor-element-5e34d9e elementor-section-full_width elementor-section-height-default elementor-section-height-default\" data-id=\"5e34d9e\" data-element_type=\"section\" data-e-type=\"section\" data-settings=\"{&quot;background_background&quot;:&quot;classic&quot;}\">\n\t\t\t\t\t\t<div class=\"elementor-container elementor-column-gap-default\">\n\t\t\t\t\t<div class=\"elementor-column elementor-col-100 elementor-top-column elementor-element elementor-element-7f2bf03\" data-id=\"7f2bf03\" data-element_type=\"column\" data-e-type=\"column\">\n\t\t\t<div class=\"elementor-widget-wrap elementor-element-populated\">\n\t\t\t\t\t\t<section class=\"elementor-section elementor-inner-section elementor-element elementor-element-13d0c46 elementor-section-boxed elementor-section-height-default elementor-section-height-default\" data-id=\"13d0c46\" data-element_type=\"section\" data-e-type=\"section\">\n\t\t\t\t\t\t<div class=\"elementor-container elementor-column-gap-default\">\n\t\t\t\t\t<div class=\"elementor-column elementor-col-33 elementor-inner-column elementor-element elementor-element-80ccbdd\" data-id=\"80ccbdd\" data-element_type=\"column\" data-e-type=\"column\">\n\t\t\t<div class=\"elementor-widget-wrap\">\n\t\t\t\t\t\t\t<\/div>\n\t\t<\/div>\n\t\t\t\t<div class=\"elementor-column elementor-col-33 elementor-inner-column elementor-element elementor-element-5410618\" data-id=\"5410618\" data-element_type=\"column\" data-e-type=\"column\" data-settings=\"{&quot;background_background&quot;:&quot;classic&quot;}\">\n\t\t\t<div class=\"elementor-widget-wrap elementor-element-populated\">\n\t\t\t\t\t\t<div class=\"elementor-element elementor-element-4854df3 elementor-widget elementor-widget-heading\" data-id=\"4854df3\" data-element_type=\"widget\" data-e-type=\"widget\" data-widget_type=\"heading.default\">\n\t\t\t\t<div class=\"elementor-widget-container\">\n\t\t\t\t\t<h2 class=\"elementor-heading-title elementor-size-default\">Inhaltsverzeichnis<\/h2>\t\t\t\t<\/div>\n\t\t\t\t<\/div>\n\t\t\t\t\t<\/div>\n\t\t<\/div>\n\t\t\t\t<div class=\"elementor-column elementor-col-33 elementor-inner-column elementor-element elementor-element-f50a6b7\" data-id=\"f50a6b7\" data-element_type=\"column\" data-e-type=\"column\">\n\t\t\t<div class=\"elementor-widget-wrap\">\n\t\t\t\t\t\t\t<\/div>\n\t\t<\/div>\n\t\t\t\t\t<\/div>\n\t\t<\/section>\n\t\t\t\t\t<\/div>\n\t\t<\/div>\n\t\t\t\t\t<\/div>\n\t\t<\/section>\n\t\t\t\t<section class=\"elementor-section elementor-top-section elementor-element elementor-element-edb389e elementor-section-boxed elementor-section-height-default elementor-section-height-default\" data-id=\"edb389e\" data-element_type=\"section\" data-e-type=\"section\">\n\t\t\t\t\t\t<div class=\"elementor-container elementor-column-gap-default\">\n\t\t\t\t\t<div class=\"elementor-column elementor-col-20 elementor-top-column elementor-element elementor-element-b727929\" data-id=\"b727929\" data-element_type=\"column\" data-e-type=\"column\">\n\t\t\t<div class=\"elementor-widget-wrap elementor-element-populated\">\n\t\t\t\t\t\t<div class=\"elementor-element elementor-element-d66ea0e elementor-widget elementor-widget-heading\" data-id=\"d66ea0e\" data-element_type=\"widget\" data-e-type=\"widget\" data-widget_type=\"heading.default\">\n\t\t\t\t<div class=\"elementor-widget-container\">\n\t\t\t\t\t<h2 class=\"elementor-heading-title elementor-size-default\"><a href=\"https:\/\/www.cayebank.bz\/de\/\">HOME<\/a><\/h2>\t\t\t\t<\/div>\n\t\t\t\t<\/div>\n\t\t\t\t\t<\/div>\n\t\t<\/div>\n\t\t\t\t<div class=\"elementor-column elementor-col-20 elementor-top-column elementor-element elementor-element-53055d0\" data-id=\"53055d0\" data-element_type=\"column\" data-e-type=\"column\">\n\t\t\t<div class=\"elementor-widget-wrap elementor-element-populated\">\n\t\t\t\t\t\t<div class=\"elementor-element elementor-element-eb1fed6 elementor-widget elementor-widget-heading\" data-id=\"eb1fed6\" data-element_type=\"widget\" data-e-type=\"widget\" data-widget_type=\"heading.default\">\n\t\t\t\t<div class=\"elementor-widget-container\">\n\t\t\t\t\t<h2 class=\"elementor-heading-title elementor-size-default\"><a href=\"https:\/\/www.cayebank.bz\/de\/caye-bankkonten\/\">BUCHHALTEN<\/a><\/h2>\t\t\t\t<\/div>\n\t\t\t\t<\/div>\n\t\t\t\t<div class=\"elementor-element elementor-element-e3f94ab elementor-widget elementor-widget-text-editor\" data-id=\"e3f94ab\" data-element_type=\"widget\" data-e-type=\"widget\" data-widget_type=\"text-editor.default\">\n\t\t\t\t<div class=\"elementor-widget-container\">\n\t\t\t\t\t\t\t\t\t<p><a href=\"https:\/\/www.cayebank.bz\/de\/sichteinlagen\/\">Sichteinlagen<\/a><\/p>\n<p><a href=\"https:\/\/www.cayebank.bz\/de\/sparbuecher\/\">Sparb\u00fccher<\/a><\/p>\n<p><a href=\"https:\/\/www.cayebank.bz\/de\/termineinlagen\/\">Termineinlagen<\/a><\/p>\n<p><a href=\"https:\/\/www.cayebank.bz\/de\/finden-sie-das-richtige-bankkonto-fuer-sie\/\">Konten vergleichen<\/a><\/p>\n<p><a href=\"https:\/\/www.cayebank.bz\/de\/hilfe-und-unterstuetzung\/\">FAQ&#8217;S<\/a><\/p>\n<p><a href=\"https:\/\/www.cayebank.bz\/de\/kontoeroeffnung\/\">Anwendungen<\/a><\/p>\n\t\t\t\t\t\t\t\t<\/div>\n\t\t\t\t<\/div>\n\t\t\t\t\t<\/div>\n\t\t<\/div>\n\t\t\t\t<div class=\"elementor-column elementor-col-20 elementor-top-column elementor-element elementor-element-c6be4ca\" data-id=\"c6be4ca\" data-element_type=\"column\" data-e-type=\"column\">\n\t\t\t<div class=\"elementor-widget-wrap elementor-element-populated\">\n\t\t\t\t\t\t<div class=\"elementor-element elementor-element-0c469d0 elementor-widget elementor-widget-heading\" data-id=\"0c469d0\" data-element_type=\"widget\" data-e-type=\"widget\" data-widget_type=\"heading.default\">\n\t\t\t\t<div class=\"elementor-widget-container\">\n\t\t\t\t\t<h2 class=\"elementor-heading-title elementor-size-default\"><a href=\"https:\/\/www.cayebank.bz\/de\/dienstleistungen\/\">DIENSTLEISTUNGEN<\/a><\/h2>\t\t\t\t<\/div>\n\t\t\t\t<\/div>\n\t\t\t\t<div class=\"elementor-element elementor-element-dd7967d elementor-widget elementor-widget-text-editor\" data-id=\"dd7967d\" data-element_type=\"widget\" data-e-type=\"widget\" data-widget_type=\"text-editor.default\">\n\t\t\t\t<div class=\"elementor-widget-container\">\n\t\t\t\t\t\t\t\t\t<p><a href=\"https:\/\/www.cayebank.bz\/de\/finanzierung\/\">Finanzierung<\/a><\/p>\n<p><a href=\"https:\/\/www.cayebank.bz\/de\/gold-darlehensprogramm\/\">Gold-Darlehensprogramm<\/a><\/p>\n<p><a href=\"https:\/\/www.cayebank.bz\/de\/prepaid-visa-karte\/\">Prepaid-Visa-Karte<\/a><\/p>\n<p><a href=\"https:\/\/www.cayebank.bz\/de\/drahtgebundene-ueberweisungen\/\">Drahtgebundene \u00dcberweisungen<\/a><\/p>\n\t\t\t\t\t\t\t\t<\/div>\n\t\t\t\t<\/div>\n\t\t\t\t\t<\/div>\n\t\t<\/div>\n\t\t\t\t<div class=\"elementor-column elementor-col-20 elementor-top-column elementor-element elementor-element-430ed02\" data-id=\"430ed02\" data-element_type=\"column\" data-e-type=\"column\">\n\t\t\t<div class=\"elementor-widget-wrap elementor-element-populated\">\n\t\t\t\t\t\t<div class=\"elementor-element elementor-element-17e93bc elementor-widget elementor-widget-heading\" data-id=\"17e93bc\" data-element_type=\"widget\" data-e-type=\"widget\" data-widget_type=\"heading.default\">\n\t\t\t\t<div class=\"elementor-widget-container\">\n\t\t\t\t\t<h2 class=\"elementor-heading-title elementor-size-default\"><a href=\"https:\/\/www.cayebank.bz\/de\/ueber-uns\/\">  \u00dcBER<\/a><\/h2>\t\t\t\t<\/div>\n\t\t\t\t<\/div>\n\t\t\t\t<div class=\"elementor-element elementor-element-7898e05 elementor-widget elementor-widget-text-editor\" data-id=\"7898e05\" data-element_type=\"widget\" data-e-type=\"widget\" data-widget_type=\"text-editor.default\">\n\t\t\t\t<div class=\"elementor-widget-container\">\n\t\t\t\t\t\t\t\t\t<p><a href=\"https:\/\/www.cayebank.bz\/de\/joel-nagel\/\">Joel Nagel<\/a><\/p>\n<p><a href=\"https:\/\/www.cayebank.bz\/de\/luigi-wewege\/\">Luigi Wewege<\/a><\/p>\n<p><a href=\"https:\/\/www.cayebank.bz\/de\/warum-offshore\/\">Warum Offshore<\/a><\/p>\n<p><a href=\"https:\/\/www.cayebank.bz\/de\/begruessung-durch-den-vorsitzenden\/\">Begr\u00fc\u00dfung durch den Vorsitzenden<\/a><\/p>\n<p><a href=\"https:\/\/www.cayebank.bz\/de\/unternehmensfuehrung\/\">Governance<\/a><\/p>\n<p><a href=\"https:\/\/www.cayebank.bz\/de\/management-team\/\">Verwaltung<\/a><\/p>\n<p><a href=\"https:\/\/www.cayebank.bz\/de\/feiertage\/\">Feiertage<\/a><\/p>\n\t\t\t\t\t\t\t\t<\/div>\n\t\t\t\t<\/div>\n\t\t\t\t\t<\/div>\n\t\t<\/div>\n\t\t\t\t<div class=\"elementor-column elementor-col-20 elementor-top-column elementor-element elementor-element-14ce1ad\" data-id=\"14ce1ad\" data-element_type=\"column\" data-e-type=\"column\">\n\t\t\t<div class=\"elementor-widget-wrap elementor-element-populated\">\n\t\t\t\t\t\t<div class=\"elementor-element elementor-element-e56d605 elementor-widget elementor-widget-heading\" data-id=\"e56d605\" data-element_type=\"widget\" data-e-type=\"widget\" data-widget_type=\"heading.default\">\n\t\t\t\t<div class=\"elementor-widget-container\">\n\t\t\t\t\t<h2 class=\"elementor-heading-title elementor-size-default\"><a href=\"https:\/\/www.cayebank.bz\/de\/einblicke\/\">INSIGHTS<\/a><\/h2>\t\t\t\t<\/div>\n\t\t\t\t<\/div>\n\t\t\t\t<div class=\"elementor-element elementor-element-5b78475 elementor-widget elementor-widget-text-editor\" data-id=\"5b78475\" data-element_type=\"widget\" data-e-type=\"widget\" data-widget_type=\"text-editor.default\">\n\t\t\t\t<div class=\"elementor-widget-container\">\n\t\t\t\t\t\t\t\t\t<p><a href=\"https:\/\/www.cayebank.bz\/de\/ressourcen\/\">Ressourcen<\/a><\/p>\n\t\t\t\t\t\t\t\t<\/div>\n\t\t\t\t<\/div>\n\t\t\t\t<div class=\"elementor-element elementor-element-71c31c2 elementor-widget elementor-widget-text-editor\" data-id=\"71c31c2\" data-element_type=\"widget\" data-e-type=\"widget\" data-widget_type=\"text-editor.default\">\n\t\t\t\t<div class=\"elementor-widget-container\">\n\t\t\t\t\t\t\t\t\t<p><a href=\"https:\/\/www.cayebank.bz\/de\/karriere\/\">Karriere<\/a><br \/><a href=\"https:\/\/www.cayebank.bz\/de\/investor-relations\/\">Investor Relations<\/a><br \/><a href=\"https:\/\/www.cayebank.bz\/de\/kontakt-details\/\">Kontakt<\/a><br \/><a href=\"https:\/\/my.cayebank.bz\/login\" target=\"_blank\" rel=\"noopener\">Anmeldung<\/a><\/p>\n\t\t\t\t\t\t\t\t<\/div>\n\t\t\t\t<\/div>\n\t\t\t\t\t<\/div>\n\t\t<\/div>\n\t\t\t\t\t<\/div>\n\t\t<\/section>\n\t\t\t\t<section class=\"elementor-section elementor-top-section elementor-element elementor-element-02ba79b elementor-section-boxed elementor-section-height-default elementor-section-height-default\" data-id=\"02ba79b\" data-element_type=\"section\" data-e-type=\"section\">\n\t\t\t\t\t\t<div class=\"elementor-container elementor-column-gap-default\">\n\t\t\t\t\t<div class=\"elementor-column elementor-col-100 elementor-top-column elementor-element elementor-element-3c443fc\" data-id=\"3c443fc\" data-element_type=\"column\" data-e-type=\"column\">\n\t\t\t<div class=\"elementor-widget-wrap\">\n\t\t\t\t\t\t\t<\/div>\n\t\t<\/div>\n\t\t\t\t\t<\/div>\n\t\t<\/section>\n\t\t\t\t<\/div>\n\t\t","protected":false},"excerpt":{"rendered":"<p>Inhaltsverzeichnis HOME BUCHHALTEN Sichteinlagen Sparb\u00fccher Termineinlagen Konten vergleichen FAQ&#8217;S Anwendungen DIENSTLEISTUNGEN Finanzierung Gold-Darlehensprogramm Prepaid-Visa-Karte Drahtgebundene \u00dcberweisungen \u00dcBER Joel Nagel Luigi Wewege Warum Offshore Begr\u00fc\u00dfung durch den Vorsitzenden Governance Verwaltung Feiertage INSIGHTS Ressourcen KarriereInvestor RelationsKontaktAnmeldung<\/p>\n","protected":false},"author":6,"featured_media":0,"parent":0,"menu_order":0,"comment_status":"closed","ping_status":"closed","template":"elementor_header_footer","meta":{"content-type":"","footnotes":""},"class_list":["post-12109","page","type-page","status-publish","hentry"],"_links":{"self":[{"href":"https:\/\/www.cayebank.bz\/de\/wp-json\/wp\/v2\/pages\/12109","targetHints":{"allow":["GET"]}}],"collection":[{"href":"https:\/\/www.cayebank.bz\/de\/wp-json\/wp\/v2\/pages"}],"about":[{"href":"https:\/\/www.cayebank.bz\/de\/wp-json\/wp\/v2\/types\/page"}],"author":[{"embeddable":true,"href":"https:\/\/www.cayebank.bz\/de\/wp-json\/wp\/v2\/users\/6"}],"replies":[{"embeddable":true,"href":"https:\/\/www.cayebank.bz\/de\/wp-json\/wp\/v2\/comments?post=12109"}],"version-history":[{"count":12,"href":"https:\/\/www.cayebank.bz\/de\/wp-json\/wp\/v2\/pages\/12109\/revisions"}],"predecessor-version":[{"id":12169,"href":"https:\/\/www.cayebank.bz\/de\/wp-json\/wp\/v2\/pages\/12109\/revisions\/12169"}],"wp:attachment":[{"href":"https:\/\/www.cayebank.bz\/de\/wp-json\/wp\/v2\/media?parent=12109"}],"curies":[{"name":"wp","href":"https:\/\/api.w.org\/{rel}","templated":true}]}}