{"id":12005,"date":"2023-04-13T06:37:40","date_gmt":"2023-04-13T12:37:40","guid":{"rendered":"https:\/\/www.cayebank.bz\/hilfe-und-unterstuetzung\/"},"modified":"2023-05-30T11:55:52","modified_gmt":"2023-05-30T17:55:52","slug":"hilfe-und-unterstuetzung","status":"publish","type":"page","link":"https:\/\/www.cayebank.bz\/de\/hilfe-und-unterstuetzung\/","title":{"rendered":"Hilfe und Unterst\u00fctzung"},"content":{"rendered":"\t\t<div data-elementor-type=\"wp-page\" data-elementor-id=\"12005\" class=\"elementor elementor-12005\" data-elementor-post-type=\"page\">\n\t\t\t\t\t\t<section class=\"elementor-section elementor-top-section elementor-element elementor-element-e37b0cc elementor-section-full_width elementor-section-height-default elementor-section-height-default\" data-id=\"e37b0cc\" data-element_type=\"section\" data-e-type=\"section\" data-settings=\"{&quot;background_background&quot;:&quot;classic&quot;}\">\n\t\t\t\t\t\t<div class=\"elementor-container elementor-column-gap-default\">\n\t\t\t\t\t<div class=\"elementor-column elementor-col-100 elementor-top-column elementor-element elementor-element-e6aebf9\" data-id=\"e6aebf9\" data-element_type=\"column\" data-e-type=\"column\">\n\t\t\t<div class=\"elementor-widget-wrap elementor-element-populated\">\n\t\t\t\t\t\t<section class=\"elementor-section elementor-inner-section elementor-element elementor-element-b65ceb6 elementor-section-boxed elementor-section-height-default elementor-section-height-default\" data-id=\"b65ceb6\" data-element_type=\"section\" data-e-type=\"section\">\n\t\t\t\t\t\t<div class=\"elementor-container elementor-column-gap-default\">\n\t\t\t\t\t<div class=\"elementor-column elementor-col-33 elementor-inner-column elementor-element elementor-element-91ea2b8\" data-id=\"91ea2b8\" data-element_type=\"column\" data-e-type=\"column\">\n\t\t\t<div class=\"elementor-widget-wrap\">\n\t\t\t\t\t\t\t<\/div>\n\t\t<\/div>\n\t\t\t\t<div class=\"elementor-column elementor-col-33 elementor-inner-column elementor-element elementor-element-b62b5d2\" data-id=\"b62b5d2\" data-element_type=\"column\" data-e-type=\"column\" data-settings=\"{&quot;background_background&quot;:&quot;classic&quot;}\">\n\t\t\t<div class=\"elementor-widget-wrap elementor-element-populated\">\n\t\t\t\t\t\t<div class=\"elementor-element elementor-element-4ee98cd elementor-widget elementor-widget-heading\" data-id=\"4ee98cd\" data-element_type=\"widget\" data-e-type=\"widget\" data-widget_type=\"heading.default\">\n\t\t\t\t<div class=\"elementor-widget-container\">\n\t\t\t\t\t<h2 class=\"elementor-heading-title elementor-size-default\">Hilfe und Unterst\u00fctzung<\/h2>\t\t\t\t<\/div>\n\t\t\t\t<\/div>\n\t\t\t\t<div class=\"elementor-element elementor-element-475d1b7 elementor-widget elementor-widget-text-editor\" data-id=\"475d1b7\" data-element_type=\"widget\" data-e-type=\"widget\" data-widget_type=\"text-editor.default\">\n\t\t\t\t<div class=\"elementor-widget-container\">\n\t\t\t\t\t\t\t\t\t<p style=\"text-align: center;\">Finden Sie die Antwort auf h\u00e4ufig gestellte Fragen.<\/p>\n\t\t\t\t\t\t\t\t<\/div>\n\t\t\t\t<\/div>\n\t\t\t\t\t<\/div>\n\t\t<\/div>\n\t\t\t\t<div class=\"elementor-column elementor-col-33 elementor-inner-column elementor-element elementor-element-725bb6f\" data-id=\"725bb6f\" data-element_type=\"column\" data-e-type=\"column\">\n\t\t\t<div class=\"elementor-widget-wrap\">\n\t\t\t\t\t\t\t<\/div>\n\t\t<\/div>\n\t\t\t\t\t<\/div>\n\t\t<\/section>\n\t\t\t\t\t<\/div>\n\t\t<\/div>\n\t\t\t\t\t<\/div>\n\t\t<\/section>\n\t\t\t\t<section class=\"elementor-section elementor-top-section elementor-element elementor-element-60f5d15 elementor-section-boxed elementor-section-height-default elementor-section-height-default\" data-id=\"60f5d15\" data-element_type=\"section\" data-e-type=\"section\">\n\t\t\t\t\t\t<div class=\"elementor-container elementor-column-gap-default\">\n\t\t\t\t\t<div class=\"elementor-column elementor-col-100 elementor-top-column elementor-element elementor-element-d81f77c\" data-id=\"d81f77c\" data-element_type=\"column\" data-e-type=\"column\">\n\t\t\t<div class=\"elementor-widget-wrap elementor-element-populated\">\n\t\t\t\t\t\t<div class=\"elementor-element elementor-element-9752d25 elementor-widget elementor-widget-heading\" data-id=\"9752d25\" data-element_type=\"widget\" data-e-type=\"widget\" data-widget_type=\"heading.default\">\n\t\t\t\t<div class=\"elementor-widget-container\">\n\t\t\t\t\t<h2 class=\"elementor-heading-title elementor-size-default\">Ihre Fragen werden beantwortet<\/h2>\t\t\t\t<\/div>\n\t\t\t\t<\/div>\n\t\t\t\t\t<\/div>\n\t\t<\/div>\n\t\t\t\t\t<\/div>\n\t\t<\/section>\n\t\t\t\t<section class=\"elementor-section elementor-top-section elementor-element elementor-element-119c5df elementor-section-boxed elementor-section-height-default elementor-section-height-default\" data-id=\"119c5df\" data-element_type=\"section\" data-e-type=\"section\">\n\t\t\t\t\t\t<div class=\"elementor-container elementor-column-gap-default\">\n\t\t\t\t\t<div class=\"elementor-column elementor-col-100 elementor-top-column elementor-element elementor-element-e41c479\" data-id=\"e41c479\" data-element_type=\"column\" data-e-type=\"column\">\n\t\t\t<div class=\"elementor-widget-wrap elementor-element-populated\">\n\t\t\t\t\t\t<div class=\"elementor-element elementor-element-8ed1d8e elementor-widget elementor-widget-accordion\" data-id=\"8ed1d8e\" data-element_type=\"widget\" data-e-type=\"widget\" data-widget_type=\"accordion.default\">\n\t\t\t\t<div class=\"elementor-widget-container\">\n\t\t\t\t\t\t\t<div class=\"elementor-accordion\">\n\t\t\t\t\t\t\t<div class=\"elementor-accordion-item\">\n\t\t\t\t\t<div id=\"elementor-tab-title-1491\" class=\"elementor-tab-title\" data-tab=\"1\" role=\"button\" aria-controls=\"elementor-tab-content-1491\" aria-expanded=\"false\">\n\t\t\t\t\t\t\t\t\t\t\t\t\t<span class=\"elementor-accordion-icon elementor-accordion-icon-right\" aria-hidden=\"true\">\n\t\t\t\t\t\t\t\t\t\t\t\t\t\t\t<span class=\"elementor-accordion-icon-closed\"><svg class=\"e-font-icon-svg e-fas-plus\" viewBox=\"0 0 448 512\" xmlns=\"http:\/\/www.w3.org\/2000\/svg\"><path d=\"M416 208H272V64c0-17.67-14.33-32-32-32h-32c-17.67 0-32 14.33-32 32v144H32c-17.67 0-32 14.33-32 32v32c0 17.67 14.33 32 32 32h144v144c0 17.67 14.33 32 32 32h32c17.67 0 32-14.33 32-32V304h144c17.67 0 32-14.33 32-32v-32c0-17.67-14.33-32-32-32z\"><\/path><\/svg><\/span>\n\t\t\t\t\t\t\t\t<span class=\"elementor-accordion-icon-opened\"><svg class=\"e-font-icon-svg e-fas-minus\" viewBox=\"0 0 448 512\" xmlns=\"http:\/\/www.w3.org\/2000\/svg\"><path d=\"M416 208H32c-17.67 0-32 14.33-32 32v32c0 17.67 14.33 32 32 32h384c17.67 0 32-14.33 32-32v-32c0-17.67-14.33-32-32-32z\"><\/path><\/svg><\/span>\n\t\t\t\t\t\t\t\t\t\t\t\t\t\t<\/span>\n\t\t\t\t\t\t\t\t\t\t\t\t<a class=\"elementor-accordion-title\" tabindex=\"0\">Wie kann ich Geld auf mein Konto einzahlen?<\/a>\n\t\t\t\t\t<\/div>\n\t\t\t\t\t<div id=\"elementor-tab-content-1491\" class=\"elementor-tab-content elementor-clearfix\" data-tab=\"1\" role=\"region\" aria-labelledby=\"elementor-tab-title-1491\"><p>Sie k\u00f6nnen eine internationale \u00dcberweisung von Ihrem aktuellen Bankkonto an die Caye International Bank in einer der wichtigsten Fremdw\u00e4hrungen vornehmen.<\/p>\n<\/div>\n\t\t\t\t<\/div>\n\t\t\t\t\t\t\t<div class=\"elementor-accordion-item\">\n\t\t\t\t\t<div id=\"elementor-tab-title-1492\" class=\"elementor-tab-title\" data-tab=\"2\" role=\"button\" aria-controls=\"elementor-tab-content-1492\" aria-expanded=\"false\">\n\t\t\t\t\t\t\t\t\t\t\t\t\t<span class=\"elementor-accordion-icon elementor-accordion-icon-right\" aria-hidden=\"true\">\n\t\t\t\t\t\t\t\t\t\t\t\t\t\t\t<span class=\"elementor-accordion-icon-closed\"><svg class=\"e-font-icon-svg e-fas-plus\" viewBox=\"0 0 448 512\" xmlns=\"http:\/\/www.w3.org\/2000\/svg\"><path d=\"M416 208H272V64c0-17.67-14.33-32-32-32h-32c-17.67 0-32 14.33-32 32v144H32c-17.67 0-32 14.33-32 32v32c0 17.67 14.33 32 32 32h144v144c0 17.67 14.33 32 32 32h32c17.67 0 32-14.33 32-32V304h144c17.67 0 32-14.33 32-32v-32c0-17.67-14.33-32-32-32z\"><\/path><\/svg><\/span>\n\t\t\t\t\t\t\t\t<span class=\"elementor-accordion-icon-opened\"><svg class=\"e-font-icon-svg e-fas-minus\" viewBox=\"0 0 448 512\" xmlns=\"http:\/\/www.w3.org\/2000\/svg\"><path d=\"M416 208H32c-17.67 0-32 14.33-32 32v32c0 17.67 14.33 32 32 32h384c17.67 0 32-14.33 32-32v-32c0-17.67-14.33-32-32-32z\"><\/path><\/svg><\/span>\n\t\t\t\t\t\t\t\t\t\t\t\t\t\t<\/span>\n\t\t\t\t\t\t\t\t\t\t\t\t<a class=\"elementor-accordion-title\" tabindex=\"0\">Wie kann ich meinen Kontostand \u00fcberpr\u00fcfen?<\/a>\n\t\t\t\t\t<\/div>\n\t\t\t\t\t<div id=\"elementor-tab-content-1492\" class=\"elementor-tab-content elementor-clearfix\" data-tab=\"2\" role=\"region\" aria-labelledby=\"elementor-tab-title-1492\"><p>Der Zugang zu allen privaten internationalen Bankkonten von Caye erfolgt online \u00fcber eine sichere 24\/7-Online-Banking-Plattform.<\/p>\n<\/div>\n\t\t\t\t<\/div>\n\t\t\t\t\t\t\t<div class=\"elementor-accordion-item\">\n\t\t\t\t\t<div id=\"elementor-tab-title-1493\" class=\"elementor-tab-title\" data-tab=\"3\" role=\"button\" aria-controls=\"elementor-tab-content-1493\" aria-expanded=\"false\">\n\t\t\t\t\t\t\t\t\t\t\t\t\t<span class=\"elementor-accordion-icon elementor-accordion-icon-right\" aria-hidden=\"true\">\n\t\t\t\t\t\t\t\t\t\t\t\t\t\t\t<span class=\"elementor-accordion-icon-closed\"><svg class=\"e-font-icon-svg e-fas-plus\" viewBox=\"0 0 448 512\" xmlns=\"http:\/\/www.w3.org\/2000\/svg\"><path d=\"M416 208H272V64c0-17.67-14.33-32-32-32h-32c-17.67 0-32 14.33-32 32v144H32c-17.67 0-32 14.33-32 32v32c0 17.67 14.33 32 32 32h144v144c0 17.67 14.33 32 32 32h32c17.67 0 32-14.33 32-32V304h144c17.67 0 32-14.33 32-32v-32c0-17.67-14.33-32-32-32z\"><\/path><\/svg><\/span>\n\t\t\t\t\t\t\t\t<span class=\"elementor-accordion-icon-opened\"><svg class=\"e-font-icon-svg e-fas-minus\" viewBox=\"0 0 448 512\" xmlns=\"http:\/\/www.w3.org\/2000\/svg\"><path d=\"M416 208H32c-17.67 0-32 14.33-32 32v32c0 17.67 14.33 32 32 32h384c17.67 0 32-14.33 32-32v-32c0-17.67-14.33-32-32-32z\"><\/path><\/svg><\/span>\n\t\t\t\t\t\t\t\t\t\t\t\t\t\t<\/span>\n\t\t\t\t\t\t\t\t\t\t\t\t<a class=\"elementor-accordion-title\" tabindex=\"0\">Wie kann ich eine Abhebung von meinem Sichteinlagenkonto vornehmen?<\/a>\n\t\t\t\t\t<\/div>\n\t\t\t\t\t<div id=\"elementor-tab-content-1493\" class=\"elementor-tab-content elementor-clearfix\" data-tab=\"3\" role=\"region\" aria-labelledby=\"elementor-tab-title-1493\"><p>Sie k\u00f6nnen Ihr Geld per Online-\u00dcberweisung abheben oder eine \u00dcberweisung per E-Mail oder Telefon \u00fcber den Kundenservice von Caye anfordern. Bitte beachten Sie, dass alle \u00dcberweisungsanfragen, die vor 14 Uhr EST bei der Bank eingehen, noch am selben Tag bearbeitet werden. Wenn die \u00dcberweisung nach 14.00 Uhr EST eingeht, wird sie am folgenden Werktag bearbeitet.<\/p>\n<\/div>\n\t\t\t\t<\/div>\n\t\t\t\t\t\t\t<div class=\"elementor-accordion-item\">\n\t\t\t\t\t<div id=\"elementor-tab-title-1494\" class=\"elementor-tab-title\" data-tab=\"4\" role=\"button\" aria-controls=\"elementor-tab-content-1494\" aria-expanded=\"false\">\n\t\t\t\t\t\t\t\t\t\t\t\t\t<span class=\"elementor-accordion-icon elementor-accordion-icon-right\" aria-hidden=\"true\">\n\t\t\t\t\t\t\t\t\t\t\t\t\t\t\t<span class=\"elementor-accordion-icon-closed\"><svg class=\"e-font-icon-svg e-fas-plus\" viewBox=\"0 0 448 512\" xmlns=\"http:\/\/www.w3.org\/2000\/svg\"><path d=\"M416 208H272V64c0-17.67-14.33-32-32-32h-32c-17.67 0-32 14.33-32 32v144H32c-17.67 0-32 14.33-32 32v32c0 17.67 14.33 32 32 32h144v144c0 17.67 14.33 32 32 32h32c17.67 0 32-14.33 32-32V304h144c17.67 0 32-14.33 32-32v-32c0-17.67-14.33-32-32-32z\"><\/path><\/svg><\/span>\n\t\t\t\t\t\t\t\t<span class=\"elementor-accordion-icon-opened\"><svg class=\"e-font-icon-svg e-fas-minus\" viewBox=\"0 0 448 512\" xmlns=\"http:\/\/www.w3.org\/2000\/svg\"><path d=\"M416 208H32c-17.67 0-32 14.33-32 32v32c0 17.67 14.33 32 32 32h384c17.67 0 32-14.33 32-32v-32c0-17.67-14.33-32-32-32z\"><\/path><\/svg><\/span>\n\t\t\t\t\t\t\t\t\t\t\t\t\t\t<\/span>\n\t\t\t\t\t\t\t\t\t\t\t\t<a class=\"elementor-accordion-title\" tabindex=\"0\">Wie viele Abhebungen kann ich pro Monat von meinem Sichteinlagenkonto vornehmen?<\/a>\n\t\t\t\t\t<\/div>\n\t\t\t\t\t<div id=\"elementor-tab-content-1494\" class=\"elementor-tab-content elementor-clearfix\" data-tab=\"4\" role=\"region\" aria-labelledby=\"elementor-tab-title-1494\"><p>Sie k\u00f6nnen pro Abrechnungszyklus eine unbegrenzte Anzahl von \u00dcberweisungen von Ihrem Sichteinlagenkonto vornehmen. Bitte beachten Sie, dass Ihnen f\u00fcr jede Transaktion, die diesen Grenzwert \u00fcberschreitet, eine Geb\u00fchr berechnet wird:<\/p>\n<ul>\n<li>5 USD f\u00fcr \u00dcberweisungen zwischen Bankkonten, die Sie auf Caye haben; und<\/li>\n<li>USD 100 f\u00fcr ausgehende \u00dcberweisungen, d.h. \u00dcberweisungen auf ein Bankkonto, das Sie au\u00dferhalb von Caye haben.<\/li>\n<\/ul>\n<\/div>\n\t\t\t\t<\/div>\n\t\t\t\t\t\t\t<div class=\"elementor-accordion-item\">\n\t\t\t\t\t<div id=\"elementor-tab-title-1495\" class=\"elementor-tab-title\" data-tab=\"5\" role=\"button\" aria-controls=\"elementor-tab-content-1495\" aria-expanded=\"false\">\n\t\t\t\t\t\t\t\t\t\t\t\t\t<span class=\"elementor-accordion-icon elementor-accordion-icon-right\" aria-hidden=\"true\">\n\t\t\t\t\t\t\t\t\t\t\t\t\t\t\t<span class=\"elementor-accordion-icon-closed\"><svg class=\"e-font-icon-svg e-fas-plus\" viewBox=\"0 0 448 512\" xmlns=\"http:\/\/www.w3.org\/2000\/svg\"><path d=\"M416 208H272V64c0-17.67-14.33-32-32-32h-32c-17.67 0-32 14.33-32 32v144H32c-17.67 0-32 14.33-32 32v32c0 17.67 14.33 32 32 32h144v144c0 17.67 14.33 32 32 32h32c17.67 0 32-14.33 32-32V304h144c17.67 0 32-14.33 32-32v-32c0-17.67-14.33-32-32-32z\"><\/path><\/svg><\/span>\n\t\t\t\t\t\t\t\t<span class=\"elementor-accordion-icon-opened\"><svg class=\"e-font-icon-svg e-fas-minus\" viewBox=\"0 0 448 512\" xmlns=\"http:\/\/www.w3.org\/2000\/svg\"><path d=\"M416 208H32c-17.67 0-32 14.33-32 32v32c0 17.67 14.33 32 32 32h384c17.67 0 32-14.33 32-32v-32c0-17.67-14.33-32-32-32z\"><\/path><\/svg><\/span>\n\t\t\t\t\t\t\t\t\t\t\t\t\t\t<\/span>\n\t\t\t\t\t\t\t\t\t\t\t\t<a class=\"elementor-accordion-title\" tabindex=\"0\">Wie sicher ist mein eingezahltes Geld bei Caye?<\/a>\n\t\t\t\t\t<\/div>\n\t\t\t\t\t<div id=\"elementor-tab-content-1495\" class=\"elementor-tab-content elementor-clearfix\" data-tab=\"5\" role=\"region\" aria-labelledby=\"elementor-tab-title-1495\"><p>Die Anleger k\u00f6nnen sich sicher f\u00fchlen, wenn sie ihr Geld in Belize anlegen, da die Mindestreserveanforderungen der Banken in Belize mindestens viermal so hoch sind wie in den Vereinigten Staaten f\u00fcr ihre lokalen Banken. Ein Beispiel hierf\u00fcr ist die Caye International Bank, die eine der h\u00f6chsten Liquidit\u00e4tsquoten aller Banken weltweit aufweist, die derzeit bei etwa 24 % liegt.<\/p>\n<\/div>\n\t\t\t\t<\/div>\n\t\t\t\t\t\t\t<div class=\"elementor-accordion-item\">\n\t\t\t\t\t<div id=\"elementor-tab-title-1496\" class=\"elementor-tab-title\" data-tab=\"6\" role=\"button\" aria-controls=\"elementor-tab-content-1496\" aria-expanded=\"false\">\n\t\t\t\t\t\t\t\t\t\t\t\t\t<span class=\"elementor-accordion-icon elementor-accordion-icon-right\" aria-hidden=\"true\">\n\t\t\t\t\t\t\t\t\t\t\t\t\t\t\t<span class=\"elementor-accordion-icon-closed\"><svg class=\"e-font-icon-svg e-fas-plus\" viewBox=\"0 0 448 512\" xmlns=\"http:\/\/www.w3.org\/2000\/svg\"><path d=\"M416 208H272V64c0-17.67-14.33-32-32-32h-32c-17.67 0-32 14.33-32 32v144H32c-17.67 0-32 14.33-32 32v32c0 17.67 14.33 32 32 32h144v144c0 17.67 14.33 32 32 32h32c17.67 0 32-14.33 32-32V304h144c17.67 0 32-14.33 32-32v-32c0-17.67-14.33-32-32-32z\"><\/path><\/svg><\/span>\n\t\t\t\t\t\t\t\t<span class=\"elementor-accordion-icon-opened\"><svg class=\"e-font-icon-svg e-fas-minus\" viewBox=\"0 0 448 512\" xmlns=\"http:\/\/www.w3.org\/2000\/svg\"><path d=\"M416 208H32c-17.67 0-32 14.33-32 32v32c0 17.67 14.33 32 32 32h384c17.67 0 32-14.33 32-32v-32c0-17.67-14.33-32-32-32z\"><\/path><\/svg><\/span>\n\t\t\t\t\t\t\t\t\t\t\t\t\t\t<\/span>\n\t\t\t\t\t\t\t\t\t\t\t\t<a class=\"elementor-accordion-title\" tabindex=\"0\">Was ist der Unterschied zwischen einer Sichteinlage und einem Sparkonto?<\/a>\n\t\t\t\t\t<\/div>\n\t\t\t\t\t<div id=\"elementor-tab-content-1496\" class=\"elementor-tab-content elementor-clearfix\" data-tab=\"6\" role=\"region\" aria-labelledby=\"elementor-tab-title-1496\"><p>Es gibt vor allem zwei Unterschiede: Der erste ist die Art und Weise, wie Sie auf Ihr Geld zugreifen, und ein Sichteinlagenkonto bietet Ihnen mehr M\u00f6glichkeiten, \u00dcberweisungen auf und von Ihrem Konto vorzunehmen. Die zweite betrifft den f\u00fcr jedes Konto geltenden Zinssatz, und die Zinss\u00e4tze f\u00fcr Sichteinlagen sind aufgrund ihrer Flexibilit\u00e4t bei der Kontof\u00fchrung fast immer niedriger als die f\u00fcr Spareinlagen. Wenn Sie mehr \u00fcber unsere internationalen Privatkonten erfahren m\u00f6chten, besuchen Sie bitte unsere \u00dcbersichtsseite.<\/p>\n<\/div>\n\t\t\t\t<\/div>\n\t\t\t\t\t\t\t\t\t\t<script type=\"application\/ld+json\">{\"@context\":\"https:\\\/\\\/schema.org\",\"@type\":\"FAQPage\",\"mainEntity\":[{\"@type\":\"Question\",\"name\":\"Wie kann ich Geld auf mein Konto einzahlen?\",\"acceptedAnswer\":{\"@type\":\"Answer\",\"text\":\"<p>Sie k\\u00f6nnen eine internationale \\u00dcberweisung von Ihrem aktuellen Bankkonto an die Caye International Bank in einer der wichtigsten Fremdw\\u00e4hrungen vornehmen.<\\\/p>\\n\"}},{\"@type\":\"Question\",\"name\":\"Wie kann ich meinen Kontostand \\u00fcberpr\\u00fcfen?\",\"acceptedAnswer\":{\"@type\":\"Answer\",\"text\":\"<p>Der Zugang zu allen privaten internationalen Bankkonten von Caye erfolgt online \\u00fcber eine sichere 24\\\/7-Online-Banking-Plattform.<\\\/p>\\n\"}},{\"@type\":\"Question\",\"name\":\"Wie kann ich eine Abhebung von meinem Sichteinlagenkonto vornehmen?\",\"acceptedAnswer\":{\"@type\":\"Answer\",\"text\":\"<p>Sie k\\u00f6nnen Ihr Geld per Online-\\u00dcberweisung abheben oder eine \\u00dcberweisung per E-Mail oder Telefon \\u00fcber den Kundenservice von Caye anfordern. Bitte beachten Sie, dass alle \\u00dcberweisungsanfragen, die vor 14 Uhr EST bei der Bank eingehen, noch am selben Tag bearbeitet werden. Wenn die \\u00dcberweisung nach 14.00 Uhr EST eingeht, wird sie am folgenden Werktag bearbeitet.<\\\/p>\\n\"}},{\"@type\":\"Question\",\"name\":\"Wie viele Abhebungen kann ich pro Monat von meinem Sichteinlagenkonto vornehmen?\",\"acceptedAnswer\":{\"@type\":\"Answer\",\"text\":\"<p>Sie k\\u00f6nnen pro Abrechnungszyklus eine unbegrenzte Anzahl von \\u00dcberweisungen von Ihrem Sichteinlagenkonto vornehmen. Bitte beachten Sie, dass Ihnen f\\u00fcr jede Transaktion, die diesen Grenzwert \\u00fcberschreitet, eine Geb\\u00fchr berechnet wird:<\\\/p>\\n<ul>\\n<li>5 USD f\\u00fcr \\u00dcberweisungen zwischen Bankkonten, die Sie auf Caye haben; und<\\\/li>\\n<li>USD 100 f\\u00fcr ausgehende \\u00dcberweisungen, d.h. \\u00dcberweisungen auf ein Bankkonto, das Sie au\\u00dferhalb von Caye haben.<\\\/li>\\n<\\\/ul>\\n\"}},{\"@type\":\"Question\",\"name\":\"Wie sicher ist mein eingezahltes Geld bei Caye?\",\"acceptedAnswer\":{\"@type\":\"Answer\",\"text\":\"<p>Die Anleger k\\u00f6nnen sich sicher f\\u00fchlen, wenn sie ihr Geld in Belize anlegen, da die Mindestreserveanforderungen der Banken in Belize mindestens viermal so hoch sind wie in den Vereinigten Staaten f\\u00fcr ihre lokalen Banken. Ein Beispiel hierf\\u00fcr ist die Caye International Bank, die eine der h\\u00f6chsten Liquidit\\u00e4tsquoten aller Banken weltweit aufweist, die derzeit bei etwa 24 % liegt.<\\\/p>\\n\"}},{\"@type\":\"Question\",\"name\":\"Was ist der Unterschied zwischen einer Sichteinlage und einem Sparkonto?\",\"acceptedAnswer\":{\"@type\":\"Answer\",\"text\":\"<p>Es gibt vor allem zwei Unterschiede: Der erste ist die Art und Weise, wie Sie auf Ihr Geld zugreifen, und ein Sichteinlagenkonto bietet Ihnen mehr M\\u00f6glichkeiten, \\u00dcberweisungen auf und von Ihrem Konto vorzunehmen. Die zweite betrifft den f\\u00fcr jedes Konto geltenden Zinssatz, und die Zinss\\u00e4tze f\\u00fcr Sichteinlagen sind aufgrund ihrer Flexibilit\\u00e4t bei der Kontof\\u00fchrung fast immer niedriger als die f\\u00fcr Spareinlagen. Wenn Sie mehr \\u00fcber unsere internationalen Privatkonten erfahren m\\u00f6chten, besuchen Sie bitte unsere \\u00dcbersichtsseite.<\\\/p>\\n\"}}]}<\/script>\n\t\t\t\t\t<\/div>\n\t\t\t\t\t\t<\/div>\n\t\t\t\t<\/div>\n\t\t\t\t\t<\/div>\n\t\t<\/div>\n\t\t\t\t\t<\/div>\n\t\t<\/section>\n\t\t\t\t<\/div>\n\t\t","protected":false},"excerpt":{"rendered":"<p>Hilfe und Unterst\u00fctzung Finden Sie die Antwort auf h\u00e4ufig gestellte Fragen. Ihre Fragen werden beantwortet Wie kann ich Geld auf mein Konto einzahlen? Sie k\u00f6nnen eine internationale \u00dcberweisung von Ihrem aktuellen Bankkonto an die Caye International Bank in einer der wichtigsten Fremdw\u00e4hrungen vornehmen. Wie kann ich meinen Kontostand \u00fcberpr\u00fcfen? Der Zugang zu allen privaten internationalen [&hellip;]<\/p>\n","protected":false},"author":6,"featured_media":0,"parent":0,"menu_order":0,"comment_status":"closed","ping_status":"closed","template":"elementor_header_footer","meta":{"content-type":"","footnotes":""},"class_list":["post-12005","page","type-page","status-publish","hentry"],"_links":{"self":[{"href":"https:\/\/www.cayebank.bz\/de\/wp-json\/wp\/v2\/pages\/12005","targetHints":{"allow":["GET"]}}],"collection":[{"href":"https:\/\/www.cayebank.bz\/de\/wp-json\/wp\/v2\/pages"}],"about":[{"href":"https:\/\/www.cayebank.bz\/de\/wp-json\/wp\/v2\/types\/page"}],"author":[{"embeddable":true,"href":"https:\/\/www.cayebank.bz\/de\/wp-json\/wp\/v2\/users\/6"}],"replies":[{"embeddable":true,"href":"https:\/\/www.cayebank.bz\/de\/wp-json\/wp\/v2\/comments?post=12005"}],"version-history":[{"count":2,"href":"https:\/\/www.cayebank.bz\/de\/wp-json\/wp\/v2\/pages\/12005\/revisions"}],"predecessor-version":[{"id":12030,"href":"https:\/\/www.cayebank.bz\/de\/wp-json\/wp\/v2\/pages\/12005\/revisions\/12030"}],"wp:attachment":[{"href":"https:\/\/www.cayebank.bz\/de\/wp-json\/wp\/v2\/media?parent=12005"}],"curies":[{"name":"wp","href":"https:\/\/api.w.org\/{rel}","templated":true}]}}