{"id":11928,"date":"2023-04-13T05:57:04","date_gmt":"2023-04-13T11:57:04","guid":{"rendered":"https:\/\/www.cayebank.bz\/unternehmensfuehrung\/"},"modified":"2023-06-08T11:20:59","modified_gmt":"2023-06-08T17:20:59","slug":"unternehmensfuehrung","status":"publish","type":"page","link":"https:\/\/www.cayebank.bz\/de\/unternehmensfuehrung\/","title":{"rendered":"Unternehmensf\u00fchrung"},"content":{"rendered":"\t\t<div data-elementor-type=\"wp-page\" data-elementor-id=\"11928\" class=\"elementor elementor-11928\" data-elementor-post-type=\"page\">\n\t\t\t\t\t\t<section class=\"elementor-section elementor-top-section elementor-element elementor-element-3fab737 elementor-section-full_width elementor-section-height-default elementor-section-height-default\" data-id=\"3fab737\" data-element_type=\"section\" data-e-type=\"section\" data-settings=\"{&quot;background_background&quot;:&quot;classic&quot;}\">\n\t\t\t\t\t\t<div class=\"elementor-container elementor-column-gap-default\">\n\t\t\t\t\t<div class=\"elementor-column elementor-col-100 elementor-top-column elementor-element elementor-element-136e058\" data-id=\"136e058\" data-element_type=\"column\" data-e-type=\"column\">\n\t\t\t<div class=\"elementor-widget-wrap elementor-element-populated\">\n\t\t\t\t\t\t<section class=\"elementor-section elementor-inner-section elementor-element elementor-element-f55acbb elementor-section-boxed elementor-section-height-default elementor-section-height-default\" data-id=\"f55acbb\" data-element_type=\"section\" data-e-type=\"section\">\n\t\t\t\t\t\t<div class=\"elementor-container elementor-column-gap-default\">\n\t\t\t\t\t<div class=\"elementor-column elementor-col-33 elementor-inner-column elementor-element elementor-element-3d5ec9b\" data-id=\"3d5ec9b\" data-element_type=\"column\" data-e-type=\"column\">\n\t\t\t<div class=\"elementor-widget-wrap\">\n\t\t\t\t\t\t\t<\/div>\n\t\t<\/div>\n\t\t\t\t<div class=\"elementor-column elementor-col-33 elementor-inner-column elementor-element elementor-element-84e8e29\" data-id=\"84e8e29\" data-element_type=\"column\" data-e-type=\"column\" data-settings=\"{&quot;background_background&quot;:&quot;classic&quot;}\">\n\t\t\t<div class=\"elementor-widget-wrap elementor-element-populated\">\n\t\t\t\t\t\t<div class=\"elementor-element elementor-element-c382aef elementor-widget elementor-widget-heading\" data-id=\"c382aef\" data-element_type=\"widget\" data-e-type=\"widget\" data-widget_type=\"heading.default\">\n\t\t\t\t<div class=\"elementor-widget-container\">\n\t\t\t\t\t<h2 class=\"elementor-heading-title elementor-size-default\">Unternehmensf\u00fchrung<\/h2>\t\t\t\t<\/div>\n\t\t\t\t<\/div>\n\t\t\t\t\t<\/div>\n\t\t<\/div>\n\t\t\t\t<div class=\"elementor-column elementor-col-33 elementor-inner-column elementor-element elementor-element-88fa5d9\" data-id=\"88fa5d9\" data-element_type=\"column\" data-e-type=\"column\">\n\t\t\t<div class=\"elementor-widget-wrap\">\n\t\t\t\t\t\t\t<\/div>\n\t\t<\/div>\n\t\t\t\t\t<\/div>\n\t\t<\/section>\n\t\t\t\t\t<\/div>\n\t\t<\/div>\n\t\t\t\t\t<\/div>\n\t\t<\/section>\n\t\t\t\t<section class=\"elementor-section elementor-top-section elementor-element elementor-element-2e71825 elementor-section-boxed elementor-section-height-default elementor-section-height-default\" data-id=\"2e71825\" data-element_type=\"section\" data-e-type=\"section\">\n\t\t\t\t\t\t<div class=\"elementor-container elementor-column-gap-default\">\n\t\t\t\t\t<div class=\"elementor-column elementor-col-100 elementor-top-column elementor-element elementor-element-7b8b47f\" data-id=\"7b8b47f\" data-element_type=\"column\" data-e-type=\"column\">\n\t\t\t<div class=\"elementor-widget-wrap elementor-element-populated\">\n\t\t\t\t\t\t<div class=\"elementor-element elementor-element-edca1a8 elementor-widget elementor-widget-heading\" data-id=\"edca1a8\" data-element_type=\"widget\" data-e-type=\"widget\" data-widget_type=\"heading.default\">\n\t\t\t\t<div class=\"elementor-widget-container\">\n\t\t\t\t\t<h2 class=\"elementor-heading-title elementor-size-default\">Governance<\/h2>\t\t\t\t<\/div>\n\t\t\t\t<\/div>\n\t\t\t\t\t<\/div>\n\t\t<\/div>\n\t\t\t\t\t<\/div>\n\t\t<\/section>\n\t\t\t\t<section class=\"elementor-section elementor-top-section elementor-element elementor-element-3394b4e elementor-section-boxed elementor-section-height-default elementor-section-height-default\" data-id=\"3394b4e\" data-element_type=\"section\" data-e-type=\"section\">\n\t\t\t\t\t\t<div class=\"elementor-container elementor-column-gap-default\">\n\t\t\t\t\t<div class=\"elementor-column elementor-col-50 elementor-top-column elementor-element elementor-element-ede5606\" data-id=\"ede5606\" data-element_type=\"column\" data-e-type=\"column\">\n\t\t\t<div class=\"elementor-widget-wrap elementor-element-populated\">\n\t\t\t\t\t\t<div class=\"elementor-element elementor-element-b3deae9 elementor-position-left elementor-vertical-align-top elementor-widget elementor-widget-image-box\" data-id=\"b3deae9\" data-element_type=\"widget\" data-e-type=\"widget\" data-widget_type=\"image-box.default\">\n\t\t\t\t<div class=\"elementor-widget-container\">\n\t\t\t\t\t<div class=\"elementor-image-box-wrapper\"><figure class=\"elementor-image-box-img\"><img decoding=\"async\" src=\"https:\/\/www.cayebank.bz\/wp-content\/uploads\/elementor\/thumbs\/Joel-02-qlmz23wceafvqnx7awhigxu7uitocyeersyrt68ydo.jpg\" title=\"Joel-02.jpg\" alt=\"Joel-02.jpg\" loading=\"lazy\" \/><\/figure><div class=\"elementor-image-box-content\"><h3 class=\"elementor-image-box-title\">Botschafter Joel Nagel<\/h3><p class=\"elementor-image-box-description\">Vorsitzender und Mitbegr\u00fcnder<\/p><\/div><\/div>\t\t\t\t<\/div>\n\t\t\t\t<\/div>\n\t\t\t\t<div class=\"elementor-element elementor-element-e5891c7 elementor-widget elementor-widget-text-editor\" data-id=\"e5891c7\" data-element_type=\"widget\" data-e-type=\"widget\" data-widget_type=\"text-editor.default\">\n\t\t\t\t<div class=\"elementor-widget-container\">\n\t\t\t\t\t\t\t\t\t<p>ist der Gr\u00fcnder und Senior Managing Partner von Nagel &amp; Associates, LLC mit Sitz in Pittsburgh. Seit 27 Jahren ist Joel im Bereich des internationalen Wirtschaftsrechts t\u00e4tig. Seine juristische und gesch\u00e4ftliche Erfahrung erstreckt sich auf 41 L\u00e4nder, wobei er auch in Belize viel Erfahrung gesammelt hat. Er ist Fulbright-Stipendiat und studierte an der Rheinischen-Friedrich-Wilhelms-Universit\u00e4t in Bonn und an der Haager Akademie f\u00fcr Internationales Recht in Den Haag, Niederlande. Joel hat Abschl\u00fcsse vom Allegheny College in Pennsylvania, der West Virginia University und dem Georgetown University Law Center in Washington, D.C.<\/p>\n\t\t\t\t\t\t\t\t<\/div>\n\t\t\t\t<\/div>\n\t\t\t\t\t<\/div>\n\t\t<\/div>\n\t\t\t\t<div class=\"elementor-column elementor-col-50 elementor-top-column elementor-element elementor-element-eb82277\" data-id=\"eb82277\" data-element_type=\"column\" data-e-type=\"column\">\n\t\t\t<div class=\"elementor-widget-wrap elementor-element-populated\">\n\t\t\t\t\t\t<div class=\"elementor-element elementor-element-16be128 elementor-position-left elementor-vertical-align-top elementor-widget elementor-widget-image-box\" data-id=\"16be128\" data-element_type=\"widget\" data-e-type=\"widget\" data-widget_type=\"image-box.default\">\n\t\t\t\t<div class=\"elementor-widget-container\">\n\t\t\t\t\t<div class=\"elementor-image-box-wrapper\"><figure class=\"elementor-image-box-img\"><img decoding=\"async\" src=\"https:\/\/www.cayebank.bz\/wp-content\/uploads\/elementor\/thumbs\/IMG_5015-scaled-1-qlmz25s1545dvaalblk48r0nchtwdvkl7lnam5bc1k.jpg\" title=\"IMG_5015-scaled.jpg\" alt=\"IMG_5015-scaled.jpg\" loading=\"lazy\" \/><\/figure><div class=\"elementor-image-box-content\"><h3 class=\"elementor-image-box-title\">Michael K. Cobb<\/h3><p class=\"elementor-image-box-description\">Direktor und Mitbegr\u00fcnder<\/p><\/div><\/div>\t\t\t\t<\/div>\n\t\t\t\t<\/div>\n\t\t\t\t<div class=\"elementor-element elementor-element-8ca78ee elementor-widget elementor-widget-text-editor\" data-id=\"8ca78ee\" data-element_type=\"widget\" data-e-type=\"widget\" data-widget_type=\"text-editor.default\">\n\t\t\t\t<div class=\"elementor-widget-container\">\n\t\t\t\t\t\t\t\t\t<p>ist Chief Executive Officer von ECI Development, Ltd, einem gro\u00dfen mittelamerikanischen Erschlie\u00dfungsunternehmen, das in der gesamten Region gemischt genutzte, gemeinschaftsorientierte Stadtviertel errichtet. Auf dem H\u00f6hepunkt seiner erfolgreichen Karriere in der Computerbranche verlie\u00df Mike das Unternehmen, um auf den aufstrebenden Immobilienm\u00e4rkten Zentralamerikas neue Wege zu beschreiten. Mit einem starken Fokus auf die Bed\u00fcrfnisse der Verbraucher sagte er den wachsenden Bedarf an qualitativ hochwertigen Wohnprodukten f\u00fcr nordamerikanische Babyboomer-Rentner in der Region genau voraus. Mike ist ein Absolvent des Allegheny College in Pennsylvania.<\/p><\/p>\n\t\t\t\t\t\t\t\t<\/div>\n\t\t\t\t<\/div>\n\t\t\t\t\t<\/div>\n\t\t<\/div>\n\t\t\t\t\t<\/div>\n\t\t<\/section>\n\t\t\t\t<section class=\"elementor-section elementor-top-section elementor-element elementor-element-fd6446a elementor-section-boxed elementor-section-height-default elementor-section-height-default\" data-id=\"fd6446a\" data-element_type=\"section\" data-e-type=\"section\">\n\t\t\t\t\t\t<div class=\"elementor-container elementor-column-gap-default\">\n\t\t\t\t\t<div class=\"elementor-column elementor-col-50 elementor-top-column elementor-element elementor-element-2ff454e\" data-id=\"2ff454e\" data-element_type=\"column\" data-e-type=\"column\">\n\t\t\t<div class=\"elementor-widget-wrap elementor-element-populated\">\n\t\t\t\t\t\t<div class=\"elementor-element elementor-element-6af8bb7 elementor-position-left elementor-vertical-align-top elementor-widget elementor-widget-image-box\" data-id=\"6af8bb7\" data-element_type=\"widget\" data-e-type=\"widget\" data-widget_type=\"image-box.default\">\n\t\t\t\t<div class=\"elementor-widget-container\">\n\t\t\t\t\t<div class=\"elementor-image-box-wrapper\"><figure class=\"elementor-image-box-img\"><img decoding=\"async\" src=\"https:\/\/www.cayebank.bz\/wp-content\/uploads\/elementor\/thumbs\/IMG_5019_0-scaled-1-qlmz2ccw3srgn5kwxi55ldpd6znza8bzsyu54nweto.jpg\" title=\"IMG_5019_0-scaled.jpg\" alt=\"IMG_5019_0-scaled.jpg\" loading=\"lazy\" \/><\/figure><div class=\"elementor-image-box-content\"><h3 class=\"elementor-image-box-title\">Peter Zipper<\/h3><p class=\"elementor-image-box-description\">Emeritierter Pr\u00e4sident<\/p><\/div><\/div>\t\t\t\t<\/div>\n\t\t\t\t<\/div>\n\t\t\t\t<div class=\"elementor-element elementor-element-caf1651 elementor-widget elementor-widget-text-editor\" data-id=\"caf1651\" data-element_type=\"widget\" data-e-type=\"widget\" data-widget_type=\"text-editor.default\">\n\t\t\t\t<div class=\"elementor-widget-container\">\n\t\t\t\t\t\t\t\t\t<p>Nach seiner Pensionierung bei der Anglo Irish Bank (\u00d6sterreich) als Senior Vice President und Mitglied des Management- und Investitionsausschusses kam Peter zur Caye International Bank. als Pr\u00e4sident im Jahr 2006. Peter hat am Geographischen Institut in Wien, \u00d6sterreich, einen Abschluss in Geographie und Kartographie erworben. Unmittelbar nach dem Besuch der \u00f6sterreichischen Milit\u00e4rakademie leistete er w\u00e4hrend des Zypernkonflikts aktiven Dienst bei den Friedenstruppen der Vereinten Nationen. Er schied mit Auszeichnung als Offizier der Infanterie aus dem Milit\u00e4r aus.<\/p><\/p>\n\t\t\t\t\t\t\t\t<\/div>\n\t\t\t\t<\/div>\n\t\t\t\t\t<\/div>\n\t\t<\/div>\n\t\t\t\t<div class=\"elementor-column elementor-col-50 elementor-top-column elementor-element elementor-element-c2e81cc\" data-id=\"c2e81cc\" data-element_type=\"column\" data-e-type=\"column\">\n\t\t\t<div class=\"elementor-widget-wrap elementor-element-populated\">\n\t\t\t\t\t\t<div class=\"elementor-element elementor-element-b28fbd7 elementor-position-left elementor-vertical-align-top elementor-widget elementor-widget-image-box\" data-id=\"b28fbd7\" data-element_type=\"widget\" data-e-type=\"widget\" data-widget_type=\"image-box.default\">\n\t\t\t\t<div class=\"elementor-widget-container\">\n\t\t\t\t\t<div class=\"elementor-image-box-wrapper\"><figure class=\"elementor-image-box-img\"><img decoding=\"async\" src=\"https:\/\/www.cayebank.bz\/wp-content\/uploads\/elementor\/thumbs\/Eddie-Littlefield-qlhqza2p0tbofjdjicjksuwt7gn0s6n7yuq7aekeyg.jpg\" title=\"Eddie-Littlefield.jpg\" alt=\"Eddie-Littlefield.jpg\" loading=\"lazy\" \/><\/figure><div class=\"elementor-image-box-content\"><h3 class=\"elementor-image-box-title\">John \"Eddie\" Littlefield<\/h3><p class=\"elementor-image-box-description\">Nicht-exekutiver Direktor<\/p><\/div><\/div>\t\t\t\t<\/div>\n\t\t\t\t<\/div>\n\t\t\t\t<div class=\"elementor-element elementor-element-8707d7e elementor-widget elementor-widget-text-editor\" data-id=\"8707d7e\" data-element_type=\"widget\" data-e-type=\"widget\" data-widget_type=\"text-editor.default\">\n\t\t\t\t<div class=\"elementor-widget-container\">\n\t\t\t\t\t\t\t\t\t<p>ist der Pr\u00e4sident und CEO der David Drye Companies. DDC ist ein regionales Bau- und Verwaltungsunternehmen, das sich auf Mehrfamilienh\u00e4user konzentriert. Seit 1998 hat er erfolgreich Finanzierungen in H\u00f6he von \u00fcber 800.000.000 $ f\u00fcr Dauer- und Baudarlehen f\u00fcr Mehrfamilienh\u00e4user und Hotelimmobilien vermittelt. Er ist au\u00dferdem Eigent\u00fcmer und Betreiber von Lamborghini Carolinas, einem autorisierten Lamborghini-Franchiseunternehmen, und Carolina AutoSports, einem unabh\u00e4ngigen Vertriebs- und Serviceunternehmen. Eddie ist ein Absolvent des Montreat Anderson College in North Carolina.<\/p><\/p>\n\t\t\t\t\t\t\t\t<\/div>\n\t\t\t\t<\/div>\n\t\t\t\t\t<\/div>\n\t\t<\/div>\n\t\t\t\t\t<\/div>\n\t\t<\/section>\n\t\t\t\t<section class=\"elementor-section elementor-top-section elementor-element elementor-element-d82b262 elementor-section-boxed elementor-section-height-default elementor-section-height-default\" data-id=\"d82b262\" data-element_type=\"section\" data-e-type=\"section\">\n\t\t\t\t\t\t<div class=\"elementor-container elementor-column-gap-default\">\n\t\t\t\t\t<div class=\"elementor-column elementor-col-50 elementor-top-column elementor-element elementor-element-d04a2d7\" data-id=\"d04a2d7\" data-element_type=\"column\" data-e-type=\"column\">\n\t\t\t<div class=\"elementor-widget-wrap elementor-element-populated\">\n\t\t\t\t\t\t<div class=\"elementor-element elementor-element-388cb86 elementor-position-left elementor-vertical-align-top elementor-widget elementor-widget-image-box\" data-id=\"388cb86\" data-element_type=\"widget\" data-e-type=\"widget\" data-widget_type=\"image-box.default\">\n\t\t\t\t<div class=\"elementor-widget-container\">\n\t\t\t\t\t<div class=\"elementor-image-box-wrapper\"><figure class=\"elementor-image-box-img\"><img decoding=\"async\" src=\"https:\/\/www.cayebank.bz\/wp-content\/uploads\/elementor\/thumbs\/Kenneth-Skorenko-155-2-1-qlhqyhvjbs92r8ii30crq20zdwi0d9j9uz5mw3q854.jpg\" title=\"Kenneth Skorenko-155-2\" alt=\"Kenneth Skorenko-155-2\" loading=\"lazy\" \/><\/figure><div class=\"elementor-image-box-content\"><h3 class=\"elementor-image-box-title\">Dr. Kenneth Skorenko<\/h3><p class=\"elementor-image-box-description\">Nicht-exekutiver Direktor<\/p><\/div><\/div>\t\t\t\t<\/div>\n\t\t\t\t<\/div>\n\t\t\t\t<div class=\"elementor-element elementor-element-930f38f elementor-widget elementor-widget-text-editor\" data-id=\"930f38f\" data-element_type=\"widget\" data-e-type=\"widget\" data-widget_type=\"text-editor.default\">\n\t\t\t\t<div class=\"elementor-widget-container\">\n\t\t\t\t\t\t\t\t\t<p>ist ein Absolvent der Rutgers Medical School in Newark, New Jersey. Er besuchte das Stevens Institute of Technology f\u00fcr sein Grundstudium in Chemie und schloss mit einem Bachelor in Naturwissenschaften ab. Er absolvierte seine Facharztausbildung am Monmouth Medical Center, Abteilung f\u00fcr Gyn\u00e4kologie und Geburtshilfe in Long Branch, New Jersey. Er hat mehrere Privatpraxen in: West Long Branch, Middletown und Lakewood, New Jersey, wo er seit fast vier Jahrzehnten praktiziert. Seit Mitte 2019 ist er als nicht gesch\u00e4ftsf\u00fchrendes Verwaltungsratsmitglied bei der Caye International Bank in Belize t\u00e4tig.<\/p>\n\t\t\t\t\t\t\t\t<\/div>\n\t\t\t\t<\/div>\n\t\t\t\t\t<\/div>\n\t\t<\/div>\n\t\t\t\t<div class=\"elementor-column elementor-col-50 elementor-top-column elementor-element elementor-element-af62000\" data-id=\"af62000\" data-element_type=\"column\" data-e-type=\"column\">\n\t\t\t<div class=\"elementor-widget-wrap elementor-element-populated\">\n\t\t\t\t\t\t<div class=\"elementor-element elementor-element-5019d2d elementor-position-left elementor-vertical-align-top elementor-widget elementor-widget-image-box\" data-id=\"5019d2d\" data-element_type=\"widget\" data-e-type=\"widget\" data-widget_type=\"image-box.default\">\n\t\t\t\t<div class=\"elementor-widget-container\">\n\t\t\t\t\t<div class=\"elementor-image-box-wrapper\"><figure class=\"elementor-image-box-img\"><img decoding=\"async\" src=\"https:\/\/www.cayebank.bz\/wp-content\/uploads\/elementor\/thumbs\/H-Douglas-Russell-3-qll89i1s7hhjb8fkl279khf2pjegnq3jagvueh4s9c.jpg\" title=\"H-Douglas-Russell-3.jpg\" alt=\"H-Douglas-Russell-3.jpg\" loading=\"lazy\" \/><\/figure><div class=\"elementor-image-box-content\"><h3 class=\"elementor-image-box-title\">H. Douglas Russell<\/h3><p class=\"elementor-image-box-description\">Direktor Emeritus<\/p><\/div><\/div>\t\t\t\t<\/div>\n\t\t\t\t<\/div>\n\t\t\t\t<div class=\"elementor-element elementor-element-d171285 elementor-widget elementor-widget-text-editor\" data-id=\"d171285\" data-element_type=\"widget\" data-e-type=\"widget\" data-widget_type=\"text-editor.default\">\n\t\t\t\t<div class=\"elementor-widget-container\">\n\t\t\t\t\t\t\t\t\t<p>gr\u00fcndete HD Russell and Associates in Charlotte, North Carolina, ein Vertriebsunternehmen f\u00fcr Lastkraftwagen und Abfallbehandlungsger\u00e4te sowie Carolina Waste Systems, Inc. ein Abfalldienstleistungsunternehmen. Doug begann seine Bankkarriere 1981 und diente der First Union National Bank als City Advisory Director. Im Jahr 1992 diente er der South Trust Bank als Staatsdirektor. Als Wachovia South Trust \u00fcbernahm, war er Mitglied des \u00f6rtlichen Wachovia-Vorstands. Im Jahr 2005 war Doug ein Gr\u00fcndungsmitglied der New Dominion Bank in Charlotte, North Carolina, USA.<\/p>\n\t\t\t\t\t\t\t\t<\/div>\n\t\t\t\t<\/div>\n\t\t\t\t\t<\/div>\n\t\t<\/div>\n\t\t\t\t\t<\/div>\n\t\t<\/section>\n\t\t\t\t<\/div>\n\t\t","protected":false},"excerpt":{"rendered":"<p>Unternehmensf\u00fchrung Governance Botschafter Joel Nagel Vorsitzender und Mitbegr\u00fcnder ist der Gr\u00fcnder und Senior Managing Partner von Nagel &amp; Associates, LLC mit Sitz in Pittsburgh. Seit 27 Jahren ist Joel im Bereich des internationalen Wirtschaftsrechts t\u00e4tig. Seine juristische und gesch\u00e4ftliche Erfahrung erstreckt sich auf 41 L\u00e4nder, wobei er auch in Belize viel Erfahrung gesammelt hat. Er [&hellip;]<\/p>\n","protected":false},"author":6,"featured_media":0,"parent":0,"menu_order":0,"comment_status":"closed","ping_status":"closed","template":"elementor_header_footer","meta":{"content-type":"","footnotes":""},"class_list":["post-11928","page","type-page","status-publish","hentry"],"_links":{"self":[{"href":"https:\/\/www.cayebank.bz\/de\/wp-json\/wp\/v2\/pages\/11928","targetHints":{"allow":["GET"]}}],"collection":[{"href":"https:\/\/www.cayebank.bz\/de\/wp-json\/wp\/v2\/pages"}],"about":[{"href":"https:\/\/www.cayebank.bz\/de\/wp-json\/wp\/v2\/types\/page"}],"author":[{"embeddable":true,"href":"https:\/\/www.cayebank.bz\/de\/wp-json\/wp\/v2\/users\/6"}],"replies":[{"embeddable":true,"href":"https:\/\/www.cayebank.bz\/de\/wp-json\/wp\/v2\/comments?post=11928"}],"version-history":[{"count":7,"href":"https:\/\/www.cayebank.bz\/de\/wp-json\/wp\/v2\/pages\/11928\/revisions"}],"predecessor-version":[{"id":14743,"href":"https:\/\/www.cayebank.bz\/de\/wp-json\/wp\/v2\/pages\/11928\/revisions\/14743"}],"wp:attachment":[{"href":"https:\/\/www.cayebank.bz\/de\/wp-json\/wp\/v2\/media?parent=11928"}],"curies":[{"name":"wp","href":"https:\/\/api.w.org\/{rel}","templated":true}]}}