{"id":11912,"date":"2023-04-13T05:53:29","date_gmt":"2023-04-13T11:53:29","guid":{"rendered":"https:\/\/www.cayebank.bz\/begruessung-durch-den-vorsitzenden\/"},"modified":"2023-06-08T07:40:54","modified_gmt":"2023-06-08T13:40:54","slug":"begruessung-durch-den-vorsitzenden","status":"publish","type":"page","link":"https:\/\/www.cayebank.bz\/de\/begruessung-durch-den-vorsitzenden\/","title":{"rendered":"Begr\u00fc\u00dfung durch den Vorsitzenden"},"content":{"rendered":"\t\t<div data-elementor-type=\"wp-page\" data-elementor-id=\"11912\" class=\"elementor elementor-11912\" data-elementor-post-type=\"page\">\n\t\t\t\t\t\t<section class=\"elementor-section elementor-top-section elementor-element elementor-element-624a9ab elementor-section-full_width elementor-section-height-default elementor-section-height-default\" data-id=\"624a9ab\" data-element_type=\"section\" data-e-type=\"section\" data-settings=\"{&quot;background_background&quot;:&quot;classic&quot;}\">\n\t\t\t\t\t\t<div class=\"elementor-container elementor-column-gap-default\">\n\t\t\t\t\t<div class=\"elementor-column elementor-col-100 elementor-top-column elementor-element elementor-element-9b99c09\" data-id=\"9b99c09\" data-element_type=\"column\" data-e-type=\"column\">\n\t\t\t<div class=\"elementor-widget-wrap elementor-element-populated\">\n\t\t\t\t\t\t<section class=\"elementor-section elementor-inner-section elementor-element elementor-element-eab83a2 elementor-section-boxed elementor-section-height-default elementor-section-height-default\" data-id=\"eab83a2\" data-element_type=\"section\" data-e-type=\"section\">\n\t\t\t\t\t\t<div class=\"elementor-container elementor-column-gap-default\">\n\t\t\t\t\t<div class=\"elementor-column elementor-col-33 elementor-inner-column elementor-element elementor-element-6cb7483\" data-id=\"6cb7483\" data-element_type=\"column\" data-e-type=\"column\">\n\t\t\t<div class=\"elementor-widget-wrap\">\n\t\t\t\t\t\t\t<\/div>\n\t\t<\/div>\n\t\t\t\t<div class=\"elementor-column elementor-col-33 elementor-inner-column elementor-element elementor-element-dbac0eb\" data-id=\"dbac0eb\" data-element_type=\"column\" data-e-type=\"column\" data-settings=\"{&quot;background_background&quot;:&quot;classic&quot;}\">\n\t\t\t<div class=\"elementor-widget-wrap elementor-element-populated\">\n\t\t\t\t\t\t<div class=\"elementor-element elementor-element-6c0827b elementor-widget elementor-widget-heading\" data-id=\"6c0827b\" data-element_type=\"widget\" data-e-type=\"widget\" data-widget_type=\"heading.default\">\n\t\t\t\t<div class=\"elementor-widget-container\">\n\t\t\t\t\t<h2 class=\"elementor-heading-title elementor-size-default\">Begr\u00fc\u00dfung durch den Vorsitzenden<\/h2>\t\t\t\t<\/div>\n\t\t\t\t<\/div>\n\t\t\t\t<div class=\"elementor-element elementor-element-be17c21 elementor-widget elementor-widget-text-editor\" data-id=\"be17c21\" data-element_type=\"widget\" data-e-type=\"widget\" data-widget_type=\"text-editor.default\">\n\t\t\t\t<div class=\"elementor-widget-container\">\n\t\t\t\t\t\t\t\t\t<p style=\"text-align: center;\">Botschafter Joel Nagel<\/p>\n\t\t\t\t\t\t\t\t<\/div>\n\t\t\t\t<\/div>\n\t\t\t\t\t<\/div>\n\t\t<\/div>\n\t\t\t\t<div class=\"elementor-column elementor-col-33 elementor-inner-column elementor-element elementor-element-3cf61fd\" data-id=\"3cf61fd\" data-element_type=\"column\" data-e-type=\"column\">\n\t\t\t<div class=\"elementor-widget-wrap\">\n\t\t\t\t\t\t\t<\/div>\n\t\t<\/div>\n\t\t\t\t\t<\/div>\n\t\t<\/section>\n\t\t\t\t\t<\/div>\n\t\t<\/div>\n\t\t\t\t\t<\/div>\n\t\t<\/section>\n\t\t\t\t<section class=\"elementor-section elementor-top-section elementor-element elementor-element-4115f9aa elementor-section-boxed elementor-section-height-default elementor-section-height-default\" data-id=\"4115f9aa\" data-element_type=\"section\" data-e-type=\"section\">\n\t\t\t\t\t\t<div class=\"elementor-container elementor-column-gap-default\">\n\t\t\t\t\t<div class=\"elementor-column elementor-col-50 elementor-top-column elementor-element elementor-element-56ea02bc\" data-id=\"56ea02bc\" data-element_type=\"column\" data-e-type=\"column\">\n\t\t\t<div class=\"elementor-widget-wrap elementor-element-populated\">\n\t\t\t\t\t\t<div class=\"elementor-element elementor-element-d0dcdb8 elementor-widget elementor-widget-image\" data-id=\"d0dcdb8\" data-element_type=\"widget\" data-e-type=\"widget\" data-widget_type=\"image.default\">\n\t\t\t\t<div class=\"elementor-widget-container\">\n\t\t\t\t\t\t\t\t\t\t\t\t\t\t\t<img fetchpriority=\"high\" decoding=\"async\" width=\"325\" height=\"406\" src=\"https:\/\/www.cayebank.bz\/wp-content\/uploads\/2023\/05\/Joel-02.jpg\" class=\"attachment-large size-large wp-image-9062\" alt=\"\" srcset=\"https:\/\/www.cayebank.bz\/wp-content\/uploads\/2023\/05\/Joel-02.jpg 325w, https:\/\/www.cayebank.bz\/wp-content\/uploads\/2023\/05\/Joel-02-240x300.jpg 240w\" sizes=\"(max-width: 325px) 100vw, 325px\" \/>\t\t\t\t\t\t\t\t\t\t\t\t\t\t\t<\/div>\n\t\t\t\t<\/div>\n\t\t\t\t\t<\/div>\n\t\t<\/div>\n\t\t\t\t<div class=\"elementor-column elementor-col-50 elementor-top-column elementor-element elementor-element-de7a049\" data-id=\"de7a049\" data-element_type=\"column\" data-e-type=\"column\">\n\t\t\t<div class=\"elementor-widget-wrap elementor-element-populated\">\n\t\t\t\t\t\t<div class=\"elementor-element elementor-element-d1875e5 elementor-widget elementor-widget-text-editor\" data-id=\"d1875e5\" data-element_type=\"widget\" data-e-type=\"widget\" data-widget_type=\"text-editor.default\">\n\t\t\t\t<div class=\"elementor-widget-container\">\n\t\t\t\t\t\t\t\t\t<h2>Botschafter Joel Nagel<\/h2>\n<p>Angefangen mit der Vision der Gr\u00fcndung von Caye durch den Vorstandsvorsitzenden: Michael Cobb im Jahr 1996, hat sich diese junge Bank von ihren Anf\u00e4ngen als Hypothekenbank und ab 2003 als Bank bemerkenswert entwickelt. Mit ihrem st\u00e4ndig wachsenden internationalen Kundenstamm und ihrem Netzwerk globaler strategischer Allianzen ist die Bank bestens ger\u00fcstet, ihr Wachstum auch in Zukunft fortzusetzen.<\/p>\n<p><span style=\"background-color: var( --e-global-color-17794e9 ); color: var( --e-global-color-text ); font-family: var( --e-global-typography-text-font-family ), Sans-serif; font-size: var( --e-global-typography-text-font-size ); font-style: var( --e-global-typography-text-font-style ); font-weight: var( --e-global-typography-text-font-weight ); letter-spacing: var( --e-global-typography-text-letter-spacing ); text-transform: var( --e-global-typography-text-text-transform ); word-spacing: var( --e-global-typography-text-word-spacing );\">Der Erfolg der Bank wurde mit Hilfe von vision\u00e4ren Vorstandsmitgliedern, engagierten Mitarbeitern und treuen Kunden erm\u00f6glicht. Es gab auch viele andere, die die treibende Kraft und den Weitblick hatten, die Bausteine f\u00fcr die Bank zu legen, und f\u00fcr ihre Bem\u00fchungen bin ich wirklich dankbar. Die derzeitigen Direktoren der Bank bieten Orientierung und F\u00fchrung, die f\u00fcr uns alle bei der Caye International Bank eine Quelle der Motivation und Inspiration sind.<\/span><\/p><p><a href=\"https:\/\/www.cayebank.bz\/de\/joel-nagel\/\" style=\"font-family: var( --e-global-typography-text-font-family ), Sans-serif; font-size: var( --e-global-typography-text-font-size ); font-style: var( --e-global-typography-text-font-style ); font-weight: var( --e-global-typography-text-font-weight ); letter-spacing: var( --e-global-typography-text-letter-spacing ); text-transform: var( --e-global-typography-text-text-transform ); word-spacing: var( --e-global-typography-text-word-spacing );\">Joel Nagel<\/a><br><\/p>\n<p>Vorsitzender, Caye International Bank<\/p>\t\t\t\t\t\t\t\t<\/div>\n\t\t\t\t<\/div>\n\t\t\t\t\t<\/div>\n\t\t<\/div>\n\t\t\t\t\t<\/div>\n\t\t<\/section>\n\t\t\t\t<section class=\"elementor-section elementor-top-section elementor-element elementor-element-d90c029 elementor-section-boxed elementor-section-height-default elementor-section-height-default\" data-id=\"d90c029\" data-element_type=\"section\" data-e-type=\"section\" data-settings=\"{&quot;background_background&quot;:&quot;classic&quot;}\">\n\t\t\t\t\t\t<div class=\"elementor-container elementor-column-gap-default\">\n\t\t\t\t\t<div class=\"elementor-column elementor-col-100 elementor-top-column elementor-element elementor-element-7880377\" data-id=\"7880377\" data-element_type=\"column\" data-e-type=\"column\">\n\t\t\t<div class=\"elementor-widget-wrap elementor-element-populated\">\n\t\t\t\t\t\t<div class=\"elementor-element elementor-element-e978c06 elementor-blockquote--skin-quotation elementor-blockquote--align-center elementor-widget elementor-widget-blockquote\" data-id=\"e978c06\" data-element_type=\"widget\" data-e-type=\"widget\" data-widget_type=\"blockquote.default\">\n\t\t\t\t<div class=\"elementor-widget-container\">\n\t\t\t\t\t\t\t<blockquote class=\"elementor-blockquote\">\n\t\t\t<p class=\"elementor-blockquote__content\">\n\t\t\t\t<i>\"Als Vorsitzender des Verwaltungsrats bin ich stolz auf die fast zwei Jahrzehnte lange Erfolgsbilanz der Bank in der Region\".\n<\/i>\t\t\t<\/p>\n\t\t\t\t\t<\/blockquote>\n\t\t\t\t\t\t<\/div>\n\t\t\t\t<\/div>\n\t\t\t\t\t<\/div>\n\t\t<\/div>\n\t\t\t\t\t<\/div>\n\t\t<\/section>\n\t\t\t\t<section class=\"elementor-section elementor-top-section elementor-element elementor-element-7179ae0 elementor-section-boxed elementor-section-height-default elementor-section-height-default\" data-id=\"7179ae0\" data-element_type=\"section\" data-e-type=\"section\">\n\t\t\t\t\t\t<div class=\"elementor-container elementor-column-gap-default\">\n\t\t\t\t\t<div class=\"elementor-column elementor-col-100 elementor-top-column elementor-element elementor-element-fc15eef\" data-id=\"fc15eef\" data-element_type=\"column\" data-e-type=\"column\">\n\t\t\t<div class=\"elementor-widget-wrap elementor-element-populated\">\n\t\t\t\t\t\t<div class=\"elementor-element elementor-element-facb36c elementor-widget elementor-widget-text-editor\" data-id=\"facb36c\" data-element_type=\"widget\" data-e-type=\"widget\" data-widget_type=\"text-editor.default\">\n\t\t\t\t<div class=\"elementor-widget-container\">\n\t\t\t\t\t\t\t\t\t<p>Die Caye International Bank ist heute eine der bedeutendsten Banken in Belize und die einzige, die sich ausschlie\u00dflich auf den internationalen Markt konzentriert. Mit einem der h\u00f6chsten Liquidit\u00e4tskoeffizienten aller Banken weltweit kann Caye auf eine fast 20-j\u00e4hrige Erfolgsgeschichte mit starken operativen Ergebnissen zur\u00fcckblicken. Caye hat es sich zur Aufgabe gemacht, Finanzdienstleistungen auf der Grundlage von Vertrauensw\u00fcrdigkeit und starken Unternehmenswerten zu erbringen, und diese Formel hat dazu gef\u00fchrt, dass die Bank mit einer diversifizierten Ertragsstruktur, einer Bilanz mit guter Qualit\u00e4t der Aktiva, diversifizierten Finanzierungsquellen und einer starken Kapitalbasis gewachsen ist.<\/p>\n<p><span style=\"color: var( --e-global-color-text ); font-family: var( --e-global-typography-text-font-family ), Sans-serif; font-size: var( --e-global-typography-text-font-size ); font-style: var( --e-global-typography-text-font-style ); font-weight: var( --e-global-typography-text-font-weight ); letter-spacing: var( --e-global-typography-text-letter-spacing ); text-transform: var( --e-global-typography-text-text-transform ); word-spacing: var( --e-global-typography-text-word-spacing ); background-color: var( --e-global-color-17794e9 );\">Das Ausma\u00df der wirtschaftlichen Aktivit\u00e4t und Stabilit\u00e4t in Belize und in der zentralamerikanischen Region hat Caye ein robustes Wachstum bei allen Kernprodukten der Bank erm\u00f6glicht. Dar\u00fcber hinaus sind wir davon \u00fcberzeugt, dass unser vielf\u00e4ltiges Angebot an internationalen Finanzdienstleistungen, das wir in den letzten zwei Jahrzehnten angeboten haben, eine wesentliche Rolle f\u00fcr das Wachstum und den Wohlstand nicht nur der Insel Ambergris Caye, sondern auch von Belize selbst gespielt hat.<\/span><\/p>\n<p><span style=\"color: var( --e-global-color-text ); font-family: var( --e-global-typography-text-font-family ), Sans-serif; font-size: var( --e-global-typography-text-font-size ); font-style: var( --e-global-typography-text-font-style ); font-weight: var( --e-global-typography-text-font-weight ); letter-spacing: var( --e-global-typography-text-letter-spacing ); text-transform: var( --e-global-typography-text-text-transform ); word-spacing: var( --e-global-typography-text-word-spacing ); background-color: var( --e-global-color-17794e9 );\">Die laufenden Investitionen der Bank werden in neue Produkte, Humankapital und Technologie flie\u00dfen, verbunden mit einer strategischen Diversifizierung in neue Gesch\u00e4ftsbereiche sowie einer verst\u00e4rkten Aufmerksamkeit f\u00fcr Risikomanagement, Liquidit\u00e4t und erfolgreiche regionale Diversifizierung. Ich bin davon \u00fcberzeugt, dass sich die Caye International Bank damit in den n\u00e4chsten Jahren als wichtiges Finanzinstitut in der Region Mittelamerika etablieren wird und eine Plattform f\u00fcr die Expansion in weiter entfernte internationale Rechtsr\u00e4ume erh\u00e4lt.<\/span><\/p>\n\t\t\t\t\t\t\t\t<\/div>\n\t\t\t\t<\/div>\n\t\t\t\t\t<\/div>\n\t\t<\/div>\n\t\t\t\t\t<\/div>\n\t\t<\/section>\n\t\t\t\t<\/div>\n\t\t","protected":false},"excerpt":{"rendered":"<p>Begr\u00fc\u00dfung durch den Vorsitzenden Botschafter Joel Nagel Botschafter Joel Nagel Angefangen mit der Vision der Gr\u00fcndung von Caye durch den Vorstandsvorsitzenden: Michael Cobb im Jahr 1996, hat sich diese junge Bank von ihren Anf\u00e4ngen als Hypothekenbank und ab 2003 als Bank bemerkenswert entwickelt. Mit ihrem st\u00e4ndig wachsenden internationalen Kundenstamm und ihrem Netzwerk globaler strategischer Allianzen [&hellip;]<\/p>\n","protected":false},"author":6,"featured_media":0,"parent":0,"menu_order":0,"comment_status":"closed","ping_status":"closed","template":"elementor_header_footer","meta":{"content-type":"","footnotes":""},"class_list":["post-11912","page","type-page","status-publish","hentry"],"_links":{"self":[{"href":"https:\/\/www.cayebank.bz\/de\/wp-json\/wp\/v2\/pages\/11912","targetHints":{"allow":["GET"]}}],"collection":[{"href":"https:\/\/www.cayebank.bz\/de\/wp-json\/wp\/v2\/pages"}],"about":[{"href":"https:\/\/www.cayebank.bz\/de\/wp-json\/wp\/v2\/types\/page"}],"author":[{"embeddable":true,"href":"https:\/\/www.cayebank.bz\/de\/wp-json\/wp\/v2\/users\/6"}],"replies":[{"embeddable":true,"href":"https:\/\/www.cayebank.bz\/de\/wp-json\/wp\/v2\/comments?post=11912"}],"version-history":[{"count":3,"href":"https:\/\/www.cayebank.bz\/de\/wp-json\/wp\/v2\/pages\/11912\/revisions"}],"predecessor-version":[{"id":14662,"href":"https:\/\/www.cayebank.bz\/de\/wp-json\/wp\/v2\/pages\/11912\/revisions\/14662"}],"wp:attachment":[{"href":"https:\/\/www.cayebank.bz\/de\/wp-json\/wp\/v2\/media?parent=11912"}],"curies":[{"name":"wp","href":"https:\/\/api.w.org\/{rel}","templated":true}]}}