{"id":11868,"date":"2023-04-13T06:11:30","date_gmt":"2023-04-13T12:11:30","guid":{"rendered":"https:\/\/www.cayebank.bz\/luigi-wewege\/"},"modified":"2023-06-09T01:27:33","modified_gmt":"2023-06-09T07:27:33","slug":"luigi-wewege","status":"publish","type":"page","link":"https:\/\/www.cayebank.bz\/de\/luigi-wewege\/","title":{"rendered":"Luigi Wewege"},"content":{"rendered":"\t\t<div data-elementor-type=\"wp-page\" data-elementor-id=\"11868\" class=\"elementor elementor-11868\" data-elementor-post-type=\"page\">\n\t\t\t\t\t\t<section class=\"elementor-section elementor-top-section elementor-element elementor-element-92e3f20 elementor-section-full_width elementor-section-height-default elementor-section-height-default\" data-id=\"92e3f20\" data-element_type=\"section\" data-e-type=\"section\" data-settings=\"{&quot;background_background&quot;:&quot;classic&quot;}\">\n\t\t\t\t\t\t<div class=\"elementor-container elementor-column-gap-default\">\n\t\t\t\t\t<div class=\"elementor-column elementor-col-100 elementor-top-column elementor-element elementor-element-07595da\" data-id=\"07595da\" data-element_type=\"column\" data-e-type=\"column\">\n\t\t\t<div class=\"elementor-widget-wrap elementor-element-populated\">\n\t\t\t\t\t\t<section class=\"elementor-section elementor-inner-section elementor-element elementor-element-c18192a elementor-section-boxed elementor-section-height-default elementor-section-height-default\" data-id=\"c18192a\" data-element_type=\"section\" data-e-type=\"section\">\n\t\t\t\t\t\t<div class=\"elementor-container elementor-column-gap-default\">\n\t\t\t\t\t<div class=\"elementor-column elementor-col-33 elementor-inner-column elementor-element elementor-element-83ed668\" data-id=\"83ed668\" data-element_type=\"column\" data-e-type=\"column\">\n\t\t\t<div class=\"elementor-widget-wrap\">\n\t\t\t\t\t\t\t<\/div>\n\t\t<\/div>\n\t\t\t\t<div class=\"elementor-column elementor-col-33 elementor-inner-column elementor-element elementor-element-a6e389c\" data-id=\"a6e389c\" data-element_type=\"column\" data-e-type=\"column\" data-settings=\"{&quot;background_background&quot;:&quot;classic&quot;}\">\n\t\t\t<div class=\"elementor-widget-wrap elementor-element-populated\">\n\t\t\t\t\t\t<div class=\"elementor-element elementor-element-ee53219 elementor-widget elementor-widget-heading\" data-id=\"ee53219\" data-element_type=\"widget\" data-e-type=\"widget\" data-widget_type=\"heading.default\">\n\t\t\t\t<div class=\"elementor-widget-container\">\n\t\t\t\t\t<h2 class=\"elementor-heading-title elementor-size-default\">Luigi Wewege<\/h2>\t\t\t\t<\/div>\n\t\t\t\t<\/div>\n\t\t\t\t\t<\/div>\n\t\t<\/div>\n\t\t\t\t<div class=\"elementor-column elementor-col-33 elementor-inner-column elementor-element elementor-element-8257679\" data-id=\"8257679\" data-element_type=\"column\" data-e-type=\"column\">\n\t\t\t<div class=\"elementor-widget-wrap\">\n\t\t\t\t\t\t\t<\/div>\n\t\t<\/div>\n\t\t\t\t\t<\/div>\n\t\t<\/section>\n\t\t\t\t\t<\/div>\n\t\t<\/div>\n\t\t\t\t\t<\/div>\n\t\t<\/section>\n\t\t\t\t<section class=\"elementor-section elementor-top-section elementor-element elementor-element-6cc594b elementor-section-boxed elementor-section-height-default elementor-section-height-default\" data-id=\"6cc594b\" data-element_type=\"section\" data-e-type=\"section\">\n\t\t\t\t\t\t<div class=\"elementor-container elementor-column-gap-default\">\n\t\t\t\t\t<div class=\"elementor-column elementor-col-100 elementor-top-column elementor-element elementor-element-5d53dc18\" data-id=\"5d53dc18\" data-element_type=\"column\" data-e-type=\"column\">\n\t\t\t<div class=\"elementor-widget-wrap elementor-element-populated\">\n\t\t\t\t\t\t<div class=\"elementor-element elementor-element-136d346b elementor-widget elementor-widget-text-editor\" data-id=\"136d346b\" data-element_type=\"widget\" data-e-type=\"widget\" data-widget_type=\"text-editor.default\">\n\t\t\t\t<div class=\"elementor-widget-container\">\n\t\t\t\t\t\t\t\t\t<h1 style=\"font-family: 'Encode Sans', sans-serif; color: #353535; font-weight: 400; font-size: 36px;\"><a href=\"https:\/\/www.cayebank.bz\/wp-content\/uploads\/2023\/04\/Luigi-Wewege.jpg\"><img fetchpriority=\"high\" decoding=\"async\" class=\" wp-image-4643 alignright\" src=\"https:\/\/www.cayebank.bz\/wp-content\/uploads\/2023\/04\/Luigi-Wewege-198x300.jpg\" alt=\"Luigi Wewege\" width=\"304\" height=\"461\" srcset=\"https:\/\/www.cayebank.bz\/wp-content\/uploads\/2023\/04\/Luigi-Wewege-198x300.jpg 198w, https:\/\/www.cayebank.bz\/wp-content\/uploads\/2023\/04\/Luigi-Wewege-676x1024.jpg 676w, https:\/\/www.cayebank.bz\/wp-content\/uploads\/2023\/04\/Luigi-Wewege-768x1164.jpg 768w, https:\/\/www.cayebank.bz\/wp-content\/uploads\/2023\/04\/Luigi-Wewege.jpg 792w\" sizes=\"(max-width: 304px) 100vw, 304px\" \/><\/a>Luigi Wewege<\/h1>\n<p>Luigi Wewege ist Pr\u00e4sident der Caye International Bank, die als eine der f\u00fchrenden Banken in der Karibik und Zentralamerika ausgezeichnet wurde. Luigi ist in mehreren internationalen Beratungsgremien t\u00e4tig, die verschiedene Branchen wie Verm\u00f6gensschutz, Blockchain, Edelmetalle und Verm\u00f6gensverwaltung abdecken.  <\/p>\n<p>Wewege ist ein regelm\u00e4\u00dfiger Redner, Vordenker und versierter Autor im Bereich Bankwesen und Finanzdienstleistungen. Zu seinen Ver\u00f6ffentlichungen z\u00e4hlen The Digital Banking Revolution (mittlerweile in der dritten Auflage) und Disruptions and Digital Banking Trends&#8220;, die im Journal of Applied Finance &amp; Banking ver\u00f6ffentlicht wurden. Luigi gibt sein Fachwissen auch als Ausbilder f\u00fcr die FinTech School in Kalifornien und \u00fcber seine Website <a href=\"https:\/\/www.luigiwewege.com\/\" target=\"_blank\" rel=\"noopener\">luigiwewege.com<\/a> weiter.<\/p>\n<h2>Caye International Bank &#8211; Struktur, Stabilit\u00e4t und Sicherheit<\/h2>\n<p>Unter Weweges F\u00fchrung ist Caye von der f\u00fcnftgr\u00f6\u00dften zur gr\u00f6\u00dften internationalen Bank in Belize aufgestiegen. Dieses Wachstum ist vor allem auf sein Engagement f\u00fcr ma\u00dfgeschneiderte Finanzl\u00f6sungen f\u00fcr Privat- und Firmenkunden weltweit zur\u00fcckzuf\u00fchren.<\/p>\n<p>In den 15 Jahren seiner vielf\u00e4ltigen internationalen Erfahrung im Finanzdienstleistungssektor hat Luigi ein umfassendes Fachwissen \u00fcber globale M\u00e4rkte und Investitionen erworben. Zuvor war er unter anderem Chief Executive Officer von Vivier, einem Boutique-Finanzunternehmen, Commercial Manager der Investment Research Group und Senior Consultant bei The Braintrust Network, einer ma\u00dfgeschneiderten Unternehmensberatung.<\/p>\n<p>Luigi wurde f\u00fcr seine Karriere mit mehreren Auszeichnungen geehrt, darunter der Private Banker of the Year Award 2021 f\u00fcr CARICOM und LATAM von den Zeitschriften International Investor und Pan Finance. Wewege wurde auch von seiner Alma Mater, der University of Missouri-St. Louis, ausgezeichnet. Louis mit dem Outstanding Young Alumni Award 2019 und dem UMSL Salute to Business Achievement Award for Outstanding Business Alumni 2017.<\/p>\n<p>Wewege erwarb einen MBA in International Business von der MIB Trieste School of Management in Italien und einen Bachelor-Abschluss in Wirtschaft mit Auszeichnung von der University of Missouri-St. Louisiana. Louis, wo er ein Dreifach-Majorat in den F\u00e4chern Finanzen, International Business und Management absolvierte.  <\/p>\n<p><span style=\"color: var( --e-global-color-text ); font-family: var( --e-global-typography-text-font-family ), Sans-serif; font-size: var( --e-global-typography-text-font-size ); font-style: var( --e-global-typography-text-font-style ); font-weight: var( --e-global-typography-text-font-weight ); letter-spacing: var( --e-global-typography-text-letter-spacing ); text-transform: var( --e-global-typography-text-text-transform ); word-spacing: var( --e-global-typography-text-word-spacing ); background-color: var( --e-global-color-17794e9 );\">W\u00e4hrend seines Studiums f\u00fchrte er eine Pilotstudie f\u00fcr die Federal Trade Commission durch, in der er die Genauigkeit der Daten amerikanischer Kreditb\u00fcros untersuchte. Die Untersuchung gipfelte in einem Bericht, der dem US-Kongress Ende 2009 gem\u00e4\u00df Abschnitt 319 des Fair and Accurate Credit Transactions Act von 2003 vorgelegt wurde.<\/span><\/p>\n<p>Neben seiner beruflichen T\u00e4tigkeit gr\u00fcndete Luigi seine eigene Stiftung, die j\u00e4hrlich ein Universit\u00e4tsstipendium vergibt. Er ist auch ehemaliger Pr\u00e4sident der Junior Chamber International &#8211; Metro. Wewege hat an einer Reihe von Leistungssportarten teilgenommen, vor allem war er nationaler Juniorenmeister im Schwimmen und erhielt ein NCAA-Stipendium f\u00fcr Golf.<\/p>\n<p>Wewege ist mit Idaliz, einem Partner in einer Anwaltskanzlei mit Sitz in Panama, verheiratet und hat einen Sohn, Liam, und einen langhaarigen Chihuahua namens Arnie.<\/p>\n\t\t\t\t\t\t\t\t<\/div>\n\t\t\t\t<\/div>\n\t\t\t\t\t<\/div>\n\t\t<\/div>\n\t\t\t\t\t<\/div>\n\t\t<\/section>\n\t\t\t\t<\/div>\n\t\t","protected":false},"excerpt":{"rendered":"<p>Luigi Wewege Luigi Wewege Luigi Wewege ist Pr\u00e4sident der Caye International Bank, die als eine der f\u00fchrenden Banken in der Karibik und Zentralamerika ausgezeichnet wurde. Luigi ist in mehreren internationalen Beratungsgremien t\u00e4tig, die verschiedene Branchen wie Verm\u00f6gensschutz, Blockchain, Edelmetalle und Verm\u00f6gensverwaltung abdecken. Wewege ist ein regelm\u00e4\u00dfiger Redner, Vordenker und versierter Autor im Bereich Bankwesen und [&hellip;]<\/p>\n","protected":false},"author":6,"featured_media":0,"parent":0,"menu_order":0,"comment_status":"closed","ping_status":"closed","template":"elementor_header_footer","meta":{"content-type":"","footnotes":""},"class_list":["post-11868","page","type-page","status-publish","hentry"],"_links":{"self":[{"href":"https:\/\/www.cayebank.bz\/de\/wp-json\/wp\/v2\/pages\/11868","targetHints":{"allow":["GET"]}}],"collection":[{"href":"https:\/\/www.cayebank.bz\/de\/wp-json\/wp\/v2\/pages"}],"about":[{"href":"https:\/\/www.cayebank.bz\/de\/wp-json\/wp\/v2\/types\/page"}],"author":[{"embeddable":true,"href":"https:\/\/www.cayebank.bz\/de\/wp-json\/wp\/v2\/users\/6"}],"replies":[{"embeddable":true,"href":"https:\/\/www.cayebank.bz\/de\/wp-json\/wp\/v2\/comments?post=11868"}],"version-history":[{"count":3,"href":"https:\/\/www.cayebank.bz\/de\/wp-json\/wp\/v2\/pages\/11868\/revisions"}],"predecessor-version":[{"id":14820,"href":"https:\/\/www.cayebank.bz\/de\/wp-json\/wp\/v2\/pages\/11868\/revisions\/14820"}],"wp:attachment":[{"href":"https:\/\/www.cayebank.bz\/de\/wp-json\/wp\/v2\/media?parent=11868"}],"curies":[{"name":"wp","href":"https:\/\/api.w.org\/{rel}","templated":true}]}}