{"id":11858,"date":"2023-05-26T13:53:26","date_gmt":"2023-05-26T19:53:26","guid":{"rendered":"https:\/\/www.cayebank.bz\/fatca\/"},"modified":"2023-05-30T11:51:04","modified_gmt":"2023-05-30T17:51:04","slug":"fatca","status":"publish","type":"page","link":"https:\/\/www.cayebank.bz\/de\/fatca\/","title":{"rendered":"FATCA"},"content":{"rendered":"\t\t<div data-elementor-type=\"wp-page\" data-elementor-id=\"11858\" class=\"elementor elementor-11858\" data-elementor-post-type=\"page\">\n\t\t\t\t\t\t<section class=\"elementor-section elementor-top-section elementor-element elementor-element-e51b34e elementor-section-full_width elementor-section-height-default elementor-section-height-default\" data-id=\"e51b34e\" data-element_type=\"section\" data-e-type=\"section\" data-settings=\"{&quot;background_background&quot;:&quot;classic&quot;}\">\n\t\t\t\t\t\t<div class=\"elementor-container elementor-column-gap-default\">\n\t\t\t\t\t<div class=\"elementor-column elementor-col-100 elementor-top-column elementor-element elementor-element-b1c2adb\" data-id=\"b1c2adb\" data-element_type=\"column\" data-e-type=\"column\">\n\t\t\t<div class=\"elementor-widget-wrap elementor-element-populated\">\n\t\t\t\t\t\t<section class=\"elementor-section elementor-inner-section elementor-element elementor-element-4dcf343 elementor-section-boxed elementor-section-height-default elementor-section-height-default\" data-id=\"4dcf343\" data-element_type=\"section\" data-e-type=\"section\">\n\t\t\t\t\t\t<div class=\"elementor-container elementor-column-gap-default\">\n\t\t\t\t\t<div class=\"elementor-column elementor-col-33 elementor-inner-column elementor-element elementor-element-bc0a668\" data-id=\"bc0a668\" data-element_type=\"column\" data-e-type=\"column\">\n\t\t\t<div class=\"elementor-widget-wrap\">\n\t\t\t\t\t\t\t<\/div>\n\t\t<\/div>\n\t\t\t\t<div class=\"elementor-column elementor-col-33 elementor-inner-column elementor-element elementor-element-4d963f7\" data-id=\"4d963f7\" data-element_type=\"column\" data-e-type=\"column\" data-settings=\"{&quot;background_background&quot;:&quot;classic&quot;}\">\n\t\t\t<div class=\"elementor-widget-wrap elementor-element-populated\">\n\t\t\t\t\t\t<div class=\"elementor-element elementor-element-2660bba elementor-widget elementor-widget-heading\" data-id=\"2660bba\" data-element_type=\"widget\" data-e-type=\"widget\" data-widget_type=\"heading.default\">\n\t\t\t\t<div class=\"elementor-widget-container\">\n\t\t\t\t\t<h2 class=\"elementor-heading-title elementor-size-default\">FATCA<\/h2>\t\t\t\t<\/div>\n\t\t\t\t<\/div>\n\t\t\t\t\t<\/div>\n\t\t<\/div>\n\t\t\t\t<div class=\"elementor-column elementor-col-33 elementor-inner-column elementor-element elementor-element-a748bb6\" data-id=\"a748bb6\" data-element_type=\"column\" data-e-type=\"column\">\n\t\t\t<div class=\"elementor-widget-wrap\">\n\t\t\t\t\t\t\t<\/div>\n\t\t<\/div>\n\t\t\t\t\t<\/div>\n\t\t<\/section>\n\t\t\t\t\t<\/div>\n\t\t<\/div>\n\t\t\t\t\t<\/div>\n\t\t<\/section>\n\t\t\t\t<section class=\"elementor-section elementor-top-section elementor-element elementor-element-90bdef2 elementor-section-boxed elementor-section-height-default elementor-section-height-default\" data-id=\"90bdef2\" data-element_type=\"section\" data-e-type=\"section\">\n\t\t\t\t\t\t<div class=\"elementor-container elementor-column-gap-default\">\n\t\t\t\t\t<div class=\"elementor-column elementor-col-100 elementor-top-column elementor-element elementor-element-5c9017c\" data-id=\"5c9017c\" data-element_type=\"column\" data-e-type=\"column\">\n\t\t\t<div class=\"elementor-widget-wrap elementor-element-populated\">\n\t\t\t\t\t\t<div class=\"elementor-element elementor-element-36a9e0b elementor-widget elementor-widget-text-editor\" data-id=\"36a9e0b\" data-element_type=\"widget\" data-e-type=\"widget\" data-widget_type=\"text-editor.default\">\n\t\t\t\t<div class=\"elementor-widget-container\">\n\t\t\t\t\t\t\t\t\t<p>Viele L\u00e4nder auf der ganzen Welt haben ein Abkommen mit den Vereinigten Staaten von Amerika unterzeichnet, das sogenannte Intergovernmental Agreement (IGA). Dieses Abkommen geht auf das US-Steuergesetz FATCA (Foreign Account Tax Compliance Act) zur\u00fcck. Nach dem Abkommen\/Gesetz sind Banken\/Finanzinstitute verpflichtet, die aggregierten Betr\u00e4ge auf Konten von US-B\u00fcrgern und Gebietsans\u00e4ssigen zu ermitteln und an die US-Steuerbeh\u00f6rde (IRS) zu melden.<\/p>\n<p><span style=\"color: var( --e-global-color-primary ); letter-spacing: 0px; word-spacing: 0em; background-color: var( --e-global-color-17794e9 );\">Im Rahmen des U.S. Foreign Account Tax Compliance Act (FATCA) und zwischenstaatlicher Vereinbarungen (IGAs) hat sich die Caye International Bank bei der IRS registriert. Die offizielle, von der IRS genehmigte Global Intermediary Identification Number (GIIN) der Caye International Bank lautet: U8KTNL.99999.SL.084 mit dem entsprechenden SWIFT-Code \/ BIC der Bank von: CAYEBZBZ.<\/span><\/p>\n\t\t\t\t\t\t\t\t<\/div>\n\t\t\t\t<\/div>\n\t\t\t\t\t<\/div>\n\t\t<\/div>\n\t\t\t\t\t<\/div>\n\t\t<\/section>\n\t\t\t\t<\/div>\n\t\t","protected":false},"excerpt":{"rendered":"<p>FATCA Viele L\u00e4nder auf der ganzen Welt haben ein Abkommen mit den Vereinigten Staaten von Amerika unterzeichnet, das sogenannte Intergovernmental Agreement (IGA). Dieses Abkommen geht auf das US-Steuergesetz FATCA (Foreign Account Tax Compliance Act) zur\u00fcck. Nach dem Abkommen\/Gesetz sind Banken\/Finanzinstitute verpflichtet, die aggregierten Betr\u00e4ge auf Konten von US-B\u00fcrgern und Gebietsans\u00e4ssigen zu ermitteln und an die [&hellip;]<\/p>\n","protected":false},"author":6,"featured_media":0,"parent":0,"menu_order":0,"comment_status":"closed","ping_status":"closed","template":"elementor_header_footer","meta":{"content-type":"","footnotes":""},"class_list":["post-11858","page","type-page","status-publish","hentry"],"_links":{"self":[{"href":"https:\/\/www.cayebank.bz\/de\/wp-json\/wp\/v2\/pages\/11858","targetHints":{"allow":["GET"]}}],"collection":[{"href":"https:\/\/www.cayebank.bz\/de\/wp-json\/wp\/v2\/pages"}],"about":[{"href":"https:\/\/www.cayebank.bz\/de\/wp-json\/wp\/v2\/types\/page"}],"author":[{"embeddable":true,"href":"https:\/\/www.cayebank.bz\/de\/wp-json\/wp\/v2\/users\/6"}],"replies":[{"embeddable":true,"href":"https:\/\/www.cayebank.bz\/de\/wp-json\/wp\/v2\/comments?post=11858"}],"version-history":[{"count":2,"href":"https:\/\/www.cayebank.bz\/de\/wp-json\/wp\/v2\/pages\/11858\/revisions"}],"predecessor-version":[{"id":11895,"href":"https:\/\/www.cayebank.bz\/de\/wp-json\/wp\/v2\/pages\/11858\/revisions\/11895"}],"wp:attachment":[{"href":"https:\/\/www.cayebank.bz\/de\/wp-json\/wp\/v2\/media?parent=11858"}],"curies":[{"name":"wp","href":"https:\/\/api.w.org\/{rel}","templated":true}]}}