{"id":11857,"date":"2023-04-13T05:40:02","date_gmt":"2023-04-13T11:40:02","guid":{"rendered":"https:\/\/www.cayebank.bz\/joel-nagel\/"},"modified":"2023-06-09T01:22:26","modified_gmt":"2023-06-09T07:22:26","slug":"joel-nagel","status":"publish","type":"page","link":"https:\/\/www.cayebank.bz\/de\/joel-nagel\/","title":{"rendered":"Joel Nagel"},"content":{"rendered":"\t\t<div data-elementor-type=\"wp-page\" data-elementor-id=\"11857\" class=\"elementor elementor-11857\" data-elementor-post-type=\"page\">\n\t\t\t\t\t\t<section class=\"elementor-section elementor-top-section elementor-element elementor-element-5cbc4f6 elementor-section-full_width elementor-section-height-default elementor-section-height-default\" data-id=\"5cbc4f6\" data-element_type=\"section\" data-e-type=\"section\" data-settings=\"{&quot;background_background&quot;:&quot;classic&quot;}\">\n\t\t\t\t\t\t<div class=\"elementor-container elementor-column-gap-default\">\n\t\t\t\t\t<div class=\"elementor-column elementor-col-100 elementor-top-column elementor-element elementor-element-01705d8\" data-id=\"01705d8\" data-element_type=\"column\" data-e-type=\"column\">\n\t\t\t<div class=\"elementor-widget-wrap elementor-element-populated\">\n\t\t\t\t\t\t<section class=\"elementor-section elementor-inner-section elementor-element elementor-element-e552917 elementor-section-boxed elementor-section-height-default elementor-section-height-default\" data-id=\"e552917\" data-element_type=\"section\" data-e-type=\"section\">\n\t\t\t\t\t\t<div class=\"elementor-container elementor-column-gap-default\">\n\t\t\t\t\t<div class=\"elementor-column elementor-col-33 elementor-inner-column elementor-element elementor-element-7689d32\" data-id=\"7689d32\" data-element_type=\"column\" data-e-type=\"column\">\n\t\t\t<div class=\"elementor-widget-wrap\">\n\t\t\t\t\t\t\t<\/div>\n\t\t<\/div>\n\t\t\t\t<div class=\"elementor-column elementor-col-33 elementor-inner-column elementor-element elementor-element-bc2b985\" data-id=\"bc2b985\" data-element_type=\"column\" data-e-type=\"column\" data-settings=\"{&quot;background_background&quot;:&quot;classic&quot;}\">\n\t\t\t<div class=\"elementor-widget-wrap elementor-element-populated\">\n\t\t\t\t\t\t<div class=\"elementor-element elementor-element-df5f222 elementor-widget elementor-widget-heading\" data-id=\"df5f222\" data-element_type=\"widget\" data-e-type=\"widget\" data-widget_type=\"heading.default\">\n\t\t\t\t<div class=\"elementor-widget-container\">\n\t\t\t\t\t<h2 class=\"elementor-heading-title elementor-size-default\">Joel Nagel<\/h2>\t\t\t\t<\/div>\n\t\t\t\t<\/div>\n\t\t\t\t\t<\/div>\n\t\t<\/div>\n\t\t\t\t<div class=\"elementor-column elementor-col-33 elementor-inner-column elementor-element elementor-element-1fc7df4\" data-id=\"1fc7df4\" data-element_type=\"column\" data-e-type=\"column\">\n\t\t\t<div class=\"elementor-widget-wrap\">\n\t\t\t\t\t\t\t<\/div>\n\t\t<\/div>\n\t\t\t\t\t<\/div>\n\t\t<\/section>\n\t\t\t\t\t<\/div>\n\t\t<\/div>\n\t\t\t\t\t<\/div>\n\t\t<\/section>\n\t\t\t\t<section class=\"elementor-section elementor-top-section elementor-element elementor-element-1aa8a88 elementor-section-boxed elementor-section-height-default elementor-section-height-default\" data-id=\"1aa8a88\" data-element_type=\"section\" data-e-type=\"section\">\n\t\t\t\t\t\t<div class=\"elementor-container elementor-column-gap-default\">\n\t\t\t\t\t<div class=\"elementor-column elementor-col-100 elementor-top-column elementor-element elementor-element-85b610f\" data-id=\"85b610f\" data-element_type=\"column\" data-e-type=\"column\">\n\t\t\t<div class=\"elementor-widget-wrap elementor-element-populated\">\n\t\t\t\t\t\t<div class=\"elementor-element elementor-element-307cc63 elementor-hidden-desktop elementor-hidden-tablet elementor-widget elementor-widget-image\" data-id=\"307cc63\" data-element_type=\"widget\" data-e-type=\"widget\" data-widget_type=\"image.default\">\n\t\t\t\t<div class=\"elementor-widget-container\">\n\t\t\t\t\t\t\t\t\t\t\t\t\t\t\t<img fetchpriority=\"high\" decoding=\"async\" width=\"325\" height=\"406\" src=\"https:\/\/www.cayebank.bz\/wp-content\/uploads\/2023\/05\/Joel-Nagel.jpg\" class=\"attachment-large size-large wp-image-6096\" alt=\"\" srcset=\"https:\/\/www.cayebank.bz\/wp-content\/uploads\/2023\/05\/Joel-Nagel.jpg 325w, https:\/\/www.cayebank.bz\/wp-content\/uploads\/2023\/05\/Joel-Nagel-240x300.jpg 240w\" sizes=\"(max-width: 325px) 100vw, 325px\" \/>\t\t\t\t\t\t\t\t\t\t\t\t\t\t\t<\/div>\n\t\t\t\t<\/div>\n\t\t\t\t\t<\/div>\n\t\t<\/div>\n\t\t\t\t\t<\/div>\n\t\t<\/section>\n\t\t\t\t<section class=\"elementor-section elementor-top-section elementor-element elementor-element-31c82be7 elementor-hidden-desktop elementor-hidden-tablet elementor-section-boxed elementor-section-height-default elementor-section-height-default\" data-id=\"31c82be7\" data-element_type=\"section\" data-e-type=\"section\">\n\t\t\t\t\t\t<div class=\"elementor-container elementor-column-gap-default\">\n\t\t\t\t\t<div class=\"elementor-column elementor-col-100 elementor-top-column elementor-element elementor-element-7577629d\" data-id=\"7577629d\" data-element_type=\"column\" data-e-type=\"column\">\n\t\t\t<div class=\"elementor-widget-wrap elementor-element-populated\">\n\t\t\t\t\t\t<div class=\"elementor-element elementor-element-43239d83 elementor-widget elementor-widget-text-editor\" data-id=\"43239d83\" data-element_type=\"widget\" data-e-type=\"widget\" data-widget_type=\"text-editor.default\">\n\t\t\t\t<div class=\"elementor-widget-container\">\n\t\t\t\t\t\t\t\t\t<h2 style=\"font-family: 'Encode Sans', sans-serif; color: #353535; font-weight: 400; font-size: 36px;\">Joel Nagel<\/h2>\n<p>Als Vorsitzender der Caye International Bank, <u><br \/>\n  <a href=\"https:\/\/www.joel-nagel.com\/\" target=\"_blank\" rel=\"noopener\">Joel Nagel<\/a><br \/>\n<\/u> nicht nur eine solide internationale Erfahrung in den Bereichen Recht und Bankwesen in seine Rolle ein, sondern ist auch am Erfolg der Bank in der gr\u00f6\u00dferen Gemeinschaft interessiert, in der er seit vielen Jahren t\u00e4tig ist. Der in den Vereinigten Staaten und Europa geborene und ausgebildete Joel hat sich in seiner Laufbahn als Anwalt auf den Schutz internationaler Verm\u00f6genswerte und globale kommerzielle Transaktionsstrukturen spezialisiert und verf\u00fcgt \u00fcber einen reichen Erfahrungsschatz, den er in seiner Rolle als Vorsitzender eines der f\u00fchrenden Bankinstitute in Belize nutzen kann.<\/p>\n<h2 style=\"font-family: 'Encode Sans', sans-serif; color: #001f51; font-weight: 300; font-size: 30px;\">Caye International Bank &#8211; Struktur, Stabilit\u00e4t und Sicherheit<\/h2>\n<p>Joel wei\u00df, dass die Grundlage einer starken Bank und eines Finanzinstituts auf dem Ruf ihrer Dienstleistungen und ihrer Mitarbeiter beruht. Die Entscheidung, eine Bank in Belize zu er\u00f6ffnen, basierte auf Joels langj\u00e4hriger Erfahrung als Anwalt und <u><a href=\"https:\/\/ecidevelopment.com\/about\/\" target=\"_blank\" rel=\"noopener\">Unternehmer\/Investor in der Region<\/a>.<\/u><\/p>\n<p>Belize ist eine offensichtliche Wahl f\u00fcr eine Bank, die sich auf Private Banking, Hypothekenfinanzierung und Investitionsm\u00f6glichkeiten konzentriert: Die Regierung von Belize ist eine stabile und wachsende Demokratie mit einem Null-Steuer-System und wird von vielen Investmentbanken in den Vereinigten Staaten und Europa als eine herausragende internationale Jurisdiktion f\u00fcr das Bankwesen in der Karibik und Zentralamerika angesehen. Die Caye International Bank, Ltd. wurde 2017 als beste Privatbank in Belize ausgezeichnet.<\/p>\n\t\t\t\t\t\t\t\t<\/div>\n\t\t\t\t<\/div>\n\t\t\t\t\t<\/div>\n\t\t<\/div>\n\t\t\t\t\t<\/div>\n\t\t<\/section>\n\t\t\t\t<section class=\"elementor-section elementor-top-section elementor-element elementor-element-e6dd30e elementor-hidden-tablet elementor-hidden-mobile elementor-section-boxed elementor-section-height-default elementor-section-height-default\" data-id=\"e6dd30e\" data-element_type=\"section\" data-e-type=\"section\">\n\t\t\t\t\t\t<div class=\"elementor-container elementor-column-gap-default\">\n\t\t\t\t\t<div class=\"elementor-column elementor-col-100 elementor-top-column elementor-element elementor-element-a807171\" data-id=\"a807171\" data-element_type=\"column\" data-e-type=\"column\">\n\t\t\t<div class=\"elementor-widget-wrap elementor-element-populated\">\n\t\t\t\t\t\t<div class=\"elementor-element elementor-element-fd04cf6 elementor-widget elementor-widget-text-editor\" data-id=\"fd04cf6\" data-element_type=\"widget\" data-e-type=\"widget\" data-widget_type=\"text-editor.default\">\n\t\t\t\t<div class=\"elementor-widget-container\">\n\t\t\t\t\t\t\t\t\t<h2 style=\"font-family: 'Encode Sans', sans-serif; color: #353535; font-weight: 400; font-size: 36px;\">Joel Nagel<\/h2>\n<p><a href=\"https:\/\/www.cayebank.bz\/wp-content\/uploads\/2023\/05\/Joel-Nagel.jpg\"><img decoding=\"async\" class=\"size-medium wp-image-6096 alignright\" src=\"https:\/\/www.cayebank.bz\/wp-content\/uploads\/2023\/05\/Joel-Nagel-240x300.jpg\" alt=\"\" width=\"240\" height=\"300\" srcset=\"https:\/\/www.cayebank.bz\/wp-content\/uploads\/2023\/05\/Joel-Nagel-240x300.jpg 240w, https:\/\/www.cayebank.bz\/wp-content\/uploads\/2023\/05\/Joel-Nagel.jpg 325w\" sizes=\"(max-width: 240px) 100vw, 240px\" \/><\/a><\/p>\n<p style=\"font-family: 'Encode Sans', sans-serif; color: #353535; font-size: 18px;\">Als Vorsitzender der Caye International Bank, <u><br \/>\n  <a href=\"https:\/\/www.joel-nagel.com\/\" target=\"_blank\" rel=\"noopener\">Joel Nagel<\/a><br \/>\n<\/u> nicht nur eine solide internationale Erfahrung in den Bereichen Recht und Bankwesen in seine Rolle ein, sondern ist auch am Erfolg der Bank in der gr\u00f6\u00dferen Gemeinschaft interessiert, in der er seit vielen Jahren t\u00e4tig ist. Der in den Vereinigten Staaten und Europa geborene und ausgebildete Joel hat sich in seiner Laufbahn als Anwalt auf den Schutz internationaler Verm\u00f6genswerte und globale kommerzielle Transaktionsstrukturen spezialisiert und verf\u00fcgt \u00fcber einen reichen Erfahrungsschatz, den er in seiner Rolle als Vorsitzender eines der f\u00fchrenden Bankinstitute in Belize nutzen kann.<\/p>\n<h2 style=\"font-family: 'Encode Sans', sans-serif; color: #001f51; font-weight: 300; font-size: 30px;\">Caye International Bank &#8211; Struktur, Stabilit\u00e4t und Sicherheit<\/h2>\n<p style=\"font-family: 'Encode Sans', sans-serif; color: #353535; font-size: 18px;\">Joel wei\u00df, dass die Grundlage einer starken Bank und eines Finanzinstituts auf dem Ruf ihrer Dienstleistungen und ihrer Mitarbeiter beruht. Die Entscheidung, eine Bank in Belize zu er\u00f6ffnen, basierte auf Joels langj\u00e4hriger Erfahrung als Anwalt und <a href=\"https:\/\/ecidevelopment.com\/about\/\" target=\"_blank\" rel=\"noopener\">Unternehmer\/Investor in der Region.<\/a><\/p>\n<p>Belize ist eine offensichtliche Wahl f\u00fcr eine Bank, die sich auf Private Banking, Hypothekenfinanzierung und Investitionsm\u00f6glichkeiten konzentriert: Die Regierung von Belize ist eine stabile und wachsende Demokratie mit einem Null-Steuer-System und wird von vielen Investmentbanken in den Vereinigten Staaten und Europa als eine herausragende internationale Jurisdiktion f\u00fcr das Bankwesen in der Karibik und Zentralamerika angesehen. Die Caye International Bank, Ltd. wurde 2017 als beste Privatbank in Belize ausgezeichnet.<\/p>\n\t\t\t\t\t\t\t\t<\/div>\n\t\t\t\t<\/div>\n\t\t\t\t\t<\/div>\n\t\t<\/div>\n\t\t\t\t\t<\/div>\n\t\t<\/section>\n\t\t\t\t<section class=\"elementor-section elementor-top-section elementor-element elementor-element-bef3931 elementor-section-boxed elementor-section-height-default elementor-section-height-default\" data-id=\"bef3931\" data-element_type=\"section\" data-e-type=\"section\">\n\t\t\t\t\t\t<div class=\"elementor-container elementor-column-gap-default\">\n\t\t\t\t\t<div class=\"elementor-column elementor-col-100 elementor-top-column elementor-element elementor-element-af1c467\" data-id=\"af1c467\" data-element_type=\"column\" data-e-type=\"column\">\n\t\t\t<div class=\"elementor-widget-wrap elementor-element-populated\">\n\t\t\t\t\t\t<div class=\"elementor-element elementor-element-55374c8 elementor-widget elementor-widget-text-editor\" data-id=\"55374c8\" data-element_type=\"widget\" data-e-type=\"widget\" data-widget_type=\"text-editor.default\">\n\t\t\t\t<div class=\"elementor-widget-container\">\n\t\t\t\t\t\t\t\t\t<p>Die Banken in Belize und insbesondere die Caye International Bank bieten mehr als nur einen Hafen f\u00fcr internationale Gelder. Das Bankengesetz von Belize gew\u00e4hrleistet die weltweite (insbesondere US-amerikanische) Steuerkonformit\u00e4t, den Schutz des Verm\u00f6gens und die M\u00f6glichkeit, in unternehmerische Vorhaben in der Region zu investieren. Da die Vereinigten Staaten immer mehr Risiken abbauen wollen, haben die Banken in Belize daf\u00fcr gesorgt, dass alle Kan\u00e4le sicher und stabil sind.<\/p>\n<p>Die Caye International Bank, Ltd. war die erste Bank in Belize, die FATCA-konform mit den Vereinigten Staaten wurde. Der Kundenservice der Caye International Bank basiert auf dem Verst\u00e4ndnis f\u00fcr die Bed\u00fcrfnisse der Kunden, und jede Bankbeziehung ist einzigartig, privat und pers\u00f6nlich. Als einzige internationale Bank mit Hauptsitz auf der Insel Ambergris Caye verf\u00fcgt die Caye International Bank \u00fcber eine Lizenz zur Zusammenarbeit mit Unternehmen und Privatpersonen aus der ganzen Welt, um internationale Bankdienstleistungen anzubieten.<\/p>\n<h2 style=\"font-family: 'Encode Sans', sans-serif; color: #001f51; font-weight: 300; font-size: 30px;\">Warum eine Offshore-Bank?<\/h2>\n<p>Mit einem Null-Steuer-Regime, keinen Devisenkontrollen und voller Vertraulichkeit ist es sinnvoll, ein lokales Portfolio von Verm\u00f6genswerten zu diversifizieren und eine internationale Komponente einzubeziehen. Stabilit\u00e4t und Sicherheit werden von der Regierung dadurch gew\u00e4hrleistet, dass sie f\u00fcr die Banken ein Mindestreserve-Soll von 24 % vorschreibt, das mehr als dreimal so hoch ist wie in den Vereinigten Staaten. Die Caye International Bank h\u00e4lt im Durchschnitt doppelt so viele R\u00fccklagen wie in Belize vorgeschrieben. Achten Sie bei der Auswahl einer internationalen Bank auf die Anlageprofile und die Erfahrung der Bank und ihrer Mitarbeiter, um zu verstehen, wie Ihr Offshore-Verm\u00f6gen verwaltet wird.<\/p>\n<h2 style=\"font-family: 'Encode Sans', sans-serif; color: #001f51; font-weight: 300; font-size: 30px;\">Joel Nagel &#8211; Drei\u00dfig Jahre Erfahrung<\/h2>\n<p>Joel Nagel ist ein international ausgebildeter Rechtsanwalt, der in den USA und in Deutschland studiert hat und derzeit Mitglied der amerikanischen Anwaltskammer und Gr\u00fcnder der Boutique-Firma Nagel &amp; Associates ist. Er war Mitglied des <u>\n  <a href=\"https:\/\/www.crunchbase.com\/person\/joel-nagel\" target=\"_blank\" rel=\"noopener\"> Vorstand von \u00fcber 15 Unternehmen<\/a>\n<\/u>&nbsp;und ist bekannt f\u00fcr seine Arbeit bei der Strukturierung mehrerer Hotelinvestitionen in der Karibik f\u00fcr internationale Entwicklungsgesellschaften, darunter ein Markenhotel mit 200 Zimmern in Ambergris Caye. Nagel war einer der Pioniere bei der Zulassung internationaler Rechtsstrukturen in Belize, darunter Banken, Trusts sowie Hedgefonds, Investmentfonds und Versicherungsgesellschaften.<\/p><p><span style=\"background-color: var( --e-global-color-17794e9 ); color: var( --e-global-color-text ); font-family: var( --e-global-typography-text-font-family ), Sans-serif; font-size: var( --e-global-typography-text-font-size ); font-style: var( --e-global-typography-text-font-style ); font-weight: var( --e-global-typography-text-font-weight ); letter-spacing: var( --e-global-typography-text-letter-spacing ); text-transform: var( --e-global-typography-text-text-transform ); word-spacing: var( --e-global-typography-text-word-spacing );\">Joel Nagel hat sich in einer Vielzahl von philanthropischen Aktivit\u00e4ten engagiert. Er ist seit \u00fcber 25 Jahren Mitglied von Rotary und diente als Pr\u00e4sident des Rotary Clubs Pittsburgh, Distrikt-Governor f\u00fcr die Rotary Clubs in West-Pennsylvania und als Organisator und Gr\u00fcnder des Rotary Clubs Ambergris Caye in San Pedro, Belize.<\/span><\/p><p style=\"font-family: 'Encode Sans', sans-serif; color: #353535; font-size: 18px;\"><span style=\"color: var( --e-global-color-text ); font-family: var( --e-global-typography-text-font-family ), Sans-serif; font-size: var( --e-global-typography-text-font-size ); font-style: var( --e-global-typography-text-font-style ); font-weight: var( --e-global-typography-text-font-weight ); letter-spacing: var( --e-global-typography-text-letter-spacing ); text-transform: var( --e-global-typography-text-text-transform ); word-spacing: var( --e-global-typography-text-word-spacing ); background-color: var( --e-global-color-17794e9 );\">In seinen Positionen bei Rotary entwickelte Joel das Konzept f\u00fcr den Bau von netzunabh\u00e4ngigen Kliniken in Nicaragua, den sogenannten Roberto Clemente Health Clinics (zu Ehren des Baseballspielers der Pittsburgh Pirates, Roberto Clemente, der bei der Lieferung von medizinischen Hilfsg\u00fctern nach dem Erdbeben von 1972 in Nicaragua ums Leben kam). Bis heute hat Nagel in Zusammenarbeit mit Rotary drei Kliniken in Nicaragua gebaut.<\/span><\/p><p style=\"font-family: 'Encode Sans', sans-serif; color: #353535; font-size: 18px;\"><span style=\"color: var( --e-global-color-text ); font-family: var( --e-global-typography-text-font-family ), Sans-serif; font-size: var( --e-global-typography-text-font-size ); font-style: var( --e-global-typography-text-font-style ); font-weight: var( --e-global-typography-text-font-weight ); letter-spacing: var( --e-global-typography-text-letter-spacing ); text-transform: var( --e-global-typography-text-text-transform ); word-spacing: var( --e-global-typography-text-word-spacing ); background-color: var( --e-global-color-17794e9 );\">Au\u00dferdem war er Vorstandsmitglied und Sekret\u00e4r der Violetta Chamorro Foundation und der Nicaraguan Development Corporation.<\/span><\/p><p style=\"font-family: 'Encode Sans', sans-serif; color: #353535; font-size: 18px;\"><span style=\"color: var( --e-global-color-text ); font-family: var( --e-global-typography-text-font-family ), Sans-serif; font-size: var( --e-global-typography-text-font-size ); font-style: var( --e-global-typography-text-font-style ); font-weight: var( --e-global-typography-text-font-weight ); letter-spacing: var( --e-global-typography-text-letter-spacing ); text-transform: var( --e-global-typography-text-text-transform ); word-spacing: var( --e-global-typography-text-word-spacing ); background-color: var( --e-global-color-17794e9 );\">Herr Nagel hat das j\u00e4hrliche &#8222;Shark Tank Belize&#8220;-Programm ins Leben gerufen, um vielversprechende Start-up-Unternehmen in Belize zu finanzieren, und sponsert das j\u00e4hrliche Weihnachtsspielzeug-Verteilungsprogramm zusammen mit der Living Word Church in San Pedro, Belize.<\/span><\/p>\t\t\t\t\t\t\t\t<\/div>\n\t\t\t\t<\/div>\n\t\t\t\t\t<\/div>\n\t\t<\/div>\n\t\t\t\t\t<\/div>\n\t\t<\/section>\n\t\t\t\t<\/div>\n\t\t","protected":false},"excerpt":{"rendered":"<p>Joel Nagel Joel Nagel Als Vorsitzender der Caye International Bank, Joel Nagel nicht nur eine solide internationale Erfahrung in den Bereichen Recht und Bankwesen in seine Rolle ein, sondern ist auch am Erfolg der Bank in der gr\u00f6\u00dferen Gemeinschaft interessiert, in der er seit vielen Jahren t\u00e4tig ist. Der in den Vereinigten Staaten und Europa [&hellip;]<\/p>\n","protected":false},"author":6,"featured_media":0,"parent":0,"menu_order":0,"comment_status":"closed","ping_status":"closed","template":"elementor_header_footer","meta":{"content-type":"","footnotes":""},"class_list":["post-11857","page","type-page","status-publish","hentry"],"_links":{"self":[{"href":"https:\/\/www.cayebank.bz\/de\/wp-json\/wp\/v2\/pages\/11857","targetHints":{"allow":["GET"]}}],"collection":[{"href":"https:\/\/www.cayebank.bz\/de\/wp-json\/wp\/v2\/pages"}],"about":[{"href":"https:\/\/www.cayebank.bz\/de\/wp-json\/wp\/v2\/types\/page"}],"author":[{"embeddable":true,"href":"https:\/\/www.cayebank.bz\/de\/wp-json\/wp\/v2\/users\/6"}],"replies":[{"embeddable":true,"href":"https:\/\/www.cayebank.bz\/de\/wp-json\/wp\/v2\/comments?post=11857"}],"version-history":[{"count":3,"href":"https:\/\/www.cayebank.bz\/de\/wp-json\/wp\/v2\/pages\/11857\/revisions"}],"predecessor-version":[{"id":14811,"href":"https:\/\/www.cayebank.bz\/de\/wp-json\/wp\/v2\/pages\/11857\/revisions\/14811"}],"wp:attachment":[{"href":"https:\/\/www.cayebank.bz\/de\/wp-json\/wp\/v2\/media?parent=11857"}],"curies":[{"name":"wp","href":"https:\/\/api.w.org\/{rel}","templated":true}]}}