{"id":11836,"date":"2023-04-13T05:34:02","date_gmt":"2023-04-13T11:34:02","guid":{"rendered":"https:\/\/www.cayebank.bz\/ueber-uns\/"},"modified":"2024-05-19T21:26:51","modified_gmt":"2024-05-20T03:26:51","slug":"ueber-uns","status":"publish","type":"page","link":"https:\/\/www.cayebank.bz\/de\/ueber-uns\/","title":{"rendered":"\u00dcber uns"},"content":{"rendered":"\t\t<div data-elementor-type=\"wp-page\" data-elementor-id=\"11836\" class=\"elementor elementor-11836\" data-elementor-post-type=\"page\">\n\t\t\t\t\t\t<section class=\"elementor-section elementor-top-section elementor-element elementor-element-4f84883 elementor-section-full_width elementor-section-height-default elementor-section-height-default\" data-id=\"4f84883\" data-element_type=\"section\" data-e-type=\"section\" data-settings=\"{&quot;background_background&quot;:&quot;classic&quot;}\">\n\t\t\t\t\t\t<div class=\"elementor-container elementor-column-gap-default\">\n\t\t\t\t\t<div class=\"elementor-column elementor-col-100 elementor-top-column elementor-element elementor-element-78aecd4\" data-id=\"78aecd4\" data-element_type=\"column\" data-e-type=\"column\">\n\t\t\t<div class=\"elementor-widget-wrap elementor-element-populated\">\n\t\t\t\t\t\t<section class=\"elementor-section elementor-inner-section elementor-element elementor-element-9618713 elementor-section-boxed elementor-section-height-default elementor-section-height-default\" data-id=\"9618713\" data-element_type=\"section\" data-e-type=\"section\">\n\t\t\t\t\t\t<div class=\"elementor-container elementor-column-gap-default\">\n\t\t\t\t\t<div class=\"elementor-column elementor-col-33 elementor-inner-column elementor-element elementor-element-9eb77f2\" data-id=\"9eb77f2\" data-element_type=\"column\" data-e-type=\"column\">\n\t\t\t<div class=\"elementor-widget-wrap\">\n\t\t\t\t\t\t\t<\/div>\n\t\t<\/div>\n\t\t\t\t<div class=\"elementor-column elementor-col-33 elementor-inner-column elementor-element elementor-element-41dabdb\" data-id=\"41dabdb\" data-element_type=\"column\" data-e-type=\"column\" data-settings=\"{&quot;background_background&quot;:&quot;classic&quot;}\">\n\t\t\t<div class=\"elementor-widget-wrap elementor-element-populated\">\n\t\t\t\t\t\t<div class=\"elementor-element elementor-element-5116790 elementor-widget elementor-widget-heading\" data-id=\"5116790\" data-element_type=\"widget\" data-e-type=\"widget\" data-widget_type=\"heading.default\">\n\t\t\t\t<div class=\"elementor-widget-container\">\n\t\t\t\t\t<h2 class=\"elementor-heading-title elementor-size-default\">\u00dcber uns<\/h2>\t\t\t\t<\/div>\n\t\t\t\t<\/div>\n\t\t\t\t<div class=\"elementor-element elementor-element-f0063dc elementor-widget elementor-widget-text-editor\" data-id=\"f0063dc\" data-element_type=\"widget\" data-e-type=\"widget\" data-widget_type=\"text-editor.default\">\n\t\t\t\t<div class=\"elementor-widget-container\">\n\t\t\t\t\t\t\t\t\t<p style=\"text-align: center;\">Caye International Bank<\/p>\n\t\t\t\t\t\t\t\t<\/div>\n\t\t\t\t<\/div>\n\t\t\t\t\t<\/div>\n\t\t<\/div>\n\t\t\t\t<div class=\"elementor-column elementor-col-33 elementor-inner-column elementor-element elementor-element-8a5ecb2\" data-id=\"8a5ecb2\" data-element_type=\"column\" data-e-type=\"column\">\n\t\t\t<div class=\"elementor-widget-wrap\">\n\t\t\t\t\t\t\t<\/div>\n\t\t<\/div>\n\t\t\t\t\t<\/div>\n\t\t<\/section>\n\t\t\t\t\t<\/div>\n\t\t<\/div>\n\t\t\t\t\t<\/div>\n\t\t<\/section>\n\t\t\t\t<section class=\"elementor-section elementor-top-section elementor-element elementor-element-0492cd4 elementor-section-boxed elementor-section-height-default elementor-section-height-default\" data-id=\"0492cd4\" data-element_type=\"section\" data-e-type=\"section\">\n\t\t\t\t\t\t<div class=\"elementor-container elementor-column-gap-default\">\n\t\t\t\t\t<div class=\"elementor-column elementor-col-100 elementor-top-column elementor-element elementor-element-9495fff\" data-id=\"9495fff\" data-element_type=\"column\" data-e-type=\"column\">\n\t\t\t<div class=\"elementor-widget-wrap elementor-element-populated\">\n\t\t\t\t\t\t<div class=\"elementor-element elementor-element-0c1ee56 elementor-widget elementor-widget-heading\" data-id=\"0c1ee56\" data-element_type=\"widget\" data-e-type=\"widget\" data-widget_type=\"heading.default\">\n\t\t\t\t<div class=\"elementor-widget-container\">\n\t\t\t\t\t<h3 class=\"elementor-heading-title elementor-size-default\">Caye International Bank -&nbsp;<i>Ein \u00dcberblick \u00fcber unsere Geschichte.<\/i>..<\/h3>\t\t\t\t<\/div>\n\t\t\t\t<\/div>\n\t\t\t\t<div class=\"elementor-element elementor-element-c2dd416 elementor-widget elementor-widget-text-editor\" data-id=\"c2dd416\" data-element_type=\"widget\" data-e-type=\"widget\" data-widget_type=\"text-editor.default\">\n\t\t\t\t<div class=\"elementor-widget-container\">\n\t\t\t\t\t\t\t\t\t<p>Die Geschichte von Caye begann 1996 als belizianische Hypothekengesellschaft, und nach anhaltendem Erfolg \u00fcber mehrere Jahre hinweg wurde die Entscheidung getroffen, eine internationale Bank zu werden. Diese wurde am 29. September 2003 erteilt, als Caye eine uneingeschr\u00e4nkte<span style=\"text-decoration: underline;\"> <a href=\"http:\/\/centralbank.org.bz\/home\/core-functions\/prudential-supervision\/International-banks\" target=\"_blank\" rel=\"noopener\">Klasse A &#8211; Internationale Banklizenz von der Zentralbank von Belize erhielt.<\/a> <\/span>Die Central Bank of Belize ist f\u00fcr die Regulierung der Caye International Bank zust\u00e4ndig und legt die Standards f\u00fcr ihre Liquidit\u00e4ts- und Kapitalad\u00e4quanzquoten fest.<\/p>\n<p>Caye ist die einzige internationale Bank mit Hauptsitz auf der wundersch\u00f6nen Insel Ambergris Caye in Mittelamerika, und unsere Banklizenz erlaubt es uns, Finanzdienstleistungen sowohl f\u00fcr Privatpersonen als auch f\u00fcr Unternehmen au\u00dferhalb von Belize anzubieten. Die Bank bietet ein umfassendes Angebot an traditionellen und nicht-traditionellen Bankdienstleistungen sowie Konten in mehreren W\u00e4hrungen. Der Antrag auf Kontoer\u00f6ffnung ist ein unkompliziertes Verfahren und kann von jedem Ort der Welt aus online gestellt werden.<\/p>\n\t\t\t\t\t\t\t\t<\/div>\n\t\t\t\t<\/div>\n\t\t\t\t\t<\/div>\n\t\t<\/div>\n\t\t\t\t\t<\/div>\n\t\t<\/section>\n\t\t\t\t<section class=\"elementor-section elementor-top-section elementor-element elementor-element-4c3b6ca0 elementor-section-boxed elementor-section-height-default elementor-section-height-default\" data-id=\"4c3b6ca0\" data-element_type=\"section\" data-e-type=\"section\" data-settings=\"{&quot;background_background&quot;:&quot;classic&quot;}\">\n\t\t\t\t\t\t<div class=\"elementor-container elementor-column-gap-default\">\n\t\t\t\t\t<div class=\"elementor-column elementor-col-100 elementor-top-column elementor-element elementor-element-47debebd\" data-id=\"47debebd\" data-element_type=\"column\" data-e-type=\"column\">\n\t\t\t<div class=\"elementor-widget-wrap elementor-element-populated\">\n\t\t\t\t\t\t<div class=\"elementor-element elementor-element-85e2c80 elementor-widget elementor-widget-heading\" data-id=\"85e2c80\" data-element_type=\"widget\" data-e-type=\"widget\" data-widget_type=\"heading.default\">\n\t\t\t\t<div class=\"elementor-widget-container\">\n\t\t\t\t\t<h2 class=\"elementor-heading-title elementor-size-default\">Unsere Unternehmensgeschichte auf einen Blick\n<\/h2>\t\t\t\t<\/div>\n\t\t\t\t<\/div>\n\t\t\t\t<div class=\"elementor-element elementor-element-c430a94 elementor-widget elementor-widget-text-editor\" data-id=\"c430a94\" data-element_type=\"widget\" data-e-type=\"widget\" data-widget_type=\"text-editor.default\">\n\t\t\t\t<div class=\"elementor-widget-container\">\n\t\t\t\t\t\t\t\t\t<!DOCTYPE html><html><head><meta name=\"viewport\" content=\"width=device-width, initial-scale=1.0\"><style>* {\n  box-sizing: border-box;\n}\n\nbody {\n  background-color: #D7DDDF;\n  font-family: Helvetica, sans-serif;\n}\n\n\/* The actual timeline (the vertical ruler) *\/\n.timeline {\n  position: relative;\n  max-width: 1200px;\n  margin: 0 auto;\n}\n\n\/* The actual timeline (the vertical ruler) *\/\n.timeline::after {\n  content: '';\n  position: absolute;\n  width: 6px;\n  background-color: white;\n  top: 0;\n  bottom: 0;\n  left: 50%;\n  margin-left: -3px;\n}\n\n\/* Container around content *\/\n.container {\n  padding: 10px 40px;\n  position: relative;\n  background-color: inherit;\n  width: 50%;\n}\n\n\/* The circles on the timeline *\/\n.container::after {\n  content: '';\n  position: absolute;\n  width: 20px;\n  height: 20px;\n  right: -17px;\n  background-color: black;\n  border: 4px solid #000000;\n  top: 15px;\n  border-radius: 50%;\n  z-index: 1;\n}\n\n\/* Place the container to the left *\/\n.left {\n  left: 0;\n}\n\n\/* Place the container to the right *\/\n.right {\n  left: 50%;\n}\n\n\/* Add arrows to the left container (pointing right) *\/\n.left::before {\n  content: \" \";\n  height: 0;\n  position: absolute;\n  top: 22px;\n  width: 0;\n  z-index: 1;\n  right: 30px;\n  border: medium solid white;\n  border-width: 10px 0 10px 10px;\n  border-color: transparent transparent transparent white;\n}\n\n\/* Add arrows to the right container (pointing left) *\/\n.right::before {\n  content: \" \";\n  height: 0;\n  position: absolute;\n  top: 22px;\n  width: 0;\n  z-index: 1;\n  left: 30px;\n  border: medium solid white;\n  border-width: 10px 10px 10px 0;\n  border-color: transparent white transparent transparent;\n}\n\n\/* Fix the circle for containers on the right side *\/\n.right::after {\n  left: -13px;\n}\n\n\/* The actual content *\/\n.content {\n  padding: 20px 30px;\n  background-color: white;\n  position: relative;\n  border-radius: 6px;\n}\n\n\/* Media queries - Responsive timeline on screens less than 600px wide *\/\n@media screen and (max-width: 600px) {\n  \/* Place the timelime to the left *\/\n  .timeline::after {\n  left: 31px;\n  }\n  \n  \/* Full-width containers *\/\n  .container {\n  width: 100%;\n  padding-left: 70px;\n  padding-right: 25px;\n  }\n  \n  \/* Make sure that all arrows are pointing leftwards *\/\n  .container::before {\n  left: 60px;\n  border: medium solid white;\n  border-width: 10px 10px 10px 0;\n  border-color: transparent white transparent transparent;\n  }\n\n  \/* Make sure all circles are at the same spot *\/\n  .left::after, .right::after {\n  left: 15px;\n  }\n  \n  \/* Make all right containers behave like the left ones *\/\n  .right {\n  left: 0%;\n  }\n}\n<\/style><\/head><body><div class=\"timeline\"><div class=\"container left\"><div class=\"content\"><h2 style=\"color:#001F51;\">MID TO LATE<br\/>1990&#8217;s<\/h2><ul><li>The Establishment of Caye Mortgage Company<\/li><li>Serving a need that wasn\u2019t being met by anyone else<\/li><\/ul><\/div><\/div><div class=\"container right\"><div class=\"content\"><h2 style=\"color:#001F51;\">EARLY<br\/>2000&#8217;s<\/h2><ul><li>Launch of new financial services and accounts.<\/li><\/ul><\/div><\/div><div class=\"container left\"><div class=\"content\"><h2 style=\"color:#001F51;\">LATE<br\/>2000&#8217;s<\/h2><ul><li>Development of new bank headquarters building<\/li><li>Support, commitment and investment of the local community<\/li><\/ul><\/div><\/div><div class=\"container right\"><div class=\"content\"><h2 style=\"color:#001F51;\">AND BEYOND<br\/>2010<\/h2><ul><li>Continued focus on the bank\u2019s technological advancement<\/li><li>Enduring ambition as a major international financial institution<\/li><\/ul><\/div><\/div><\/div><\/body><\/html>\t\t\t\t\t\t\t\t<\/div>\n\t\t\t\t<\/div>\n\t\t\t\t\t<\/div>\n\t\t<\/div>\n\t\t\t\t\t<\/div>\n\t\t<\/section>\n\t\t\t\t<\/div>\n\t\t","protected":false},"excerpt":{"rendered":"<p>\u00dcber uns Caye International Bank Caye International Bank &#8211;&nbsp;Ein \u00dcberblick \u00fcber unsere Geschichte&#8230; Die Geschichte von Caye begann 1996 als belizianische Hypothekengesellschaft, und nach anhaltendem Erfolg \u00fcber mehrere Jahre hinweg wurde die Entscheidung getroffen, eine internationale Bank zu werden. Diese wurde am 29. September 2003 erteilt, als Caye eine uneingeschr\u00e4nkte Klasse A &#8211; Internationale Banklizenz [&hellip;]<\/p>\n","protected":false},"author":6,"featured_media":0,"parent":0,"menu_order":0,"comment_status":"closed","ping_status":"closed","template":"elementor_header_footer","meta":{"content-type":"","footnotes":""},"class_list":["post-11836","page","type-page","status-publish","hentry"],"_links":{"self":[{"href":"https:\/\/www.cayebank.bz\/de\/wp-json\/wp\/v2\/pages\/11836","targetHints":{"allow":["GET"]}}],"collection":[{"href":"https:\/\/www.cayebank.bz\/de\/wp-json\/wp\/v2\/pages"}],"about":[{"href":"https:\/\/www.cayebank.bz\/de\/wp-json\/wp\/v2\/types\/page"}],"author":[{"embeddable":true,"href":"https:\/\/www.cayebank.bz\/de\/wp-json\/wp\/v2\/users\/6"}],"replies":[{"embeddable":true,"href":"https:\/\/www.cayebank.bz\/de\/wp-json\/wp\/v2\/comments?post=11836"}],"version-history":[{"count":3,"href":"https:\/\/www.cayebank.bz\/de\/wp-json\/wp\/v2\/pages\/11836\/revisions"}],"predecessor-version":[{"id":16331,"href":"https:\/\/www.cayebank.bz\/de\/wp-json\/wp\/v2\/pages\/11836\/revisions\/16331"}],"wp:attachment":[{"href":"https:\/\/www.cayebank.bz\/de\/wp-json\/wp\/v2\/media?parent=11836"}],"curies":[{"name":"wp","href":"https:\/\/api.w.org\/{rel}","templated":true}]}}